{"id":7566,"date":"2025-06-09T01:51:03","date_gmt":"2025-06-09T01:51:03","guid":{"rendered":"https:\/\/sinoextrud.com\/product\/aluminium-screen-door-extrusions\/"},"modified":"2025-06-24T06:13:06","modified_gmt":"2025-06-24T06:13:06","slug":"aluminium-paravan-ajto-extrudalasok","status":"publish","type":"product","link":"https:\/\/sinoextrud.com\/hu\/product\/aluminium-screen-door-extrusions\/","title":{"rendered":"Alum\u00ednium k\u00e9perny\u0151ajt\u00f3 extrud\u00e1l\u00e1s"},"content":{"rendered":"<h2>Term\u00e9kek r\u00e9szletei<\/h2>\n<table class=\"custom-table\">\n<tbody>\n<tr>\n<td> T\u00e9tel:<\/td>\n<td> Alum\u00ednium k\u00e9perny\u0151ajt\u00f3 extrud\u00e1l\u00e1s<\/td>\n<\/tr>\n<tr>\n<td> Materila:<\/td>\n<td> 6063<\/td>\n<\/tr>\n<tr>\n<td> Lelkiismeretesen:<\/td>\n<td> T5<\/td>\n<\/tr>\n<tr>\n<td> Alak:<\/td>\n<td> ugyanaz, mint a rajz<\/td>\n<\/tr>\n<tr>\n<td> A profil s\u0171r\u0171s\u00f6dik:<\/td>\n<td> 1,4 mm felett.<\/td>\n<\/tr>\n<tr>\n<td> Fel\u00fcletkezel\u00e9s:<\/td>\n<td> porsz\u00f3r\u00e1s<\/td>\n<\/tr>\n<tr>\n<td> Sz\u00edn:<\/td>\n<td> Feh\u00e9r, sz\u00edn el\u00e9rhet\u0151<\/td>\n<\/tr>\n<tr>\n<td> Bevonattal foglalkoz\u00f3 c\u00e9g:<\/td>\n<td> 80-120 um<\/td>\n<\/tr>\n<tr>\n<td> Haszn\u00e1lat:<\/td>\n<td> ablak k\u00e9perny\u0151 profil<\/td>\n<\/tr>\n<tr>\n<td> MOQ:<\/td>\n<td> 200 kg t\u00e9telenk\u00e9nt<\/td>\n<\/tr>\n<tr>\n<td> Tan\u00fas\u00edtv\u00e1ny \u00e9s szabv\u00e1ny:<\/td>\n<td> ISO 9008-2001. CQM, SGS<\/td>\n<\/tr>\n<tr>\n<td> Garancia:<\/td>\n<td> A fel\u00fclet sz\u00edne 10 \u00e9vig stabil lehet belt\u00e9ri haszn\u00e1lat felett.<\/td>\n<\/tr>\n<tr>\n<td> M\u00e9lyrehat\u00f3 feldolgoz\u00e1s<\/td>\n<td> mint f\u00far\u00e1s, mar\u00e1s, v\u00e1g\u00e1s, hegeszt\u00e9s, hajl\u00edt\u00e1s.<\/td>\n<\/tr>\n<tr>\n<td> Eredet:<\/td>\n<td> Foshan, Guangdong.<\/td>\n<\/tr>\n<tr>\n<td> HS-k\u00f3d:<\/td>\n<td> 761699000<\/td>\n<\/tr>\n<\/tbody>\n<\/table>\n<h2>Gy\u00e1rt\u00f3 b\u00e1zisunk<\/h2>\n<h3>Gy\u00e1ri panor\u00e1ma<\/h3>\n<p><img decoding=\"async\" src=\"\/wp-content\/uploads\/factory-01.webp\"\/><\/p>\n<h3>Alum\u00ednium r\u00fadgy\u00e1rt\u00f3 m\u0171hely<\/h3>\n<p><img decoding=\"async\" src=\"\/wp-content\/uploads\/factory-02.webp\"\/><\/p>\n<p><img decoding=\"async\" src=\"\/wp-content\/uploads\/factory-03.webp\"\/><\/p>\n<h3>Pen\u00e9sz rakt\u00e1r<\/h3>\n<p><img decoding=\"async\" src=\"\/wp-content\/uploads\/factory-04.webp\"\/><\/p>\n<h3>43 alum\u00ednium extrud\u00e1l\u00f3 vonal (500-5500 tonna)<\/h3>\n<p><img decoding=\"async\" src=\"\/wp-content\/uploads\/factory-05.webp\"\/><\/p>\n<p><img decoding=\"async\" src=\"\/wp-content\/uploads\/factory-06.webp\"\/><\/p>\n<p><img decoding=\"async\" src=\"\/wp-content\/uploads\/factory-07.webp\"\/><\/p>\n<h3>Porfest\u0151 m\u0171hely<\/h3>\n<p><img decoding=\"async\" src=\"\/wp-content\/uploads\/factory-09.webp\"\/><\/p>\n<h3>Anodiz\u00e1l\u00f3 m\u0171hely<\/h3>\n<p><img decoding=\"async\" src=\"\/wp-content\/uploads\/factory-10.webp\"\/><\/p>\n<h3>M\u00e9ly feldolgoz\u00e1si m\u0171hely<\/h3>\n<p><img decoding=\"async\" src=\"\/wp-content\/uploads\/factory-11.webp\"\/><\/p>\n<h3>CNC prec\u00edzi\u00f3s megmunk\u00e1l\u00f3 m\u0171hely<\/h3>\n<p><img decoding=\"async\" src=\"\/wp-content\/uploads\/factory-11.5.webp\"\/><\/p>\n<h3>K\u00e9szterm\u00e9k \u00e9s export rakt\u00e1r<\/h3>\n<p><img decoding=\"async\" src=\"\/wp-content\/uploads\/factory-12.webp\"\/><\/p>\n<p><img decoding=\"async\" src=\"\/wp-content\/uploads\/factory-13.webp\"\/><\/p>\n<p><img decoding=\"async\" src=\"\/wp-content\/uploads\/factory-14.webp\"\/><\/p>\n<h2>GYIK<\/h2>\n<p><p><b>1.Mi az alum\u00ednium k\u00e9perny\u0151ajt\u00f3 extrud\u00e1l\u00e1s?<\/b><\/p>\n<p>Az alum\u00ednium sz\u0171r\u0151ajt\u00f3 extrud\u00e1lt alum\u00edniumprofilok tart\u00f3s, k\u00f6nny\u0171 keretek \u00e9p\u00edt\u00e9s\u00e9re szolg\u00e1lnak a sz\u0171r\u0151ajt\u00f3khoz.<br \/>\n<\/p><br \/>\n<br \/>\n<p><b>2.Mi\u00e9rt v\u00e1lassza az alum\u00ednium extrud\u00e1l\u00e1st a k\u00e9perny\u0151ajt\u00f3khoz?<\/b><\/p>\n<p>Az alum\u00ednium korr\u00f3zi\u00f3\u00e1ll\u00f3, k\u00f6nny\u0171 \u00e9s er\u0151s, \u00edgy ide\u00e1lis mind a bels\u0151, mind a k\u00fcls\u0151 k\u00e9perny\u0151ajt\u00f3khoz.<br \/>\n<\/p><br \/>\n<br \/>\n<p><b>3.Are ezek a k\u00e9perny\u0151 ajt\u00f3 extrud\u00e1l\u00e1sok testreszabhat\u00f3ak?<\/b><\/p>\n<p>Igen, m\u00e9ret, sz\u00edn, alak, falvastags\u00e1g \u00e9s fel\u00fcletkezel\u00e9s tekintet\u00e9ben testre szabhat\u00f3k a projekt vagy OEM k\u00f6vetelm\u00e9nyek teljes\u00edt\u00e9se \u00e9rdek\u00e9ben.<br \/>\n<\/p><br \/>\n<br \/>\n<p><b>4.Milyen h\u00e1l\u00f3t\u00edpusok kompatibilisek az alum\u00ednium szitakeretekkel?<\/b><\/p>\n<p>A k\u00fcl\u00f6nb\u00f6z\u0151 funkcion\u00e1lis ig\u00e9nyeknek megfelel\u0151en kompatibilisek \u00fcvegsz\u00e1las, rozsdamentes ac\u00e9l, alum\u00ednium \u00e9s poli\u00e9szter h\u00e1l\u00f3val.<br \/>\n<\/p><br \/>\n<br \/>\n<p><b>5.Az alum\u00ednium szitany\u00edl\u00e1sz\u00e1r\u00f3 extrud\u00e1lt ajt\u00f3k id\u0151j\u00e1r\u00e1s\u00e1ll\u00f3ak?<\/b><\/p>\n<p>Abszol\u00fat ellen\u00e1llnak az es\u0151nek, a napnak \u00e9s a h\u0151m\u00e9rs\u00e9klet-v\u00e1ltoz\u00e1soknak a korr\u00f3zi\u00f3\u00e1ll\u00f3 bevonatoknak k\u00f6sz\u00f6nhet\u0151en.<br \/>\n<\/p><br \/>\n<br \/>\n<p><b>6.Do alum\u00ednium k\u00e9perny\u0151 ajt\u00f3 extrud\u00e1l\u00e1sok ig\u00e9nyel sok karbantart\u00e1st?<\/b><\/p>\n<p>Nem, ezek az anyagok kev\u00e9s karbantart\u00e1st ig\u00e9nyelnek, \u00e9s \u00e1ltal\u00e1ban csak id\u0151nk\u00e9nt kell \u0151ket enyhe szappannal \u00e9s v\u00edzzel tiszt\u00edtani.<br \/>\n<\/p><br \/>\n<br \/>\n<p><b>7.Haszn\u00e1lhat\u00f3k-e ezek a profilok kereskedelmi vagy ipari ajt\u00f3khoz?<\/b><\/p>\n<p>Igen, alkalmasak a tart\u00f3ss\u00e1got \u00e9s eszt\u00e9tik\u00e1t ig\u00e9nyl\u0151 lakoss\u00e1gi, kereskedelmi \u00e9s ipari k\u00e9perny\u0151ajt\u00f3khoz.<br \/>\n<\/p><br \/><\/p>","protected":false},"featured_media":7565,"template":"","categories":[67],"class_list":["post-7566","product","type-product","status-publish","has-post-thumbnail","hentry","category-architectural-aluminium-profile"],"meta_box":{"hilight_text_group":{"product_hilight_text":"<li>Durable aluminum construction provides long-lasting structural support<\/li>\r\r\n<li>Lightweight material ensures easy handling and installation<\/li>\r\r\n<li>Corrosion-resistant finish suitable for all weather conditions<\/li>\r\r\n<li>Compatible with various mesh types for insect protection and ventilation<\/li>\r\r\n<li>Customizable designs, sizes, and colors for OEM and project needs<\/li>\r\r\n<li>Ideal for residential, commercial, and industrial screen door systems<\/li>","product_chanpin_blog":"<ul>\r\r\n<li><a href=\"https:\/\/sinoextrud.com\/t-slot-v-slot-differences\/\" target=\"_blank\">t slot vs v slot<\/a><\/li>\r\r\n<li><a href=\"https:\/\/sinoextrud.com\/what-is-4040-aluminium-extrud\/\" target=\"_blank\">4040 aluminium extrusion<\/a><\/li>\r\r\n<li><a href=\"https:\/\/sinoextrud.com\/what-is-4040-aluminium-extrud\/\" target=\"_blank\">aluminum extrusions for industrial racks<\/a><\/li>\r\r\n<li><a href=\"https:\/\/sinoextrud.com\/powder-coating-aluminium-process\/\" target=\"_blank\">powder coating aluminium<\/a><\/li>\r\r\n<li><a href=\"https:\/\/sinoextrud.com\/what-is-an-aluminium-strip-ceiling\/\" target=\"_blank\">aluminium strip ceiling<\/a><\/li>\r\r\n<li><a href=\"https:\/\/sinoextrud.com\/what-is-a-heat-sink\/\" target=\"_blank\">what is a heat sink<\/a><\/li>\r\r\n<\/ul>","product_chanpin_chanpin":"<li><a href=\"https:\/\/sinoextrud.com\/product\/office-partition-aluminum-profile\/\" target=\"_blank\">Office Partition Aluminum Profile<\/a><\/li>\r\n<li><a href=\"https:\/\/sinoextrud.com\/product\/extruded-aluminium-skirting-aluminium-skirting-board\/\" target=\"_blank\">Extruded Aluminium Skirting Aluminium Skirting Board<\/a><\/li>\r\n<li><a href=\"https:\/\/sinoextrud.com\/product\/aluminum-section-window\/\" target=\"_blank\">Aluminum Section Window<\/a><\/li>\r\n<li><a href=\"https:\/\/sinoextrud.com\/product\/aluminum-u-profile-glass-railing\/\" target=\"_blank\">Aluminum U profile Glass Railing<\/a><\/li>\r\n<li><a href=\"https:\/\/sinoextrud.com\/product\/aluminium-screen-door-extrusions\/\" target=\"_blank\">Aluminium Screen Door Extrusions<\/a><\/li>\r\n<li><a href=\"https:\/\/sinoextrud.com\/product\/anodized-colorful-oem-aluminium-profile-for-decoration-furniture-accessory-price\/\" target=\"_blank\">Anodized Colorful OEM Aluminium Profile For Decoration Furniture Accessory price<\/a><\/li>\r\n<li><a href=\"https:\/\/sinoextrud.com\/product\/sliver-anodized-aluminum-extrusions-kitchen-cabinets-profiles-frame\/\" target=\"_blank\">Sliver Anodized Aluminum Extrusions Kitchen Cabinets Profiles Frame<\/a><\/li>\r\n<li><a href=\"https:\/\/sinoextrud.com\/product\/oem-aluminum-manufacturing-processes-cnc-machining\/\" target=\"_blank\">OEM Aluminum Manufacturing Processes CNC Machining<\/a><\/li>\r\n<li><a href=\"https:\/\/sinoextrud.com\/product\/extruded-aluminum-louver-blade-profile\/\" target=\"_blank\">Extruded Aluminum Louver Blade Profile<\/a><\/li>\r\n<li><a href=\"https:\/\/sinoextrud.com\/product\/bulk-extruded-aluminum\/\" target=\"_blank\">Bulk Extruded Aluminum<\/a><\/li>\r\n<li><a href=\"https:\/\/sinoextrud.com\/product\/aluminium-furniture\/\" target=\"_blank\">Aluminium Furniture<\/a><\/li>"},"feature_list":[]},"_links":{"self":[{"href":"https:\/\/sinoextrud.com\/hu\/wp-json\/wp\/v2\/product\/7566","targetHints":{"allow":["GET"]}}],"collection":[{"href":"https:\/\/sinoextrud.com\/hu\/wp-json\/wp\/v2\/product"}],"about":[{"href":"https:\/\/sinoextrud.com\/hu\/wp-json\/wp\/v2\/types\/product"}],"wp:featuredmedia":[{"embeddable":true,"href":"https:\/\/sinoextrud.com\/hu\/wp-json\/wp\/v2\/media\/7565"}],"wp:attachment":[{"href":"https:\/\/sinoextrud.com\/hu\/wp-json\/wp\/v2\/media?parent=7566"}],"wp:term":[{"taxonomy":"category","embeddable":true,"href":"https:\/\/sinoextrud.com\/hu\/wp-json\/wp\/v2\/categories?post=7566"}],"curies":[{"name":"wp","href":"https:\/\/api.w.org\/{rel}","templated":true}]}}