{"id":7562,"date":"2025-06-09T01:46:08","date_gmt":"2025-06-09T01:46:08","guid":{"rendered":"https:\/\/sinoextrud.com\/product\/aluminum-section-window\/"},"modified":"2025-06-24T06:13:06","modified_gmt":"2025-06-24T06:13:06","slug":"aluminium-szekcionalt-ablak","status":"publish","type":"product","link":"https:\/\/sinoextrud.com\/hu\/product\/aluminum-section-window\/","title":{"rendered":"Alum\u00ednium szekci\u00f3 ablak"},"content":{"rendered":"<h2>Term\u00e9kek r\u00e9szletei<\/h2>\n<table class=\"custom-table\">\n<tbody>\n<tr>\n<td> Modell NO.:<\/td>\n<td> Alum\u00ednium szekci\u00f3 ablak<\/td>\n<\/tr>\n<tr>\n<td> M\u00e9ret<\/td>\n<td> 200*180mm<\/td>\n<\/tr>\n<tr>\n<td> Vastags\u00e1g:<\/td>\n<td> 1.4\/2.0mm<\/td>\n<\/tr>\n<tr>\n<td> Sz\u00edn:<\/td>\n<td> Elektrofor\u00e9zis matt arany<\/td>\n<\/tr>\n<tr>\n<td> Keret Anyag<\/td>\n<td> Alum\u00ednium 6063-t5<\/td>\n<\/tr>\n<tr>\n<td> Alak:<\/td>\n<td> N\u00e9gyzet<\/td>\n<\/tr>\n<tr>\n<td> Haszn\u00e1lat:<\/td>\n<td> Balkon teljes ajt\u00f3, erk\u00e9ly ablakok, h\u00e1l\u00f3szoba ablakok, h\u00e1l\u00f3szoba ablakok, erk\u00e9ly ajt\u00f3k, f\u00fcrd\u0151szoba ajt\u00f3k, f\u00fcrd\u0151szoba ajt\u00f3k<\/td>\n<\/tr>\n<tr>\n<td> Minta:<\/td>\n<td> minden minta a bemutat\u00f3teremben el\u00e9rhet\u0151<\/td>\n<\/tr>\n<tr>\n<td> Sz\u00e1ll\u00edt\u00e1s:<\/td>\n<td> 30-35 nap 40FT kont\u00e9nerenk\u00e9nt<\/td>\n<\/tr>\n<tr>\n<td> El\u0151ny\u00f6k:<\/td>\n<td> rugalmas haszn\u00e1lat, biztons\u00e1gos \u00e9s megb\u00edzhat\u00f3, hossz\u00fa \u00e9lettartam, egy s\u00edkban nyithat\u00f3<\/td>\n<\/tr>\n<tr>\n<td> Sz\u00e1ll\u00edt\u00e1si csomag:<\/td>\n<td> M\u0171anyag formanyomtatv\u00e1ny pap\u00edr \u00e9s m\u0171anyag f\u00f3lia<\/td>\n<\/tr>\n<tr>\n<td> Eredet:<\/td>\n<td> K\u00edna<\/td>\n<\/tr>\n<tr>\n<td> T\u00edpus:<\/td>\n<td> alum\u00ednium szekcion\u00e1lt ablak<\/td>\n<\/tr>\n<tr>\n<td> Fel\u00fcletkezel\u00e9s:<\/td>\n<td> Elektrofor\u00e9zis<\/td>\n<\/tr>\n<tr>\n<td> Tan\u00fas\u00edt\u00e1s:<\/td>\n<td> ISO, CE, SGS<\/td>\n<\/tr>\n<tr>\n<td> Fel\u00fcletkezel\u00e9s:<\/td>\n<td> Porbevonat B\u00e1rmilyen sz\u00edn\u0171, PVDF, fa sz\u00edn\u0171 stb.<\/td>\n<\/tr>\n<tr>\n<td> Tervez\u00e9s:<\/td>\n<td> Az \u00d6n ig\u00e9nyei szerint<\/td>\n<\/tr>\n<tr>\n<td> MOQ:<\/td>\n<td> 200 n\u00e9gyzetm\u00e9ter<\/td>\n<\/tr>\n<tr>\n<td> V\u00e9djegy:<\/td>\n<td> Sinoextrud<\/td>\n<\/tr>\n<\/tbody>\n<\/table>\n<h2>Gy\u00e1rt\u00f3 b\u00e1zisunk<\/h2>\n<h3>Gy\u00e1ri panor\u00e1ma<\/h3>\n<p><img decoding=\"async\" src=\"\/wp-content\/uploads\/factory-01.webp\"\/><\/p>\n<h3>Alum\u00ednium r\u00fadgy\u00e1rt\u00f3 m\u0171hely<\/h3>\n<p><img decoding=\"async\" src=\"\/wp-content\/uploads\/factory-02.webp\"\/><\/p>\n<\/p>\n<p><img decoding=\"async\" src=\"\/wp-content\/uploads\/factory-03.webp\"\/><\/p>\n<h3>Pen\u00e9sz rakt\u00e1r<\/h3>\n<p><img decoding=\"async\" src=\"\/wp-content\/uploads\/factory-04.webp\"\/><\/p>\n<h3>43 alum\u00ednium extrud\u00e1l\u00f3 vonal (500-5500 tonna)<\/h3>\n<p><img decoding=\"async\" src=\"\/wp-content\/uploads\/factory-05.webp\"\/><\/p>\n<p><img decoding=\"async\" src=\"\/wp-content\/uploads\/factory-06.webp\"\/><\/p>\n<p><img decoding=\"async\" src=\"\/wp-content\/uploads\/factory-07.webp\"\/><\/p>\n<h3>Porfest\u0151 m\u0171hely<\/h3>\n<p><img decoding=\"async\" src=\"\/wp-content\/uploads\/factory-09.webp\"\/><\/p>\n<h3>Anodiz\u00e1l\u00f3 m\u0171hely<\/h3>\n<p><img decoding=\"async\" src=\"\/wp-content\/uploads\/factory-10.webp\"\/><\/p>\n<h3>M\u00e9ly feldolgoz\u00e1si m\u0171hely<\/h3>\n<p><img decoding=\"async\" src=\"\/wp-content\/uploads\/factory-11.webp\"\/><\/p>\n<h3>CNC prec\u00edzi\u00f3s megmunk\u00e1l\u00f3 m\u0171hely<\/h3>\n<p><img decoding=\"async\" src=\"\/wp-content\/uploads\/factory-11.5.webp\"\/><\/p>\n<h3>K\u00e9szterm\u00e9k \u00e9s export rakt\u00e1r<\/h3>\n<p><img decoding=\"async\" src=\"\/wp-content\/uploads\/factory-12.webp\"\/><\/p>\n<p><img decoding=\"async\" src=\"\/wp-content\/uploads\/factory-13.webp\"\/><\/p>\n<p><img decoding=\"async\" src=\"\/wp-content\/uploads\/factory-14.webp\"\/><\/p>\n<h2>GYIK<\/h2>\n<p><b>1.Mi az alum\u00ednium szekci\u00f3ablak?<\/b><\/p>\n<p>Az alum\u00ednium szekcion\u00e1lt ablak egy olyan ablakrendszer, amely prec\u00edzi\u00f3san megtervezett alum\u00edniumprofilokb\u00f3l \u00e9p\u00fcl, \u00e9s szil\u00e1rds\u00e1got, tart\u00f3ss\u00e1got \u00e9s modern eszt\u00e9tik\u00e1t k\u00edn\u00e1l.\n<\/p>\n<p><\/p>\n<p><b>2.Mi\u00e9rt v\u00e1lassza az alum\u00ednium profil\u00fa ablakokat m\u00e1s anyagokkal szemben?<\/b><\/p>\n<p>Az alum\u00ednium szekcion\u00e1lt ablakok jobb tart\u00f3ss\u00e1got, korr\u00f3zi\u00f3\u00e1ll\u00f3s\u00e1got \u00e9s eleg\u00e1ns kialak\u00edt\u00e1st biztos\u00edtanak a fa vagy PVC alternat\u00edv\u00e1khoz k\u00e9pest.\n<\/p>\n<p><\/p>\n<p><b>3.Az alum\u00ednium szekcion\u00e1lt ablakok energiahat\u00e9konyak?<\/b><\/p>\n<p>Igen, ezek az ablakok kiv\u00e1l\u00f3 h\u0151szigetel\u00e9st biztos\u00edtanak, ami seg\u00edt cs\u00f6kkenteni az energiak\u00f6lts\u00e9geket mind a lak\u00f3-, mind a kereskedelmi \u00e9p\u00fcletekben.\n<\/p>\n<p><\/p>\n<p><b>4.Can alum\u00ednium szekci\u00f3 ablakok cs\u00f6kkentik a zajt?<\/b><\/p>\n<p>Megfelel\u0151 \u00fcvegez\u00e9ssel az alum\u00ednium szekcion\u00e1lt ablakok er\u0151s hangszigetel\u00e9st biztos\u00edtanak a csendesebb belt\u00e9ri k\u00f6rnyezet \u00e9rdek\u00e9ben.\n<\/p>\n<p><\/p>\n<p><b>5.Alkalmasak-e az alum\u00ednium szekcion\u00e1lt ablakok a tengerparti vagy magas p\u00e1ratartalm\u00fa ter\u00fcleteken?<\/b><\/p>\n<p>Igen, korr\u00f3zi\u00f3\u00e1ll\u00f3 alum\u00edniumszerkezet\u00fcknek k\u00f6sz\u00f6nhet\u0151en ide\u00e1lisak a zord \u00e9s nedves k\u00f6rnyezetben val\u00f3 haszn\u00e1latra.\n<\/p>\n<p><\/p>\n<p><b>6.Can alum\u00ednium szekci\u00f3 ablakok testreszabhat\u00f3?<\/b><\/p>\n<p>Igen, k\u00fcl\u00f6nb\u00f6z\u0151 m\u00e9retekben, sz\u00ednekben, kivitelben \u00e9s konfigur\u00e1ci\u00f3kban \u00e1llnak rendelkez\u00e9sre, hogy megfeleljenek a k\u00fcl\u00f6nb\u00f6z\u0151 projektk\u00f6vetelm\u00e9nyeknek.\n<\/p>\n<p><\/p>\n<p><b>7.Milyen \u00fcveg m\u0171k\u00f6dik az alum\u00ednium szekci\u00f3ablakokkal?<\/b><\/p>\n<p>Az alum\u00ednium szekcion\u00e1lt ablakok a teljes\u00edtm\u00e9nyig\u00e9nyt\u0151l f\u00fcgg\u0151en egy-, k\u00e9t- vagy t\u00f6bbr\u00e9teg\u0171 \u00fcvegez\u00e9ssel kompatibilisek.\n<\/p>\n<p><\/p>","protected":false},"featured_media":7561,"template":"","categories":[67],"class_list":["post-7562","product","type-product","status-publish","has-post-thumbnail","hentry","category-architectural-aluminium-profile"],"meta_box":{"hilight_text_group":{"product_hilight_text":"<li>High-quality aluminum sections ensure structural strength and durability<\/li>\r\r\n<li>Slim profile design allows maximum natural light and clear views<\/li>\r\r\n<li>Excellent thermal and acoustic insulation performance<\/li>\r\r\n<li>Corrosion-resistant finish suitable for all weather conditions<\/li>\r\r\n<li>Compatible with various glazing and hardware options<\/li>\r\r\n<li>Customizable in size, color, and configuration for diverse architectural needs<\/li>","product_chanpin_blog":"<ul>\r\r\n<li><a href=\"https:\/\/sinoextrud.com\/t-slot-v-slot-differences\/\" target=\"_blank\">t slot vs v slot<\/a><\/li>\r\r\n<li><a href=\"https:\/\/sinoextrud.com\/what-is-4040-aluminium-extrud\/\" target=\"_blank\">4040 aluminium extrusion<\/a><\/li>\r\r\n<li><a href=\"https:\/\/sinoextrud.com\/what-is-4040-aluminium-extrud\/\" target=\"_blank\">aluminum extrusions for industrial racks<\/a><\/li>\r\r\n<li><a href=\"https:\/\/sinoextrud.com\/powder-coating-aluminium-process\/\" target=\"_blank\">powder coating aluminium<\/a><\/li>\r\r\n<li><a href=\"https:\/\/sinoextrud.com\/what-is-an-aluminium-strip-ceiling\/\" target=\"_blank\">aluminium strip ceiling<\/a><\/li>\r\r\n<li><a href=\"https:\/\/sinoextrud.com\/what-is-a-heat-sink\/\" target=\"_blank\">what is a heat sink<\/a><\/li>\r\r\n<\/ul>","product_chanpin_chanpin":"<li><a href=\"https:\/\/sinoextrud.com\/product\/aluminum-u-shape-channel-profile\/\" target=\"_blank\">Aluminum U Shape Channel Profile<\/a><\/li>\r\n<li><a href=\"https:\/\/sinoextrud.com\/product\/aluminium-profile-glass-curtain-wall-system\/\" target=\"_blank\">Aluminium Profile Glass Curtain Wall System<\/a><\/li>\r\n<li><a href=\"https:\/\/sinoextrud.com\/product\/office-partition-aluminum-profile\/\" target=\"_blank\">Office Partition Aluminum Profile<\/a><\/li>\r\n<li><a href=\"https:\/\/sinoextrud.com\/product\/extruded-aluminium-skirting-aluminium-skirting-board\/\" target=\"_blank\">Extruded Aluminium Skirting Aluminium Skirting Board<\/a><\/li>\r\n<li><a href=\"https:\/\/sinoextrud.com\/product\/aluminum-section-window\/\" target=\"_blank\">Aluminum Section Window<\/a><\/li>\r\n<li><a href=\"https:\/\/sinoextrud.com\/product\/aluminum-u-profile-glass-railing\/\" target=\"_blank\">Aluminum U profile Glass Railing<\/a><\/li>\r\n<li><a href=\"https:\/\/sinoextrud.com\/product\/aluminium-screen-door-extrusions\/\" target=\"_blank\">Aluminium Screen Door Extrusions<\/a><\/li>\r\n<li><a href=\"https:\/\/sinoextrud.com\/product\/anodized-colorful-oem-aluminium-profile-for-decoration-furniture-accessory-price\/\" target=\"_blank\">Anodized Colorful OEM Aluminium Profile For Decoration Furniture Accessory price<\/a><\/li>\r\n<li><a href=\"https:\/\/sinoextrud.com\/product\/sliver-anodized-aluminum-extrusions-kitchen-cabinets-profiles-frame\/\" target=\"_blank\">Sliver Anodized Aluminum Extrusions Kitchen Cabinets Profiles Frame<\/a><\/li>\r\n<li><a href=\"https:\/\/sinoextrud.com\/product\/custom-extra-large-industrial-equipment-aluminum-profile\/\" target=\"_blank\">Custom Extra Large Industrial Equipment Aluminum Profile<\/a><\/li>\r\n<li><a href=\"https:\/\/sinoextrud.com\/product\/aluminium-fence\/\" target=\"_blank\">Aluminium Fence<\/a><\/li>"},"feature_list":[]},"_links":{"self":[{"href":"https:\/\/sinoextrud.com\/hu\/wp-json\/wp\/v2\/product\/7562","targetHints":{"allow":["GET"]}}],"collection":[{"href":"https:\/\/sinoextrud.com\/hu\/wp-json\/wp\/v2\/product"}],"about":[{"href":"https:\/\/sinoextrud.com\/hu\/wp-json\/wp\/v2\/types\/product"}],"wp:featuredmedia":[{"embeddable":true,"href":"https:\/\/sinoextrud.com\/hu\/wp-json\/wp\/v2\/media\/7561"}],"wp:attachment":[{"href":"https:\/\/sinoextrud.com\/hu\/wp-json\/wp\/v2\/media?parent=7562"}],"wp:term":[{"taxonomy":"category","embeddable":true,"href":"https:\/\/sinoextrud.com\/hu\/wp-json\/wp\/v2\/categories?post=7562"}],"curies":[{"name":"wp","href":"https:\/\/api.w.org\/{rel}","templated":true}]}}