{"id":7558,"date":"2025-06-09T01:39:03","date_gmt":"2025-06-09T01:39:03","guid":{"rendered":"https:\/\/sinoextrud.com\/product\/office-partition-aluminum-profile\/"},"modified":"2025-06-24T06:13:05","modified_gmt":"2025-06-24T06:13:05","slug":"irodai-valaszfal-aluminium-profil","status":"publish","type":"product","link":"https:\/\/sinoextrud.com\/hu\/product\/office-partition-aluminum-profile\/","title":{"rendered":"Irodai v\u00e1laszfal alum\u00ednium profil"},"content":{"rendered":"<h2>Term\u00e9kek r\u00e9szletei<\/h2>\n<table class=\"custom-table\">\n<tr>\n<td class=\"label\">T\u00e9tel<\/td>\n<td>Irodai v\u00e1laszfal alum\u00ednium profil<\/td>\n<\/tr>\n<tr>\n<td class=\"label\">Anyag<\/td>\n<td>6000 sorozat\u00fa alum\u00ednium<\/td>\n<\/tr>\n<tr>\n<td class=\"label\">Temper<\/td>\n<td>T4, T5, T6<\/td>\n<\/tr>\n<tr>\n<td class=\"label\">M\u00e9ret \/ vastags\u00e1g<\/td>\n<td>\u00c1ltal\u00e1nos profilok vastags\u00e1ga 0,8 \u00e9s 5,0 mm k\u00f6z\u00f6tt, hossza 1m-9m vagy testreszabhat\u00f3; Anodiz\u00e1l\u00f3 v\u00e9d\u0151f\u00f3lia vastags\u00e1ga 8 ~ 25 um, porbevonat 40 ~ 120 um.<\/td>\n<\/tr>\n<tr>\n<td class=\"label\">Shape<\/td>\n<td>Testreszabott<\/td>\n<\/tr>\n<tr>\n<td class=\"label\">Alkalmaz\u00e1s<\/td>\n<td>Ablakok \u00e9s ajt\u00f3k, dekor\u00e1ci\u00f3k, ipar, \u00e9p\u00edt\u0151ipar \u00e9s \u00edgy tov\u00e1bb<\/td>\n<\/tr>\n<tr>\n<td class=\"label\">Fel\u00fcletkezel\u00e9s<\/td>\n<td>porfest\u00e9k, elektrofor\u00e9zis, fa szemcs\u00e9s, elox\u00e1lt \u00e9s \u00edgy tov\u00e1bb<\/td>\n<\/tr>\n<tr>\n<td class=\"label\">Sz\u00ednek<\/td>\n<td>Ref porbevonat sz\u00ednes lap \u00e9s testreszabott sz\u00edn el\u00e9rhet\u0151<\/td>\n<\/tr>\n<tr>\n<td class=\"label\">M\u00e9ly folyamat<\/td>\n<td>CNC, f\u00far\u00e1s, mar\u00e1s, v\u00e1g\u00e1s, hegeszt\u00e9s, hajl\u00edt\u00e1s, \u00f6sszeszerel\u00e9s<\/td>\n<\/tr>\n<tr>\n<td class=\"label\">MOQ<\/td>\n<td>200 kg minden egyes t\u00e9tel eset\u00e9ben<\/td>\n<\/tr>\n<tr>\n<td class=\"label\">Csomagol\u00e1s r\u00e9szletei<\/td>\n<td>(1) Bel\u00fcl: m\u0171anyag v\u00e9d\u0151f\u00f3li\u00e1val csomagolva az egyes darabok v\u00e9delme \u00e9rdek\u00e9ben<\/td>\n<\/tr>\n<tr>\n<td class=\"label\"><\/td>\n<td>(2) K\u00edv\u00fcl: V\u00edz\u00e1ll\u00f3 k\u00e9zm\u0171ves pap\u00edrral csomagolva.<\/td>\n<\/tr>\n<tr>\n<td class=\"label\">Sz\u00e1ll\u00edt\u00e1si id\u0151<\/td>\n<td>(1) Die fejleszt\u00e9se \u00e9s a minta vizsg\u00e1lata: 12-18 nap.<\/td>\n<\/tr>\n<tr>\n<td class=\"label\"><\/td>\n<td>(2) A t\u00f6megtermel\u00e9s befejez\u0151d\u00f6tt: 20-30 nap, miut\u00e1n a mint\u00e1t a vev\u0151 meger\u0151s\u00edtette.<\/td>\n<\/tr>\n<tr>\n<td class=\"label\">FOB kik\u00f6t\u0151<\/td>\n<td>SHENZHEN \/ GUANGZHOU \/ FOSHAN<\/td>\n<\/tr>\n<tr>\n<td class=\"label\">fizet\u00e9si felt\u00e9telek<\/td>\n<td>T \/ T 30% let\u00e9tbe helyez\u00e9s, egyenleg a sz\u00e1ll\u00edt\u00e1s el\u0151tt.<\/td>\n<\/tr>\n<tr>\n<td class=\"label\">elsz\u00e1mol\u00e1si hat\u00e1rid\u0151<\/td>\n<td>A v\u00e9gs\u0151 t\u00e9nyleges t\u00f6meg vagy az elm\u00e9leti s\u00faly alapj\u00e1n t\u00f6rt\u00e9n\u0151 sz\u00e1ml\u00e1z\u00e1s.<\/td>\n<\/tr>\n<tr>\n<td class=\"label\">termel\u00e9si kapacit\u00e1s<\/td>\n<td>5000 tonna havonta, 60000 tonna \u00e9vente.<\/td>\n<\/tr>\n<tr>\n<td class=\"label\">Tan\u00fas\u00edtv\u00e1ny \u00e9s szabv\u00e1ny<\/td>\n<td>CQM, SGS, CE, BV, SONCAP \/ GB, ISO, JIS, AS, NZS, QUALICOAT, QUOLANOD rendelkez\u00e9sre \u00e1ll.<\/td>\n<\/tr>\n<tr>\n<td class=\"label\">Garancia<\/td>\n<td>A fel\u00fclet sz\u00edne 10~20 \u00e9vig stabil lehet belt\u00e9ri haszn\u00e1latban.<\/td>\n<\/tr>\n<\/table>\n<h2>Gy\u00e1rt\u00f3 b\u00e1zisunk<\/h2>\n<h3>Gy\u00e1ri panor\u00e1ma<\/h3>\n<p><img decoding=\"async\" src=\"\/wp-content\/uploads\/factory-01.webp\"\/><\/p>\n<h3>Alum\u00ednium r\u00fadgy\u00e1rt\u00f3 m\u0171hely<\/h3>\n<p><img decoding=\"async\" src=\"\/wp-content\/uploads\/factory-02.webp\"\/><\/p>\n<p><img decoding=\"async\" src=\"\/wp-content\/uploads\/factory-03.webp\"\/><\/p>\n<h3>Pen\u00e9sz rakt\u00e1r<\/h3>\n<p><img decoding=\"async\" src=\"\/wp-content\/uploads\/factory-04.webp\"\/><\/p>\n<h3>43 alum\u00ednium extrud\u00e1l\u00f3 vonal (500-5500 tonna)<\/h3>\n<p><img decoding=\"async\" src=\"\/wp-content\/uploads\/factory-05.webp\"\/><\/p>\n<p><img decoding=\"async\" src=\"\/wp-content\/uploads\/factory-06.webp\"\/><\/p>\n<p><img decoding=\"async\" src=\"\/wp-content\/uploads\/factory-07.webp\"\/><\/p>\n<h3>Porfest\u0151 m\u0171hely<\/h3>\n<p><img decoding=\"async\" src=\"\/wp-content\/uploads\/factory-09.webp\"\/><\/p>\n<h3>Anodiz\u00e1l\u00f3 m\u0171hely<\/h3>\n<p><img decoding=\"async\" src=\"\/wp-content\/uploads\/factory-10.webp\"\/><\/p>\n<h3>M\u00e9ly feldolgoz\u00e1si m\u0171hely<\/h3>\n<p><img decoding=\"async\" src=\"\/wp-content\/uploads\/factory-11.webp\"\/><\/p>\n<h3>CNC prec\u00edzi\u00f3s megmunk\u00e1l\u00f3 m\u0171hely<\/h3>\n<p><img decoding=\"async\" src=\"\/wp-content\/uploads\/factory-11.5.webp\"\/><\/p>\n<h3>K\u00e9szterm\u00e9k \u00e9s export rakt\u00e1r<\/h3>\n<p><img decoding=\"async\" src=\"\/wp-content\/uploads\/factory-12.webp\"\/><\/p>\n<p><img decoding=\"async\" src=\"\/wp-content\/uploads\/factory-13.webp\"\/><\/p>\n<p><img decoding=\"async\" src=\"\/wp-content\/uploads\/factory-14.webp\"\/><\/p>\n<h2>GYIK<\/h2>\n<p><p><b>1.Mi az irodai v\u00e1laszfal alum\u00ednium profil?<\/b><\/p>\n<p>Ez egy extrud\u00e1lt alum\u00edniumkeret, amelyet modul\u00e1ris irodai v\u00e1laszfalak \u00e9p\u00edt\u00e9s\u00e9hez haszn\u00e1lnak, \u00e9s amely strukt\u00far\u00e1t \u00e9s st\u00edlust biztos\u00edt.<br \/>\n<\/p><br \/>\n<br \/>\n<p><b>2.Mi\u00e9rt v\u00e1lasszon alum\u00ednium profilokat irodai v\u00e1laszfalakhoz?<\/b><\/p>\n<p>K\u00f6nny\u0171ek, tart\u00f3sak \u00e9s korr\u00f3zi\u00f3\u00e1ll\u00f3ak, funkcion\u00e1lis \u00e9s eszt\u00e9tikai el\u0151ny\u00f6ket egyar\u00e1nt k\u00edn\u00e1lnak.<br \/>\n<\/p><br \/>\n<br \/>\n<p><b>3.Alkalmasak-e az alum\u00ednium profilok \u00fcveg irodai v\u00e1laszfalakhoz?<\/b><\/p>\n<p>Igen, \u00fagy tervezt\u00e9k \u0151ket, hogy biztons\u00e1gosan tarts\u00e1k az \u00fcveglapokat \u00e9s m\u00e1s anyagokat, p\u00e9ld\u00e1ul f\u00e1t vagy PVC-t.<br \/>\n<\/p><br \/>\n<br \/>\n<p><b>4.Lehet ezeket a profilokat testre szabni?<\/b><\/p>\n<p>Term\u00e9szetesen k\u00fcl\u00f6nb\u00f6z\u0151 form\u00e1kban, m\u00e9retekben, kivitelben \u00e9s konfigur\u00e1ci\u00f3kban k\u00e9sz\u00fclhetnek, hogy megfeleljenek a k\u00fcl\u00f6nb\u00f6z\u0151 irodai kialak\u00edt\u00e1soknak.<br \/>\n<\/p><br \/>\n<br \/>\n<p><b>5.K\u00f6nnyen telep\u00edthet\u0151ek az irodai part\u00edci\u00f3s profilok?<\/b><\/p>\n<p>Igen, modul\u00e1ris \u00f6sszeszerel\u00e9si lehet\u0151s\u00e9gekkel rendelkeznek, amelyek gyors \u00e9s rugalmas telep\u00edt\u00e9st tesznek lehet\u0151v\u00e9.<br \/>\n<\/p><br \/>\n<br \/>\n<p><b>6.T\u00e1mogatj\u00e1k-e az alum\u00ednium v\u00e1laszfalprofilok a hangszigetel\u00e9st?<\/b><\/p>\n<p>Igen, megfelel\u0151 \u00fcveg- vagy panelbet\u00e9tekkel kombin\u00e1lva jav\u00edthatj\u00e1k az irodahelyis\u00e9gek akusztikai teljes\u00edtm\u00e9ny\u00e9t.<br \/>\n<\/p><br \/>\n<br \/>\n<p><b>7.Milyen kivitelek \u00e1llnak rendelkez\u00e9sre az irodai v\u00e1laszfalprofilokhoz?<\/b><\/p>\n<p>A professzion\u00e1lis megjelen\u00e9s \u00e9rdek\u00e9ben az elox\u00e1l\u00e1s, a porfest\u00e9s \u00e9s a csiszolt alum\u00ednium gyakori kivitelek.<br \/>\n<\/p><br \/>\n<br \/>\n<p><b>8.Fenntarthat\u00f3 anyag-e az alum\u00ednium az irodai rendszerekhez?<\/b><\/p>\n<p>Igen, az alum\u00ednium 100% \u00fajrahasznos\u00edthat\u00f3, \u00e9s t\u00e1mogatja a k\u00f6rnyezetbar\u00e1t \u00e9p\u00edt\u00e9si gyakorlatokat.<br \/>\n<\/p><br \/><\/p>","protected":false},"featured_media":7557,"template":"","categories":[67],"class_list":["post-7558","product","type-product","status-publish","has-post-thumbnail","hentry","category-architectural-aluminium-profile"],"meta_box":{"hilight_text_group":{"product_hilight_text":"<li>Sleek and modern aluminum profiles enhance office aesthetics<\/li>\r\r\n<li>Lightweight yet strong for stable partition framing<\/li>\r\r\n<li>Corrosion-resistant surface ideal for long-term indoor use<\/li>\r\r\n<li>Supports glass, wood, or composite panel integration<\/li>\r\r\n<li>Easy installation with modular connection systems<\/li>\r\r\n<li>Customizable sizes, finishes, and configurations available<\/li>\r\r\n<li>Eco-friendly and fully recyclable aluminum material<\/li>","product_chanpin_blog":"<ul>\r\r\n<li><a href=\"https:\/\/sinoextrud.com\/t-slot-v-slot-differences\/\" target=\"_blank\">t slot vs v slot<\/a><\/li>\r\r\n<li><a href=\"https:\/\/sinoextrud.com\/what-is-4040-aluminium-extrud\/\" target=\"_blank\">4040 aluminium extrusion<\/a><\/li>\r\r\n<li><a href=\"https:\/\/sinoextrud.com\/what-is-4040-aluminium-extrud\/\" target=\"_blank\">aluminum extrusions for industrial racks<\/a><\/li>\r\r\n<li><a href=\"https:\/\/sinoextrud.com\/powder-coating-aluminium-process\/\" target=\"_blank\">powder coating aluminium<\/a><\/li>\r\r\n<li><a href=\"https:\/\/sinoextrud.com\/what-is-an-aluminium-strip-ceiling\/\" target=\"_blank\">aluminium strip ceiling<\/a><\/li>\r\r\n<li><a href=\"https:\/\/sinoextrud.com\/what-is-a-heat-sink\/\" target=\"_blank\">what is a heat sink<\/a><\/li>\r\r\n<\/ul>","product_chanpin_chanpin":"<li><a href=\"https:\/\/sinoextrud.com\/product\/greenhouse-aluminum-profile-customized-aluminum-profile-beam-powder-coated\/\" target=\"_blank\">greenhouse aluminum profile customized aluminum profile beam powder coated<\/a><\/li>\r\n<li><a href=\"https:\/\/sinoextrud.com\/product\/aluminium-profile-bracket\/\" target=\"_blank\">Aluminium Profile Bracket<\/a><\/li>\r\n<li><a href=\"https:\/\/sinoextrud.com\/product\/aluminum-u-shape-channel-profile\/\" target=\"_blank\">Aluminum U Shape Channel Profile<\/a><\/li>\r\n<li><a href=\"https:\/\/sinoextrud.com\/product\/aluminium-profile-glass-curtain-wall-system\/\" target=\"_blank\">Aluminium Profile Glass Curtain Wall System<\/a><\/li>\r\n<li><a href=\"https:\/\/sinoextrud.com\/product\/office-partition-aluminum-profile\/\" target=\"_blank\">Office Partition Aluminum Profile<\/a><\/li>\r\n<li><a href=\"https:\/\/sinoextrud.com\/product\/extruded-aluminium-skirting-aluminium-skirting-board\/\" target=\"_blank\">Extruded Aluminium Skirting Aluminium Skirting Board<\/a><\/li>\r\n<li><a href=\"https:\/\/sinoextrud.com\/product\/aluminum-section-window\/\" target=\"_blank\">Aluminum Section Window<\/a><\/li>\r\n<li><a href=\"https:\/\/sinoextrud.com\/product\/aluminum-u-profile-glass-railing\/\" target=\"_blank\">Aluminum U profile Glass Railing<\/a><\/li>\r\n<li><a href=\"https:\/\/sinoextrud.com\/product\/aluminium-screen-door-extrusions\/\" target=\"_blank\">Aluminium Screen Door Extrusions<\/a><\/li>\r\n<li><a href=\"https:\/\/sinoextrud.com\/product\/lay-in-tile-ceiling-system\/\" target=\"_blank\">Lay-in Tile Ceiling System<\/a><\/li>\r\n<li><a href=\"https:\/\/sinoextrud.com\/product\/aluminium-profile-for-window\/\" target=\"_blank\">Aluminium Profile For Window<\/a><\/li>"},"feature_list":[]},"_links":{"self":[{"href":"https:\/\/sinoextrud.com\/hu\/wp-json\/wp\/v2\/product\/7558","targetHints":{"allow":["GET"]}}],"collection":[{"href":"https:\/\/sinoextrud.com\/hu\/wp-json\/wp\/v2\/product"}],"about":[{"href":"https:\/\/sinoextrud.com\/hu\/wp-json\/wp\/v2\/types\/product"}],"wp:featuredmedia":[{"embeddable":true,"href":"https:\/\/sinoextrud.com\/hu\/wp-json\/wp\/v2\/media\/7557"}],"wp:attachment":[{"href":"https:\/\/sinoextrud.com\/hu\/wp-json\/wp\/v2\/media?parent=7558"}],"wp:term":[{"taxonomy":"category","embeddable":true,"href":"https:\/\/sinoextrud.com\/hu\/wp-json\/wp\/v2\/categories?post=7558"}],"curies":[{"name":"wp","href":"https:\/\/api.w.org\/{rel}","templated":true}]}}