{"id":7550,"date":"2025-06-09T01:29:03","date_gmt":"2025-06-09T01:29:03","guid":{"rendered":"https:\/\/sinoextrud.com\/product\/greenhouse-aluminum-profile-customized-aluminum-profile-beam-powder-coated\/"},"modified":"2025-06-24T06:13:04","modified_gmt":"2025-06-24T06:13:04","slug":"uveghaz-aluminium-profil-testreszabott-aluminium-profil-gerenda-porszortan-bevonva","status":"publish","type":"product","link":"https:\/\/sinoextrud.com\/hu\/product\/greenhouse-aluminum-profile-customized-aluminum-profile-beam-powder-coated\/","title":{"rendered":"\u00fcvegh\u00e1z alum\u00ednium profil testreszabott alum\u00ednium profil gerenda porsz\u00f3rtan bevonva"},"content":{"rendered":"<h2>Term\u00e9kek r\u00e9szletei<\/h2>\n<table class=\"custom-table\">\n<tr>\n<td class=\"label\">Alak:<\/td>\n<td>\u00fcvegh\u00e1z alum\u00ednium profil testreszabott alum\u00ednium profil gerenda porsz\u00f3rtan bevonva<\/td>\n<\/tr>\n<tr>\n<td class=\"label\">\u00f6tv\u00f6zet:<\/td>\n<td>Alum\u00ednium profil \u00f6tv\u00f6zet<\/td>\n<\/tr>\n<tr>\n<td class=\"label\">\u00d6tv\u00f6z\u0151 \u00f6sszetev\u0151:<\/td>\n<td>6063<\/td>\n<\/tr>\n<tr>\n<td class=\"label\">Pol\u00edrozott alum\u00ednium profil:<\/td>\n<td>porsz\u00f3rtan bevonva<\/td>\n<\/tr>\n<tr>\n<td class=\"label\">Sz\u00ednek:<\/td>\n<td>B\u00e1rmelyik el\u00e9rhet\u0151<\/td>\n<\/tr>\n<tr>\n<td class=\"label\">CNC-feldolgoz\u00e1s:<\/td>\n<td>CNC-feldolgozott<\/td>\n<\/tr>\n<tr>\n<td class=\"label\">OEM\/ODM elfogadhat\u00f3:<\/td>\n<td>Elfogadhat\u00f3-e az OEM\/ODM<\/td>\n<\/tr>\n<tr>\n<td class=\"label\">Sz\u00e1ll\u00edt\u00e1si csomag:<\/td>\n<td>Zsugorod\u00f3 f\u00f3lia \u00e9s fa tok<\/td>\n<\/tr>\n<tr>\n<td class=\"label\">Eredet:<\/td>\n<td>Foshan, Guangdong K\u00edna.<\/td>\n<\/tr>\n<tr>\n<td class=\"label\">T\u00edpus:<\/td>\n<td>\u00c9p\u00edt\u0151ipari alum\u00ednium term\u00e9kek.<\/td>\n<\/tr>\n<tr>\n<td class=\"label\">Oszt\u00e1ly:<\/td>\n<td>6000-es sorozat<\/td>\n<\/tr>\n<tr>\n<td class=\"label\">Egy\u00e9b fel\u00fcletkezel\u00e9s:<\/td>\n<td>Elox\u00e1lt, fa szemcs\u00e9s, stb.<\/td>\n<\/tr>\n<tr>\n<td class=\"label\">Tan\u00fas\u00edt\u00e1s:<\/td>\n<td>CE, ISO, ISO9001, Aama, DIN, Aama, DIN<\/td>\n<\/tr>\n<tr>\n<td class=\"label\">Min\u0151s\u00e9g\u00fcnk:<\/td>\n<td>100% QC tesztel\u00e9s<\/td>\n<\/tr>\n<tr>\n<td class=\"label\">\u00cdg\u00e9ret\u00fcnk:<\/td>\n<td>100% J\u00f3 term\u00e9kek sz\u00e1ll\u00edt\u00e1s el\u0151tt<\/td>\n<\/tr>\n<tr>\n<td class=\"label\">Specifik\u00e1ci\u00f3:<\/td>\n<td>ISO 9001<\/td>\n<\/tr>\n<\/table>\n<h2>Gy\u00e1rt\u00f3 b\u00e1zisunk<\/h2>\n<h3>Gy\u00e1ri panor\u00e1ma<\/h3>\n<p><img decoding=\"async\" src=\"\/wp-content\/uploads\/factory-01.webp\"\/><\/p>\n<h3>Alum\u00ednium r\u00fadgy\u00e1rt\u00f3 m\u0171hely<\/h3>\n<p><img decoding=\"async\" src=\"\/wp-content\/uploads\/factory-02.webp\"\/><\/p>\n<\/p>\n<p><img decoding=\"async\" src=\"\/wp-content\/uploads\/factory-03.webp\"\/><\/p>\n<h3>Pen\u00e9sz rakt\u00e1r<\/h3>\n<p><img decoding=\"async\" src=\"\/wp-content\/uploads\/factory-04.webp\"\/><\/p>\n<h3>43 alum\u00ednium extrud\u00e1l\u00f3 vonal (500-5500 tonna)<\/h3>\n<p><img decoding=\"async\" src=\"\/wp-content\/uploads\/factory-05.webp\"\/><\/p>\n<p><img decoding=\"async\" src=\"\/wp-content\/uploads\/factory-06.webp\"\/><\/p>\n<p><img decoding=\"async\" src=\"\/wp-content\/uploads\/factory-07.webp\"\/><\/p>\n<h3>Porfest\u0151 m\u0171hely<\/h3>\n<p><img decoding=\"async\" src=\"\/wp-content\/uploads\/factory-09.webp\"\/><\/p>\n<h3>Anodiz\u00e1l\u00f3 m\u0171hely<\/h3>\n<p><img decoding=\"async\" src=\"\/wp-content\/uploads\/factory-10.webp\"\/><\/p>\n<h3>M\u00e9ly feldolgoz\u00e1si m\u0171hely<\/h3>\n<p><img decoding=\"async\" src=\"\/wp-content\/uploads\/factory-11.webp\"\/><\/p>\n<h3>CNC prec\u00edzi\u00f3s megmunk\u00e1l\u00f3 m\u0171hely<\/h3>\n<p><img decoding=\"async\" src=\"\/wp-content\/uploads\/factory-11.5.webp\"\/><\/p>\n<h3>K\u00e9szterm\u00e9k \u00e9s export rakt\u00e1r<\/h3>\n<p><img decoding=\"async\" src=\"\/wp-content\/uploads\/factory-12.webp\"\/><\/p>\n<p><img decoding=\"async\" src=\"\/wp-content\/uploads\/factory-13.webp\"\/><\/p>\n<p><img decoding=\"async\" src=\"\/wp-content\/uploads\/factory-14.webp\"\/><\/p>\n<h2>GYIK<\/h2>\n<p><b>1.Mi az \u00fcvegh\u00e1zhat\u00e1st okoz\u00f3 alum\u00ednium profil gerenda?<\/b><\/p>\n<p>Az \u00fcvegh\u00e1zi alum\u00ednium profilgerenda az \u00fcvegh\u00e1zi keretekhez tervezett alum\u00ednium szerkezeti elem, amely szil\u00e1rds\u00e1got \u00e9s id\u0151j\u00e1r\u00e1s\u00e1ll\u00f3s\u00e1got biztos\u00edt.\n<\/p>\n<p><\/p>\n<p><b>2.Is az alum\u00ednium profil gerenda porsz\u00f3rt?<\/b><\/p>\n<p>Igen, az alum\u00ednium profilgerenda kiv\u00e1l\u00f3 min\u0151s\u00e9g\u0171 porsz\u00f3rt bevonattal rendelkezik a fokozott korr\u00f3zi\u00f3\u00e1ll\u00f3s\u00e1g \u00e9s az eszt\u00e9tikai megjelen\u00e9s \u00e9rdek\u00e9ben.\n<\/p>\n<p><\/p>\n<p><b>3.Kaphatok testreszabott alum\u00ednium profilokat az \u00fcvegh\u00e1zamhoz?<\/b><\/p>\n<p>Igen, teljesen testreszabott \u00fcvegh\u00e1zi alum\u00ednium profilokat k\u00edn\u00e1lunk az \u00d6n egyedi projektig\u00e9nyeinek megfelel\u0151en.\n<\/p>\n<p><\/p>\n<p><b>4.Mik az alum\u00edniumprofilok porbevon\u00e1s\u00e1nak el\u0151nyei?<\/b><\/p>\n<p>A porsz\u00f3r\u00e1sos bevonat jav\u00edtja az \u00fcvegh\u00e1zakban haszn\u00e1lt alum\u00ednium profilgerend\u00e1k tart\u00f3ss\u00e1g\u00e1t, korr\u00f3zi\u00f3\u00e1ll\u00f3s\u00e1g\u00e1t \u00e9s l\u00e1tv\u00e1ny\u00e1t.\n<\/p>\n<p><\/p>\n<p><b>5.Az \u00fcvegh\u00e1zhat\u00e1st okoz\u00f3 alum\u00ednium gerend\u00e1k k\u00f6nnyen telep\u00edthet\u0151k?<\/b><\/p>\n<p>Igen, k\u00f6nny\u0171 \u00e9s prec\u00edzi\u00f3san v\u00e1gott alum\u00ednium profilgerend\u00e1inkat k\u00f6nny\u0171 \u00e9s hat\u00e9kony telep\u00edt\u00e9sre tervezt\u00fck.\n<\/p>\n<p><\/p>\n<p><b>6.Do k\u00edn\u00e1l OEM szolg\u00e1ltat\u00e1sokat testreszabott alum\u00ednium profilok?<\/b><\/p>\n<p>Igen, OEM-megold\u00e1sokat k\u00edn\u00e1lunk az \u00fcvegh\u00e1zhat\u00e1st okoz\u00f3 alum\u00edniumprofilok sz\u00e1m\u00e1ra testre szabott m\u00e9retekkel \u00e9s kivitelekkel.\n<\/p>\n<p><\/p>\n<p><b>7.Mi az \u00e9lettartama a porsz\u00f3rt alum\u00ednium gerend\u00e1knak?<\/b><\/p>\n<p>Porfestett alum\u00ednium profilgerend\u00e1inkat \u00fagy tervezt\u00fck, hogy ellen\u00e1lljanak a k\u00fclt\u00e9ri k\u00f6r\u00fclm\u00e9nyeknek, \u00e9s hossz\u00fa \u00e9lettartam\u00fa teljes\u00edtm\u00e9nyt ny\u00fajtsanak.\n<\/p>\n<p><\/p>\n<p><b>8.Hogyan jav\u00edtj\u00e1k az egyedi alum\u00ednium profilok az \u00fcvegh\u00e1zak \u00e9p\u00edt\u00e9s\u00e9t?<\/b><\/p>\n<p>Az egyedi alum\u00edniumprofilok lehet\u0151v\u00e9 teszik az optim\u00e1lis szerkezeti kialak\u00edt\u00e1st, jav\u00edtva az \u00fcvegh\u00e1zak stabilit\u00e1s\u00e1t \u00e9s funkcionalit\u00e1s\u00e1t.\n<\/p>\n<p><\/p>","protected":false},"featured_media":7549,"template":"","categories":[67],"class_list":["post-7550","product","type-product","status-publish","has-post-thumbnail","hentry","category-architectural-aluminium-profile"],"meta_box":{"hilight_text_group":{"product_hilight_text":"<li>High-strength aluminum alloy structure ensures durability and stability<\/li>\r\r\n<li>Customized dimensions and profiles to meet specific greenhouse designs<\/li>\r\r\n<li>Corrosion-resistant powder coated finish for extended lifespan<\/li>\r\r\n<li>Lightweight profile beam for easy transportation and installation<\/li>\r\r\n<li>Precision-engineered for seamless assembly and integration<\/li>","product_chanpin_blog":"<ul>\r\r\n<li><a href=\"https:\/\/sinoextrud.com\/t-slot-v-slot-differences\/\" target=\"_blank\">t slot vs v slot<\/a><\/li>\r\r\n<li><a href=\"https:\/\/sinoextrud.com\/what-is-4040-aluminium-extrud\/\" target=\"_blank\">4040 aluminium extrusion<\/a><\/li>\r\r\n<li><a href=\"https:\/\/sinoextrud.com\/what-is-4040-aluminium-extrud\/\" target=\"_blank\">aluminum extrusions for industrial racks<\/a><\/li>\r\r\n<li><a href=\"https:\/\/sinoextrud.com\/powder-coating-aluminium-process\/\" target=\"_blank\">powder coating aluminium<\/a><\/li>\r\r\n<li><a href=\"https:\/\/sinoextrud.com\/what-is-an-aluminium-strip-ceiling\/\" target=\"_blank\">aluminium strip ceiling<\/a><\/li>\r\r\n<li><a href=\"https:\/\/sinoextrud.com\/what-is-a-heat-sink\/\" target=\"_blank\">what is a heat sink<\/a><\/li>\r\r\n<\/ul>","product_chanpin_chanpin":"<li><a href=\"https:\/\/sinoextrud.com\/product\/anodizing-aluminium-extrusion-profiles-for-windows-and-door\/\" target=\"_blank\">Anodizing Aluminium Extrusion Profiles for Windows and Door<\/a><\/li>\r\n<li><a href=\"https:\/\/sinoextrud.com\/product\/aluminium-louver-extrusions\/\" target=\"_blank\">Aluminium Louver Extrusions<\/a><\/li>\r\n<li><a href=\"https:\/\/sinoextrud.com\/product\/aluminium-picture-frame-extrusions\/\" target=\"_blank\">Aluminium Picture Frame Extrusions<\/a><\/li>\r\n<li><a href=\"https:\/\/sinoextrud.com\/product\/aluminium-powder-coating\/\" target=\"_blank\">Aluminium Powder Coating<\/a><\/li>\r\n<li><a href=\"https:\/\/sinoextrud.com\/product\/greenhouse-aluminum-profile-customized-aluminum-profile-beam-powder-coated\/\" target=\"_blank\">greenhouse aluminum profile customized aluminum profile beam powder coated<\/a><\/li>\r\n<li><a href=\"https:\/\/sinoextrud.com\/product\/aluminium-profile-bracket\/\" target=\"_blank\">Aluminium Profile Bracket<\/a><\/li>\r\n<li><a href=\"https:\/\/sinoextrud.com\/product\/aluminum-u-shape-channel-profile\/\" target=\"_blank\">Aluminum U Shape Channel Profile<\/a><\/li>\r\n<li><a href=\"https:\/\/sinoextrud.com\/product\/aluminium-profile-glass-curtain-wall-system\/\" target=\"_blank\">Aluminium Profile Glass Curtain Wall System<\/a><\/li>\r\n<li><a href=\"https:\/\/sinoextrud.com\/product\/office-partition-aluminum-profile\/\" target=\"_blank\">Office Partition Aluminum Profile<\/a><\/li>\r\n<li><a href=\"https:\/\/sinoextrud.com\/product\/aluminum-extrusion-car-truck-aluminum-profile\/\" target=\"_blank\">Aluminum Extrusion Car & Truck Aluminum Profile<\/a><\/li>\r\n<li><a href=\"https:\/\/sinoextrud.com\/product\/cutting-extruded-aluminum-for-led\/\" target=\"_blank\">Cutting Extruded Aluminum For LED<\/a><\/li>"},"feature_list":[]},"_links":{"self":[{"href":"https:\/\/sinoextrud.com\/hu\/wp-json\/wp\/v2\/product\/7550","targetHints":{"allow":["GET"]}}],"collection":[{"href":"https:\/\/sinoextrud.com\/hu\/wp-json\/wp\/v2\/product"}],"about":[{"href":"https:\/\/sinoextrud.com\/hu\/wp-json\/wp\/v2\/types\/product"}],"wp:featuredmedia":[{"embeddable":true,"href":"https:\/\/sinoextrud.com\/hu\/wp-json\/wp\/v2\/media\/7549"}],"wp:attachment":[{"href":"https:\/\/sinoextrud.com\/hu\/wp-json\/wp\/v2\/media?parent=7550"}],"wp:term":[{"taxonomy":"category","embeddable":true,"href":"https:\/\/sinoextrud.com\/hu\/wp-json\/wp\/v2\/categories?post=7550"}],"curies":[{"name":"wp","href":"https:\/\/api.w.org\/{rel}","templated":true}]}}