{"id":7529,"date":"2025-06-07T10:04:33","date_gmt":"2025-06-07T10:04:33","guid":{"rendered":"https:\/\/sinoextrud.com\/product\/aluminium-picture-frame-extrusions\/"},"modified":"2025-06-24T06:13:03","modified_gmt":"2025-06-24T06:13:03","slug":"aluminium-kepkeret-extrudalt-reszek","status":"publish","type":"product","link":"https:\/\/sinoextrud.com\/hu\/product\/aluminium-picture-frame-extrusions\/","title":{"rendered":"Alum\u00ednium k\u00e9pkeret extrud\u00e1l\u00e1s"},"content":{"rendered":"<h2>Term\u00e9kek r\u00e9szletei<\/h2>\n<table class=\"custom-table\">\n<tbody>\n<tr>\n<td> N\u00e9v<\/td>\n<td> Alum\u00ednium k\u00e9pkeret extrud\u00e1l\u00e1sok<\/td>\n<\/tr>\n<tr>\n<td> M\u00e1rka<\/td>\n<td> Sinoextrud\/Sinoextrud<\/td>\n<\/tr>\n<tr>\n<td> Kateg\u00f3ria<\/td>\n<td> Alum\u00ednium szelv\u00e9nyek<\/td>\n<\/tr>\n<tr>\n<td> Anyag<\/td>\n<td> A 6061 sz\u00e9les k\u00f6rben haszn\u00e1latos. A 6063, 6463, 6005, 6082 is rendelkez\u00e9sre \u00e1ll.<\/td>\n<\/tr>\n<tr>\n<td> Temper<\/td>\n<td> T5-T8<\/td>\n<\/tr>\n<tr>\n<td> Hossz\u00fas\u00e1g<\/td>\n<td> 1-9m vagy testreszab\u00e1s<\/td>\n<\/tr>\n<tr>\n<td> M\u00e9ret (mm)<\/td>\n<td> K\u00fcl\u00f6nb\u00f6z\u0151 m\u00e9ret\u0171, r\u00e9szletesen kapcsolatba l\u00e9phet.<\/td>\n<\/tr>\n<tr>\n<td> Vastags\u00e1g<\/td>\n<td> Az \u00d6n k\u00e9r\u00e9s\u00e9nek megfelel\u0151en<\/td>\n<\/tr>\n<tr>\n<td> Shape<\/td>\n<td> H, I, L alak vagy testreszab\u00e1s<\/td>\n<\/tr>\n<tr>\n<td> Fel\u00fcletkezel\u00e9s<\/td>\n<td> Malom k\u00e9sz, elox\u00e1lt, homokf\u00fav\u00e1s, elektrofor\u00e9zis, Power bevonat stb.<\/td>\n<\/tr>\n<tr>\n<td> Sz\u00ednes<\/td>\n<td> Ez\u00fcst, fekete, feh\u00e9r, piros, s\u00e1rga, pezsg\u0151 vagy egyedi sz\u00ednben<\/td>\n<\/tr>\n<tr>\n<td> Standard<\/td>\n<td> ASTM, GB, DIN<\/td>\n<\/tr>\n<tr>\n<td> A  c\u00edmr\u0151l<\/td>\n<td> Guangdong, K\u00edna<\/td>\n<\/tr>\n<tr>\n<td> Alkalmaz\u00e1s<\/td>\n<td> Dekor\u00e1ci\u00f3<\/td>\n<\/tr>\n<\/tbody>\n<\/table>\n<h2>Gy\u00e1rt\u00f3 b\u00e1zisunk<\/h2>\n<h3>Gy\u00e1ri panor\u00e1ma<\/h3>\n<p><img decoding=\"async\" src=\"\/wp-content\/uploads\/factory-01.webp\"\/><\/p>\n<h3>Alum\u00ednium r\u00fadgy\u00e1rt\u00f3 m\u0171hely<\/h3>\n<p><img decoding=\"async\" src=\"\/wp-content\/uploads\/factory-02.webp\"\/><\/p>\n<p><img decoding=\"async\" src=\"\/wp-content\/uploads\/factory-03.webp\"\/><\/p>\n<h3>Pen\u00e9sz rakt\u00e1r<\/h3>\n<p><img decoding=\"async\" src=\"\/wp-content\/uploads\/factory-04.webp\"\/><\/p>\n<h3>43 alum\u00ednium extrud\u00e1l\u00f3 vonal (500-5500 tonna)<\/h3>\n<p><img decoding=\"async\" src=\"\/wp-content\/uploads\/factory-05.webp\"\/><\/p>\n<p><img decoding=\"async\" src=\"\/wp-content\/uploads\/factory-06.webp\"\/><\/p>\n<p><img decoding=\"async\" src=\"\/wp-content\/uploads\/factory-07.webp\"\/><\/p>\n<h3>Porfest\u0151 m\u0171hely<\/h3>\n<p><img decoding=\"async\" src=\"\/wp-content\/uploads\/factory-09.webp\"\/><\/p>\n<h3>Anodiz\u00e1l\u00f3 m\u0171hely<\/h3>\n<p><img decoding=\"async\" src=\"\/wp-content\/uploads\/factory-10.webp\"\/><\/p>\n<h3>M\u00e9ly feldolgoz\u00e1si m\u0171hely<\/h3>\n<p><img decoding=\"async\" src=\"\/wp-content\/uploads\/factory-11.webp\"\/><\/p>\n<h3>CNC prec\u00edzi\u00f3s megmunk\u00e1l\u00f3 m\u0171hely<\/h3>\n<p><img decoding=\"async\" src=\"\/wp-content\/uploads\/factory-11.5.webp\"\/><\/p>\n<h3>K\u00e9szterm\u00e9k \u00e9s export rakt\u00e1r<\/h3>\n<p><img decoding=\"async\" src=\"\/wp-content\/uploads\/factory-12.webp\"\/><\/p>\n<p><img decoding=\"async\" src=\"\/wp-content\/uploads\/factory-13.webp\"\/><\/p>\n<p><img decoding=\"async\" src=\"\/wp-content\/uploads\/factory-14.webp\"\/><\/p>\n<h2>GYIK<\/h2>\n<p><p><b>1.Mi az alum\u00ednium k\u00e9pkeret extrud\u00e1l\u00e1s?<\/b><\/p>\n<p>Az alum\u00ednium k\u00e9pkeret extrud\u00e1l\u00e1sok olyan prec\u00edzi\u00f3s profilok, amelyeket tart\u00f3s, k\u00f6nny\u0171 keretek k\u00e9sz\u00edt\u00e9s\u00e9re haszn\u00e1lnak f\u00e9nyk\u00e9pek, m\u0171alkot\u00e1sok \u00e9s tan\u00fas\u00edtv\u00e1nyok sz\u00e1m\u00e1ra.<br \/>\n<\/p><br \/>\n<br \/>\n<p><b>2.Mi\u00e9rt v\u00e1lassza az alum\u00edniumot a k\u00e9pkeret extrud\u00e1l\u00e1sokhoz?<\/b><\/p>\n<p>Az alum\u00ednium k\u00f6nny\u0171, korr\u00f3zi\u00f3\u00e1ll\u00f3, \u00e9s modern megjelen\u00e9st biztos\u00edt, amely n\u00f6veli a keretes elem vizu\u00e1lis vonzerej\u00e9t.<br \/>\n<\/p><br \/>\n<br \/>\n<p><b>3.Can alum\u00ednium k\u00e9pkeret extrud\u00e1l\u00e1sok testreszabhat\u00f3?<\/b><\/p>\n<p>Igen, hosszuk, alakjuk, sz\u00edn\u00fck \u00e9s kivitel\u00fck testre szabhat\u00f3, hogy megfeleljenek az adott projekt vagy m\u00e1rka k\u00f6vetelm\u00e9nyeinek.<br \/>\n<\/p><br \/>\n<br \/>\n<p><b>4.Az alum\u00ednium k\u00e9pkereteket k\u00f6nny\u0171 \u00f6sszeszerelni?<\/b><\/p>\n<p>Az extrud\u00e1lt profilokat \u00fagy tervezt\u00e9k, hogy gyorsan \u00e9s egyszer\u0171en \u00f6sszeszerelhet\u0151k legyenek a szabv\u00e1nyos keret sarokcsatlakoz\u00f3k \u00e9s tartoz\u00e9kok seg\u00edts\u00e9g\u00e9vel.<br \/>\n<\/p><br \/>\n<br \/>\n<p><b>5.Milyen fel\u00fcletkezel\u00e9s \u00e9rhet\u0151 el a k\u00e9pkeret extrud\u00e1l\u00e1sokhoz?<\/b><\/p>\n<p>A n\u00e9pszer\u0171 kivitelek k\u00f6z\u00e9 tartoznak a k\u00fcl\u00f6nb\u00f6z\u0151 sz\u00edn\u0171 elox\u00e1lt matt, f\u00e9nyes, csiszolt \u00e9s porsz\u00f3rt v\u00e1ltozatok.<br \/>\n<\/p><br \/>\n<br \/>\n<p><b>6.Alkalmasak-e ezek az extrud\u00e1lt term\u00e9kek kereskedelmi keretez\u00e9si alkalmaz\u00e1sokhoz?<\/b><\/p>\n<p>Igen, a professzion\u00e1lis keretez\u0151k \u00e9s az OEM-ek sz\u00e9les k\u00f6rben haszn\u00e1lj\u00e1k \u0151ket kereskedelmi m\u00e9ret\u0171 keretez\u00e9si megold\u00e1sokhoz, k\u00f6vetkezetess\u00e9g\u00fck \u00e9s sokoldal\u00fas\u00e1guk miatt.<br \/>\n<\/p><br \/>\n<br \/>\n<p><b>7.A besz\u00e1ll\u00edt\u00f3k k\u00edn\u00e1lnak-e t\u00f6meges vagy OEM megrendel\u00e9seket?<\/b><\/p>\n<p>Igen, a legt\u00f6bb gy\u00e1rt\u00f3 k\u00edn\u00e1l OEM testreszab\u00e1st, saj\u00e1t c\u00edmk\u00e9z\u00e9st \u00e9s t\u00f6meg\u00e1rakat a forgalmaz\u00f3k \u00e9s nagyv\u00e1llalatok sz\u00e1m\u00e1ra.<br \/>\n<\/p><br \/><\/p>","protected":false},"featured_media":7528,"template":"","categories":[67],"class_list":["post-7529","product","type-product","status-publish","has-post-thumbnail","hentry","category-architectural-aluminium-profile"],"meta_box":{"hilight_text_group":{"product_hilight_text":"<li>Lightweight aluminum provides strong support without adding bulk<\/li>\r\r\n<li>Sleek, modern design enhances picture presentation and aesthetics<\/li>\r\r\n<li>Corrosion-resistant surface suitable for long-term indoor display<\/li>\r\r\n<li>Available in a variety of colors, finishes, and profile styles<\/li>\r\r\n<li>Custom sizes and OEM services available for bulk production<\/li>\r\r\n<li>Easy to cut, assemble, and mount for framing manufacturers<\/li>","product_chanpin_blog":"<ul>\r\r\n<li><a href=\"https:\/\/sinoextrud.com\/t-slot-v-slot-differences\/\" target=\"_blank\">t slot vs v slot<\/a><\/li>\r\r\n<li><a href=\"https:\/\/sinoextrud.com\/what-is-4040-aluminium-extrud\/\" target=\"_blank\">4040 aluminium extrusion<\/a><\/li>\r\r\n<li><a href=\"https:\/\/sinoextrud.com\/what-is-4040-aluminium-extrud\/\" target=\"_blank\">aluminum extrusions for industrial racks<\/a><\/li>\r\r\n<li><a href=\"https:\/\/sinoextrud.com\/powder-coating-aluminium-process\/\" target=\"_blank\">powder coating aluminium<\/a><\/li>\r\r\n<li><a href=\"https:\/\/sinoextrud.com\/what-is-an-aluminium-strip-ceiling\/\" target=\"_blank\">aluminium strip ceiling<\/a><\/li>\r\r\n<li><a href=\"https:\/\/sinoextrud.com\/what-is-a-heat-sink\/\" target=\"_blank\">what is a heat sink<\/a><\/li>\r\r\n<\/ul>","product_chanpin_chanpin":"<li><a href=\"https:\/\/sinoextrud.com\/product\/aluminium-fence\/\" target=\"_blank\">Aluminium Fence<\/a><\/li>\r\n<li><a href=\"https:\/\/sinoextrud.com\/product\/aluminium-flat-bar\/\" target=\"_blank\">Aluminium Flat Bar<\/a><\/li>\r\n<li><a href=\"https:\/\/sinoextrud.com\/product\/anodizing-aluminium-extrusion-profiles-for-windows-and-door\/\" target=\"_blank\">Anodizing Aluminium Extrusion Profiles for Windows and Door<\/a><\/li>\r\n<li><a href=\"https:\/\/sinoextrud.com\/product\/aluminium-louver-extrusions\/\" target=\"_blank\">Aluminium Louver Extrusions<\/a><\/li>\r\n<li><a href=\"https:\/\/sinoextrud.com\/product\/aluminium-picture-frame-extrusions\/\" target=\"_blank\">Aluminium Picture Frame Extrusions<\/a><\/li>\r\n<li><a href=\"https:\/\/sinoextrud.com\/product\/aluminium-powder-coating\/\" target=\"_blank\">Aluminium Powder Coating<\/a><\/li>\r\n<li><a href=\"https:\/\/sinoextrud.com\/product\/greenhouse-aluminum-profile-customized-aluminum-profile-beam-powder-coated\/\" target=\"_blank\">greenhouse aluminum profile customized aluminum profile beam powder coated<\/a><\/li>\r\n<li><a href=\"https:\/\/sinoextrud.com\/product\/aluminium-profile-bracket\/\" target=\"_blank\">Aluminium Profile Bracket<\/a><\/li>\r\n<li><a href=\"https:\/\/sinoextrud.com\/product\/aluminum-u-shape-channel-profile\/\" target=\"_blank\">Aluminum U Shape Channel Profile<\/a><\/li>\r\n<li><a href=\"https:\/\/sinoextrud.com\/product\/aluminium-extrusion-profile-with-pvdf-coating\/\" target=\"_blank\">Aluminium Extrusion Profile With PVDF Coating<\/a><\/li>\r\n<li><a href=\"https:\/\/sinoextrud.com\/product\/extruded-profiles-aluminium\/\" target=\"_blank\">Extruded Profiles Aluminium<\/a><\/li>"},"feature_list":[]},"_links":{"self":[{"href":"https:\/\/sinoextrud.com\/hu\/wp-json\/wp\/v2\/product\/7529","targetHints":{"allow":["GET"]}}],"collection":[{"href":"https:\/\/sinoextrud.com\/hu\/wp-json\/wp\/v2\/product"}],"about":[{"href":"https:\/\/sinoextrud.com\/hu\/wp-json\/wp\/v2\/types\/product"}],"wp:featuredmedia":[{"embeddable":true,"href":"https:\/\/sinoextrud.com\/hu\/wp-json\/wp\/v2\/media\/7528"}],"wp:attachment":[{"href":"https:\/\/sinoextrud.com\/hu\/wp-json\/wp\/v2\/media?parent=7529"}],"wp:term":[{"taxonomy":"category","embeddable":true,"href":"https:\/\/sinoextrud.com\/hu\/wp-json\/wp\/v2\/categories?post=7529"}],"curies":[{"name":"wp","href":"https:\/\/api.w.org\/{rel}","templated":true}]}}