{"id":7517,"date":"2025-06-07T09:55:49","date_gmt":"2025-06-07T09:55:49","guid":{"rendered":"https:\/\/sinoextrud.com\/product\/aluminum-profile-manufacturer\/"},"modified":"2025-06-24T06:13:01","modified_gmt":"2025-06-24T06:13:01","slug":"aluminium-profil-gyarto","status":"publish","type":"product","link":"https:\/\/sinoextrud.com\/hu\/product\/aluminum-profile-manufacturer\/","title":{"rendered":"Alum\u00ednium profil gy\u00e1rt\u00f3"},"content":{"rendered":"<h2>Term\u00e9kek r\u00e9szletei<\/h2>\n<table class=\"custom-table\">\n<tr>\n<td class=\"label\">\u00dczleti t\u00edpus:<\/td>\n<td>Alum\u00ednium profil gy\u00e1rt\u00f3<\/td>\n<\/tr>\n<tr>\n<td class=\"label\">Term\u00e9k sorozat:<\/td>\n<td>alum\u00ednium extrud\u00e1lt profil<\/td>\n<\/tr>\n<tr>\n<td class=\"label\">\u00c1rmeghat\u00e1roz\u00e1s:<\/td>\n<td>Alapj\u00e1n Alum\u00ednium Ingot \u00e1r + Process k\u00f6lts\u00e9g<\/td>\n<\/tr>\n<tr>\n<td class=\"label\">Fizet\u00e9si hat\u00e1rid\u0151:<\/td>\n<td>30% T \/ T \u00e1ltal el\u0151legk\u00e9nt, az egyenleg 70% T \/ T \u00e1ltal a sz\u00e1ll\u00edt\u00e1s el\u0151tt.<\/td>\n<\/tr>\n<tr>\n<td class=\"label\">Sz\u00edn:<\/td>\n<td>Feh\u00e9r, fa sz\u00edn\u0171, fekete, arany, k\u00e9k, k\u00e9k, pezsg\u0151 \u00e9s egy\u00e9b sz\u00edneket tudunk biztos\u00edtani.<\/td>\n<\/tr>\n<tr>\n<td class=\"label\">Specifik\u00e1ci\u00f3:<\/td>\n<td>1. \u00f6tv\u00f6zet: 6063-T5\/T6<br \/>\n2. Hossz\u00fas\u00e1g: 1-9 m\u00e9ter vagy az \u00d6n ig\u00e9nye szerint<br \/>\n3. Norm\u00e1l elox\u00e1l\u00e1s vastags\u00e1ga: 8-15 mikro<br \/>\n4.Norm\u00e1l porbevonat vastags\u00e1ga: 60 - 100 micro<br \/>\n5. Szak\u00edt\u00f3szil\u00e1rds\u00e1g: \u2265160 MPa<br \/>\n6. Foly\u00e1shat\u00e1r: \u2265110 MPa<br \/>\n7. B\u0151v\u00edthet\u0151s\u00e9g: \u22658%<br \/>\n8. Kem\u00e9nys\u00e9g (HW): \u22658<\/td>\n<\/tr>\n<tr>\n<td class=\"label\">Csomagol\u00e1s:<\/td>\n<td>EPE zsugorf\u00f3li\u00e1val, er\u0151pap\u00edrral, az \u00fcgyfelek \u00e1ltal ig\u00e9nyelt egy\u00e9b csomagol\u00e1si m\u00f3dszer \u00e1ll rendelkez\u00e9sre.<\/td>\n<\/tr>\n<tr>\n<td class=\"label\">Sz\u00e1ll\u00edt\u00e1si id\u0151:<\/td>\n<td>20-25 nap, ha a pen\u00e9sz k\u00e9szen \u00e1ll.<\/td>\n<\/tr>\n<tr>\n<td class=\"label\">Norm\u00e1l sorrend:<\/td>\n<td>1. Er\u0151s\u00edtse meg a rajzokat, a sz\u00edneket, az \u00e1rat \u00e9s a t\u00f6bbi r\u00e9szletet;<br \/>\n2. Fizesse ki az \u00f6nt\u0151forma d\u00edj\u00e1t, \u00e9s mi k\u00e9sz\u00edt\u00fcnk \u00f6nt\u0151form\u00e1kat;<br \/>\n3. Mint\u00e1kat k\u00fcld\u00fcnk \u00d6nnek a meger\u0151s\u00edt\u00e9shez;<br \/>\n4. Tegye meg a 30% let\u00e9t kifizet\u00e9s\u00e9t, kezdje meg a gy\u00e1rt\u00e1st;<br \/>\n5. Az \u00e1ruk ellen\u0151rz\u00e9se<br \/>\n6.Sz\u00e1ll\u00edt\u00e1s az egyenleg be\u00e9rkez\u00e9se ut\u00e1n<\/td>\n<\/tr>\n<tr>\n<td class=\"label\">Megjegyz\u00e9s:<\/td>\n<td>Bemutatjuk \u00d6nnek a terveinket, \u00e9s az \u00d6n tervei szerint is tudunk gy\u00e1rtani.<\/td>\n<\/tr>\n<\/table>\n<h2>Gy\u00e1rt\u00f3 b\u00e1zisunk<\/h2>\n<h3>Gy\u00e1ri panor\u00e1ma<\/h3>\n<p><img decoding=\"async\" src=\"\/wp-content\/uploads\/factory-01.webp\"\/><\/p>\n<h3>Alum\u00ednium r\u00fadgy\u00e1rt\u00f3 m\u0171hely<\/h3>\n<p><img decoding=\"async\" src=\"\/wp-content\/uploads\/factory-02.webp\"\/><\/p>\n<p><img decoding=\"async\" src=\"\/wp-content\/uploads\/factory-03.webp\"\/><\/p>\n<h3>Pen\u00e9sz rakt\u00e1r<\/h3>\n<p><img decoding=\"async\" src=\"\/wp-content\/uploads\/factory-04.webp\"\/><\/p>\n<h3>43 alum\u00ednium extrud\u00e1l\u00f3 vonal (500-5500 tonna)<\/h3>\n<p><img decoding=\"async\" src=\"\/wp-content\/uploads\/factory-05.webp\"\/><\/p>\n<p><img decoding=\"async\" src=\"\/wp-content\/uploads\/factory-06.webp\"\/><\/p>\n<p><img decoding=\"async\" src=\"\/wp-content\/uploads\/factory-07.webp\"\/><\/p>\n<h3>Porfest\u0151 m\u0171hely<\/h3>\n<p><img decoding=\"async\" src=\"\/wp-content\/uploads\/factory-09.webp\"\/><\/p>\n<h3>Anodiz\u00e1l\u00f3 m\u0171hely<\/h3>\n<p><img decoding=\"async\" src=\"\/wp-content\/uploads\/factory-10.webp\"\/><\/p>\n<h3>M\u00e9ly feldolgoz\u00e1si m\u0171hely<\/h3>\n<p><img decoding=\"async\" src=\"\/wp-content\/uploads\/factory-11.webp\"\/><\/p>\n<h3>CNC prec\u00edzi\u00f3s megmunk\u00e1l\u00f3 m\u0171hely<\/h3>\n<p><img decoding=\"async\" src=\"\/wp-content\/uploads\/factory-11.5.webp\"\/><\/p>\n<h3>K\u00e9szterm\u00e9k \u00e9s export rakt\u00e1r<\/h3>\n<p><img decoding=\"async\" src=\"\/wp-content\/uploads\/factory-12.webp\"\/><\/p>\n<p><img decoding=\"async\" src=\"\/wp-content\/uploads\/factory-13.webp\"\/><\/p>\n<p><img decoding=\"async\" src=\"\/wp-content\/uploads\/factory-14.webp\"\/><\/p>\n<h2>GYIK<\/h2>\n<p><p><b>1.Mit csin\u00e1l egy alum\u00ednium profil gy\u00e1rt\u00f3?<\/b><\/p>\n<p>Az alum\u00ednium profilgy\u00e1rt\u00f3 ipari, \u00e9p\u00edt\u00e9szeti \u00e9s kereskedelmi felhaszn\u00e1l\u00e1sra tervez \u00e9s gy\u00e1rt extrud\u00e1lt alum\u00ednium profilokat.<br \/>\n<\/p><br \/>\n<br \/>\n<p><b>2.Mi\u00e9rt v\u00e1lasszon egy professzion\u00e1lis alum\u00ednium profilgy\u00e1rt\u00f3t?<\/b><\/p>\n<p>Egy megb\u00edzhat\u00f3 gy\u00e1rt\u00f3 biztos\u00edtja a kiv\u00e1l\u00f3 min\u0151s\u00e9g\u0171 gy\u00e1rt\u00e1st, a prec\u00edzi\u00f3s m\u00e9rn\u00f6ki munk\u00e1t \u00e9s a k\u00f6vetkezetes ell\u00e1t\u00e1st az \u00d6n projektjeihez.<br \/>\n<\/p><br \/>\n<br \/>\n<p><b>3.Can egy alum\u00ednium profilgy\u00e1rt\u00f3 egyedi profilokat biztos\u00edtani?<\/b><\/p>\n<p>Igen, a legt\u00f6bb gy\u00e1rt\u00f3 OEM\/ODM szolg\u00e1ltat\u00e1sokat k\u00edn\u00e1l, hogy egyedi form\u00e1kat, m\u00e9reteket \u00e9s kiviteleket k\u00e9sz\u00edtsen az \u00d6n specifik\u00e1ci\u00f3i szerint.<br \/>\n<\/p><br \/>\n<br \/>\n<p><b>4.Milyen ipar\u00e1gak haszn\u00e1lj\u00e1k a gy\u00e1rt\u00f3k alum\u00ednium profiljait?<\/b><\/p>\n<p>Az olyan ipar\u00e1gak, mint az \u00e9p\u00edt\u0151ipar, az aut\u00f3ipar, az elektronika, a b\u00fatorgy\u00e1rt\u00e1s \u00e9s a napenergia, \u00e1ltal\u00e1ban alum\u00ednium profilokat haszn\u00e1lnak.<br \/>\n<\/p><br \/>\n<br \/>\n<p><b>5.Az alum\u00ednium profilok k\u00f6rnyezetbar\u00e1t anyagokb\u00f3l k\u00e9sz\u00fclnek?<\/b><\/p>\n<p>Igen, az alum\u00ednium 100% \u00fajrahasznos\u00edthat\u00f3, \u00e9s a j\u00f3 h\u00edr\u0171 gy\u00e1rt\u00f3k fenntarthat\u00f3 termel\u00e9si gyakorlatot alkalmaznak.<br \/>\n<\/p><br \/>\n<br \/>\n<p><b>6.Milyen fel\u00fcletkezel\u00e9st k\u00edn\u00e1lhat a gy\u00e1rt\u00f3?<\/b><\/p>\n<p>A k\u00fcl\u00f6nb\u00f6z\u0151 funkcion\u00e1lis \u00e9s eszt\u00e9tikai ig\u00e9nyekhez a leggyakoribb lehet\u0151s\u00e9gek k\u00f6z\u00e9 tartozik az elox\u00e1l\u00e1s, a porfest\u00e9s, a faanyagbevonat, az ecsetel\u00e9s \u00e9s a pol\u00edroz\u00e1s.<br \/>\n<\/p><br \/>\n<br \/>\n<p><b>7.Hogyan biztos\u00edthatom az alum\u00ednium profilok min\u0151s\u00e9g\u00e9t?<\/b><\/p>\n<p>V\u00e1lasszon ISO tan\u00fas\u00edtv\u00e1nnyal, h\u00e1zon bel\u00fcli min\u0151s\u00e9gellen\u0151rz\u00e9ssel \u00e9s anyagk\u00f6vet\u00e9si rendszerrel rendelkez\u0151 gy\u00e1rt\u00f3kat.<br \/>\n<\/p><br \/>\n<br \/>\n<p><b>8.T\u00e1mogatja a gy\u00e1rt\u00f3 a nagy- vagy nagykereskedelmi megrendel\u00e9seket?<\/b><\/p>\n<p>Igen, az alum\u00edniumprofil-gy\u00e1rt\u00f3k \u00e1ltal\u00e1ban versenyk\u00e9pes \u00e1rakat \u00e9s rugalmas felt\u00e9teleket k\u00edn\u00e1lnak a nagy volumen\u0171 megrendel\u00e9sekhez.<br \/>\n<\/p><br \/><\/p>","protected":false},"featured_media":7516,"template":"","categories":[67],"class_list":["post-7517","product","type-product","status-publish","has-post-thumbnail","hentry","category-architectural-aluminium-profile"],"meta_box":{"hilight_text_group":{"product_hilight_text":"<li>Experienced aluminum profile manufacturer with advanced production equipment<\/li>\r\r\n<li>Offers custom extrusion solutions for various industrial applications<\/li>\r\r\n<li>High precision manufacturing ensures consistent product quality<\/li>\r\r\n<li>Wide range of profile shapes, sizes, and surface finishes available<\/li>\r\r\n<li>Strict quality control system for reliable and durable profiles<\/li>\r\r\n<li>Fast lead times and flexible OEM\/ODM services<\/li>\r\r\n<li>Eco-friendly production using recyclable aluminum materials<\/li>","product_chanpin_blog":"<ul>\r\r\n<li><a href=\"https:\/\/sinoextrud.com\/t-slot-v-slot-differences\/\" target=\"_blank\">t slot vs v slot<\/a><\/li>\r\r\n<li><a href=\"https:\/\/sinoextrud.com\/what-is-4040-aluminium-extrud\/\" target=\"_blank\">4040 aluminium extrusion<\/a><\/li>\r\r\n<li><a href=\"https:\/\/sinoextrud.com\/what-is-4040-aluminium-extrud\/\" target=\"_blank\">aluminum extrusions for industrial racks<\/a><\/li>\r\r\n<li><a href=\"https:\/\/sinoextrud.com\/powder-coating-aluminium-process\/\" target=\"_blank\">powder coating aluminium<\/a><\/li>\r\r\n<li><a href=\"https:\/\/sinoextrud.com\/what-is-an-aluminium-strip-ceiling\/\" target=\"_blank\">aluminium strip ceiling<\/a><\/li>\r\r\n<li><a href=\"https:\/\/sinoextrud.com\/what-is-a-heat-sink\/\" target=\"_blank\">what is a heat sink<\/a><\/li>\r\r\n<\/ul>","product_chanpin_chanpin":"<li><a href=\"https:\/\/sinoextrud.com\/product\/aluminium-u-channels\/\" target=\"_blank\">Aluminium U Channels<\/a><\/li>\r\n<li><a href=\"https:\/\/sinoextrud.com\/product\/aluminium-extruded-sections\/\" target=\"_blank\">Aluminium Extruded Sections<\/a><\/li>\r\n<li><a href=\"https:\/\/sinoextrud.com\/product\/wholesale-electrophoresis-aluminium-profile-price\/\" target=\"_blank\">Wholesale Electrophoresis Aluminium Profile Price<\/a><\/li>\r\n<li><a href=\"https:\/\/sinoextrud.com\/product\/aluminium-sections-for-sliding-doors\/\" target=\"_blank\">Aluminium Sections For Sliding Doors<\/a><\/li>\r\n<li><a href=\"https:\/\/sinoextrud.com\/product\/aluminum-profile-manufacturer\/\" target=\"_blank\">Aluminum Profile Manufacturer<\/a><\/li>\r\n<li><a href=\"https:\/\/sinoextrud.com\/product\/aluminium-fence\/\" target=\"_blank\">Aluminium Fence<\/a><\/li>\r\n<li><a href=\"https:\/\/sinoextrud.com\/product\/aluminium-flat-bar\/\" target=\"_blank\">Aluminium Flat Bar<\/a><\/li>\r\n<li><a href=\"https:\/\/sinoextrud.com\/product\/anodizing-aluminium-extrusion-profiles-for-windows-and-door\/\" target=\"_blank\">Anodizing Aluminium Extrusion Profiles for Windows and Door<\/a><\/li>\r\n<li><a href=\"https:\/\/sinoextrud.com\/product\/aluminium-louver-extrusions\/\" target=\"_blank\">Aluminium Louver Extrusions<\/a><\/li>\r\n<li><a href=\"https:\/\/sinoextrud.com\/product\/aluminum-window-frame\/\" target=\"_blank\">Aluminum Window Frame<\/a><\/li>\r\n<li><a href=\"https:\/\/sinoextrud.com\/product\/aluminum-skirting-profile\/\" target=\"_blank\">Aluminum Skirting Profile<\/a><\/li>"},"feature_list":[]},"_links":{"self":[{"href":"https:\/\/sinoextrud.com\/hu\/wp-json\/wp\/v2\/product\/7517","targetHints":{"allow":["GET"]}}],"collection":[{"href":"https:\/\/sinoextrud.com\/hu\/wp-json\/wp\/v2\/product"}],"about":[{"href":"https:\/\/sinoextrud.com\/hu\/wp-json\/wp\/v2\/types\/product"}],"wp:featuredmedia":[{"embeddable":true,"href":"https:\/\/sinoextrud.com\/hu\/wp-json\/wp\/v2\/media\/7516"}],"wp:attachment":[{"href":"https:\/\/sinoextrud.com\/hu\/wp-json\/wp\/v2\/media?parent=7517"}],"wp:term":[{"taxonomy":"category","embeddable":true,"href":"https:\/\/sinoextrud.com\/hu\/wp-json\/wp\/v2\/categories?post=7517"}],"curies":[{"name":"wp","href":"https:\/\/api.w.org\/{rel}","templated":true}]}}