{"id":7515,"date":"2025-06-07T09:51:47","date_gmt":"2025-06-07T09:51:47","guid":{"rendered":"https:\/\/sinoextrud.com\/product\/aluminium-sections-for-sliding-doors\/"},"modified":"2025-06-24T06:13:01","modified_gmt":"2025-06-24T06:13:01","slug":"aluminium-szelvenyek-toloajtokhoz","status":"publish","type":"product","link":"https:\/\/sinoextrud.com\/hu\/product\/aluminium-sections-for-sliding-doors\/","title":{"rendered":"Alum\u00ednium szelv\u00e9nyek tol\u00f3ajt\u00f3khoz"},"content":{"rendered":"<h2>Term\u00e9kek r\u00e9szletei<\/h2>\n<table class=\"custom-table\">\n<tbody>\n<tr>\n<td> Modell NO.:<\/td>\n<td>Alum\u00ednium szelv\u00e9nyek tol\u00f3ajt\u00f3khoz<\/td>\n<\/tr>\n<tr>\n<td> Alkalmaz\u00e1s:<\/td>\n<td> Tol\u00f3ajt\u00f3<\/td>\n<\/tr>\n<tr>\n<td> Oszt\u00e1ly:<\/td>\n<td> 6000-es sorozat<\/td>\n<\/tr>\n<tr>\n<td> Technika:<\/td>\n<td> Extrud\u00e1lt alum\u00ednium profilok \u00e9s tartoz\u00e9kok<\/td>\n<\/tr>\n<tr>\n<td> Lelkiismeretesen:<\/td>\n<td> 6063, T3 - T8<\/td>\n<\/tr>\n<tr>\n<td> M\u00e9retek:<\/td>\n<td> Ez lehet egy\u00e9ni, mint felt\u00e9ve Design<\/td>\n<\/tr>\n<tr>\n<td> V\u00e9djegy:<\/td>\n<td> Sinoextrud<\/td>\n<\/tr>\n<tr>\n<td> Eredet:<\/td>\n<td> Guangdong<\/td>\n<\/tr>\n<tr>\n<td> T\u00edpus:<\/td>\n<td> Kapuajt\u00f3, konyhaajt\u00f3, erk\u00e9lyajt\u00f3, stb.<\/td>\n<\/tr>\n<tr>\n<td> Alak:<\/td>\n<td> Ugyanaz a rajz.<\/td>\n<\/tr>\n<tr>\n<td> Fel\u00fcletkezel\u00e9s:<\/td>\n<td> sz\u00e1lcsiszolt elox\u00e1lt.<\/td>\n<\/tr>\n<tr>\n<td> \u00f6tv\u00f6zet:<\/td>\n<td> \u00d6tv\u00f6zet<\/td>\n<\/tr>\n<tr>\n<td> Tan\u00fas\u00edt\u00e1s:<\/td>\n<td> ISO, RoHS<\/td>\n<\/tr>\n<tr>\n<td> Hossz\u00fas\u00e1g:<\/td>\n<td> 1-9 m<\/td>\n<\/tr>\n<tr>\n<td> Sz\u00ednek:<\/td>\n<td> ez\u00fcst, arany, pezsg\u0151, fekete, stb.<\/td>\n<\/tr>\n<tr>\n<td> Specifik\u00e1ci\u00f3:<\/td>\n<td> SGS, Rohs, ISO<\/td>\n<\/tr>\n<tr>\n<td> HS-k\u00f3d:<\/td>\n<td> 76042990<\/td>\n<\/tr>\n<\/tbody>\n<\/table>\n<h2>Gy\u00e1rt\u00f3 b\u00e1zisunk<\/h2>\n<h3>Gy\u00e1ri panor\u00e1ma<\/h3>\n<p><img decoding=\"async\" src=\"\/wp-content\/uploads\/factory-01.webp\"\/><\/p>\n<h3>Alum\u00ednium r\u00fadgy\u00e1rt\u00f3 m\u0171hely<\/h3>\n<p><img decoding=\"async\" src=\"\/wp-content\/uploads\/factory-02.webp\"\/><\/p>\n<\/p>\n<p><img decoding=\"async\" src=\"\/wp-content\/uploads\/factory-03.webp\"\/><\/p>\n<h3>Pen\u00e9sz rakt\u00e1r<\/h3>\n<p><img decoding=\"async\" src=\"\/wp-content\/uploads\/factory-04.webp\"\/><\/p>\n<h3>43 alum\u00ednium extrud\u00e1l\u00f3 vonal (500-5500 tonna)<\/h3>\n<p><img decoding=\"async\" src=\"\/wp-content\/uploads\/factory-05.webp\"\/><\/p>\n<p><img decoding=\"async\" src=\"\/wp-content\/uploads\/factory-06.webp\"\/><\/p>\n<p><img decoding=\"async\" src=\"\/wp-content\/uploads\/factory-07.webp\"\/><\/p>\n<h3>Porfest\u0151 m\u0171hely<\/h3>\n<p><img decoding=\"async\" src=\"\/wp-content\/uploads\/factory-09.webp\"\/><\/p>\n<h3>Anodiz\u00e1l\u00f3 m\u0171hely<\/h3>\n<p><img decoding=\"async\" src=\"\/wp-content\/uploads\/factory-10.webp\"\/><\/p>\n<h3>M\u00e9ly feldolgoz\u00e1si m\u0171hely<\/h3>\n<p><img decoding=\"async\" src=\"\/wp-content\/uploads\/factory-11.webp\"\/><\/p>\n<h3>CNC prec\u00edzi\u00f3s megmunk\u00e1l\u00f3 m\u0171hely<\/h3>\n<p><img decoding=\"async\" src=\"\/wp-content\/uploads\/factory-11.5.webp\"\/><\/p>\n<h3>K\u00e9szterm\u00e9k \u00e9s export rakt\u00e1r<\/h3>\n<p><img decoding=\"async\" src=\"\/wp-content\/uploads\/factory-12.webp\"\/><\/p>\n<p><img decoding=\"async\" src=\"\/wp-content\/uploads\/factory-13.webp\"\/><\/p>\n<p><img decoding=\"async\" src=\"\/wp-content\/uploads\/factory-14.webp\"\/><\/p>\n<h2>GYIK<\/h2>\n<p><b>1.Mik azok az alum\u00ednium profilok tol\u00f3ajt\u00f3khoz?<\/b><\/p>\n<p>A tol\u00f3ajt\u00f3k alum\u00edniumprofiljai speci\u00e1lisan tervezett extrud\u00e1lt term\u00e9kek, amelyek a tol\u00f3ajt\u00f3k keret- \u00e9s s\u00ednrendszereit alkotj\u00e1k.\n<\/p>\n<p><\/p>\n<p><b>2.Mi\u00e9rt haszn\u00e1ljunk alum\u00ednium profilokat tol\u00f3ajt\u00f3khoz?<\/b><\/p>\n<p>Az alum\u00ednium k\u00f6nny\u0171, tart\u00f3s \u00e9s korr\u00f3zi\u00f3\u00e1ll\u00f3, \u00edgy ide\u00e1lis a sima \u00e9s tart\u00f3s tol\u00f3ajt\u00f3khoz.\n<\/p>\n<p><\/p>\n<p><b>3.Lehet ezeket az alum\u00ednium profilokat testre szabni?<\/b><\/p>\n<p>Igen, k\u00fcl\u00f6nb\u00f6z\u0151 m\u00e9retekben, kivitelben \u00e9s kivitelben kaphat\u00f3k, hogy megfeleljenek az adott tol\u00f3ajt\u00f3kkal szemben t\u00e1masztott k\u00f6vetelm\u00e9nyeknek.\n<\/p>\n<p><\/p>\n<p><b>4.Alkalmasak-e az alum\u00ednium tol\u00f3ajt\u00f3k k\u00fclt\u00e9ri haszn\u00e1latra?<\/b><\/p>\n<p>Igen, korr\u00f3zi\u00f3\u00e1ll\u00f3 fel\u00fclet\u00fcknek k\u00f6sz\u00f6nhet\u0151en ide\u00e1lisak belt\u00e9ri \u00e9s k\u00fclt\u00e9ri alkalmaz\u00e1sokhoz egyar\u00e1nt.\n<\/p>\n<p><\/p>\n<p><b>5.T\u00e1mogatj\u00e1k-e az alum\u00edniumprofilok a sima cs\u00fasz\u00f3 mozg\u00e1st?<\/b><\/p>\n<p>A prec\u00edzi\u00f3s kialak\u00edt\u00e1s minim\u00e1lis s\u00farl\u00f3d\u00e1st \u00e9s az ajt\u00f3panelek k\u00f6nny\u0171 mozg\u00e1s\u00e1t biztos\u00edtja.\n<\/p>\n<p><\/p>\n<p><b>6.Milyen t\u00edpus\u00fa kivitelek \u00e1llnak rendelkez\u00e9sre?<\/b><\/p>\n<p>A k\u00fcl\u00f6nb\u00f6z\u0151 eszt\u00e9tikai preferenci\u00e1knak megfelel\u0151 elox\u00e1lt, porsz\u00f3rt, csiszolt \u00e9s pol\u00edrozott kivitelek.\n<\/p>\n<p><\/p>\n<p><b>7.K\u00f6nny\u0171 ezeket a szakaszokat felszerelni?<\/b><\/p>\n<p>Igen, k\u00f6nny\u0171 s\u00falyuk \u00e9s prec\u00edz kialak\u00edt\u00e1suk miatt gyorsan \u00e9s egyszer\u0171en felszerelhet\u0151ek a szok\u00e1sos szersz\u00e1mokkal.\n<\/p>\n<p><\/p>\n<p><b>8.Az alum\u00ednium k\u00f6rnyezetbar\u00e1t anyag a tol\u00f3ajt\u00f3rendszerek eset\u00e9ben?<\/b><\/p>\n<p>Igen, az alum\u00ednium 100% \u00fajrahasznos\u00edthat\u00f3, \u00e9s t\u00e1mogatja a fenntarthat\u00f3 \u00e9p\u00edt\u00e9si gyakorlatokat.\n<\/p>\n<p><\/p>","protected":false},"featured_media":7514,"template":"","categories":[67],"class_list":["post-7515","product","type-product","status-publish","has-post-thumbnail","hentry","category-architectural-aluminium-profile"],"meta_box":{"hilight_text_group":{"product_hilight_text":"<li>High-strength aluminium ensures smooth and stable sliding door operation<\/li>\r\r\n<li>Corrosion-resistant surface ideal for long-term indoor and outdoor use<\/li>\r\r\n<li>Lightweight profile allows for easy assembly and installation<\/li>\r\r\n<li>Available in various shapes and finishes to suit modern door designs<\/li>\r\r\n<li>Customizable sections to fit different sliding door systems<\/li>\r\r\n<li>Low maintenance with long-lasting performance and appearance<\/li>\r\r\n<li>Enhances aesthetics while maintaining structural integrity<\/li>","product_chanpin_blog":"<ul>\r\r\n<li><a href=\"https:\/\/sinoextrud.com\/t-slot-v-slot-differences\/\" target=\"_blank\">t slot vs v slot<\/a><\/li>\r\r\n<li><a href=\"https:\/\/sinoextrud.com\/what-is-4040-aluminium-extrud\/\" target=\"_blank\">4040 aluminium extrusion<\/a><\/li>\r\r\n<li><a href=\"https:\/\/sinoextrud.com\/what-is-4040-aluminium-extrud\/\" target=\"_blank\">aluminum extrusions for industrial racks<\/a><\/li>\r\r\n<li><a href=\"https:\/\/sinoextrud.com\/powder-coating-aluminium-process\/\" target=\"_blank\">powder coating aluminium<\/a><\/li>\r\r\n<li><a href=\"https:\/\/sinoextrud.com\/what-is-an-aluminium-strip-ceiling\/\" target=\"_blank\">aluminium strip ceiling<\/a><\/li>\r\r\n<li><a href=\"https:\/\/sinoextrud.com\/what-is-a-heat-sink\/\" target=\"_blank\">what is a heat sink<\/a><\/li>\r\r\n<\/ul>","product_chanpin_chanpin":"<li><a href=\"https:\/\/sinoextrud.com\/product\/aluminium-structural-framing\/\" target=\"_blank\">Aluminium Structural Framing<\/a><\/li>\r\n<li><a href=\"https:\/\/sinoextrud.com\/product\/aluminium-u-channels\/\" target=\"_blank\">Aluminium U Channels<\/a><\/li>\r\n<li><a href=\"https:\/\/sinoextrud.com\/product\/aluminium-extruded-sections\/\" target=\"_blank\">Aluminium Extruded Sections<\/a><\/li>\r\n<li><a href=\"https:\/\/sinoextrud.com\/product\/wholesale-electrophoresis-aluminium-profile-price\/\" target=\"_blank\">Wholesale Electrophoresis Aluminium Profile Price<\/a><\/li>\r\n<li><a href=\"https:\/\/sinoextrud.com\/product\/aluminium-sections-for-sliding-doors\/\" target=\"_blank\">Aluminium Sections For Sliding Doors<\/a><\/li>\r\n<li><a href=\"https:\/\/sinoextrud.com\/product\/aluminum-profile-manufacturer\/\" target=\"_blank\">Aluminum Profile Manufacturer<\/a><\/li>\r\n<li><a href=\"https:\/\/sinoextrud.com\/product\/aluminium-fence\/\" target=\"_blank\">Aluminium Fence<\/a><\/li>\r\n<li><a href=\"https:\/\/sinoextrud.com\/product\/aluminium-flat-bar\/\" target=\"_blank\">Aluminium Flat Bar<\/a><\/li>\r\n<li><a href=\"https:\/\/sinoextrud.com\/product\/anodizing-aluminium-extrusion-profiles-for-windows-and-door\/\" target=\"_blank\">Anodizing Aluminium Extrusion Profiles for Windows and Door<\/a><\/li>\r\n<li><a href=\"https:\/\/sinoextrud.com\/product\/natural-wood-grain-aluminium-square-tube\/\" target=\"_blank\">Natural Wood Grain Aluminium Square Tube<\/a><\/li>\r\n<li><a href=\"https:\/\/sinoextrud.com\/product\/aluminium-fence-slats-aluminum-strips-aluminium-bean-and-aluminium-channel\/\" target=\"_blank\">Aluminium Fence Slats Aluminum Strips Aluminium Bean and Aluminium Channel<\/a><\/li>"},"feature_list":[]},"_links":{"self":[{"href":"https:\/\/sinoextrud.com\/hu\/wp-json\/wp\/v2\/product\/7515","targetHints":{"allow":["GET"]}}],"collection":[{"href":"https:\/\/sinoextrud.com\/hu\/wp-json\/wp\/v2\/product"}],"about":[{"href":"https:\/\/sinoextrud.com\/hu\/wp-json\/wp\/v2\/types\/product"}],"wp:featuredmedia":[{"embeddable":true,"href":"https:\/\/sinoextrud.com\/hu\/wp-json\/wp\/v2\/media\/7514"}],"wp:attachment":[{"href":"https:\/\/sinoextrud.com\/hu\/wp-json\/wp\/v2\/media?parent=7515"}],"wp:term":[{"taxonomy":"category","embeddable":true,"href":"https:\/\/sinoextrud.com\/hu\/wp-json\/wp\/v2\/categories?post=7515"}],"curies":[{"name":"wp","href":"https:\/\/api.w.org\/{rel}","templated":true}]}}