{"id":7512,"date":"2025-06-07T09:48:46","date_gmt":"2025-06-07T09:48:46","guid":{"rendered":"https:\/\/sinoextrud.com\/product\/wholesale-electrophoresis-aluminium-profile-price\/"},"modified":"2025-06-24T06:13:01","modified_gmt":"2025-06-24T06:13:01","slug":"nagykereskedelmi-elektroforezis-aluminium-profil-ara","status":"publish","type":"product","link":"https:\/\/sinoextrud.com\/hu\/product\/wholesale-electrophoresis-aluminium-profile-price\/","title":{"rendered":"Nagykereskedelmi elektrofor\u00e9zis alum\u00ednium profil \u00e1ra"},"content":{"rendered":"<h2>Term\u00e9kek r\u00e9szletei<\/h2>\n<table class=\"custom-table\">\n<tbody>\n<tr>\n<td> 1<\/td>\n<td> M\u00e1rkan\u00e9v<\/td>\n<td> Sinoextrud (Sinoextrud) nagykereskedelmi elektrofor\u00e9zis alum\u00ednium profil \u00e1ra<\/td>\n<\/tr>\n<tr>\n<td> 2<\/td>\n<td> Anyag<\/td>\n<td> 6063 T5 \u00f6tv\u00f6zet<\/td>\n<\/tr>\n<tr>\n<td> 3<\/td>\n<td> Alkalmaz\u00e1s<\/td>\n<td> Elektrofor\u00e9zis alum\u00ednium profil dekor\u00e1ci\u00f3hoz<\/td>\n<\/tr>\n<tr>\n<td> 4<\/td>\n<td> Tan\u00fas\u00edtv\u00e1ny<\/td>\n<td> ISO9001, ISO14001<\/td>\n<\/tr>\n<tr>\n<td> 5<\/td>\n<td> K\u00e9pess\u00e9g<\/td>\n<td> \u00c9ves termel\u00e9s t\u00f6bb mint 200 000 tonna<\/td>\n<\/tr>\n<tr>\n<td> 6<\/td>\n<td> Sz\u00ednes<\/td>\n<td> Testreszabott el\u00e9rhet\u0151<\/td>\n<\/tr>\n<tr>\n<td> 7<\/td>\n<td> Hossz\u00fas\u00e1g<\/td>\n<td> 1-9 m\u00e9ter vagy testreszabott<\/td>\n<\/tr>\n<tr>\n<td> 8<\/td>\n<td> Vastags\u00e1g<\/td>\n<td> Testreszabott<\/td>\n<\/tr>\n<tr>\n<td> 9<\/td>\n<td> Fel\u00fcletkezel\u00e9s<\/td>\n<td> malom kivitel, elox\u00e1l\u00e1s, porsz\u00f3r\u00e1s, fa szemcs\u00e9s \u00e1tvitel, bevonat stb.<\/td>\n<\/tr>\n<tr>\n<td> 10<\/td>\n<td> Alkalmaz\u00e1s<\/td>\n<td> ablak- \u00e9s ajt\u00f3szakasz, korl\u00e1t, f\u00fcgg\u00f6nyfal<\/td>\n<\/tr>\n<tr>\n<td> 11<\/td>\n<td> Rakod\u00f3 kik\u00f6t\u0151<\/td>\n<td> Shenzhen, Guangzhou, Foshan kik\u00f6t\u0151<\/td>\n<\/tr>\n<tr>\n<td> 12<\/td>\n<td> Fizet\u00e9s<\/td>\n<td> T \/ T, 30% el\u0151leg, m\u00edg az egyenleget a sz\u00e1ll\u00edt\u00e1s el\u0151tt kell kifizetni<\/td>\n<\/tr>\n<\/tbody>\n<\/table>\n<h2>Gy\u00e1rt\u00f3 b\u00e1zisunk<\/h2>\n<h3>Gy\u00e1ri panor\u00e1ma<\/h3>\n<p><img decoding=\"async\" src=\"\/wp-content\/uploads\/factory-01.webp\"\/><\/p>\n<h3>Alum\u00ednium r\u00fadgy\u00e1rt\u00f3 m\u0171hely<\/h3>\n<p><img decoding=\"async\" src=\"\/wp-content\/uploads\/factory-02.webp\"\/><\/p>\n<\/p>\n<p><img decoding=\"async\" src=\"\/wp-content\/uploads\/factory-03.webp\"\/><\/p>\n<h3>Pen\u00e9sz rakt\u00e1r<\/h3>\n<p><img decoding=\"async\" src=\"\/wp-content\/uploads\/factory-04.webp\"\/><\/p>\n<h3>43 alum\u00ednium extrud\u00e1l\u00f3 vonal (500-5500 tonna)<\/h3>\n<p><img decoding=\"async\" src=\"\/wp-content\/uploads\/factory-05.webp\"\/><\/p>\n<p><img decoding=\"async\" src=\"\/wp-content\/uploads\/factory-06.webp\"\/><\/p>\n<p><img decoding=\"async\" src=\"\/wp-content\/uploads\/factory-07.webp\"\/><\/p>\n<h3>Porfest\u0151 m\u0171hely<\/h3>\n<p><img decoding=\"async\" src=\"\/wp-content\/uploads\/factory-09.webp\"\/><\/p>\n<h3>Anodiz\u00e1l\u00f3 m\u0171hely<\/h3>\n<p><img decoding=\"async\" src=\"\/wp-content\/uploads\/factory-10.webp\"\/><\/p>\n<h3>M\u00e9ly feldolgoz\u00e1si m\u0171hely<\/h3>\n<p><img decoding=\"async\" src=\"\/wp-content\/uploads\/factory-11.webp\"\/><\/p>\n<h3>CNC prec\u00edzi\u00f3s megmunk\u00e1l\u00f3 m\u0171hely<\/h3>\n<p><img decoding=\"async\" src=\"\/wp-content\/uploads\/factory-11.5.webp\"\/><\/p>\n<h3>K\u00e9szterm\u00e9k \u00e9s export rakt\u00e1r<\/h3>\n<p><img decoding=\"async\" src=\"\/wp-content\/uploads\/factory-12.webp\"\/><\/p>\n<p><img decoding=\"async\" src=\"\/wp-content\/uploads\/factory-13.webp\"\/><\/p>\n<p><img decoding=\"async\" src=\"\/wp-content\/uploads\/factory-14.webp\"\/><\/p>\n<h2>GYIK<\/h2>\n<p><b>1.Mi a nagykereskedelmi elektrofor\u00e9zis alum\u00ednium profil \u00e1ra?<\/b><\/p>\n<p>Az elektrofor\u00e9zis bevonattal kezelt alum\u00edniumprofilok t\u00f6meges \u00e1raz\u00e1s\u00e1ra utal, amely mind a tart\u00f3ss\u00e1got, mind a l\u00e1tv\u00e1nyt versenyk\u00e9pes \u00e1ron k\u00edn\u00e1lja.\n<\/p>\n<p><\/p>\n<p><b>2.Mik az elektrofor\u00e9zis alum\u00ednium profilok el\u0151nyei?<\/b><\/p>\n<p>Az elektrofor\u00e9zis profilok sima, egyenletes fel\u00fclet\u0171ek, kiv\u00e1l\u00f3 korr\u00f3zi\u00f3\u00e1ll\u00f3s\u00e1ggal rendelkeznek, ide\u00e1lisak \u00e9p\u00edt\u00e9szeti \u00e9s dekorat\u00edv alkalmaz\u00e1sokhoz.\n<\/p>\n<p><\/p>\n<p><b>3.Mi\u00e9rt v\u00e1lassza az elektrofor\u00e9zist az elox\u00e1l\u00e1ssal vagy porbevonattal szemben?<\/b><\/p>\n<p>Az elektrofor\u00e9zis a hagyom\u00e1nyos fel\u00fcletkezel\u00e9sekhez k\u00e9pest jobb filmegyenletess\u00e9get, nagyobb id\u0151j\u00e1r\u00e1s\u00e1ll\u00f3s\u00e1got \u00e9s tart\u00f3s sz\u00edntart\u00e1st biztos\u00edt.\n<\/p>\n<p><\/p>\n<p><b>4.Nagyobb megrendel\u00e9sek eset\u00e9n el\u00e9rhet\u0151 a nagykereskedelmi \u00e1rk\u00e9pz\u00e9s?<\/b><\/p>\n<p>Igen, a t\u00f6meges megrendel\u00e9sekre kedvezm\u00e9nyes nagykereskedelmi \u00e1rakat alkalmazunk, ami k\u00f6lts\u00e9ghat\u00e9kony a nagy \u00e9p\u00edtkez\u00e9si vagy gy\u00e1rt\u00e1si projektek sz\u00e1m\u00e1ra.\n<\/p>\n<p><\/p>\n<p><b>5.Milyen alkalmaz\u00e1sok alkalmasak az elektrofor\u00e9zis alum\u00ednium profilok sz\u00e1m\u00e1ra?<\/b><\/p>\n<p>Megjelen\u00e9s\u00fck \u00e9s tart\u00f3ss\u00e1guk miatt ide\u00e1lisak ablakokhoz, ajt\u00f3khoz, f\u00fcgg\u00f6nyfalakhoz, v\u00e1laszfalakhoz \u00e9s magas sz\u00ednvonal\u00fa b\u00fatorv\u00e1zakhoz.\n<\/p>\n<p><\/p>\n<p><b>6.Can a befejez\u00e9s testre szabhat\u00f3?<\/b><\/p>\n<p>Igen, t\u00f6bbf\u00e9le sz\u00edn- \u00e9s f\u00e9nyez\u00e9si lehet\u0151s\u00e9g \u00e1ll rendelkez\u00e9sre a k\u00fcl\u00f6nb\u00f6z\u0151 \u00e9p\u00edt\u00e9szeti vagy tervez\u00e9si ig\u00e9nyeknek megfelel\u0151en.\n<\/p>\n<p><\/p>\n<p><b>7.K\u00f6rnyezetbar\u00e1tok-e az elektrofor\u00e9zissel bevont alum\u00edniumprofilok?<\/b><\/p>\n<p>Igen, a folyamat sor\u00e1n alacsony VOC tartalm\u00fa anyagokat haszn\u00e1lnak, \u00e9s az alum\u00ednium teljes m\u00e9rt\u00e9kben \u00fajrahasznos\u00edthat\u00f3, ami t\u00e1mogatja a fenntarthat\u00f3 gy\u00e1rt\u00e1st.\n<\/p>\n<p><\/p>\n<p><b>8.Stabil az \u00e1r a hossz\u00fa t\u00e1v\u00fa projektek eset\u00e9ben?<\/b><\/p>\n<p>A nagykereskedelmi \u00e1rk\u00e9pz\u00e9s jellemz\u0151en stabil \u00e9s t\u00e1rgyalhat\u00f3 a folyamatos vagy ism\u00e9tl\u0151d\u0151 megrendel\u00e9sek eset\u00e9ben, \u00edgy biztos\u00edtva a hossz\u00fa t\u00e1v\u00fa projektek k\u00f6lts\u00e9gkontrollj\u00e1t.\n<\/p>\n<p><\/p>","protected":false},"featured_media":7511,"template":"","categories":[67],"class_list":["post-7512","product","type-product","status-publish","has-post-thumbnail","hentry","category-architectural-aluminium-profile"],"meta_box":{"hilight_text_group":{"product_hilight_text":"<li>Electrophoresis coating offers superior corrosion resistance and smooth finish<\/li>\r\r\n<li>Cost-effective pricing available for wholesale and bulk orders<\/li>\r\r\n<li>Durable surface treatment ensures long-term color stability<\/li>\r\r\n<li>Ideal for windows, doors, curtain walls, and decorative frames<\/li>\r\r\n<li>Wide range of colors and finishes available for customization<\/li>\r\r\n<li>Environmentally friendly and energy-efficient coating process<\/li>\r\r\n<li>Consistent quality across batches for reliable large-scale use<\/li>","product_chanpin_blog":"<ul>\r\r\n<li><a href=\"https:\/\/sinoextrud.com\/t-slot-v-slot-differences\/\" target=\"_blank\">t slot vs v slot<\/a><\/li>\r\r\n<li><a href=\"https:\/\/sinoextrud.com\/what-is-4040-aluminium-extrud\/\" target=\"_blank\">4040 aluminium extrusion<\/a><\/li>\r\r\n<li><a href=\"https:\/\/sinoextrud.com\/what-is-4040-aluminium-extrud\/\" target=\"_blank\">aluminum extrusions for industrial racks<\/a><\/li>\r\r\n<li><a href=\"https:\/\/sinoextrud.com\/powder-coating-aluminium-process\/\" target=\"_blank\">powder coating aluminium<\/a><\/li>\r\r\n<li><a href=\"https:\/\/sinoextrud.com\/what-is-an-aluminium-strip-ceiling\/\" target=\"_blank\">aluminium strip ceiling<\/a><\/li>\r\r\n<li><a href=\"https:\/\/sinoextrud.com\/what-is-a-heat-sink\/\" target=\"_blank\">what is a heat sink<\/a><\/li>\r\r\n<\/ul>","product_chanpin_chanpin":"<li><a href=\"https:\/\/sinoextrud.com\/product\/standard-aluminium-extrusions\/\" target=\"_blank\">Standard Aluminium Extrusions<\/a><\/li>\r\n<li><a href=\"https:\/\/sinoextrud.com\/product\/aluminium-structural-framing\/\" target=\"_blank\">Aluminium Structural Framing<\/a><\/li>\r\n<li><a href=\"https:\/\/sinoextrud.com\/product\/aluminium-u-channels\/\" target=\"_blank\">Aluminium U Channels<\/a><\/li>\r\n<li><a href=\"https:\/\/sinoextrud.com\/product\/aluminium-extruded-sections\/\" target=\"_blank\">Aluminium Extruded Sections<\/a><\/li>\r\n<li><a href=\"https:\/\/sinoextrud.com\/product\/wholesale-electrophoresis-aluminium-profile-price\/\" target=\"_blank\">Wholesale Electrophoresis Aluminium Profile Price<\/a><\/li>\r\n<li><a href=\"https:\/\/sinoextrud.com\/product\/aluminium-sections-for-sliding-doors\/\" target=\"_blank\">Aluminium Sections For Sliding Doors<\/a><\/li>\r\n<li><a href=\"https:\/\/sinoextrud.com\/product\/aluminum-profile-manufacturer\/\" target=\"_blank\">Aluminum Profile Manufacturer<\/a><\/li>\r\n<li><a href=\"https:\/\/sinoextrud.com\/product\/aluminium-fence\/\" target=\"_blank\">Aluminium Fence<\/a><\/li>\r\n<li><a href=\"https:\/\/sinoextrud.com\/product\/aluminium-flat-bar\/\" target=\"_blank\">Aluminium Flat Bar<\/a><\/li>\r\n<li><a href=\"https:\/\/sinoextrud.com\/product\/solar-frames-aluminum-extrusions\/\" target=\"_blank\">Solar Frames Aluminum Extrusions<\/a><\/li>\r\n<li><a href=\"https:\/\/sinoextrud.com\/product\/customized-industrial-aluminum-heat-sink\/\" target=\"_blank\">Customized Industrial Aluminum Heat Sink<\/a><\/li>"},"feature_list":[]},"_links":{"self":[{"href":"https:\/\/sinoextrud.com\/hu\/wp-json\/wp\/v2\/product\/7512","targetHints":{"allow":["GET"]}}],"collection":[{"href":"https:\/\/sinoextrud.com\/hu\/wp-json\/wp\/v2\/product"}],"about":[{"href":"https:\/\/sinoextrud.com\/hu\/wp-json\/wp\/v2\/types\/product"}],"wp:featuredmedia":[{"embeddable":true,"href":"https:\/\/sinoextrud.com\/hu\/wp-json\/wp\/v2\/media\/7511"}],"wp:attachment":[{"href":"https:\/\/sinoextrud.com\/hu\/wp-json\/wp\/v2\/media?parent=7512"}],"wp:term":[{"taxonomy":"category","embeddable":true,"href":"https:\/\/sinoextrud.com\/hu\/wp-json\/wp\/v2\/categories?post=7512"}],"curies":[{"name":"wp","href":"https:\/\/api.w.org\/{rel}","templated":true}]}}