{"id":7502,"date":"2025-06-07T09:27:30","date_gmt":"2025-06-07T09:27:30","guid":{"rendered":"https:\/\/sinoextrud.com\/product\/aluminum-frame\/"},"modified":"2025-06-24T06:13:00","modified_gmt":"2025-06-24T06:13:00","slug":"aluminium-keret","status":"publish","type":"product","link":"https:\/\/sinoextrud.com\/hu\/product\/aluminum-frame\/","title":{"rendered":"Alum\u00ednium keret"},"content":{"rendered":"<h2>Term\u00e9kek r\u00e9szletei<\/h2>\n<table class=\"custom-table\">\n<tbody>\n<tr>\n<td> Term\u00e9k neve<\/td>\n<td> alum\u00ednium keret<\/td>\n<\/tr>\n<tr>\n<td> Anyag<\/td>\n<td> 6000-es sorozat, mint a 6063-t5<\/td>\n<\/tr>\n<tr>\n<td> Vastags\u00e1g<\/td>\n<td> Profilok vastags\u00e1ga: 1,0 mm;<br \/>\nPorbevonat sz\u00ednvastags\u00e1g: 80 mikronos c\u00e9g<br \/>\nFaszemcs\u00e9s vastags\u00e1g: 80 - 120 mikron szil\u00e1rd<\/td>\n<\/tr>\n<tr>\n<td> Hossz\u00fas\u00e1g<\/td>\n<td> 1m -9m darabonk\u00e9nt.<\/td>\n<\/tr>\n<tr>\n<td> Shape<\/td>\n<td> alum\u00ednium keret L-profilok<\/td>\n<\/tr>\n<tr>\n<td> Fel\u00fcletkezel\u00e9s<\/td>\n<td> feh\u00e9r fa szemcs\u00e9s<\/td>\n<\/tr>\n<tr>\n<td> Sz\u00ednes<\/td>\n<td> feh\u00e9r fa szemcs\u00e9s<\/td>\n<\/tr>\n<tr>\n<td> Alkalmaz\u00e1s<\/td>\n<td> ablakok \u00e9s ajt\u00f3k, b\u00fatorok, konyha<\/td>\n<\/tr>\n<tr>\n<td> MOQ<\/td>\n<td> 200 kg minden egyes t\u00e9telre<\/td>\n<\/tr>\n<\/tbody>\n<\/table>\n<h2>Gy\u00e1rt\u00f3 b\u00e1zisunk<\/h2>\n<h3>Gy\u00e1ri panor\u00e1ma<\/h3>\n<p><img decoding=\"async\" src=\"\/wp-content\/uploads\/factory-01.webp\"\/><\/p>\n<h3>Alum\u00ednium r\u00fadgy\u00e1rt\u00f3 m\u0171hely<\/h3>\n<p><img decoding=\"async\" src=\"\/wp-content\/uploads\/factory-02.webp\"\/><\/p>\n<\/p>\n<p><img decoding=\"async\" src=\"\/wp-content\/uploads\/factory-03.webp\"\/><\/p>\n<h3>Pen\u00e9sz rakt\u00e1r<\/h3>\n<p><img decoding=\"async\" src=\"\/wp-content\/uploads\/factory-04.webp\"\/><\/p>\n<h3>43 alum\u00ednium extrud\u00e1l\u00f3 vonal (500-5500 tonna)<\/h3>\n<p><img decoding=\"async\" src=\"\/wp-content\/uploads\/factory-05.webp\"\/><\/p>\n<p><img decoding=\"async\" src=\"\/wp-content\/uploads\/factory-06.webp\"\/><\/p>\n<p><img decoding=\"async\" src=\"\/wp-content\/uploads\/factory-07.webp\"\/><\/p>\n<h3>Porfest\u0151 m\u0171hely<\/h3>\n<p><img decoding=\"async\" src=\"\/wp-content\/uploads\/factory-09.webp\"\/><\/p>\n<h3>Anodiz\u00e1l\u00f3 m\u0171hely<\/h3>\n<p><img decoding=\"async\" src=\"\/wp-content\/uploads\/factory-10.webp\"\/><\/p>\n<h3>M\u00e9ly feldolgoz\u00e1si m\u0171hely<\/h3>\n<p><img decoding=\"async\" src=\"\/wp-content\/uploads\/factory-11.webp\"\/><\/p>\n<h3>CNC prec\u00edzi\u00f3s megmunk\u00e1l\u00f3 m\u0171hely<\/h3>\n<p><img decoding=\"async\" src=\"\/wp-content\/uploads\/factory-11.5.webp\"\/><\/p>\n<h3>K\u00e9szterm\u00e9k \u00e9s export rakt\u00e1r<\/h3>\n<p><img decoding=\"async\" src=\"\/wp-content\/uploads\/factory-12.webp\"\/><\/p>\n<p><img decoding=\"async\" src=\"\/wp-content\/uploads\/factory-13.webp\"\/><\/p>\n<p><img decoding=\"async\" src=\"\/wp-content\/uploads\/factory-14.webp\"\/><\/p>\n<h2>GYIK<\/h2>\n<p><b>1.Mi az alum\u00ednium keret?<\/b><\/p>\n<p>Az alum\u00edniumkeret k\u00f6nny\u0171, korr\u00f3zi\u00f3\u00e1ll\u00f3 alum\u00edniumb\u00f3l k\u00e9sz\u00fclt szerkezeti megold\u00e1s, amely ide\u00e1lis ipari \u00e9s kereskedelmi felhaszn\u00e1l\u00e1sra.\n<\/p>\n<p><\/p>\n<p><b>2.Mi\u00e9rt v\u00e1lassza az alum\u00edniumkereteket az ipari projektekhez?<\/b><\/p>\n<p>Az alum\u00edniumkeretek nagy szil\u00e1rds\u00e1got, tart\u00f3ss\u00e1got \u00e9s k\u00f6nny\u0171 testreszabhat\u00f3s\u00e1got k\u00edn\u00e1lnak, \u00edgy t\u00f6k\u00e9letesek az ig\u00e9nyes ipari k\u00f6rnyezetekben.\n<\/p>\n<p><\/p>\n<p><b>3.Are alum\u00ednium keretek korr\u00f3zi\u00f3\u00e1ll\u00f3?<\/b><\/p>\n<p>Igen, az alum\u00edniumkeretek term\u00e9szetesen korr\u00f3zi\u00f3\u00e1ll\u00f3ak, \u00edgy ide\u00e1lisak mind belt\u00e9ri, mind k\u00fclt\u00e9ri haszn\u00e1latra.\n<\/p>\n<p><\/p>\n<p><b>4.Is egy alum\u00ednium keret k\u00f6nny\u0171?<\/b><\/p>\n<p>Igen, az alum\u00edniumkeretek l\u00e9nyegesen k\u00f6nnyebbek, mint az ac\u00e9l, ami k\u00f6nnyebb kezelhet\u0151s\u00e9get \u00e9s gyorsabb telep\u00edt\u00e9st tesz lehet\u0151v\u00e9.\n<\/p>\n<p><\/p>\n<p><b>5.Can alum\u00ednium keretek testre szabhat\u00f3?<\/b><\/p>\n<p>Term\u00e9szetesen az alum\u00edniumkeretek egyedi m\u00e9retekre \u00e9s konfigur\u00e1ci\u00f3kra szabhat\u00f3k, hogy megfeleljenek a k\u00fcl\u00f6nb\u00f6z\u0151 alkalmaz\u00e1soknak.\n<\/p>\n<p><\/p>\n<p><b>6.Mik az alum\u00edniumkeretek gyakori felhaszn\u00e1l\u00e1si ter\u00fcletei?<\/b><\/p>\n<p>Az alum\u00edniumkereteket gyakran haszn\u00e1lj\u00e1k g\u00e9ph\u00e1zakban, automatiz\u00e1l\u00e1si rendszerekben, munka\u00e1llom\u00e1sokban \u00e9s kijelz\u0151szerkezetekben.\n<\/p>\n<p><\/p>\n<p><b>7.Az alum\u00edniumkeretek t\u00e1mogatj\u00e1k a modul\u00e1ris \u00e9p\u00edt\u00e9st?<\/b><\/p>\n<p>Igen, az alum\u00edniumkeretek alkalmazkod\u00f3k\u00e9pess\u00e9g\u00fcknek \u00e9s k\u00f6nny\u0171 \u00f6sszeszerelhet\u0151s\u00e9g\u00fcknek k\u00f6sz\u00f6nhet\u0151en t\u00f6k\u00e9letesek a modul\u00e1ris \u00e9p\u00edt\u00e9shez.\n<\/p>\n<p><\/p>\n<p><b>8.Milyen el\u0151ny\u00f6kkel j\u00e1rnak az alum\u00edniumkeretek a tisztat\u00e9ri k\u00f6rnyezetekben?<\/b><\/p>\n<p>Az alum\u00edniumkeretek ide\u00e1lisak a tisztaterekbe korr\u00f3zi\u00f3mentes jelleg\u00fck, sima fel\u00fclet\u00fck \u00e9s k\u00f6nnyen tiszt\u00edthat\u00f3 kialak\u00edt\u00e1suk miatt.\n<\/p>\n<p><\/p>","protected":false},"featured_media":7501,"template":"","categories":[67],"class_list":["post-7502","product","type-product","status-publish","has-post-thumbnail","hentry","category-architectural-aluminium-profile"],"meta_box":{"hilight_text_group":{"product_hilight_text":"<li>Lightweight structure for easy transportation and installation<\/li>\r\r\n<li>Corrosion-resistant aluminum ensures long-term durability<\/li>\r\r\n<li>High precision and strength suitable for industrial applications<\/li>\r\r\n<li>Flexible design options for custom frame configurations<\/li>\r\r\n<li>Low maintenance and environmentally friendly material<\/li>\r\r\n<li>Excellent compatibility with various industrial components<\/li>\r\r\n<li>Ideal for cleanroom and automation system frameworks<\/li>","product_chanpin_blog":"<ul>\r\r\n<li><a href=\"https:\/\/sinoextrud.com\/t-slot-v-slot-differences\/\" target=\"_blank\">t slot vs v slot<\/a><\/li>\r\r\n<li><a href=\"https:\/\/sinoextrud.com\/what-is-4040-aluminium-extrud\/\" target=\"_blank\">4040 aluminium extrusion<\/a><\/li>\r\r\n<li><a href=\"https:\/\/sinoextrud.com\/what-is-4040-aluminium-extrud\/\" target=\"_blank\">aluminum extrusions for industrial racks<\/a><\/li>\r\r\n<li><a href=\"https:\/\/sinoextrud.com\/powder-coating-aluminium-process\/\" target=\"_blank\">powder coating aluminium<\/a><\/li>\r\r\n<li><a href=\"https:\/\/sinoextrud.com\/what-is-an-aluminium-strip-ceiling\/\" target=\"_blank\">aluminium strip ceiling<\/a><\/li>\r\r\n<li><a href=\"https:\/\/sinoextrud.com\/what-is-a-heat-sink\/\" target=\"_blank\">what is a heat sink<\/a><\/li>\r\r\n<\/ul>","product_chanpin_chanpin":"<li><a href=\"https:\/\/sinoextrud.com\/product\/6063-t5-oem-aluminum-profile-conner-angle-for-window-and-door-or-led-light-display-2\/\" target=\"_blank\">6063 T5  OEM  aluminum  profile  conner angle for window and door or led light display<\/a><\/li>\r\n<li><a href=\"https:\/\/sinoextrud.com\/product\/aluminum-beam-extrusion-curtain-wall-profile-hollow-bar-price-by-per-ton\/\" target=\"_blank\">aluminum beam Extrusion Curtain Wall Profile hollow bar price by per ton<\/a><\/li>\r\n<li><a href=\"https:\/\/sinoextrud.com\/product\/aluminium-railings\/\" target=\"_blank\">Aluminium Railings<\/a><\/li>\r\n<li><a href=\"https:\/\/sinoextrud.com\/product\/alloy-extrusion-profiles\/\" target=\"_blank\">Alloy Extrusion Profiles<\/a><\/li>\r\n<li><a href=\"https:\/\/sinoextrud.com\/product\/aluminum-frame\/\" target=\"_blank\">Aluminum Frame<\/a><\/li>\r\n<li><a href=\"https:\/\/sinoextrud.com\/product\/standard-aluminium-extrusions\/\" target=\"_blank\">Standard Aluminium Extrusions<\/a><\/li>\r\n<li><a href=\"https:\/\/sinoextrud.com\/product\/aluminium-structural-framing\/\" target=\"_blank\">Aluminium Structural Framing<\/a><\/li>\r\n<li><a href=\"https:\/\/sinoextrud.com\/product\/aluminium-u-channels\/\" target=\"_blank\">Aluminium U Channels<\/a><\/li>\r\n<li><a href=\"https:\/\/sinoextrud.com\/product\/aluminium-extruded-sections\/\" target=\"_blank\">Aluminium Extruded Sections<\/a><\/li>\r\n<li><a href=\"https:\/\/sinoextrud.com\/product\/aluminum-partitioning-windows-doors-nigeria-design\/\" target=\"_blank\">Aluminum Partitioning Windows Doors Nigeria Design<\/a><\/li>\r\n<li><a href=\"https:\/\/sinoextrud.com\/product\/aluminum-profiles-led-strip-lighting\/\" target=\"_blank\">Aluminum Profiles Led Strip Lighting<\/a><\/li>"},"feature_list":[]},"_links":{"self":[{"href":"https:\/\/sinoextrud.com\/hu\/wp-json\/wp\/v2\/product\/7502","targetHints":{"allow":["GET"]}}],"collection":[{"href":"https:\/\/sinoextrud.com\/hu\/wp-json\/wp\/v2\/product"}],"about":[{"href":"https:\/\/sinoextrud.com\/hu\/wp-json\/wp\/v2\/types\/product"}],"wp:featuredmedia":[{"embeddable":true,"href":"https:\/\/sinoextrud.com\/hu\/wp-json\/wp\/v2\/media\/7501"}],"wp:attachment":[{"href":"https:\/\/sinoextrud.com\/hu\/wp-json\/wp\/v2\/media?parent=7502"}],"wp:term":[{"taxonomy":"category","embeddable":true,"href":"https:\/\/sinoextrud.com\/hu\/wp-json\/wp\/v2\/categories?post=7502"}],"curies":[{"name":"wp","href":"https:\/\/api.w.org\/{rel}","templated":true}]}}