{"id":7500,"date":"2025-06-07T09:20:49","date_gmt":"2025-06-07T09:20:49","guid":{"rendered":"https:\/\/sinoextrud.com\/product\/alloy-extrusion-profiles\/"},"modified":"2025-06-24T06:12:59","modified_gmt":"2025-06-24T06:12:59","slug":"otvozott-extrudalt-profilok","status":"publish","type":"product","link":"https:\/\/sinoextrud.com\/hu\/product\/alloy-extrusion-profiles\/","title":{"rendered":"\u00d6tv\u00f6z\u00f6tt extrud\u00e1l\u00e1s profilok"},"content":{"rendered":"<h2>Term\u00e9kek r\u00e9szletei<\/h2>\n<table class=\"custom-table\">\n<tbody>\n<tr>\n<td> Term\u00e9k neve<\/td>\n<td> \u00d6tv\u00f6z\u00f6tt extrud\u00e1l\u00e1s profilok<\/td>\n<\/tr>\n<tr>\n<td> Anyag<\/td>\n<td> 6063,6061,6005,6082 stb.<\/td>\n<\/tr>\n<tr>\n<td> M\u00e9ret<\/td>\n<td> Az \u00fcgyf\u00e9l k\u00e9r\u00e9se szerint<\/td>\n<\/tr>\n<tr>\n<td> Tipikus alkalmaz\u00e1sok<\/td>\n<td> \u00c9p\u00edt\u00e9szet, ipar stb.<\/td>\n<\/tr>\n<tr>\n<td> M\u00e1rka<\/td>\n<td> Sinoextrud, Sinoextrud, vagy OEM v\u00e9djegy<\/td>\n<\/tr>\n<tr>\n<td> CNC folyamat<\/td>\n<td> CNC mar\u00e1s, f\u00far\u00e1s, lyukaszt\u00e1s, f\u00far\u00e1s, csapol\u00e1s, hajl\u00edt\u00e1s<\/td>\n<\/tr>\n<tr>\n<td> Fel\u00fcletkezel\u00e9s<\/td>\n<td> Malom k\u00e9sz, elox\u00e1lt, porsz\u00f3rt, fa szemcs\u00e9s stb.<\/td>\n<\/tr>\n<tr>\n<td> Tan\u00fas\u00edtv\u00e1nyok<\/td>\n<td> ISO9001, ISO4001, CQM, SGS, CE, BV stb.<\/td>\n<\/tr>\n<tr>\n<td> Sz\u00e1rmaz\u00e1si hely<\/td>\n<td> Guangdong,K\u00edna<\/td>\n<\/tr>\n<tr>\n<td> \u00c1tfut\u00e1si id\u0151<\/td>\n<td> 1.Mould-nyit\u00e1s \u00e9s a minta meger\u0151s\u00edt\u00e9se 12-15 nap. 2.Mass gy\u00e1rt\u00e1s 25-30 nap.<\/td>\n<\/tr>\n<tr>\n<td> Sz\u00e1ll\u00edt\u00e1si felt\u00e9telek<\/td>\n<td> EXW vagy FOB Foshan\/Guangzhou\/Shenzhen<\/td>\n<\/tr>\n<tr>\n<td> Fizet\u00e9si felt\u00e9telek<\/td>\n<td> Alipay, LC vagy TT 30% el\u0151leg, 70% egyenleg a sz\u00e1ll\u00edt\u00e1s el\u0151tt<\/td>\n<\/tr>\n<tr>\n<td> Csomagol\u00e1s<\/td>\n<td> 1.Inside : m\u0171anyag v\u00e9d\u0151f\u00f3li\u00e1val vagy polizs\u00e1kkal csomagolva. 2.Outside: v\u00edz\u00e1ll\u00f3 er\u0151pap\u00edrral csomagolva minden k\u00f6teghez. 3.Egy\u00e9b csomagol\u00e1si m\u00f3dszer meg\u00e1llapod\u00e1s szerint.<\/td>\n<\/tr>\n<\/tbody>\n<\/table>\n<h2>Gy\u00e1rt\u00f3 b\u00e1zisunk<\/h2>\n<h3>Gy\u00e1ri panor\u00e1ma<\/h3>\n<p><img decoding=\"async\" src=\"\/wp-content\/uploads\/factory-01.webp\"\/><\/p>\n<h3>Alum\u00ednium r\u00fadgy\u00e1rt\u00f3 m\u0171hely<\/h3>\n<p><img decoding=\"async\" src=\"\/wp-content\/uploads\/factory-02.webp\"\/><\/p>\n<\/p>\n<p><img decoding=\"async\" src=\"\/wp-content\/uploads\/factory-03.webp\"\/><\/p>\n<h3>Pen\u00e9sz rakt\u00e1r<\/h3>\n<p><img decoding=\"async\" src=\"\/wp-content\/uploads\/factory-04.webp\"\/><\/p>\n<h3>43 alum\u00ednium extrud\u00e1l\u00f3 vonal (500-5500 tonna)<\/h3>\n<p><img decoding=\"async\" src=\"\/wp-content\/uploads\/factory-05.webp\"\/><\/p>\n<p><img decoding=\"async\" src=\"\/wp-content\/uploads\/factory-06.webp\"\/><\/p>\n<p><img decoding=\"async\" src=\"\/wp-content\/uploads\/factory-07.webp\"\/><\/p>\n<h3>Porfest\u0151 m\u0171hely<\/h3>\n<p><img decoding=\"async\" src=\"\/wp-content\/uploads\/factory-09.webp\"\/><\/p>\n<h3>Anodiz\u00e1l\u00f3 m\u0171hely<\/h3>\n<p><img decoding=\"async\" src=\"\/wp-content\/uploads\/factory-10.webp\"\/><\/p>\n<h3>M\u00e9ly feldolgoz\u00e1si m\u0171hely<\/h3>\n<p><img decoding=\"async\" src=\"\/wp-content\/uploads\/factory-11.webp\"\/><\/p>\n<h3>CNC prec\u00edzi\u00f3s megmunk\u00e1l\u00f3 m\u0171hely<\/h3>\n<p><img decoding=\"async\" src=\"\/wp-content\/uploads\/factory-11.5.webp\"\/><\/p>\n<h3>K\u00e9szterm\u00e9k \u00e9s export rakt\u00e1r<\/h3>\n<p><img decoding=\"async\" src=\"\/wp-content\/uploads\/factory-12.webp\"\/><\/p>\n<p><img decoding=\"async\" src=\"\/wp-content\/uploads\/factory-13.webp\"\/><\/p>\n<p><img decoding=\"async\" src=\"\/wp-content\/uploads\/factory-14.webp\"\/><\/p>\n<h2>GYIK<\/h2>\n<p><b>1.Mi az \u00f6tv\u00f6z\u00f6tt extrud\u00e1l\u00e1s profilok?<\/b><\/p>\n<p>Az \u00f6tv\u00f6z\u00f6tt extrud\u00e1lt profilok olyan f\u00e9mprofilok, amelyeket alum\u00ednium vagy m\u00e1s \u00f6tv\u00f6zetek felhaszn\u00e1l\u00e1s\u00e1val extrud\u00e1l\u00e1si elj\u00e1r\u00e1ssal alak\u00edtanak ki szerkezeti vagy dekorat\u00edv c\u00e9lokra.\n<\/p>\n<p><\/p>\n<p><b>2.Mi\u00e9rt haszn\u00e1lja az \u00f6tv\u00f6z\u00f6tt extrud\u00e1lt profilokat a gy\u00e1rt\u00e1sban?<\/b><\/p>\n<p>Az \u00f6tv\u00f6z\u00f6tt extrud\u00e1lt profilok nagy szil\u00e1rds\u00e1got, k\u00f6nny\u0171 s\u00falyt \u00e9s kiv\u00e1l\u00f3 megmunk\u00e1lhat\u00f3s\u00e1got k\u00edn\u00e1lnak, ide\u00e1lisak k\u00fcl\u00f6nb\u00f6z\u0151 ipari alkalmaz\u00e1sokhoz.\n<\/p>\n<p><\/p>\n<p><b>3.Az \u00f6tv\u00f6z\u00f6tt extrud\u00e1lt profilok korr\u00f3zi\u00f3\u00e1ll\u00f3ak?<\/b><\/p>\n<p>Igen, a legt\u00f6bb \u00f6tv\u00f6z\u00f6tt profil - k\u00fcl\u00f6n\u00f6sen az alum\u00ednium - term\u00e9szetes m\u00f3don korr\u00f3zi\u00f3\u00e1ll\u00f3, \u00e9s elox\u00e1l\u00e1ssal vagy porsz\u00f3r\u00e1ssal kezelhet\u0151.\n<\/p>\n<p><\/p>\n<p><b>4.Testreszabhatom az \u00f6tv\u00f6z\u00f6tt extrud\u00e1l\u00e1sok alakj\u00e1t \u00e9s m\u00e9ret\u00e9t?<\/b><\/p>\n<p>Az \u00f6tv\u00f6z\u00f6tt extrud\u00e1lt profilok teljes m\u00e9rt\u00e9kben testre szabhat\u00f3k a keresztmetszet, a hossz, az \u00f6tv\u00f6zet \u00f6sszet\u00e9tele \u00e9s a fel\u00fcletkezel\u00e9s tekintet\u00e9ben.\n<\/p>\n<p><\/p>\n<p><b>5.Milyen ipar\u00e1gak haszn\u00e1lj\u00e1k \u00e1ltal\u00e1ban az \u00f6tv\u00f6z\u00f6tt extrud\u00e1lt profilokat?<\/b><\/p>\n<p>Sz\u00e9les k\u00f6rben haszn\u00e1lj\u00e1k az \u00e9p\u00edt\u0151iparban, a k\u00f6zleked\u00e9sben, a b\u00fatoriparban, az elektronik\u00e1ban \u00e9s a rep\u00fcl\u0151g\u00e9piparban szil\u00e1rds\u00e1guk \u00e9s alkalmazkod\u00f3k\u00e9pess\u00e9g\u00fck miatt.\n<\/p>\n<p><\/p>\n<p><b>6.Milyen fel\u00fcleti kivitelek \u00e1llnak rendelkez\u00e9sre?<\/b><\/p>\n<p>A gyakori fel\u00fcletkezel\u00e9sek k\u00f6z\u00e9 tartozik az elox\u00e1l\u00e1s, a porfest\u00e9s, az ecsetel\u00e9s, a homokf\u00fav\u00e1s \u00e9s a k\u00e9miai pol\u00edroz\u00e1s, az alkalmaz\u00e1si ig\u00e9nyekt\u0151l f\u00fcgg\u0151en.\n<\/p>\n<p><\/p>\n<p><b>7.Do a gy\u00e1rt\u00f3k OEM vagy t\u00f6megtermel\u00e9s?<\/b><\/p>\n<p>Igen, a legt\u00f6bb besz\u00e1ll\u00edt\u00f3 OEM-szolg\u00e1ltat\u00e1sokat k\u00edn\u00e1l egyedi szersz\u00e1moz\u00e1ssal \u00e9s t\u00f6meggy\u00e1rt\u00e1ssal a nemzetk\u00f6zi \u00fcgyfelek sz\u00e1m\u00e1ra.\n<\/p>\n<p><\/p>","protected":false},"featured_media":7499,"template":"","categories":[67],"class_list":["post-7500","product","type-product","status-publish","has-post-thumbnail","hentry","category-architectural-aluminium-profile"],"meta_box":{"hilight_text_group":{"product_hilight_text":"<li>High-strength alloy ensures structural stability in demanding applications<\/li>\r\r\n<li>Excellent machinability and formability for complex industrial components<\/li>\r\r\n<li>Customizable shapes, dimensions, and surface finishes for OEM requirements<\/li>\r\r\n<li>Corrosion-resistant for indoor and outdoor environments<\/li>\r\r\n<li>Lightweight material reduces transportation and assembly costs<\/li>\r\r\n<li>Suitable for automotive, construction, electronics, and aerospace sectors<\/li>","product_chanpin_blog":"<ul>\r\r\n<li><a href=\"https:\/\/sinoextrud.com\/t-slot-v-slot-differences\/\" target=\"_blank\">t slot vs v slot<\/a><\/li>\r\r\n<li><a href=\"https:\/\/sinoextrud.com\/what-is-4040-aluminium-extrud\/\" target=\"_blank\">4040 aluminium extrusion<\/a><\/li>\r\r\n<li><a href=\"https:\/\/sinoextrud.com\/what-is-4040-aluminium-extrud\/\" target=\"_blank\">aluminum extrusions for industrial racks<\/a><\/li>\r\r\n<li><a href=\"https:\/\/sinoextrud.com\/powder-coating-aluminium-process\/\" target=\"_blank\">powder coating aluminium<\/a><\/li>\r\r\n<li><a href=\"https:\/\/sinoextrud.com\/what-is-an-aluminium-strip-ceiling\/\" target=\"_blank\">aluminium strip ceiling<\/a><\/li>\r\r\n<li><a href=\"https:\/\/sinoextrud.com\/what-is-a-heat-sink\/\" target=\"_blank\">what is a heat sink<\/a><\/li>\r\r\n<\/ul>","product_chanpin_chanpin":"<li><a href=\"https:\/\/sinoextrud.com\/product\/80-x-80-aluminium-extrusion\/\" target=\"_blank\">80 X 80 Aluminium Extrusion<\/a><\/li>\r\n<li><a href=\"https:\/\/sinoextrud.com\/product\/6063-t5-oem-aluminum-profile-conner-angle-for-window-and-door-or-led-light-display-2\/\" target=\"_blank\">6063 T5  OEM  aluminum  profile  conner angle for window and door or led light display<\/a><\/li>\r\n<li><a href=\"https:\/\/sinoextrud.com\/product\/aluminum-beam-extrusion-curtain-wall-profile-hollow-bar-price-by-per-ton\/\" target=\"_blank\">aluminum beam Extrusion Curtain Wall Profile hollow bar price by per ton<\/a><\/li>\r\n<li><a href=\"https:\/\/sinoextrud.com\/product\/aluminium-railings\/\" target=\"_blank\">Aluminium Railings<\/a><\/li>\r\n<li><a href=\"https:\/\/sinoextrud.com\/product\/alloy-extrusion-profiles\/\" target=\"_blank\">Alloy Extrusion Profiles<\/a><\/li>\r\n<li><a href=\"https:\/\/sinoextrud.com\/product\/aluminum-frame\/\" target=\"_blank\">Aluminum Frame<\/a><\/li>\r\n<li><a href=\"https:\/\/sinoextrud.com\/product\/standard-aluminium-extrusions\/\" target=\"_blank\">Standard Aluminium Extrusions<\/a><\/li>\r\n<li><a href=\"https:\/\/sinoextrud.com\/product\/aluminium-structural-framing\/\" target=\"_blank\">Aluminium Structural Framing<\/a><\/li>\r\n<li><a href=\"https:\/\/sinoextrud.com\/product\/aluminium-u-channels\/\" target=\"_blank\">Aluminium U Channels<\/a><\/li>\r\n<li><a href=\"https:\/\/sinoextrud.com\/product\/6063-t5-alloy-industrial-aluminum-extrusions-aluminum-profile-with-anodized-surface-treatment\/\" target=\"_blank\">6063 T5 Alloy Industrial Aluminum Extrusions Aluminum Profile With Anodized Surface Treatment<\/a><\/li>\r\n<li><a href=\"https:\/\/sinoextrud.com\/product\/aluminum-tube-coated-powder-price-per-kg-for-lowes-aluminum-pipe-fence-china\/\" target=\"_blank\">aluminum tube coated powder price per kg for lowes aluminum pipe fence china<\/a><\/li>"},"feature_list":[]},"_links":{"self":[{"href":"https:\/\/sinoextrud.com\/hu\/wp-json\/wp\/v2\/product\/7500","targetHints":{"allow":["GET"]}}],"collection":[{"href":"https:\/\/sinoextrud.com\/hu\/wp-json\/wp\/v2\/product"}],"about":[{"href":"https:\/\/sinoextrud.com\/hu\/wp-json\/wp\/v2\/types\/product"}],"wp:featuredmedia":[{"embeddable":true,"href":"https:\/\/sinoextrud.com\/hu\/wp-json\/wp\/v2\/media\/7499"}],"wp:attachment":[{"href":"https:\/\/sinoextrud.com\/hu\/wp-json\/wp\/v2\/media?parent=7500"}],"wp:term":[{"taxonomy":"category","embeddable":true,"href":"https:\/\/sinoextrud.com\/hu\/wp-json\/wp\/v2\/categories?post=7500"}],"curies":[{"name":"wp","href":"https:\/\/api.w.org\/{rel}","templated":true}]}}