{"id":7486,"date":"2025-06-07T08:39:40","date_gmt":"2025-06-07T08:39:40","guid":{"rendered":"https:\/\/sinoextrud.com\/product\/6063-slotted-aluminum-bar-extrusion-profiles\/"},"modified":"2025-06-24T06:12:58","modified_gmt":"2025-06-24T06:12:58","slug":"6063-hornyolt-aluminium-sav-extrudalt-profilok","status":"publish","type":"product","link":"https:\/\/sinoextrud.com\/hu\/product\/6063-slotted-aluminum-bar-extrusion-profiles\/","title":{"rendered":"6063 hornyolt alum\u00ednium bar extrud\u00e1l\u00e1s profilok"},"content":{"rendered":"<h2>Term\u00e9kek r\u00e9szletei<\/h2>\n<table class=\"custom-table\">\n<tbody>\n<tr>\n<td> T\u00e9tel:<\/td>\n<td> 6063 hornyolt alum\u00ednium bar extrud\u00e1l\u00e1s profilok<\/td>\n<\/tr>\n<tr>\n<td> Oszt\u00e1ly:<\/td>\n<td> 6063 -t5<\/td>\n<\/tr>\n<tr>\n<td> Technika:<\/td>\n<td> Extrud\u00e1lt alum\u00ednium profilok<\/td>\n<\/tr>\n<tr>\n<td> Lelkiismeretesen:<\/td>\n<td> T3 - T8<\/td>\n<\/tr>\n<tr>\n<td> Megmunk\u00e1l\u00e1si szolg\u00e1ltat\u00e1sok:<\/td>\n<td> F\u00far\u00e1s, csavaroz\u00e1s, szegecsel\u00e9s, \u00f6sszeszerel\u00e9s stb.<\/td>\n<\/tr>\n<tr>\n<td> V\u00e9djegy:<\/td>\n<td> Sinoextrud Sinoextrud Sinoextrud <\/td>\n<\/tr>\n<tr>\n<td> T\u00edpus:<\/td>\n<td> 6063 hornyolt alum\u00ednium r\u00fad<\/td>\n<\/tr>\n<tr>\n<td> Alak:<\/td>\n<td> K\u00e9sz\u00fclt az \u00fcgyfelek tervei szerint<\/td>\n<\/tr>\n<tr>\n<td> Fel\u00fcletkezel\u00e9s:<\/td>\n<td> Mill Finish elox\u00e1lt<\/td>\n<\/tr>\n<tr>\n<td> Hossz\u00fas\u00e1g:<\/td>\n<td> 1m \u00e9s 9m k\u00f6z\u00f6tt hosszonk\u00e9nt<\/td>\n<\/tr>\n<tr>\n<td> Sz\u00ednek:<\/td>\n<td> Ez\u00fcst Fekete<\/td>\n<\/tr>\n<tr>\n<td> HS-k\u00f3d:<\/td>\n<td> 76042990<\/td>\n<\/tr>\n<\/tbody>\n<\/table>\n<h2>Gy\u00e1rt\u00f3 b\u00e1zisunk<\/h2>\n<h3>Gy\u00e1ri panor\u00e1ma<\/h3>\n<p><img decoding=\"async\" src=\"\/wp-content\/uploads\/factory-01.webp\"\/><\/p>\n<h3>Alum\u00ednium r\u00fadgy\u00e1rt\u00f3 m\u0171hely<\/h3>\n<p><img decoding=\"async\" src=\"\/wp-content\/uploads\/factory-02.webp\"\/><\/p>\n<p><img decoding=\"async\" src=\"\/wp-content\/uploads\/factory-03.webp\"\/><\/p>\n<h3>Pen\u00e9sz rakt\u00e1r<\/h3>\n<p><img decoding=\"async\" src=\"\/wp-content\/uploads\/factory-04.webp\"\/><\/p>\n<h3>43 alum\u00ednium extrud\u00e1l\u00f3 vonal (500-5500 tonna)<\/h3>\n<p><img decoding=\"async\" src=\"\/wp-content\/uploads\/factory-05.webp\"\/><\/p>\n<p><img decoding=\"async\" src=\"\/wp-content\/uploads\/factory-06.webp\"\/><\/p>\n<p><img decoding=\"async\" src=\"\/wp-content\/uploads\/factory-07.webp\"\/><\/p>\n<h3>Porfest\u0151 m\u0171hely<\/h3>\n<p><img decoding=\"async\" src=\"\/wp-content\/uploads\/factory-09.webp\"\/><\/p>\n<h3>Anodiz\u00e1l\u00f3 m\u0171hely<\/h3>\n<p><img decoding=\"async\" src=\"\/wp-content\/uploads\/factory-10.webp\"\/><\/p>\n<h3>M\u00e9ly feldolgoz\u00e1si m\u0171hely<\/h3>\n<p><img decoding=\"async\" src=\"\/wp-content\/uploads\/factory-11.webp\"\/><\/p>\n<h3>CNC prec\u00edzi\u00f3s megmunk\u00e1l\u00f3 m\u0171hely<\/h3>\n<p><img decoding=\"async\" src=\"\/wp-content\/uploads\/factory-11.5.webp\"\/><\/p>\n<h3>K\u00e9szterm\u00e9k \u00e9s export rakt\u00e1r<\/h3>\n<p><img decoding=\"async\" src=\"\/wp-content\/uploads\/factory-12.webp\"\/><\/p>\n<p><img decoding=\"async\" src=\"\/wp-content\/uploads\/factory-13.webp\"\/><\/p>\n<p><img decoding=\"async\" src=\"\/wp-content\/uploads\/factory-14.webp\"\/><\/p>\n<h2>GYIK<\/h2>\n<p><p><b>1.Mi a 6063 r\u00e9selt alum\u00ednium s\u00e1v extrud\u00e1lt profilok? <\/b><\/p>\n<p> A 6063 r\u00e9selt alum\u00ednium sajtolt profilok 6063-as alum\u00ednium\u00f6tv\u00f6zetb\u0151l k\u00e9sz\u00fclt szerkezeti elemek, amelyek T-ny\u00edl\u00e1s\u00fa kialak\u00edt\u00e1ssal rendelkeznek, amely lehet\u0151v\u00e9 teszi a modul\u00e1ris \u00f6sszeszerel\u00e9st k\u00fcl\u00f6nb\u00f6z\u0151 alkalmaz\u00e1sokban.<br \/>\n<\/p><br \/>\n<br \/>\n<p><b>2.Mi\u00e9rt v\u00e1lassza a 6063 alum\u00edniumot a hornyolt extrud\u00e1lt profilokhoz? <\/b><\/p>\n<p> A 6063-as alum\u00ednium a szil\u00e1rds\u00e1g, a korr\u00f3zi\u00f3\u00e1ll\u00f3s\u00e1g, a kiv\u00e1l\u00f3 fel\u00fcleti fel\u00fcletkezel\u00e9s \u00e9s a j\u00f3 extrud\u00e1lhat\u00f3s\u00e1g kombin\u00e1ci\u00f3j\u00e1t k\u00edn\u00e1lja, \u00edgy ide\u00e1lis az \u00e9p\u00edt\u00e9szeti \u00e9s szerkezeti alkalmaz\u00e1sokban haszn\u00e1lt hornyolt extrud\u00e1lt profilokhoz.<br \/>\n<\/p><br \/>\n<br \/>\n<p><b>3.Mik a 6063 hornyolt alum\u00ednium extrud\u00e1l\u00e1sok gyakori alkalmaz\u00e1sai? <\/b><\/p>\n<p> Ezeket a sajtolt term\u00e9keket modul\u00e1ris fel\u00e9p\u00edt\u00e9s\u00fck \u00e9s k\u00f6nny\u0171 \u00f6sszeszerelhet\u0151s\u00e9g\u00fck miatt gyakran haszn\u00e1lj\u00e1k keretrendszerek, burkolatok, munka\u00e1llom\u00e1sok, g\u00e9pv\u00e9d\u0151k \u00e9s kijelz\u0151egys\u00e9gek \u00e9p\u00edt\u00e9s\u00e9hez.<br \/>\n<\/p><br \/>\n<br \/>\n<p><b>4.Can 6063 r\u00e9selt alum\u00ednium profilok testre szabhat\u00f3? <\/b><\/p>\n<p> Igen, m\u00e9ret, ny\u00edl\u00e1skonfigur\u00e1ci\u00f3 \u00e9s kivitel tekintet\u00e9ben testre szabhat\u00f3k, hogy megfeleljenek az egyedi tervez\u00e9si \u00e9s funkcion\u00e1lis k\u00f6vetelm\u00e9nyeknek.<br \/>\n<\/p><br \/>\n<br \/>\n<p><b>5.Are 6063 r\u00e9selt alum\u00ednium extrud\u00e1l\u00e1sok alkalmasak k\u00fclt\u00e9ri haszn\u00e1latra? <\/b><\/p>\n<p> Korr\u00f3zi\u00f3\u00e1ll\u00f3 tulajdons\u00e1gaiknak k\u00f6sz\u00f6nhet\u0151en ide\u00e1lisak k\u00fclt\u00e9ri alkalmaz\u00e1sokhoz, mivel roml\u00e1s n\u00e9lk\u00fcl ellen\u00e1llnak a k\u00fcl\u00f6nb\u00f6z\u0151 id\u0151j\u00e1r\u00e1si k\u00f6r\u00fclm\u00e9nyeknek.<br \/>\n<\/p><br \/>\n<br \/>\n<p><b>6.Milyen fel\u00fcletek \u00e1llnak rendelkez\u00e9sre a 6063-as hornyolt alum\u00ednium profilokhoz? <\/b><\/p>\n<p> A gyakori kivitelek k\u00f6z\u00e9 tartozik az elox\u00e1l\u00e1s \u00e9s a porbevonat, amelyek fokozz\u00e1k a korr\u00f3zi\u00f3\u00e1ll\u00f3s\u00e1got, \u00e9s k\u00fcl\u00f6nb\u00f6z\u0151 sz\u00ednv\u00e1laszt\u00e9kokat tesznek lehet\u0151v\u00e9 a design eszt\u00e9tik\u00e1j\u00e1nak megfelel\u0151en.<br \/>\n<\/p><br \/>\n<br \/>\n<p><b>7.Hogyan szereljek \u00f6ssze szerkezeteket 6063-as hornyolt alum\u00ednium extrud\u00e1lt r\u00e9szek felhaszn\u00e1l\u00e1s\u00e1val? <\/b><\/p>\n<p> Az \u00f6sszeszerel\u00e9s jellemz\u0151en a T-ny\u00edl\u00e1sokba illeszked\u0151 kompatibilis csatlakoz\u00f3k, k\u00f6t\u0151elemek \u00e9s tartoz\u00e9kok haszn\u00e1lat\u00e1t jelenti, ami lehet\u0151v\u00e9 teszi a k\u00f6nny\u0171, hegeszt\u00e9s n\u00e9lk\u00fcli \u00e9p\u00edt\u00e9st \u00e9s m\u00f3dos\u00edt\u00e1st.<br \/>\n<\/p><br \/>\n<br \/>\n<p><b>8.Are 6063 hornyolt alum\u00ednium profilok k\u00f6rnyezetbar\u00e1t? <\/b><\/p>\n<p> Igen, az alum\u00ednium teljes m\u00e9rt\u00e9kben \u00fajrahasznos\u00edthat\u00f3, \u00e9s a 6063-as hornyolt alum\u00edniumprofilok haszn\u00e1lata hozz\u00e1j\u00e1rul a fenntarthat\u00f3 \u00e9p\u00edt\u00e9si gyakorlathoz a hullad\u00e9kok cs\u00f6kkent\u00e9s\u00e9vel \u00e9s az anyagok \u00fajrafelhaszn\u00e1l\u00e1s\u00e1nak el\u0151seg\u00edt\u00e9s\u00e9vel.<\/p>\n<p><\/p><br \/><\/p>","protected":false},"featured_media":7485,"template":"","categories":[67],"class_list":["post-7486","product","type-product","status-publish","has-post-thumbnail","hentry","category-architectural-aluminium-profile"],"meta_box":{"hilight_text_group":{"product_hilight_text":"<li>Manufactured from high-quality 6063 aluminum alloy, offering excellent corrosion resistance and surface finish, ideal for architectural and structural applications.<\/li>\r\r\n<li>Lightweight yet strong construction facilitates easy handling and installation without compromising structural integrity.<\/li>\r\r\n<li>Available in various T-slot configurations, enabling modular assembly and flexibility in design for frameworks, enclosures, and workstations.<\/li>\r\r\n<li>Excellent anodizing properties allow for enhanced surface protection and aesthetic appeal in various finishes.<\/li>\r\r\n<li>Customizable lengths and profiles accommodate a wide range of project specifications and design requirements.<\/li>\r\r\n<li>High thermal and electrical conductivity makes them suitable for heat sinks and electrical enclosures.<\/li>\r\r\n<li>Environmentally friendly, as aluminum is 100% recyclable, supporting sustainable building practices.<\/li>","product_chanpin_blog":"<ul>\r\r\n<li><a href=\"https:\/\/sinoextrud.com\/t-slot-v-slot-differences\/\" target=\"_blank\">t slot vs v slot<\/a><\/li>\r\r\n<li><a href=\"https:\/\/sinoextrud.com\/what-is-4040-aluminium-extrud\/\" target=\"_blank\">4040 aluminium extrusion<\/a><\/li>\r\r\n<li><a href=\"https:\/\/sinoextrud.com\/what-is-4040-aluminium-extrud\/\" target=\"_blank\">aluminum extrusions for industrial racks<\/a><\/li>\r\r\n<li><a href=\"https:\/\/sinoextrud.com\/powder-coating-aluminium-process\/\" target=\"_blank\">powder coating aluminium<\/a><\/li>\r\r\n<li><a href=\"https:\/\/sinoextrud.com\/what-is-an-aluminium-strip-ceiling\/\" target=\"_blank\">aluminium strip ceiling<\/a><\/li>\r\r\n<li><a href=\"https:\/\/sinoextrud.com\/what-is-a-heat-sink\/\" target=\"_blank\">what is a heat sink<\/a><\/li>\r\r\n<\/ul>","product_chanpin_chanpin":"<li><a href=\"https:\/\/sinoextrud.com\/product\/aluminum-cabinet-frame-extrusions\/\" target=\"_blank\">Aluminum Cabinet Frame Extrusions<\/a><\/li>\r\n<li><a href=\"https:\/\/sinoextrud.com\/product\/66-mm-aluminum-glass-railing-for-balcony-led-strip-u-channel-stair-railings\/\" target=\"_blank\">6+6 MM Aluminum Glass Railing For Balcony LED Strip U Channel Stair Railings<\/a><\/li>\r\n<li><a href=\"https:\/\/sinoextrud.com\/product\/aluminum-channel-for-plexiglass\/\" target=\"_blank\">Aluminum Channel For Plexiglass<\/a><\/li>\r\n<li><a href=\"https:\/\/sinoextrud.com\/product\/aluminium-handrail-profiles\/\" target=\"_blank\">Aluminium Handrail Profiles<\/a><\/li>\r\n<li><a href=\"https:\/\/sinoextrud.com\/product\/6063-slotted-aluminum-bar-extrusion-profiles\/\" target=\"_blank\">6063 Slotted Aluminum Bar Extrusion Profiles<\/a><\/li>\r\n<li><a href=\"https:\/\/sinoextrud.com\/product\/6063-t5-aluminum-extrusion-profile-for-windows-and-doors-and-curtain-walls\/\" target=\"_blank\">6063 T5 Aluminum Extrusion Profile for Windows and Doors and Curtain Walls<\/a><\/li>\r\n<li><a href=\"https:\/\/sinoextrud.com\/product\/6063-t5-oem-aluminum-profile-conner-angle-for-window-and-door-or-led-light-display\/\" target=\"_blank\">6063 T5 OEM Aluminum Profile Conner Angle For Window And Door Or Led Light Display<\/a><\/li>\r\n<li><a href=\"https:\/\/sinoextrud.com\/product\/80-x-80-aluminium-extrusion\/\" target=\"_blank\">80 X 80 Aluminium Extrusion<\/a><\/li>\r\n<li><a href=\"https:\/\/sinoextrud.com\/product\/6063-t5-oem-aluminum-profile-conner-angle-for-window-and-door-or-led-light-display-2\/\" target=\"_blank\">6063 T5  OEM  aluminum  profile  conner angle for window and door or led light display<\/a><\/li>\r\n<li><a href=\"https:\/\/sinoextrud.com\/product\/aluminium-t-extrusion\/\" target=\"_blank\">Aluminium T Extrusion<\/a><\/li>\r\n<li><a href=\"https:\/\/sinoextrud.com\/product\/aluminum-extruded-aluminum-roofing-profiles\/\" target=\"_blank\">Aluminum Extruded Aluminum Roofing Profiles<\/a><\/li>"},"feature_list":[]},"_links":{"self":[{"href":"https:\/\/sinoextrud.com\/hu\/wp-json\/wp\/v2\/product\/7486","targetHints":{"allow":["GET"]}}],"collection":[{"href":"https:\/\/sinoextrud.com\/hu\/wp-json\/wp\/v2\/product"}],"about":[{"href":"https:\/\/sinoextrud.com\/hu\/wp-json\/wp\/v2\/types\/product"}],"wp:featuredmedia":[{"embeddable":true,"href":"https:\/\/sinoextrud.com\/hu\/wp-json\/wp\/v2\/media\/7485"}],"wp:attachment":[{"href":"https:\/\/sinoextrud.com\/hu\/wp-json\/wp\/v2\/media?parent=7486"}],"wp:term":[{"taxonomy":"category","embeddable":true,"href":"https:\/\/sinoextrud.com\/hu\/wp-json\/wp\/v2\/categories?post=7486"}],"curies":[{"name":"wp","href":"https:\/\/api.w.org\/{rel}","templated":true}]}}