{"id":7484,"date":"2025-06-07T08:33:18","date_gmt":"2025-06-07T08:33:18","guid":{"rendered":"https:\/\/sinoextrud.com\/product\/aluminium-handrail-profiles\/"},"modified":"2025-06-24T06:12:56","modified_gmt":"2025-06-24T06:12:56","slug":"aluminium-korlatprofilok","status":"publish","type":"product","link":"https:\/\/sinoextrud.com\/hu\/product\/aluminium-handrail-profiles\/","title":{"rendered":"Alum\u00ednium korl\u00e1t profilok"},"content":{"rendered":"<h2>Term\u00e9kek r\u00e9szletei<\/h2>\n<table class=\"custom-table\">\n<tbody>\n<tr>\n<td> Modell NO.:<\/td>\n<td> Alum\u00ednium korl\u00e1t profilok<\/td>\n<\/tr>\n<tr>\n<td> Alak:<\/td>\n<td> ov\u00e1lis<\/td>\n<\/tr>\n<tr>\n<td> Lelkiismeretesen:<\/td>\n<td> T3-T8<\/td>\n<\/tr>\n<tr>\n<td> \u00f6tv\u00f6zet:<\/td>\n<td> alum\u00ednium \u00f6tv\u00f6zet<\/td>\n<\/tr>\n<tr>\n<td> \u00d6tv\u00f6z\u0151 \u00f6sszetev\u0151:<\/td>\n<td> 6063<\/td>\n<\/tr>\n<tr>\n<td> Fel\u00fcletkezel\u00e9s:<\/td>\n<td> fa szemcs\u00e9s<\/td>\n<\/tr>\n<tr>\n<td> Egy\u00e9b befejez\u00e9s:<\/td>\n<td> Elox\u00e1l\u00e1s, homokf\u00fav\u00e1s, porfest\u00e9s, pol\u00edroz\u00e1s<\/td>\n<\/tr>\n<tr>\n<td> Tan\u00fas\u00edt\u00e1s:<\/td>\n<td> ISO 9001<\/td>\n<\/tr>\n<tr>\n<td> HS-k\u00f3d:<\/td>\n<td> 760429900<\/td>\n<\/tr>\n<tr>\n<td> T\u00edpus:<\/td>\n<td> Dekor\u00e1ci\u00f3 Alum\u00ednium profil<\/td>\n<\/tr>\n<tr>\n<td> Megmunk\u00e1l\u00e1s:<\/td>\n<td> Finom\u00edtott v\u00e1g\u00e1s, mar\u00e1s, f\u00far\u00e1s, lyukaszt\u00e1s, csavaroz\u00e1s<\/td>\n<\/tr>\n<tr>\n<td> Eredet:<\/td>\n<td> Foshan, Guangdong.<\/td>\n<\/tr>\n<\/tbody>\n<\/table>\n<h2>Gy\u00e1rt\u00f3 b\u00e1zisunk<\/h2>\n<h3>Gy\u00e1ri panor\u00e1ma<\/h3>\n<p><img decoding=\"async\" src=\"\/wp-content\/uploads\/factory-01.webp\"\/><\/p>\n<h3>Alum\u00ednium r\u00fadgy\u00e1rt\u00f3 m\u0171hely<\/h3>\n<p><img decoding=\"async\" src=\"\/wp-content\/uploads\/factory-02.webp\"\/><\/p>\n<p><img decoding=\"async\" src=\"\/wp-content\/uploads\/factory-03.webp\"\/><\/p>\n<h3>Pen\u00e9sz rakt\u00e1r<\/h3>\n<p><img decoding=\"async\" src=\"\/wp-content\/uploads\/factory-04.webp\"\/><\/p>\n<h3>43 alum\u00ednium extrud\u00e1l\u00f3 vonal (500-5500 tonna)<\/h3>\n<p><img decoding=\"async\" src=\"\/wp-content\/uploads\/factory-05.webp\"\/><\/p>\n<p><img decoding=\"async\" src=\"\/wp-content\/uploads\/factory-06.webp\"\/><\/p>\n<p><img decoding=\"async\" src=\"\/wp-content\/uploads\/factory-07.webp\"\/><\/p>\n<h3>Porfest\u0151 m\u0171hely<\/h3>\n<p><img decoding=\"async\" src=\"\/wp-content\/uploads\/factory-09.webp\"\/><\/p>\n<h3>Anodiz\u00e1l\u00f3 m\u0171hely<\/h3>\n<p><img decoding=\"async\" src=\"\/wp-content\/uploads\/factory-10.webp\"\/><\/p>\n<h3>M\u00e9ly feldolgoz\u00e1si m\u0171hely<\/h3>\n<p><img decoding=\"async\" src=\"\/wp-content\/uploads\/factory-11.webp\"\/><\/p>\n<h3>CNC prec\u00edzi\u00f3s megmunk\u00e1l\u00f3 m\u0171hely<\/h3>\n<p><img decoding=\"async\" src=\"\/wp-content\/uploads\/factory-11.5.webp\"\/><\/p>\n<h3>K\u00e9szterm\u00e9k \u00e9s export rakt\u00e1r<\/h3>\n<p><img decoding=\"async\" src=\"\/wp-content\/uploads\/factory-12.webp\"\/><\/p>\n<p><img decoding=\"async\" src=\"\/wp-content\/uploads\/factory-13.webp\"\/><\/p>\n<p><img decoding=\"async\" src=\"\/wp-content\/uploads\/factory-14.webp\"\/><\/p>\n<h2>GYIK<\/h2>\n<p><p><b>1.What alum\u00ednium korl\u00e1t profilok? <\/b><\/p>\n<p> Az alum\u00ednium korl\u00e1tprofilok olyan extrud\u00e1lt alum\u00edniumprofilok, amelyeket \u00fagy terveztek, hogy t\u00e1mogat\u00e1st \u00e9s biztons\u00e1got ny\u00fajtsanak l\u00e9pcs\u0151k\u00f6n, erk\u00e9lyeken \u00e9s k\u00f6zleked\u0151utakon, tart\u00f3ss\u00e1got \u00e9s eszt\u00e9tikai vonzer\u0151t k\u00edn\u00e1lva.<br \/>\n<\/p><br \/>\n<br \/>\n<p><b>2.Mi\u00e9rt v\u00e1lassza az alum\u00edniumot a korl\u00e1trendszerekhez? <\/b><\/p>\n<p> Az alum\u00ednium nagy szil\u00e1rds\u00e1g\/t\u00f6meg ar\u00e1nyt, korr\u00f3zi\u00f3\u00e1ll\u00f3s\u00e1got \u00e9s sokoldal\u00fas\u00e1got k\u00edn\u00e1l, \u00edgy ide\u00e1lis anyag a tart\u00f3s \u00e9s alacsony karbantart\u00e1si ig\u00e9ny\u0171 korl\u00e1trendszerekhez.<br \/>\n<\/p><br \/>\n<br \/>\n<p><b>3.Can alum\u00ednium korl\u00e1t profilok testre szabhat\u00f3? <\/b><\/p>\n<p> Igen, az alum\u00ednium korl\u00e1tprofilok alakja, m\u00e9rete \u00e9s kivitelez\u00e9se testre szabhat\u00f3, hogy megfeleljen a k\u00fcl\u00f6nleges tervez\u00e9si \u00e9s funkcion\u00e1lis k\u00f6vetelm\u00e9nyeknek.<br \/>\n<\/p><br \/>\n<br \/>\n<p><b>4.Milyen fel\u00fcletek \u00e1llnak rendelkez\u00e9sre az alum\u00ednium korl\u00e1tprofilokhoz? <\/b><\/p>\n<p> A gyakori kivitelek k\u00f6z\u00e9 tartozik az elox\u00e1l\u00e1s \u00e9s a porbevonat, amelyek fokozz\u00e1k a korr\u00f3zi\u00f3\u00e1ll\u00f3s\u00e1got, \u00e9s k\u00fcl\u00f6nb\u00f6z\u0151 sz\u00ednv\u00e1laszt\u00e9kokat tesznek lehet\u0151v\u00e9 a design eszt\u00e9tik\u00e1j\u00e1nak megfelel\u0151en.<br \/>\n<\/p><br \/>\n<br \/>\n<p><b>5.Alkalmasak-e az alum\u00ednium korl\u00e1tprofilok k\u00fclt\u00e9ri haszn\u00e1latra? <\/b><\/p>\n<p> Korr\u00f3zi\u00f3\u00e1ll\u00f3 tulajdons\u00e1gaiknak k\u00f6sz\u00f6nhet\u0151en ide\u00e1lisak k\u00fclt\u00e9ri alkalmaz\u00e1sokhoz, mivel roml\u00e1s n\u00e9lk\u00fcl ellen\u00e1llnak a k\u00fcl\u00f6nb\u00f6z\u0151 id\u0151j\u00e1r\u00e1si k\u00f6r\u00fclm\u00e9nyeknek.<br \/>\n<\/p><br \/>\n<br \/>\n<p><b>6.Hogyan j\u00e1rulnak hozz\u00e1 az alum\u00ednium korl\u00e1tprofilok a fenntarthat\u00f3s\u00e1ghoz? <\/b><\/p>\n<p> Mivel az alum\u00ednium korl\u00e1tprofilok teljes m\u00e9rt\u00e9kben \u00fajrahasznos\u00edthat\u00f3k, a hullad\u00e9k \u00e9s a sz\u0171z anyagok sz\u00fcks\u00e9gess\u00e9g\u00e9nek cs\u00f6kkent\u00e9s\u00e9vel t\u00e1mogatj\u00e1k a k\u00f6rnyezetbar\u00e1t \u00e9p\u00edt\u00e9si gyakorlatot.<br \/>\n<\/p><br \/>\n<br \/>\n<p><b>7.Milyen karbantart\u00e1st ig\u00e9nyel az alum\u00ednium korl\u00e1tprofil? <\/b><\/p>\n<p> A karbantart\u00e1s minim\u00e1lis; az alum\u00ednium korl\u00e1tprofilok j\u00f3 \u00e1llapotban tart\u00e1s\u00e1hoz \u00e1ltal\u00e1ban elegend\u0151 a rendszeres tiszt\u00edt\u00e1s enyhe mos\u00f3szerrel \u00e9s v\u00edzzel.<br \/>\n<\/p><br \/>\n<br \/>\n<p><b>8.Az alum\u00ednium korl\u00e1tprofilok megfelelnek a biztons\u00e1gi el\u0151\u00edr\u00e1soknak? <\/b><\/p>\n<p> Igen, az alum\u00ednium korl\u00e1tprofilokat \u00fagy tervezt\u00e9k, hogy megfeleljenek az olyan biztons\u00e1gi szabv\u00e1nyoknak, mint az ADA \u00e9s az IBC, \u00edgy biztos\u00edtva a k\u00fcl\u00f6nb\u00f6z\u0151 l\u00e9tes\u00edtm\u00e9nyekhez val\u00f3 alkalmass\u00e1got.<\/p>\n<p><\/p><br \/><\/p>","protected":false},"featured_media":7483,"template":"","categories":[67],"class_list":["post-7484","product","type-product","status-publish","has-post-thumbnail","hentry","category-architectural-aluminium-profile"],"meta_box":{"hilight_text_group":{"product_hilight_text":"<li>High-strength 6060 or 6063 aluminum alloy construction ensures durability and resistance to corrosion, making it ideal for both indoor and outdoor applications.<\/li>\r\r\n<li>Lightweight design facilitates easy handling and installation, reducing labor costs and time.<\/li>\r\r\n<li>Available in various profiles and finishes, including anodized and powder-coated options, to match diverse architectural styles and preferences.<\/li>\r\r\n<li>Customizable lengths and configurations accommodate a wide range of project specifications and design requirements.<\/li>\r\r\n<li>Low maintenance requirements, needing only periodic cleaning to maintain appearance and functionality.<\/li>\r\r\n<li>Environmentally friendly, as aluminum is 100% recyclable, supporting sustainable building practices.<\/li>\r\r\n<li>Compliance with safety standards such as ADA and IBC ensures suitability for residential, commercial, and public installations.<\/li>","product_chanpin_blog":"<ul>\r\r\n<li><a href=\"https:\/\/sinoextrud.com\/t-slot-v-slot-differences\/\" target=\"_blank\">t slot vs v slot<\/a><\/li>\r\r\n<li><a href=\"https:\/\/sinoextrud.com\/what-is-4040-aluminium-extrud\/\" target=\"_blank\">4040 aluminium extrusion<\/a><\/li>\r\r\n<li><a href=\"https:\/\/sinoextrud.com\/what-is-4040-aluminium-extrud\/\" target=\"_blank\">aluminum extrusions for industrial racks<\/a><\/li>\r\r\n<li><a href=\"https:\/\/sinoextrud.com\/powder-coating-aluminium-process\/\" target=\"_blank\">powder coating aluminium<\/a><\/li>\r\r\n<li><a href=\"https:\/\/sinoextrud.com\/what-is-an-aluminium-strip-ceiling\/\" target=\"_blank\">aluminium strip ceiling<\/a><\/li>\r\r\n<li><a href=\"https:\/\/sinoextrud.com\/what-is-a-heat-sink\/\" target=\"_blank\">what is a heat sink<\/a><\/li>\r\r\n<\/ul>","product_chanpin_chanpin":"<li><a href=\"https:\/\/sinoextrud.com\/product\/aluminium-window-frame-section\/\" target=\"_blank\">Aluminium Window Frame Section<\/a><\/li>\r\n<li><a href=\"https:\/\/sinoextrud.com\/product\/aluminum-cabinet-frame-extrusions\/\" target=\"_blank\">Aluminum Cabinet Frame Extrusions<\/a><\/li>\r\n<li><a href=\"https:\/\/sinoextrud.com\/product\/66-mm-aluminum-glass-railing-for-balcony-led-strip-u-channel-stair-railings\/\" target=\"_blank\">6+6 MM Aluminum Glass Railing For Balcony LED Strip U Channel Stair Railings<\/a><\/li>\r\n<li><a href=\"https:\/\/sinoextrud.com\/product\/aluminum-channel-for-plexiglass\/\" target=\"_blank\">Aluminum Channel For Plexiglass<\/a><\/li>\r\n<li><a href=\"https:\/\/sinoextrud.com\/product\/aluminium-handrail-profiles\/\" target=\"_blank\">Aluminium Handrail Profiles<\/a><\/li>\r\n<li><a href=\"https:\/\/sinoextrud.com\/product\/6063-slotted-aluminum-bar-extrusion-profiles\/\" target=\"_blank\">6063 Slotted Aluminum Bar Extrusion Profiles<\/a><\/li>\r\n<li><a href=\"https:\/\/sinoextrud.com\/product\/6063-t5-aluminum-extrusion-profile-for-windows-and-doors-and-curtain-walls\/\" target=\"_blank\">6063 T5 Aluminum Extrusion Profile for Windows and Doors and Curtain Walls<\/a><\/li>\r\n<li><a href=\"https:\/\/sinoextrud.com\/product\/6063-t5-oem-aluminum-profile-conner-angle-for-window-and-door-or-led-light-display\/\" target=\"_blank\">6063 T5 OEM Aluminum Profile Conner Angle For Window And Door Or Led Light Display<\/a><\/li>\r\n<li><a href=\"https:\/\/sinoextrud.com\/product\/80-x-80-aluminium-extrusion\/\" target=\"_blank\">80 X 80 Aluminium Extrusion<\/a><\/li>\r\n<li><a href=\"https:\/\/sinoextrud.com\/product\/aluminium-frame-extrusion-profile-picture-frame-profile-for-interior-decoration-supplied-by-china-manufacturer\/\" target=\"_blank\">Aluminium Frame Extrusion Profile Picture Frame Profile for Interior Decoration Supplied By China Manufacturer<\/a><\/li>\r\n<li><a href=\"https:\/\/sinoextrud.com\/product\/aluminium-seamless-pipe\/\" target=\"_blank\">Aluminium Seamless Pipe<\/a><\/li>"},"feature_list":[]},"_links":{"self":[{"href":"https:\/\/sinoextrud.com\/hu\/wp-json\/wp\/v2\/product\/7484","targetHints":{"allow":["GET"]}}],"collection":[{"href":"https:\/\/sinoextrud.com\/hu\/wp-json\/wp\/v2\/product"}],"about":[{"href":"https:\/\/sinoextrud.com\/hu\/wp-json\/wp\/v2\/types\/product"}],"wp:featuredmedia":[{"embeddable":true,"href":"https:\/\/sinoextrud.com\/hu\/wp-json\/wp\/v2\/media\/7483"}],"wp:attachment":[{"href":"https:\/\/sinoextrud.com\/hu\/wp-json\/wp\/v2\/media?parent=7484"}],"wp:term":[{"taxonomy":"category","embeddable":true,"href":"https:\/\/sinoextrud.com\/hu\/wp-json\/wp\/v2\/categories?post=7484"}],"curies":[{"name":"wp","href":"https:\/\/api.w.org\/{rel}","templated":true}]}}