{"id":7480,"date":"2025-06-07T08:28:34","date_gmt":"2025-06-07T08:28:34","guid":{"rendered":"https:\/\/sinoextrud.com\/product\/66-mm-aluminum-glass-railing-for-balcony-led-strip-u-channel-stair-railings\/"},"modified":"2025-06-24T06:12:55","modified_gmt":"2025-06-24T06:12:55","slug":"66-mm-es-aluminium-uveg-korlat-erkelyre-vezetett-szalag-u-csatorna-lepcsokorlatokhoz","status":"publish","type":"product","link":"https:\/\/sinoextrud.com\/hu\/product\/66-mm-aluminum-glass-railing-for-balcony-led-strip-u-channel-stair-railings\/","title":{"rendered":"6 + 6 MM alum\u00ednium \u00fcveg korl\u00e1t erk\u00e9lyre LED szalag U csatorna l\u00e9pcs\u0151korl\u00e1tokhoz"},"content":{"rendered":"<h2>Term\u00e9kek r\u00e9szletei<\/h2>\n<table class=\"custom-table\">\n<tr>\n<td class=\"label\">T\u00e9tel:<\/td>\n<td>U csatorna LED szalag \u00fcveg korl\u00e1t<\/td>\n<\/tr>\n<tr>\n<td class=\"label\">Lelkiismeretesen:<\/td>\n<td>T3-T8<\/td>\n<\/tr>\n<tr>\n<td class=\"label\">\u00dcveg:<\/td>\n<td>Edzett \u00fcveg<\/td>\n<\/tr>\n<tr>\n<td class=\"label\">Anyag:<\/td>\n<td>6063 alum\u00ednium<\/td>\n<\/tr>\n<tr>\n<td class=\"label\">Haszn\u00e1lat:<\/td>\n<td>Belt\u00e9ri \u00e9s k\u00fclt\u00e9ri dekor\u00e1ci\u00f3<\/td>\n<\/tr>\n<tr>\n<td class=\"label\">M\u00e9ret:<\/td>\n<td>Testreszabott<\/td>\n<\/tr>\n<tr>\n<td class=\"label\">Fizet\u00e9si hat\u00e1rid\u0151:<\/td>\n<td>30% let\u00e9t, 70% egyenleg sz\u00e1ll\u00edt\u00e1s el\u0151tt<\/td>\n<\/tr>\n<tr>\n<td class=\"label\">Kik\u00f6t\u0151:<\/td>\n<td>Guangzhou, Shenzhen, Foshan<\/td>\n<\/tr>\n<tr>\n<td class=\"label\">MOQ:<\/td>\n<td>200 kg minden egyes profilhoz<\/td>\n<\/tr>\n<tr>\n<td class=\"label\">Oszt\u00e1ly:<\/td>\n<td>6000-es sorozat 6063<\/td>\n<\/tr>\n<tr>\n<td class=\"label\">Sz\u00e1rmaz\u00e1si hely:<\/td>\n<td>Foshan, Guangdong<\/td>\n<\/tr>\n<tr>\n<td class=\"label\">\u00d6tv\u00f6zet vagy sem:<\/td>\n<td>Az \u00f6tv\u00f6zet<\/td>\n<\/tr>\n<tr>\n<td class=\"label\">M\u00e1rka:<\/td>\n<td>Sinoextrud, Sinoextrud<\/td>\n<\/tr>\n<tr>\n<td class=\"label\">Alkalmaz\u00e1s:<\/td>\n<td>Hotel\/lak\u00e1s\/iskola<\/td>\n<\/tr>\n<tr>\n<td class=\"label\">St\u00edlus:<\/td>\n<td>Moderndesign<\/td>\n<\/tr>\n<tr>\n<td class=\"label\">Telep\u00edt\u00e9s:<\/td>\n<td>K\u00f6nnyen telep\u00edthet\u0151<\/td>\n<\/tr>\n<tr>\n<td class=\"label\">Feldolgoz\u00f3 szolg\u00e1ltat\u00e1s:<\/td>\n<td>Hajl\u00edt\u00e1s, tekercsel\u00e9s, hegeszt\u00e9s, lyukaszt\u00e1s, v\u00e1g\u00e1s<\/td>\n<\/tr>\n<tr>\n<td class=\"label\">Garancia:<\/td>\n<td>\u00fcgyf\u00e9ltan\u00fas\u00edtv\u00e1ny, mint p\u00e9ld\u00e1ul BV, Soncap, ISO<\/td>\n<\/tr>\n<tr>\n<td class=\"label\">Csomag:<\/td>\n<td>r\u00e9tegelt lemez v\u00e9d\u0151zs\u00e1k<\/td>\n<\/tr>\n<\/table>\n<h2>Gy\u00e1rt\u00f3 b\u00e1zisunk<\/h2>\n<h3>Gy\u00e1ri panor\u00e1ma<\/h3>\n<p><img decoding=\"async\" src=\"\/wp-content\/uploads\/factory-01.webp\"\/><\/p>\n<h3>Alum\u00ednium r\u00fadgy\u00e1rt\u00f3 m\u0171hely<\/h3>\n<p><img decoding=\"async\" src=\"\/wp-content\/uploads\/factory-02.webp\"\/><\/p>\n<\/p>\n<p><img decoding=\"async\" src=\"\/wp-content\/uploads\/factory-03.webp\"\/><\/p>\n<h3>Pen\u00e9sz rakt\u00e1r<\/h3>\n<p><img decoding=\"async\" src=\"\/wp-content\/uploads\/factory-04.webp\"\/><\/p>\n<h3>43 alum\u00ednium extrud\u00e1l\u00f3 vonal (500-5500 tonna)<\/h3>\n<p><img decoding=\"async\" src=\"\/wp-content\/uploads\/factory-05.webp\"\/><\/p>\n<p><img decoding=\"async\" src=\"\/wp-content\/uploads\/factory-06.webp\"\/><\/p>\n<p><img decoding=\"async\" src=\"\/wp-content\/uploads\/factory-07.webp\"\/><\/p>\n<h3>Porfest\u0151 m\u0171hely<\/h3>\n<p><img decoding=\"async\" src=\"\/wp-content\/uploads\/factory-09.webp\"\/><\/p>\n<h3>Anodiz\u00e1l\u00f3 m\u0171hely<\/h3>\n<p><img decoding=\"async\" src=\"\/wp-content\/uploads\/factory-10.webp\"\/><\/p>\n<h3>M\u00e9ly feldolgoz\u00e1si m\u0171hely<\/h3>\n<p><img decoding=\"async\" src=\"\/wp-content\/uploads\/factory-11.webp\"\/><\/p>\n<h3>CNC prec\u00edzi\u00f3s megmunk\u00e1l\u00f3 m\u0171hely<\/h3>\n<p><img decoding=\"async\" src=\"\/wp-content\/uploads\/factory-11.5.webp\"\/><\/p>\n<h3>K\u00e9szterm\u00e9k \u00e9s export rakt\u00e1r<\/h3>\n<p><img decoding=\"async\" src=\"\/wp-content\/uploads\/factory-12.webp\"\/><\/p>\n<p><img decoding=\"async\" src=\"\/wp-content\/uploads\/factory-13.webp\"\/><\/p>\n<p><img decoding=\"async\" src=\"\/wp-content\/uploads\/factory-14.webp\"\/><\/p>\n<h2>GYIK<\/h2>\n<p><b>1.Mi az a 6 + 6 MM alum\u00ednium \u00fcveg korl\u00e1t erk\u00e9lyre?<\/b><\/p>\n<p>Ez egy 6+6 mm-es lamin\u00e1lt biztons\u00e1gi \u00fcvegb\u0151l k\u00e9sz\u00fclt korl\u00e1trendszer, amely alum\u00ednium U-csatorn\u00e1s profilokkal szerelt, biztons\u00e1gos \u00e9s st\u00edlusos erk\u00e9ly- vagy l\u00e9pcs\u0151alkalmaz\u00e1sokhoz.\n<\/p>\n<p><\/p>\n<p><b>2.Mi\u00e9rt haszn\u00e1ljunk 6+6 mm-es lamin\u00e1lt \u00fcveget a korl\u00e1tokn\u00e1l?<\/b><\/p>\n<p>A lamin\u00e1lt \u00fcveg kiv\u00e1l\u00f3 \u00fct\u00e9s\u00e1ll\u00f3s\u00e1got \u00e9s biztons\u00e1got ny\u00fajt, \u00edgy ide\u00e1lis erk\u00e9lyek, teraszok \u00e9s l\u00e9pcs\u0151k sz\u00e1m\u00e1ra.\n<\/p>\n<p><\/p>\n<p><b>3.Mik az alum\u00ednium U-csatorna profilok el\u0151nyei?<\/b><\/p>\n<p>K\u00f6nny\u0171 szil\u00e1rds\u00e1got \u00e9s korr\u00f3zi\u00f3\u00e1ll\u00f3s\u00e1got k\u00edn\u00e1lnak, \u00e9s k\u00f6nnyen felszerelhet\u0151k belt\u00e9ri \u00e9s k\u00fclt\u00e9ri alkalmaz\u00e1sokban egyar\u00e1nt.\n<\/p>\n<p><\/p>\n<p><b>4.Can ez a korl\u00e1t tartalmazhat LED-es vil\u00e1g\u00edt\u00e1st?<\/b><\/p>\n<p>Igen, a profil t\u00e1mogatja a be\u00e9p\u00edtett LED-cs\u00edkokat, amelyek jav\u00edtj\u00e1k az \u00e9jszakai l\u00e1that\u00f3s\u00e1got, \u00e9s modern dekor\u00e1ci\u00f3t adnak hozz\u00e1.\n<\/p>\n<p><\/p>\n<p><b>5.Hol haszn\u00e1lhat\u00f3 ez az \u00fcvegkorl\u00e1trendszer?<\/b><\/p>\n<p>Alkalmas erk\u00e9lyekre, l\u00e9pcs\u0151kre, tet\u0151kre, teraszokra \u00e9s medenceburkolatokra lak\u00f3- vagy kereskedelmi helyis\u00e9gekben.\n<\/p>\n<p><\/p>\n<p><b>6.Ellen\u00e1ll-e a rendszer az id\u0151j\u00e1r\u00e1snak?<\/b><\/p>\n<p>Igen, az alum\u00edniumprofil elox\u00e1lt vagy porsz\u00f3rt, hogy ellen\u00e1lljon a korr\u00f3zi\u00f3nak, az UV sug\u00e1rz\u00e1snak \u00e9s az es\u0151nek, \u00edgy biztos\u00edtva a hossz\u00fa t\u00e1v\u00fa k\u00fclt\u00e9ri tart\u00f3ss\u00e1got.\n<\/p>\n<p><\/p>\n<p><b>7.Vannak egyedi kivitelek \u00e9s LED opci\u00f3k?<\/b><\/p>\n<p>Igen, k\u00fcl\u00f6nb\u00f6z\u0151 fel\u00fcletkezel\u00e9seket \u00e9s LED-sz\u00edneket k\u00edn\u00e1lunk az \u00e9p\u00edt\u00e9szeti \u00e9s tervez\u00e9si ig\u00e9nyeknek megfelel\u0151en.\n<\/p>\n<p><\/p>\n<p><b>8.Hogyan van ez az \u00fcvegkorl\u00e1t felszerelve?<\/b><\/p>\n<p>A rendszer el\u0151re gy\u00e1rtott U-csatorn\u00e1kat \u00e9s szerel\u0151k\u00e9szleteket tartalmaz, \u00edgy a telep\u00edt\u00e9s gyors \u00e9s hat\u00e9kony a v\u00e1llalkoz\u00f3k vagy \u00e9p\u00edt\u0151k sz\u00e1m\u00e1ra.\n<\/p>\n<p><\/p>","protected":false},"featured_media":7479,"template":"","categories":[67],"class_list":["post-7480","product","type-product","status-publish","has-post-thumbnail","hentry","category-architectural-aluminium-profile"],"meta_box":{"hilight_text_group":{"product_hilight_text":"<li>Designed for 6+6 mm laminated glass, offering high safety and strength<\/li>\r\r\n<li>Durable aluminum U channel provides structural support for balconies and stairs<\/li>\r\r\n<li>Integrated LED strip option enhances modern aesthetics and visibility<\/li>\r\r\n<li>Corrosion-resistant surface ideal for outdoor environments<\/li>\r\r\n<li>Easy installation with pre-drilled profiles and mounting accessories<\/li>\r\r\n<li>Suitable for residential and commercial balcony and stair applications<\/li>\r\r\n<li>Custom lengths, finishes, and LED color options available<\/li>","product_chanpin_blog":"<ul>\r\r\n<li><a href=\"https:\/\/sinoextrud.com\/t-slot-v-slot-differences\/\" target=\"_blank\">t slot vs v slot<\/a><\/li>\r\r\n<li><a href=\"https:\/\/sinoextrud.com\/what-is-4040-aluminium-extrud\/\" target=\"_blank\">4040 aluminium extrusion<\/a><\/li>\r\r\n<li><a href=\"https:\/\/sinoextrud.com\/what-is-4040-aluminium-extrud\/\" target=\"_blank\">aluminum extrusions for industrial racks<\/a><\/li>\r\r\n<li><a href=\"https:\/\/sinoextrud.com\/powder-coating-aluminium-process\/\" target=\"_blank\">powder coating aluminium<\/a><\/li>\r\r\n<li><a href=\"https:\/\/sinoextrud.com\/what-is-an-aluminium-strip-ceiling\/\" target=\"_blank\">aluminium strip ceiling<\/a><\/li>\r\r\n<li><a href=\"https:\/\/sinoextrud.com\/what-is-a-heat-sink\/\" target=\"_blank\">what is a heat sink<\/a><\/li>\r\r\n<\/ul>","product_chanpin_chanpin":"<li><a href=\"https:\/\/sinoextrud.com\/product\/aluminum-sliding-door-track\/\" target=\"_blank\">Aluminum Sliding Door Track<\/a><\/li>\r\n<li><a href=\"https:\/\/sinoextrud.com\/product\/aluminum-handrail-extrusions\/\" target=\"_blank\">Aluminum Handrail Extrusions<\/a><\/li>\r\n<li><a href=\"https:\/\/sinoextrud.com\/product\/aluminium-window-frame-section\/\" target=\"_blank\">Aluminium Window Frame Section<\/a><\/li>\r\n<li><a href=\"https:\/\/sinoextrud.com\/product\/aluminum-cabinet-frame-extrusions\/\" target=\"_blank\">Aluminum Cabinet Frame Extrusions<\/a><\/li>\r\n<li><a href=\"https:\/\/sinoextrud.com\/product\/66-mm-aluminum-glass-railing-for-balcony-led-strip-u-channel-stair-railings\/\" target=\"_blank\">6+6 MM Aluminum Glass Railing For Balcony LED Strip U Channel Stair Railings<\/a><\/li>\r\n<li><a href=\"https:\/\/sinoextrud.com\/product\/aluminum-channel-for-plexiglass\/\" target=\"_blank\">Aluminum Channel For Plexiglass<\/a><\/li>\r\n<li><a href=\"https:\/\/sinoextrud.com\/product\/aluminium-handrail-profiles\/\" target=\"_blank\">Aluminium Handrail Profiles<\/a><\/li>\r\n<li><a href=\"https:\/\/sinoextrud.com\/product\/6063-slotted-aluminum-bar-extrusion-profiles\/\" target=\"_blank\">6063 Slotted Aluminum Bar Extrusion Profiles<\/a><\/li>\r\n<li><a href=\"https:\/\/sinoextrud.com\/product\/6063-t5-aluminum-extrusion-profile-for-windows-and-doors-and-curtain-walls\/\" target=\"_blank\">6063 T5 Aluminum Extrusion Profile for Windows and Doors and Curtain Walls<\/a><\/li>\r\n<li><a href=\"https:\/\/sinoextrud.com\/product\/c-section-aluminium-extrusion\/\" target=\"_blank\">C Section Aluminium Extrusion<\/a><\/li>\r\n<li><a href=\"https:\/\/sinoextrud.com\/product\/customized-extruded-shaped-aluminum-profiles-6063-anodized-industrial-aluminum-profile\/\" target=\"_blank\">Customized Extruded Shaped Aluminum Profiles 6063 Anodized Industrial Aluminum Profile<\/a><\/li>"},"feature_list":[]},"_links":{"self":[{"href":"https:\/\/sinoextrud.com\/hu\/wp-json\/wp\/v2\/product\/7480","targetHints":{"allow":["GET"]}}],"collection":[{"href":"https:\/\/sinoextrud.com\/hu\/wp-json\/wp\/v2\/product"}],"about":[{"href":"https:\/\/sinoextrud.com\/hu\/wp-json\/wp\/v2\/types\/product"}],"wp:featuredmedia":[{"embeddable":true,"href":"https:\/\/sinoextrud.com\/hu\/wp-json\/wp\/v2\/media\/7479"}],"wp:attachment":[{"href":"https:\/\/sinoextrud.com\/hu\/wp-json\/wp\/v2\/media?parent=7480"}],"wp:term":[{"taxonomy":"category","embeddable":true,"href":"https:\/\/sinoextrud.com\/hu\/wp-json\/wp\/v2\/categories?post=7480"}],"curies":[{"name":"wp","href":"https:\/\/api.w.org\/{rel}","templated":true}]}}