{"id":7464,"date":"2025-06-07T08:05:35","date_gmt":"2025-06-07T08:05:35","guid":{"rendered":"https:\/\/sinoextrud.com\/product\/standard-aluminium-extrusion-profiles-windows-and-doors\/"},"modified":"2025-06-24T06:12:53","modified_gmt":"2025-06-24T06:12:53","slug":"standard-aluminium-sajtolt-profilok-ablakok-es-ajtok","status":"publish","type":"product","link":"https:\/\/sinoextrud.com\/hu\/product\/standard-aluminium-extrusion-profiles-windows-and-doors\/","title":{"rendered":"Standard alum\u00ednium extrud\u00e1lt profilok ablakok \u00e9s ajt\u00f3k"},"content":{"rendered":"<h2>Term\u00e9kek r\u00e9szletei<\/h2>\n<table class=\"custom-table\">\n<tbody>\n<tr>\n<td> Term\u00e9k neve<\/td>\n<td> Standard alum\u00ednium extrud\u00e1lt profilok, Standard alum\u00ednium extrud\u00e1lt profilok ablakok \u00e9s ajt\u00f3k<\/td>\n<\/tr>\n<tr>\n<td> Alum\u00ednium \u00f6tv\u00f6zet<\/td>\n<td> 6063-T5, vagy testreszab\u00e1s<\/td>\n<\/tr>\n<tr>\n<td> Fel\u00fcleti kezel\u00e9s<\/td>\n<td> Porsz\u00f3r\u00e1s vagy testreszab\u00e1s<\/td>\n<\/tr>\n<tr>\n<td> Sz\u00ednes<\/td>\n<td> feh\u00e9r vagy testreszab\u00e1s<\/td>\n<\/tr>\n<tr>\n<td> M\u00e9ret<\/td>\n<td> 1-9m, vagy testreszab\u00e1s<\/td>\n<\/tr>\n<tr>\n<td> Alkalmaz\u00e1s<\/td>\n<td> Speci\u00e1lis alum\u00ednium profilok h\u0171t\u0151borda alum\u00ednium elektromos g\u00e9phez, motorhoz, berendez\u00e9sekhez, stb.<\/td>\n<\/tr>\n<tr>\n<td> M\u00e1rka<\/td>\n<td> Sinoextrud \/ Sinoextrud \/ Sinoextrud Aluminium<\/td>\n<\/tr>\n<tr>\n<td> Eredet<\/td>\n<td> Foshan, K\u00edna<\/td>\n<\/tr>\n<\/tbody>\n<\/table>\n<h2>Gy\u00e1rt\u00f3 b\u00e1zisunk<\/h2>\n<h3>Gy\u00e1ri panor\u00e1ma<\/h3>\n<p><img decoding=\"async\" src=\"\/wp-content\/uploads\/factory-01.webp\"\/><\/p>\n<h3>Alum\u00ednium r\u00fadgy\u00e1rt\u00f3 m\u0171hely<\/h3>\n<p><img decoding=\"async\" src=\"\/wp-content\/uploads\/factory-02.webp\"\/><\/p>\n<p><img decoding=\"async\" src=\"\/wp-content\/uploads\/factory-03.webp\"\/><\/p>\n<h3>Pen\u00e9sz rakt\u00e1r<\/h3>\n<p><img decoding=\"async\" src=\"\/wp-content\/uploads\/factory-04.webp\"\/><\/p>\n<h3>43 alum\u00ednium extrud\u00e1l\u00f3 vonal (500-5500 tonna)<\/h3>\n<p><img decoding=\"async\" src=\"\/wp-content\/uploads\/factory-05.webp\"\/><\/p>\n<p><img decoding=\"async\" src=\"\/wp-content\/uploads\/factory-06.webp\"\/><\/p>\n<p><img decoding=\"async\" src=\"\/wp-content\/uploads\/factory-07.webp\"\/><\/p>\n<h3>Porfest\u0151 m\u0171hely<\/h3>\n<p><img decoding=\"async\" src=\"\/wp-content\/uploads\/factory-09.webp\"\/><\/p>\n<h3>Anodiz\u00e1l\u00f3 m\u0171hely<\/h3>\n<p><img decoding=\"async\" src=\"\/wp-content\/uploads\/factory-10.webp\"\/><\/p>\n<h3>M\u00e9ly feldolgoz\u00e1si m\u0171hely<\/h3>\n<p><img decoding=\"async\" src=\"\/wp-content\/uploads\/factory-11.webp\"\/><\/p>\n<h3>CNC prec\u00edzi\u00f3s megmunk\u00e1l\u00f3 m\u0171hely<\/h3>\n<p><img decoding=\"async\" src=\"\/wp-content\/uploads\/factory-11.5.webp\"\/><\/p>\n<h3>K\u00e9szterm\u00e9k \u00e9s export rakt\u00e1r<\/h3>\n<p><img decoding=\"async\" src=\"\/wp-content\/uploads\/factory-12.webp\"\/><\/p>\n<p><img decoding=\"async\" src=\"\/wp-content\/uploads\/factory-13.webp\"\/><\/p>\n<p><img decoding=\"async\" src=\"\/wp-content\/uploads\/factory-14.webp\"\/><\/p>\n<h2>GYIK<\/h2>\n<p><p><b>1.Mik a szabv\u00e1nyos alum\u00ednium extrud\u00e1lt profilok ablakokhoz \u00e9s ajt\u00f3khoz? <\/b><\/p>\n<p> Az ablakokhoz \u00e9s ajt\u00f3khoz k\u00e9sz\u00fclt standard alum\u00ednium extrud\u00e1l\u00e1si profilok el\u0151re gy\u00e1rtott alum\u00edniumprofilok, amelyeket ablak- \u00e9s ajt\u00f3\u00e9p\u00edt\u00e9shez terveztek, \u00e9s amelyek tart\u00f3s \u00e9s megb\u00edzhat\u00f3 keretet biztos\u00edtanak.<br \/>\n<\/p><br \/>\n<br \/>\n<p><b>2.Mi\u00e9rt haszn\u00e1ljunk alum\u00edniumot az ablak- \u00e9s ajt\u00f3profilokhoz? <\/b><\/p>\n<p> Az alum\u00ednium k\u00f6nny\u0171, korr\u00f3zi\u00f3\u00e1ll\u00f3 \u00e9s nagy szil\u00e1rds\u00e1g\/t\u00f6meg ar\u00e1nyt k\u00edn\u00e1l, \u00edgy ide\u00e1lis olyan ablak- \u00e9s ajt\u00f3rendszerekhez, amelyeknek tart\u00f3ss\u00e1gra, biztons\u00e1gra \u00e9s k\u00f6nny\u0171 karbantarthat\u00f3s\u00e1gra van sz\u00fcks\u00e9g\u00fck.<br \/>\n<\/p><br \/>\n<br \/>\n<p><b>3.Lehet ezeket a profilokat testre szabni? <\/b><\/p>\n<p> Igen, az ablakok \u00e9s ajt\u00f3k standard alum\u00ednium extrud\u00e1lt profiljai m\u00e9ret, alak, kivitel \u00e9s \u00f6tv\u00f6zet tekintet\u00e9ben testre szabhat\u00f3k, hogy megfeleljenek a projekt egyedi k\u00f6vetelm\u00e9nyeinek.<br \/>\n<\/p><br \/>\n<br \/>\n<p><b>4.Alkalmasak-e ezek a profilok k\u00fclt\u00e9ri haszn\u00e1latra? <\/b><\/p>\n<p> Igen, megfelel\u0151 fel\u00fcletkezel\u00e9ssel az alum\u00edniumprofilok ellen\u00e1llnak az UV-sugaraknak, a nedvess\u00e9gnek \u00e9s a h\u0151m\u00e9rs\u00e9klet-ingadoz\u00e1soknak, \u00edgy t\u00f6k\u00e9letesen alkalmasak k\u00fclt\u00e9ri alkalmaz\u00e1sokhoz, p\u00e9ld\u00e1ul ablak- \u00e9s ajt\u00f3keretekhez.<br \/>\n<\/p><br \/>\n<br \/>\n<p><b>5.Milyen kivitelek \u00e1llnak rendelkez\u00e9sre az alum\u00ednium profilokhoz? <\/b><\/p>\n<p> A gyakori kivitelek k\u00f6z\u00e9 tartoznak az elox\u00e1lt, porsz\u00f3rt \u00e9s maratott kivitelek, amelyek mind a tart\u00f3ss\u00e1got, mind az eszt\u00e9tikai rugalmass\u00e1got biztos\u00edtj\u00e1k a k\u00fcl\u00f6nb\u00f6z\u0151 ablak- \u00e9s ajt\u00f3kialak\u00edt\u00e1sokhoz.<br \/>\n<\/p><br \/>\n<br \/>\n<p><b>6.Mennyire egyszer\u0171 az alum\u00ednium ablak- \u00e9s ajt\u00f3profilok be\u00e9p\u00edt\u00e9se? <\/b><\/p>\n<p> Az alum\u00ednium profilokat \u00fagy tervezt\u00e9k, hogy k\u00f6nnyen felszerelhet\u0151ek legyenek, cs\u00f6kkentve a munkaid\u0151t \u00e9s a k\u00f6lts\u00e9geket, \u00e9s szabv\u00e1nyos hardverekkel \u00e9s csatlakoz\u00f3kkal felszerelhet\u0151ek.<br \/>\n<\/p><br \/>\n<br \/>\n<p><b>7.K\u00f6rnyezetbar\u00e1tok-e az alum\u00ednium ablak- \u00e9s ajt\u00f3profilok? <\/b><\/p>\n<p> Igen, az alum\u00ednium 100% \u00fajrahasznos\u00edthat\u00f3, \u00edgy k\u00f6rnyezetbar\u00e1t v\u00e1laszt\u00e1s a fenntarthat\u00f3 \u00e9p\u00edt\u0151ipar \u00e9s az ablak- \u00e9s ajt\u00f3keretrendszerek sz\u00e1m\u00e1ra.<br \/>\n<\/p><br \/><\/p>","protected":false},"featured_media":7463,"template":"","categories":[67],"class_list":["post-7464","product","type-product","status-publish","has-post-thumbnail","hentry","category-architectural-aluminium-profile"],"meta_box":{"hilight_text_group":{"product_hilight_text":"<li>High-quality standard aluminum extrusion profiles provide strength, durability, and precision for windows and doors.<\/li>\r\r\n<li>Corrosion-resistant, making them ideal for both indoor and outdoor applications in varying weather conditions.<\/li>\r\r\n<li>Lightweight design ensures easy handling and faster installation, reducing overall project costs.<\/li>\r\r\n<li>Customizable profiles and finishes to meet specific design and functional requirements for windows and doors.<\/li>\r\r\n<li>Low maintenance, offering a long-term solution for energy-efficient, secure, and aesthetically pleasing window and door systems.<\/li>\r\r\n<li>Compatible with various glass types and hardware for versatile window and door system designs.<\/li>","product_chanpin_blog":"<ul>\r\r\n<li><a href=\"https:\/\/sinoextrud.com\/t-slot-v-slot-differences\/\" target=\"_blank\">t slot vs v slot<\/a><\/li>\r\r\n<li><a href=\"https:\/\/sinoextrud.com\/what-is-4040-aluminium-extrud\/\" target=\"_blank\">4040 aluminium extrusion<\/a><\/li>\r\r\n<li><a href=\"https:\/\/sinoextrud.com\/what-is-4040-aluminium-extrud\/\" target=\"_blank\">aluminum extrusions for industrial racks<\/a><\/li>\r\r\n<li><a href=\"https:\/\/sinoextrud.com\/powder-coating-aluminium-process\/\" target=\"_blank\">powder coating aluminium<\/a><\/li>\r\r\n<li><a href=\"https:\/\/sinoextrud.com\/what-is-an-aluminium-strip-ceiling\/\" target=\"_blank\">aluminium strip ceiling<\/a><\/li>\r\r\n<li><a href=\"https:\/\/sinoextrud.com\/what-is-a-heat-sink\/\" target=\"_blank\">what is a heat sink<\/a><\/li>\r\r\n<\/ul>","product_chanpin_chanpin":"<li><a href=\"https:\/\/sinoextrud.com\/product\/factory-offer-6061-aluminum-railing-profiles\/\" target=\"_blank\">Factory Offer 6061 Aluminum Railing Profiles<\/a><\/li>\r\n<li><a href=\"https:\/\/sinoextrud.com\/product\/coated-treatment-aluminium-extrusion\/\" target=\"_blank\">Coated Treatment Aluminium Extrusion<\/a><\/li>\r\n<li><a href=\"https:\/\/sinoextrud.com\/product\/shutter-type-of-aluminum-profiles-for-doors-and-windows\/\" target=\"_blank\">Shutter Type Of Aluminum Profiles For Doors And Windows<\/a><\/li>\r\n<li><a href=\"https:\/\/sinoextrud.com\/product\/wood-grain-aluminum-extrusion-slider\/\" target=\"_blank\">Wood Grain Aluminum Extrusion Slider<\/a><\/li>\r\n<li><a href=\"https:\/\/sinoextrud.com\/product\/standard-aluminium-extrusion-profiles-windows-and-doors\/\" target=\"_blank\">Standard Aluminium Extrusion Profiles Windows And Doors<\/a><\/li>\r\n<li><a href=\"https:\/\/sinoextrud.com\/product\/l-shaped-aluminum-trim\/\" target=\"_blank\">L Shaped Aluminum Trim<\/a><\/li>\r\n<li><a href=\"https:\/\/sinoextrud.com\/product\/standard-aluminium-sections-for-partition\/\" target=\"_blank\">Standard Aluminium Sections For Partition<\/a><\/li>\r\n<li><a href=\"https:\/\/sinoextrud.com\/product\/c-section-aluminium-extrusion\/\" target=\"_blank\">C Section Aluminium Extrusion<\/a><\/li>\r\n<li><a href=\"https:\/\/sinoextrud.com\/product\/aluminum-sliding-door-track\/\" target=\"_blank\">Aluminum Sliding Door Track<\/a><\/li>\r\n<li><a href=\"https:\/\/sinoextrud.com\/product\/l-shaped-aluminium-profile\/\" target=\"_blank\">L Shaped Aluminium Profile<\/a><\/li>\r\n<li><a href=\"https:\/\/sinoextrud.com\/product\/extruded-aluminum-sections\/\" target=\"_blank\">Extruded Aluminum Sections<\/a><\/li>"},"feature_list":[]},"_links":{"self":[{"href":"https:\/\/sinoextrud.com\/hu\/wp-json\/wp\/v2\/product\/7464","targetHints":{"allow":["GET"]}}],"collection":[{"href":"https:\/\/sinoextrud.com\/hu\/wp-json\/wp\/v2\/product"}],"about":[{"href":"https:\/\/sinoextrud.com\/hu\/wp-json\/wp\/v2\/types\/product"}],"wp:featuredmedia":[{"embeddable":true,"href":"https:\/\/sinoextrud.com\/hu\/wp-json\/wp\/v2\/media\/7463"}],"wp:attachment":[{"href":"https:\/\/sinoextrud.com\/hu\/wp-json\/wp\/v2\/media?parent=7464"}],"wp:term":[{"taxonomy":"category","embeddable":true,"href":"https:\/\/sinoextrud.com\/hu\/wp-json\/wp\/v2\/categories?post=7464"}],"curies":[{"name":"wp","href":"https:\/\/api.w.org\/{rel}","templated":true}]}}