{"id":7454,"date":"2025-06-07T07:45:15","date_gmt":"2025-06-07T07:45:15","guid":{"rendered":"https:\/\/sinoextrud.com\/product\/flat-aluminum-extrusions\/"},"modified":"2025-06-24T06:12:51","modified_gmt":"2025-06-24T06:12:51","slug":"lapos-aluminium-extrudalt-termekek","status":"publish","type":"product","link":"https:\/\/sinoextrud.com\/hu\/product\/flat-aluminum-extrusions\/","title":{"rendered":"Lapos alum\u00ednium extrud\u00e1l\u00e1s"},"content":{"rendered":"<h2>Term\u00e9kek r\u00e9szletei<\/h2>\n<table class=\"custom-table\">\n<tbody>\n<tr>\n<td> Term\u00e9k neve<\/td>\n<td> Gyors \u00e1raj\u00e1nlat 1050 1060 1080 1100 1435 lapos r\u00fad alum\u00ednium lapos alum\u00ednium extrud\u00e1lt term\u00e9kek<\/td>\n<\/tr>\n<tr>\n<td> Anyag<\/td>\n<td> Alum\u00ednium \u00f6tv\u00f6zet\/Alum\u00ednium<\/td>\n<\/tr>\n<tr>\n<td> Hossz\u00fas\u00e1g<\/td>\n<td> 0-6000mm<\/td>\n<\/tr>\n<tr>\n<td> Shape<\/td>\n<td> Kerek, n\u00e9gyzet, t\u00e9glalap alak\u00fa, lapos testreszabva<\/td>\n<\/tr>\n<tr>\n<td> Standard<\/td>\n<td> GB\/T3191-2010<\/td>\n<\/tr>\n<tr>\n<td> Fokozat<\/td>\n<td> 6061\/6063<\/td>\n<\/tr>\n<tr>\n<td> Fel\u00fclet<\/td>\n<td> Sima, ecsetel\u00e9s, malom, t\u00fck\u00f6r, homokf\u00fav\u00e1s<\/td>\n<\/tr>\n<tr>\n<td> Alkalmaz\u00e1s<\/td>\n<td> Ipari, \u00e9p\u00edt\u0151ipari, dekorat\u00edv, kiterjedt stb ...<\/td>\n<\/tr>\n<\/tbody>\n<\/table>\n<h2>Gy\u00e1rt\u00f3 b\u00e1zisunk<\/h2>\n<h3>Gy\u00e1ri panor\u00e1ma<\/h3>\n<p><img decoding=\"async\" src=\"\/wp-content\/uploads\/factory-01.webp\"\/><\/p>\n<h3>Alum\u00ednium r\u00fadgy\u00e1rt\u00f3 m\u0171hely<\/h3>\n<p><img decoding=\"async\" src=\"\/wp-content\/uploads\/factory-02.webp\"\/><\/p>\n<p><img decoding=\"async\" src=\"\/wp-content\/uploads\/factory-03.webp\"\/><\/p>\n<h3>Pen\u00e9sz rakt\u00e1r<\/h3>\n<p><img decoding=\"async\" src=\"\/wp-content\/uploads\/factory-04.webp\"\/><\/p>\n<h3>43 alum\u00ednium extrud\u00e1l\u00f3 vonal (500-5500 tonna)<\/h3>\n<p><img decoding=\"async\" src=\"\/wp-content\/uploads\/factory-05.webp\"\/><\/p>\n<p><img decoding=\"async\" src=\"\/wp-content\/uploads\/factory-06.webp\"\/><\/p>\n<p><img decoding=\"async\" src=\"\/wp-content\/uploads\/factory-07.webp\"\/><\/p>\n<h3>Porfest\u0151 m\u0171hely<\/h3>\n<p><img decoding=\"async\" src=\"\/wp-content\/uploads\/factory-09.webp\"\/><\/p>\n<h3>Anodiz\u00e1l\u00f3 m\u0171hely<\/h3>\n<p><img decoding=\"async\" src=\"\/wp-content\/uploads\/factory-10.webp\"\/><\/p>\n<h3>M\u00e9ly feldolgoz\u00e1si m\u0171hely<\/h3>\n<p><img decoding=\"async\" src=\"\/wp-content\/uploads\/factory-11.webp\"\/><\/p>\n<h3>CNC prec\u00edzi\u00f3s megmunk\u00e1l\u00f3 m\u0171hely<\/h3>\n<p><img decoding=\"async\" src=\"\/wp-content\/uploads\/factory-11.5.webp\"\/><\/p>\n<h3>K\u00e9szterm\u00e9k \u00e9s export rakt\u00e1r<\/h3>\n<p><img decoding=\"async\" src=\"\/wp-content\/uploads\/factory-12.webp\"\/><\/p>\n<p><img decoding=\"async\" src=\"\/wp-content\/uploads\/factory-13.webp\"\/><\/p>\n<p><img decoding=\"async\" src=\"\/wp-content\/uploads\/factory-14.webp\"\/><\/p>\n<h2>GYIK<\/h2>\n<p><p><b>1.Mi a lapos alum\u00ednium extrud\u00e1l\u00e1s? <\/b><\/p>\n<p> A lapos alum\u00ednium sajtol\u00e1sok lapos alak\u00fa alum\u00ednium profilok, amelyeket \u00e1ltal\u00e1ban keretez\u00e9shez, tart\u00f3szerkezetekhez \u00e9s egyedi gy\u00e1rt\u00e1shoz haszn\u00e1lnak k\u00fcl\u00f6nb\u00f6z\u0151 ipari \u00e9s \u00e9p\u00edt\u00e9szeti alkalmaz\u00e1sokhoz.<br \/>\n<\/p><br \/>\n<br \/>\n<p><b>2.Mi\u00e9rt v\u00e1lassza a lapos alum\u00ednium extrud\u00e1l\u00e1st? <\/b><\/p>\n<p> A s\u00edk alum\u00ednium sajtolt term\u00e9kek k\u00f6nny\u0171ek, tart\u00f3sak, korr\u00f3zi\u00f3\u00e1ll\u00f3ak \u00e9s nagym\u00e9rt\u00e9kben testre szabhat\u00f3k, \u00edgy sz\u00e1mos alkalmaz\u00e1shoz \u00e9s ipar\u00e1ghoz alkalmasak.<br \/>\n<\/p><br \/>\n<br \/>\n<p><b>3.Can lapos alum\u00ednium extrud\u00e1l\u00e1sok testreszabhat\u00f3? <\/b><\/p>\n<p> Igen, a lapos alum\u00ednium extrud\u00e1lt lemezek m\u00e9retben, vastags\u00e1gban, alakban \u00e9s kivitelben testre szabhat\u00f3k, hogy megfeleljenek a konkr\u00e9t projekt- \u00e9s tervez\u00e9si ig\u00e9nyeknek.<br \/>\n<\/p><br \/>\n<br \/>\n<p><b>4.Milyen fel\u00fcletek \u00e1llnak rendelkez\u00e9sre a lapos alum\u00ednium extrud\u00e1l\u00e1sokhoz? <\/b><\/p>\n<p> Az \u00e1ltal\u00e1nos kivitelek k\u00f6z\u00e9 tartozik az elox\u00e1lt, porsz\u00f3rt, csiszolt \u00e9s csiszolt kivitel a tart\u00f3ss\u00e1g n\u00f6vel\u00e9se \u00e9s az eszt\u00e9tikai k\u00f6vetelm\u00e9nyeknek val\u00f3 megfelel\u00e9s \u00e9rdek\u00e9ben.<br \/>\n<\/p><br \/>\n<br \/>\n<p><b>5.Alkalmasak-e ezek az extrud\u00e1l\u00e1sok k\u00fclt\u00e9ri haszn\u00e1latra? <\/b><\/p>\n<p> Igen, a megfelel\u0151 fel\u00fcletkezel\u00e9ssel a lapos alum\u00ednium extrud\u00e1l\u00e1sok rendk\u00edv\u00fcl ellen\u00e1ll\u00f3ak az id\u0151j\u00e1r\u00e1ssal \u00e9s a korr\u00f3zi\u00f3val szemben, \u00edgy ide\u00e1lisak k\u00fclt\u00e9ri alkalmaz\u00e1sokhoz.<br \/>\n<\/p><br \/>\n<br \/>\n<p><b>6.Mennyire k\u00f6nny\u0171 a s\u00edk alum\u00ednium extrud\u00e1lt r\u00e9szekkel dolgozni? <\/b><\/p>\n<p> Az alum\u00ednium k\u00f6nnyen v\u00e1ghat\u00f3, f\u00farhat\u00f3 \u00e9s megmunk\u00e1lhat\u00f3, \u00edgy rugalmasan testreszabhat\u00f3 \u00e9s gyorsan m\u00f3dos\u00edthat\u00f3 a gy\u00e1rt\u00e1s sor\u00e1n.<br \/>\n<\/p><br \/>\n<br \/>\n<p><b>7.Milyen ipar\u00e1gak haszn\u00e1lj\u00e1k a lapos alum\u00ednium extrud\u00e1l\u00e1st? <\/b><\/p>\n<p> Ezeket az extrud\u00e1lt term\u00e9keket sz\u00e9les k\u00f6rben haszn\u00e1lj\u00e1k az \u00e9p\u00edt\u0151iparban, az aut\u00f3iparban, a g\u00e9piparban, az elektronik\u00e1ban \u00e9s a gy\u00e1rt\u00e1sban keretez\u00e9shez, tart\u00f3khoz \u00e9s szerkezeti alkalmaz\u00e1sokhoz.<br \/>\n<\/p><br \/>\n<br \/>\n<p><b>8.Are lapos alum\u00ednium extrud\u00e1l\u00e1sok k\u00f6lts\u00e9ghat\u00e9konyak? <\/b><\/p>\n<p> Igen, k\u00f6lts\u00e9ghat\u00e9kony megold\u00e1st ny\u00fajtanak k\u00f6nny\u0171 kialak\u00edt\u00e1suk, tart\u00f3ss\u00e1guk \u00e9s id\u0151vel alacsony karbantart\u00e1si ig\u00e9ny\u00fck miatt.<br \/>\n<\/p><br \/><\/p>","protected":false},"featured_media":7453,"template":"","categories":[67],"class_list":["post-7454","product","type-product","status-publish","has-post-thumbnail","hentry","category-architectural-aluminium-profile"],"meta_box":{"hilight_text_group":{"product_hilight_text":"<li>Versatile flat aluminum extrusions ideal for a wide range of applications including framing, support, and construction.<\/li>\r\r\n<li>Lightweight yet durable construction, offering high strength while reducing material weight.<\/li>\r\r\n<li>Corrosion-resistant surface ensures long-lasting performance in various environmental conditions.<\/li>\r\r\n<li>Customizable sizes, thicknesses, and finishes to meet specific project requirements.<\/li>\r\r\n<li>Easy to machine and fabricate, providing flexibility for custom designs.<\/li>\r\r\n<li>Cost-effective and low-maintenance solution for both commercial and industrial uses.<\/li>","product_chanpin_blog":"<ul>\r\r\n<li><a href=\"https:\/\/sinoextrud.com\/t-slot-v-slot-differences\/\" target=\"_blank\">t slot vs v slot<\/a><\/li>\r\r\n<li><a href=\"https:\/\/sinoextrud.com\/what-is-4040-aluminium-extrud\/\" target=\"_blank\">4040 aluminium extrusion<\/a><\/li>\r\r\n<li><a href=\"https:\/\/sinoextrud.com\/what-is-4040-aluminium-extrud\/\" target=\"_blank\">aluminum extrusions for industrial racks<\/a><\/li>\r\r\n<li><a href=\"https:\/\/sinoextrud.com\/powder-coating-aluminium-process\/\" target=\"_blank\">powder coating aluminium<\/a><\/li>\r\r\n<li><a href=\"https:\/\/sinoextrud.com\/what-is-an-aluminium-strip-ceiling\/\" target=\"_blank\">aluminium strip ceiling<\/a><\/li>\r\r\n<li><a href=\"https:\/\/sinoextrud.com\/what-is-a-heat-sink\/\" target=\"_blank\">what is a heat sink<\/a><\/li>\r\r\n<\/ul>","product_chanpin_chanpin":"<li><a href=\"https:\/\/sinoextrud.com\/product\/anodized-aluminum-railing-systems\/\" target=\"_blank\">Anodized Aluminum Railing Systems<\/a><\/li>\r\n<li><a href=\"https:\/\/sinoextrud.com\/product\/customize-extruded-aluminium-shower-profiles\/\" target=\"_blank\">Customize Extruded Aluminium Shower Profiles<\/a><\/li>\r\n<li><a href=\"https:\/\/sinoextrud.com\/product\/customize-extruded-aluminum-channel-profiles\/\" target=\"_blank\">Customize Extruded Aluminum Channel Profiles<\/a><\/li>\r\n<li><a href=\"https:\/\/sinoextrud.com\/product\/extruded-aluminum-enclosure-case\/\" target=\"_blank\">Extruded Aluminum Enclosure Case<\/a><\/li>\r\n<li><a href=\"https:\/\/sinoextrud.com\/product\/flat-aluminum-extrusions\/\" target=\"_blank\">Flat Aluminum Extrusions<\/a><\/li>\r\n<li><a href=\"https:\/\/sinoextrud.com\/product\/factory-offer-6061-aluminum-railing-profiles\/\" target=\"_blank\">Factory Offer 6061 Aluminum Railing Profiles<\/a><\/li>\r\n<li><a href=\"https:\/\/sinoextrud.com\/product\/coated-treatment-aluminium-extrusion\/\" target=\"_blank\">Coated Treatment Aluminium Extrusion<\/a><\/li>\r\n<li><a href=\"https:\/\/sinoextrud.com\/product\/shutter-type-of-aluminum-profiles-for-doors-and-windows\/\" target=\"_blank\">Shutter Type Of Aluminum Profiles For Doors And Windows<\/a><\/li>\r\n<li><a href=\"https:\/\/sinoextrud.com\/product\/wood-grain-aluminum-extrusion-slider\/\" target=\"_blank\">Wood Grain Aluminum Extrusion Slider<\/a><\/li>\r\n<li><a href=\"https:\/\/sinoextrud.com\/product\/aluminum-t-bar-extrusion\/\" target=\"_blank\">Aluminum T Bar Extrusion<\/a><\/li>\r\n<li><a href=\"https:\/\/sinoextrud.com\/product\/aluminum-anodized-gold-ashtray\/\" target=\"_blank\">Aluminum Anodized Gold Ashtray<\/a><\/li>"},"feature_list":[]},"_links":{"self":[{"href":"https:\/\/sinoextrud.com\/hu\/wp-json\/wp\/v2\/product\/7454","targetHints":{"allow":["GET"]}}],"collection":[{"href":"https:\/\/sinoextrud.com\/hu\/wp-json\/wp\/v2\/product"}],"about":[{"href":"https:\/\/sinoextrud.com\/hu\/wp-json\/wp\/v2\/types\/product"}],"wp:featuredmedia":[{"embeddable":true,"href":"https:\/\/sinoextrud.com\/hu\/wp-json\/wp\/v2\/media\/7453"}],"wp:attachment":[{"href":"https:\/\/sinoextrud.com\/hu\/wp-json\/wp\/v2\/media?parent=7454"}],"wp:term":[{"taxonomy":"category","embeddable":true,"href":"https:\/\/sinoextrud.com\/hu\/wp-json\/wp\/v2\/categories?post=7454"}],"curies":[{"name":"wp","href":"https:\/\/api.w.org\/{rel}","templated":true}]}}