{"id":7452,"date":"2025-06-07T07:43:16","date_gmt":"2025-06-07T07:43:16","guid":{"rendered":"https:\/\/sinoextrud.com\/product\/extruded-aluminum-enclosure-case\/"},"modified":"2025-06-24T06:12:51","modified_gmt":"2025-06-24T06:12:51","slug":"extrudalt-aluminium-haz-3","status":"publish","type":"product","link":"https:\/\/sinoextrud.com\/hu\/product\/extruded-aluminum-enclosure-case\/","title":{"rendered":"Extrud\u00e1lt alum\u00ednium h\u00e1z tok"},"content":{"rendered":"<h2>Term\u00e9kek r\u00e9szletei<\/h2>\n<table class=\"custom-table\">\n<tbody>\n<tr>\n<td> CNC megmunk\u00e1l\u00e1s<\/td>\n<td> 510 * 1020 * 500 mm (max) , +\/-0,01 mm<\/td>\n<\/tr>\n<tr>\n<td> CNC b\u00e9lyegz\u00e9s<\/td>\n<td> 600 * 600 mm (max.) , +\/-0,05 mm<\/td>\n<\/tr>\n<tr>\n<td> Rajzol\u00e1si form\u00e1tum<\/td>\n<td> CAD PDF<\/td>\n<\/tr>\n<tr>\n<td> Tesztberendez\u00e9sek<\/td>\n<td> m\u00e9r\u0151m\u0171szer, projektor, CMM, magass\u00e1gm\u00e9r\u0151, mikrom\u00e9ter, menetm\u00e9r\u0151k, m\u00e9r\u0151sz\u00f6gek, kalibr\u00e1torok, t\u0171m\u00e9r\u0151k stb.<\/td>\n<\/tr>\n<\/tbody>\n<\/table>\n<h2>Gy\u00e1rt\u00f3 b\u00e1zisunk<\/h2>\n<h3>Gy\u00e1ri panor\u00e1ma<\/h3>\n<p><img decoding=\"async\" src=\"\/wp-content\/uploads\/factory-01.webp\"\/><\/p>\n<h3>Alum\u00ednium r\u00fadgy\u00e1rt\u00f3 m\u0171hely<\/h3>\n<p><img decoding=\"async\" src=\"\/wp-content\/uploads\/factory-02.webp\"\/><\/p>\n<\/p>\n<p><img decoding=\"async\" src=\"\/wp-content\/uploads\/factory-03.webp\"\/><\/p>\n<h3>Pen\u00e9sz rakt\u00e1r<\/h3>\n<p><img decoding=\"async\" src=\"\/wp-content\/uploads\/factory-04.webp\"\/><\/p>\n<h3>43 alum\u00ednium extrud\u00e1l\u00f3 vonal (500-5500 tonna)<\/h3>\n<p><img decoding=\"async\" src=\"\/wp-content\/uploads\/factory-05.webp\"\/><\/p>\n<p><img decoding=\"async\" src=\"\/wp-content\/uploads\/factory-06.webp\"\/><\/p>\n<p><img decoding=\"async\" src=\"\/wp-content\/uploads\/factory-07.webp\"\/><\/p>\n<h3>Porfest\u0151 m\u0171hely<\/h3>\n<p><img decoding=\"async\" src=\"\/wp-content\/uploads\/factory-09.webp\"\/><\/p>\n<h3>Anodiz\u00e1l\u00f3 m\u0171hely<\/h3>\n<p><img decoding=\"async\" src=\"\/wp-content\/uploads\/factory-10.webp\"\/><\/p>\n<h3>M\u00e9ly feldolgoz\u00e1si m\u0171hely<\/h3>\n<p><img decoding=\"async\" src=\"\/wp-content\/uploads\/factory-11.webp\"\/><\/p>\n<h3>CNC prec\u00edzi\u00f3s megmunk\u00e1l\u00f3 m\u0171hely<\/h3>\n<p><img decoding=\"async\" src=\"\/wp-content\/uploads\/factory-11.5.webp\"\/><\/p>\n<h3>K\u00e9szterm\u00e9k \u00e9s export rakt\u00e1r<\/h3>\n<p><img decoding=\"async\" src=\"\/wp-content\/uploads\/factory-12.webp\"\/><\/p>\n<p><img decoding=\"async\" src=\"\/wp-content\/uploads\/factory-13.webp\"\/><\/p>\n<p><img decoding=\"async\" src=\"\/wp-content\/uploads\/factory-14.webp\"\/><\/p>\n<h2>GYIK<\/h2>\n<p><b>1.What egy extrud\u00e1lt alum\u00ednium h\u00e1z tok? <\/b><\/p>\n<p> Az extrud\u00e1lt alum\u00edniumb\u00f3l k\u00e9sz\u00fclt tok egy alum\u00edniumb\u00f3l k\u00e9sz\u00fclt v\u00e9d\u0151h\u00e1z, amelyet \u00e1ltal\u00e1ban elektronikus alkatr\u00e9szek, g\u00e9pek \u00e9s ipari berendez\u00e9sek burkol\u00e1s\u00e1ra \u00e9s v\u00e9delm\u00e9re haszn\u00e1lnak.\n<\/p>\n<p><\/p>\n<p><b>2.Mi\u00e9rt v\u00e1lassza az alum\u00edniumot a burkolatokhoz? <\/b><\/p>\n<p> Az alum\u00ednium k\u00f6nny\u0171, tart\u00f3s, korr\u00f3zi\u00f3\u00e1ll\u00f3, \u00e9s kiv\u00e1l\u00f3 v\u00e9delmet ny\u00fajt a fizikai s\u00e9r\u00fcl\u00e9sekkel \u00e9s a k\u00f6rnyezeti t\u00e9nyez\u0151kkel szemben, \u00edgy ide\u00e1lis a burkolatokhoz.\n<\/p>\n<p><\/p>\n<p><b>3.Can ezek az alum\u00ednium burkolatok testre szabhat\u00f3ak? <\/b><\/p>\n<p> Igen, m\u00e9ret, forma, \u00f6tv\u00f6zet, kivitel \u00e9s szerel\u00e9si lehet\u0151s\u00e9gek tekintet\u00e9ben testre szabhat\u00f3k, hogy megfeleljenek a projekt egyedi k\u00f6vetelm\u00e9nyeinek.\n<\/p>\n<p><\/p>\n<p><b>4.Milyen kivitelek \u00e1llnak rendelkez\u00e9sre az alum\u00ednium burkolatokhoz? <\/b><\/p>\n<p> A gyakori kivitelek k\u00f6z\u00e9 tartozik az elox\u00e1l\u00e1s, a porfest\u00e9s \u00e9s a csiszolt kivitelek, amelyek tov\u00e1bbi korr\u00f3zi\u00f3\u00e1ll\u00f3s\u00e1got \u00e9s eleg\u00e1ns megjelen\u00e9st biztos\u00edtanak.\n<\/p>\n<p><\/p>\n<p><b>5.Az alum\u00ednium h\u00e1zak id\u0151j\u00e1r\u00e1s\u00e1ll\u00f3ak? <\/b><\/p>\n<p> Igen, az alum\u00edniumh\u00e1zak rendk\u00edv\u00fcl ellen\u00e1ll\u00f3ak a nedvess\u00e9ggel, az UV-sugarakkal \u00e9s a h\u0151m\u00e9rs\u00e9klet-ingadoz\u00e1sokkal szemben, \u00edgy belt\u00e9ri \u00e9s k\u00fclt\u00e9ri haszn\u00e1latra egyar\u00e1nt alkalmasak.\n<\/p>\n<p><\/p>\n<p><b>6.Milyen ipar\u00e1gak haszn\u00e1lnak alum\u00ednium tokokat? <\/b><\/p>\n<p> Sz\u00e9les k\u00f6rben haszn\u00e1lj\u00e1k \u0151ket az elektronik\u00e1ban, a t\u00e1vk\u00f6zl\u00e9sben, az ipari vez\u00e9rl\u0151rendszerekben, az aut\u00f3iparban \u00e9s a meg\u00fajul\u00f3 energiaszektorban.\n<\/p>\n<p><\/p>\n<p><b>7.Mennyire k\u00f6nny\u0171 m\u00f3dos\u00edtani az alum\u00ednium burkolatokat? <\/b><\/p>\n<p> Az alum\u00ednium k\u00f6nnyen megmunk\u00e1lhat\u00f3, v\u00e1ghat\u00f3, f\u00farhat\u00f3 \u00e9s \u00f6sszeszerelhet\u0151, lehet\u0151v\u00e9 t\u00e9ve a gy\u00e1rt\u00e1s sor\u00e1n t\u00f6rt\u00e9n\u0151 hat\u00e9kony m\u00f3dos\u00edt\u00e1sokat \u00e9s testreszab\u00e1sokat.\n<\/p>\n<p><\/p>\n<p><b>8.Is alum\u00ednium k\u00f6rnyezetbar\u00e1t? <\/b><\/p>\n<p> Igen, az alum\u00ednium 100% \u00fajrahasznos\u00edthat\u00f3, \u00e9s fenntarthat\u00f3 lehet\u0151s\u00e9get biztos\u00edt a k\u00f6rnyezettudatos gy\u00e1rt\u00e1si gyakorlatok sz\u00e1m\u00e1ra.\n<\/p>\n<p><\/p>","protected":false},"featured_media":7451,"template":"","categories":[67],"class_list":["post-7452","product","type-product","status-publish","has-post-thumbnail","hentry","category-architectural-aluminium-profile"],"meta_box":{"hilight_text_group":{"product_hilight_text":"<li>High-strength extruded aluminum provides excellent protection for sensitive electronic components.<\/li>\r\r\n<li>Lightweight yet durable, offering strong structural integrity without added weight.<\/li>\r\r\n<li>Corrosion-resistant finish ensures long-term performance in harsh environments.<\/li>\r\r\n<li>Customizable sizes, shapes, and surface finishes to meet specific design requirements.<\/li>\r\r\n<li>Easy to machine, cut, and assemble, reducing manufacturing time and costs.<\/li>\r\r\n<li>Ideal for electronics, control systems, and industrial enclosures requiring secure, rugged protection.<\/li>","product_chanpin_blog":"<ul>\r\r\n<li><a href=\"https:\/\/sinoextrud.com\/t-slot-v-slot-differences\/\" target=\"_blank\">t slot vs v slot<\/a><\/li>\r\r\n<li><a href=\"https:\/\/sinoextrud.com\/what-is-4040-aluminium-extrud\/\" target=\"_blank\">4040 aluminium extrusion<\/a><\/li>\r\r\n<li><a href=\"https:\/\/sinoextrud.com\/what-is-4040-aluminium-extrud\/\" target=\"_blank\">aluminum extrusions for industrial racks<\/a><\/li>\r\r\n<li><a href=\"https:\/\/sinoextrud.com\/powder-coating-aluminium-process\/\" target=\"_blank\">powder coating aluminium<\/a><\/li>\r\r\n<li><a href=\"https:\/\/sinoextrud.com\/what-is-an-aluminium-strip-ceiling\/\" target=\"_blank\">aluminium strip ceiling<\/a><\/li>\r\r\n<li><a href=\"https:\/\/sinoextrud.com\/what-is-a-heat-sink\/\" target=\"_blank\">what is a heat sink<\/a><\/li>\r\r\n<\/ul>","product_chanpin_chanpin":"<li><a href=\"https:\/\/sinoextrud.com\/product\/anodized-aluminum-handrail\/\" target=\"_blank\">Anodized Aluminum Handrail<\/a><\/li>\r\n<li><a href=\"https:\/\/sinoextrud.com\/product\/anodized-aluminum-railing-systems\/\" target=\"_blank\">Anodized Aluminum Railing Systems<\/a><\/li>\r\n<li><a href=\"https:\/\/sinoextrud.com\/product\/customize-extruded-aluminium-shower-profiles\/\" target=\"_blank\">Customize Extruded Aluminium Shower Profiles<\/a><\/li>\r\n<li><a href=\"https:\/\/sinoextrud.com\/product\/customize-extruded-aluminum-channel-profiles\/\" target=\"_blank\">Customize Extruded Aluminum Channel Profiles<\/a><\/li>\r\n<li><a href=\"https:\/\/sinoextrud.com\/product\/extruded-aluminum-enclosure-case\/\" target=\"_blank\">Extruded Aluminum Enclosure Case<\/a><\/li>\r\n<li><a href=\"https:\/\/sinoextrud.com\/product\/flat-aluminum-extrusions\/\" target=\"_blank\">Flat Aluminum Extrusions<\/a><\/li>\r\n<li><a href=\"https:\/\/sinoextrud.com\/product\/factory-offer-6061-aluminum-railing-profiles\/\" target=\"_blank\">Factory Offer 6061 Aluminum Railing Profiles<\/a><\/li>\r\n<li><a href=\"https:\/\/sinoextrud.com\/product\/coated-treatment-aluminium-extrusion\/\" target=\"_blank\">Coated Treatment Aluminium Extrusion<\/a><\/li>\r\n<li><a href=\"https:\/\/sinoextrud.com\/product\/shutter-type-of-aluminum-profiles-for-doors-and-windows\/\" target=\"_blank\">Shutter Type Of Aluminum Profiles For Doors And Windows<\/a><\/li>\r\n<li><a href=\"https:\/\/sinoextrud.com\/product\/aluminum-handrail-profiles\/\" target=\"_blank\">Aluminum Handrail Profiles<\/a><\/li>\r\n<li><a href=\"https:\/\/sinoextrud.com\/product\/professional-aluminium-tubing\/\" target=\"_blank\">Professional Aluminium Tubing<\/a><\/li>"},"feature_list":[]},"_links":{"self":[{"href":"https:\/\/sinoextrud.com\/hu\/wp-json\/wp\/v2\/product\/7452","targetHints":{"allow":["GET"]}}],"collection":[{"href":"https:\/\/sinoextrud.com\/hu\/wp-json\/wp\/v2\/product"}],"about":[{"href":"https:\/\/sinoextrud.com\/hu\/wp-json\/wp\/v2\/types\/product"}],"wp:featuredmedia":[{"embeddable":true,"href":"https:\/\/sinoextrud.com\/hu\/wp-json\/wp\/v2\/media\/7451"}],"wp:attachment":[{"href":"https:\/\/sinoextrud.com\/hu\/wp-json\/wp\/v2\/media?parent=7452"}],"wp:term":[{"taxonomy":"category","embeddable":true,"href":"https:\/\/sinoextrud.com\/hu\/wp-json\/wp\/v2\/categories?post=7452"}],"curies":[{"name":"wp","href":"https:\/\/api.w.org\/{rel}","templated":true}]}}