{"id":7434,"date":"2025-06-07T07:20:46","date_gmt":"2025-06-07T07:20:46","guid":{"rendered":"https:\/\/sinoextrud.com\/product\/customized-aluminum-alloy-housing-grow-light\/"},"modified":"2025-06-24T06:12:48","modified_gmt":"2025-06-24T06:12:48","slug":"testreszabott-aluminiumotvozet-haz-novekszik-feny","status":"publish","type":"product","link":"https:\/\/sinoextrud.com\/hu\/product\/customized-aluminum-alloy-housing-grow-light\/","title":{"rendered":"Testreszabott alum\u00ednium \u00f6tv\u00f6zet h\u00e1z n\u00f6veked\u00e9se f\u00e9ny"},"content":{"rendered":"<h2>Term\u00e9kek r\u00e9szletei<\/h2>\n<table class=\"custom-table\">\n<tbody>\n<tr>\n<td> N\u00e9v:<\/td>\n<td> Testreszabott alum\u00ednium \u00f6tv\u00f6zet h\u00e1z n\u00f6veked\u00e9se f\u00e9ny<\/td>\n<\/tr>\n<tr>\n<td> M\u00e1rka:<\/td>\n<td> Sinoextrud \/ Sinoextrud<\/td>\n<\/tr>\n<tr>\n<td> Anyag:<\/td>\n<td> 6000-es sorozat<\/td>\n<\/tr>\n<tr>\n<td> Lelkiismeretesen:<\/td>\n<td> T6-T8<\/td>\n<\/tr>\n<tr>\n<td> Hossz\u00fas\u00e1g:<\/td>\n<td> Testreszab\u00e1s<\/td>\n<\/tr>\n<tr>\n<td> Fel\u00fcletkezel\u00e9s:<\/td>\n<td> Elox\u00e1lt, fa szemcs\u00e9k, PVDF bevonat stb.<\/td>\n<\/tr>\n<tr>\n<td> Haszn\u00e1lat:<\/td>\n<td> Ipar,\u00e9p\u00edt\u00e9szet<\/td>\n<\/tr>\n<tr>\n<td> Sz\u00edn:<\/td>\n<td> Testreszabott<\/td>\n<\/tr>\n<tr>\n<td> Tan\u00fas\u00edt\u00e1s:<\/td>\n<td> ISO9001:2008;ISO14001:2004;SGS<\/td>\n<\/tr>\n<tr>\n<td> Gy\u00e1rt\u00e1s:<\/td>\n<td> V\u00e1g\u00e1s, mar\u00e1s, f\u00far\u00e1s, lyukaszt\u00e1s stb.<\/td>\n<\/tr>\n<tr>\n<td> From:<\/td>\n<td> Foshan, Guangdong, K\u00edna<\/td>\n<\/tr>\n<\/tbody>\n<\/table>\n<h2>Gy\u00e1rt\u00f3 b\u00e1zisunk<\/h2>\n<h3>Gy\u00e1ri panor\u00e1ma<\/h3>\n<p><img decoding=\"async\" src=\"\/wp-content\/uploads\/factory-01.webp\"\/><\/p>\n<h3>Alum\u00ednium r\u00fadgy\u00e1rt\u00f3 m\u0171hely<\/h3>\n<p><img decoding=\"async\" src=\"\/wp-content\/uploads\/factory-02.webp\"\/><\/p>\n<p><img decoding=\"async\" src=\"\/wp-content\/uploads\/factory-03.webp\"\/><\/p>\n<h3>Pen\u00e9sz rakt\u00e1r<\/h3>\n<p><img decoding=\"async\" src=\"\/wp-content\/uploads\/factory-04.webp\"\/><\/p>\n<h3>43 alum\u00ednium extrud\u00e1l\u00f3 vonal (500-5500 tonna)<\/h3>\n<p><img decoding=\"async\" src=\"\/wp-content\/uploads\/factory-05.webp\"\/><\/p>\n<p><img decoding=\"async\" src=\"\/wp-content\/uploads\/factory-06.webp\"\/><\/p>\n<p><img decoding=\"async\" src=\"\/wp-content\/uploads\/factory-07.webp\"\/><\/p>\n<h3>Porfest\u0151 m\u0171hely<\/h3>\n<p><img decoding=\"async\" src=\"\/wp-content\/uploads\/factory-09.webp\"\/><\/p>\n<h3>Anodiz\u00e1l\u00f3 m\u0171hely<\/h3>\n<p><img decoding=\"async\" src=\"\/wp-content\/uploads\/factory-10.webp\"\/><\/p>\n<h3>M\u00e9ly feldolgoz\u00e1si m\u0171hely<\/h3>\n<p><img decoding=\"async\" src=\"\/wp-content\/uploads\/factory-11.webp\"\/><\/p>\n<h3>CNC prec\u00edzi\u00f3s megmunk\u00e1l\u00f3 m\u0171hely<\/h3>\n<p><img decoding=\"async\" src=\"\/wp-content\/uploads\/factory-11.5.webp\"\/><\/p>\n<h3>K\u00e9szterm\u00e9k \u00e9s export rakt\u00e1r<\/h3>\n<p><img decoding=\"async\" src=\"\/wp-content\/uploads\/factory-12.webp\"\/><\/p>\n<p><img decoding=\"async\" src=\"\/wp-content\/uploads\/factory-13.webp\"\/><\/p>\n<p><img decoding=\"async\" src=\"\/wp-content\/uploads\/factory-14.webp\"\/><\/p>\n<h2>GYIK<\/h2>\n<p><p><b>1.Mi az egyedi alum\u00ednium\u00f6tv\u00f6zet h\u00e1z n\u00f6veked\u00e9si f\u00e9ny? <\/b><\/p>\n<p> A testreszabott alum\u00ednium\u00f6tv\u00f6zet h\u00e1z n\u00f6veked\u00e9si f\u00e9ny egy n\u00f6v\u00e9nyn\u00f6veszt\u0151 LED-es f\u00e9nyrendszer, amely testre szabott alum\u00ednium burkolattal rendelkezik az optim\u00e1lis h\u0151elvezet\u00e9s, a tart\u00f3ss\u00e1g \u00e9s a tervez\u00e9si rugalmass\u00e1g \u00e9rdek\u00e9ben.<br \/>\n<\/p><br \/>\n<br \/>\n<p><b>2.Mi\u00e9rt v\u00e1lasztja az alum\u00ednium\u00f6tv\u00f6zetet a n\u00f6vekv\u0151 f\u00e9nyh\u00e1zhoz? <\/b><\/p>\n<p> Az alum\u00ednium\u00f6tv\u00f6zet kiv\u00e1l\u00f3 h\u0151vezet\u0151 k\u00e9pess\u00e9get, k\u00f6nny\u0171 szil\u00e1rds\u00e1got \u00e9s korr\u00f3zi\u00f3\u00e1ll\u00f3s\u00e1got biztos\u00edt, \u00edgy ide\u00e1lis a n\u00f6veked\u00e9si l\u00e1mpaburkolatokhoz.<br \/>\n<\/p><br \/>\n<br \/>\n<p><b>3.Can a n\u00f6veked\u00e9si f\u00e9ny h\u00e1z testre szabhat\u00f3? <\/b><\/p>\n<p> Igen, az alum\u00ednium h\u00e1z m\u00e9retben, alakban, kivitelben \u00e9s kiv\u00e1g\u00e1sokban testre szabhat\u00f3, hogy megfeleljen az adott n\u00f6veked\u00e9si f\u00e9nytervez\u00e9snek \u00e9s telep\u00edt\u00e9si ig\u00e9nyeknek.<br \/>\n<\/p><br \/>\n<br \/>\n<p><b>4.Hogyan jav\u00edtja az alum\u00ednium h\u00e1z a LED teljes\u00edtm\u00e9ny\u00e9t? <\/b><\/p>\n<p> Az alum\u00ednium\u00f6tv\u00f6zet kiv\u00e1l\u00f3 h\u0151elvezet\u00e9se seg\u00edt fenntartani az optim\u00e1lis LED-h\u0151m\u00e9rs\u00e9kletet, meghosszabb\u00edtva a n\u00f6veked\u00e9si l\u00e1mp\u00e1k \u00e9lettartam\u00e1t \u00e9s hat\u00e9konys\u00e1g\u00e1t.<br \/>\n<\/p><br \/>\n<br \/>\n<p><b>5.Alkalmas-e a h\u00e1z magas p\u00e1ratartalm\u00fa k\u00f6rnyezethez? <\/b><\/p>\n<p> Igen, a korr\u00f3zi\u00f3\u00e1ll\u00f3 alum\u00ednium fel\u00fcletnek k\u00f6sz\u00f6nhet\u0151en ide\u00e1lis az \u00fcvegh\u00e1zakban \u00e9s a magas p\u00e1ratartalm\u00fa belt\u00e9ri mez\u0151gazdas\u00e1gi l\u00e9tes\u00edtm\u00e9nyekben val\u00f3 haszn\u00e1latra.<br \/>\n<\/p><br \/>\n<br \/>\n<p><b>6.Milyen fel\u00fcletek \u00e1llnak rendelkez\u00e9sre az alum\u00ednium f\u00e9nyh\u00e1zakhoz? <\/b><\/p>\n<p> A megjelen\u00e9s, a korr\u00f3zi\u00f3\u00e1ll\u00f3s\u00e1g \u00e9s a m\u00e1rkajelz\u00e9s jav\u00edt\u00e1sa \u00e9rdek\u00e9ben a lehet\u0151s\u00e9gek k\u00f6z\u00f6tt szerepel az elox\u00e1l\u00e1s, a porsz\u00f3r\u00e1s \u00e9s a pol\u00edroz\u00e1s.<br \/>\n<\/p><br \/>\n<br \/>\n<p><b>7.T\u00e1mogatja a h\u00e1z a nagy teljes\u00edtm\u00e9ny\u0171 LED-konfigur\u00e1ci\u00f3kat? <\/b><\/p>\n<p> A testreszabott alum\u00ednium\u00f6tv\u00f6zetb\u0151l k\u00e9sz\u00fclt h\u00e1z robosztus kialak\u00edt\u00e1s\u00fa, nagy teljes\u00edtm\u00e9ny\u0171 LED-t\u00f6mb\u00f6k \u00e9s fejlett h\u0171t\u0151rendszerek elhelyez\u00e9s\u00e9re is alkalmas.<br \/>\n<\/p><br \/>\n<br \/>\n<p><b>8.T\u00e1mogatott a term\u00e9k CNC megmunk\u00e1l\u00e1sa? <\/b><\/p>\n<p> Igen, prec\u00edzi\u00f3s CNC megmunk\u00e1l\u00e1s \u00e1ll rendelkez\u00e9sre, hogy megfeleljen az \u00f6sszetett szerkezeti \u00e9s szerel\u00e9si k\u00f6vetelm\u00e9nyeknek az egy\u00e9ni n\u00f6veked\u00e9si f\u00e9ny alkalmaz\u00e1sokhoz.<br \/>\n<\/p><br \/><\/p>","protected":false},"featured_media":7433,"template":"","categories":[67],"class_list":["post-7434","product","type-product","status-publish","has-post-thumbnail","hentry","category-architectural-aluminium-profile"],"meta_box":{"hilight_text_group":{"product_hilight_text":"<li>Customizable aluminum alloy housing for tailored heat dissipation and aesthetics.<\/li>\r\r\n<li>Lightweight yet durable structure ensures long-lasting use in grow environments.<\/li>\r\r\n<li>Excellent thermal conductivity supports optimal LED performance and lifespan.<\/li>\r\r\n<li>Corrosion-resistant finish ideal for humid greenhouse conditions.<\/li>\r\r\n<li>Precision CNC machining available for complex design requirements.<\/li>\r\r\n<li>Supports a wide range of power and LED configurations for diverse plant needs.<\/li>","product_chanpin_blog":"<ul>\r\r\n<li><a href=\"https:\/\/sinoextrud.com\/t-slot-v-slot-differences\/\" target=\"_blank\">t slot vs v slot<\/a><\/li>\r\r\n<li><a href=\"https:\/\/sinoextrud.com\/what-is-4040-aluminium-extrud\/\" target=\"_blank\">4040 aluminium extrusion<\/a><\/li>\r\r\n<li><a href=\"https:\/\/sinoextrud.com\/what-is-4040-aluminium-extrud\/\" target=\"_blank\">aluminum extrusions for industrial racks<\/a><\/li>\r\r\n<li><a href=\"https:\/\/sinoextrud.com\/powder-coating-aluminium-process\/\" target=\"_blank\">powder coating aluminium<\/a><\/li>\r\r\n<li><a href=\"https:\/\/sinoextrud.com\/what-is-an-aluminium-strip-ceiling\/\" target=\"_blank\">aluminium strip ceiling<\/a><\/li>\r\r\n<li><a href=\"https:\/\/sinoextrud.com\/what-is-a-heat-sink\/\" target=\"_blank\">what is a heat sink<\/a><\/li>\r\r\n<\/ul>","product_chanpin_chanpin":"<li><a href=\"https:\/\/sinoextrud.com\/product\/extrusion-aluminum-shutter-profile-free-mould\/\" target=\"_blank\">Extrusion Aluminum Shutter Profile Free Mould<\/a><\/li>\r\n<li><a href=\"https:\/\/sinoextrud.com\/product\/pvdf-aluminum-extrusion-curtain-wall-profile\/\" target=\"_blank\">PVDF Aluminum Extrusion Curtain Wall Profile<\/a><\/li>\r\n<li><a href=\"https:\/\/sinoextrud.com\/product\/l-aluminum-profile-for-glass-railing\/\" target=\"_blank\">L Aluminum Profile For Glass Railing<\/a><\/li>\r\n<li><a href=\"https:\/\/sinoextrud.com\/product\/bright-anodize-brushed-black-window-profile\/\" target=\"_blank\">Bright Anodize Brushed Black Window Profile<\/a><\/li>\r\n<li><a href=\"https:\/\/sinoextrud.com\/product\/customized-aluminum-alloy-housing-grow-light\/\" target=\"_blank\">Customized Aluminum Alloy Housing Grow Light<\/a><\/li>\r\n<li><a href=\"https:\/\/sinoextrud.com\/product\/extruded-aluminum-interlocking-plank-floor\/\" target=\"_blank\">Extruded Aluminum Interlocking Plank Floor<\/a><\/li>\r\n<li><a href=\"https:\/\/sinoextrud.com\/product\/anodized-brushed-black-extruded-frame-profile\/\" target=\"_blank\">Anodized Brushed Black Extruded Frame Profile<\/a><\/li>\r\n<li><a href=\"https:\/\/sinoextrud.com\/product\/precision-cnc-machining-industrial-profile\/\" target=\"_blank\">Precision CNC Machining Industrial Profile<\/a><\/li>\r\n<li><a href=\"https:\/\/sinoextrud.com\/product\/architectural-aluminium-profiles\/\" target=\"_blank\">Architectural Aluminium Profiles<\/a><\/li>\r\n<li><a href=\"https:\/\/sinoextrud.com\/product\/profile-aluminum-cnc\/\" target=\"_blank\">Profile Aluminum CNC<\/a><\/li>\r\n<li><a href=\"https:\/\/sinoextrud.com\/product\/aluminum-extrusion-material-t-slot\/\" target=\"_blank\">Aluminum Extrusion Material T Slot<\/a><\/li>"},"feature_list":[]},"_links":{"self":[{"href":"https:\/\/sinoextrud.com\/hu\/wp-json\/wp\/v2\/product\/7434","targetHints":{"allow":["GET"]}}],"collection":[{"href":"https:\/\/sinoextrud.com\/hu\/wp-json\/wp\/v2\/product"}],"about":[{"href":"https:\/\/sinoextrud.com\/hu\/wp-json\/wp\/v2\/types\/product"}],"wp:featuredmedia":[{"embeddable":true,"href":"https:\/\/sinoextrud.com\/hu\/wp-json\/wp\/v2\/media\/7433"}],"wp:attachment":[{"href":"https:\/\/sinoextrud.com\/hu\/wp-json\/wp\/v2\/media?parent=7434"}],"wp:term":[{"taxonomy":"category","embeddable":true,"href":"https:\/\/sinoextrud.com\/hu\/wp-json\/wp\/v2\/categories?post=7434"}],"curies":[{"name":"wp","href":"https:\/\/api.w.org\/{rel}","templated":true}]}}