{"id":7432,"date":"2025-06-07T07:19:26","date_gmt":"2025-06-07T07:19:26","guid":{"rendered":"https:\/\/sinoextrud.com\/product\/bright-anodize-brushed-black-window-profile\/"},"modified":"2025-06-24T06:12:48","modified_gmt":"2025-06-24T06:12:48","slug":"fenyes-eloxalt-csiszolt-fekete-ablakprofil","status":"publish","type":"product","link":"https:\/\/sinoextrud.com\/hu\/product\/bright-anodize-brushed-black-window-profile\/","title":{"rendered":"F\u00e9nyes elox\u00e1lt csiszolt fekete ablakprofil"},"content":{"rendered":"<h2>Term\u00e9kek r\u00e9szletei<\/h2>\n<table class=\"custom-table\">\n<tbody>\n<tr>\n<td> N\u00e9v:<\/td>\n<td> F\u00e9nyes elox\u00e1lt csiszolt fekete ablakprofil<\/td>\n<\/tr>\n<tr>\n<td> M\u00e1rka:<\/td>\n<td> Sinoextrud\/Sinoextrud<\/td>\n<\/tr>\n<tr>\n<td> Anyag:<\/td>\n<td> 6000-es sorozat<\/td>\n<\/tr>\n<tr>\n<td> Lelkiismeretesen:<\/td>\n<td> T5-T8<\/td>\n<\/tr>\n<tr>\n<td> Hossz\u00fas\u00e1g:<\/td>\n<td> 30-6000 mm vagy testreszab\u00e1s<\/td>\n<\/tr>\n<tr>\n<td> Fel\u00fcletkezel\u00e9s:<\/td>\n<td> Elox\u00e1lt csiszolt<\/td>\n<\/tr>\n<tr>\n<td> Haszn\u00e1lat:<\/td>\n<td> \u00c9p\u00edt\u0151ipar<\/td>\n<\/tr>\n<tr>\n<td> Sz\u00edn:<\/td>\n<td> Ez\u00fcst, fekete, feh\u00e9r, piros, s\u00e1rga, pezsg\u0151 vagy egyedi sz\u00ednben<\/td>\n<\/tr>\n<tr>\n<td> Tan\u00fas\u00edt\u00e1s:<\/td>\n<td> ISO9001:2008;ISO14001:2004;SGS<\/td>\n<\/tr>\n<tr>\n<td> Gy\u00e1rt\u00e1s:<\/td>\n<td> V\u00e1g\u00e1s, mar\u00e1s, f\u00far\u00e1s, lyukaszt\u00e1s stb.<\/td>\n<\/tr>\n<tr>\n<td> From:<\/td>\n<td> Foshan, Guangdong, K\u00edna<\/td>\n<\/tr>\n<\/tbody>\n<\/table>\n<h2>Gy\u00e1rt\u00f3 b\u00e1zisunk<\/h2>\n<h3>Gy\u00e1ri panor\u00e1ma<\/h3>\n<p><img decoding=\"async\" src=\"\/wp-content\/uploads\/factory-01.webp\"\/><\/p>\n<h3>Alum\u00ednium r\u00fadgy\u00e1rt\u00f3 m\u0171hely<\/h3>\n<p><img decoding=\"async\" src=\"\/wp-content\/uploads\/factory-02.webp\"\/><\/p>\n<p><img decoding=\"async\" src=\"\/wp-content\/uploads\/factory-03.webp\"\/><\/p>\n<h3>Pen\u00e9sz rakt\u00e1r<\/h3>\n<p><img decoding=\"async\" src=\"\/wp-content\/uploads\/factory-04.webp\"\/><\/p>\n<h3>43 alum\u00ednium extrud\u00e1l\u00f3 vonal (500-5500 tonna)<\/h3>\n<p><img decoding=\"async\" src=\"\/wp-content\/uploads\/factory-05.webp\"\/><\/p>\n<p><img decoding=\"async\" src=\"\/wp-content\/uploads\/factory-06.webp\"\/><\/p>\n<p><img decoding=\"async\" src=\"\/wp-content\/uploads\/factory-07.webp\"\/><\/p>\n<h3>Porfest\u0151 m\u0171hely<\/h3>\n<p><img decoding=\"async\" src=\"\/wp-content\/uploads\/factory-09.webp\"\/><\/p>\n<h3>Anodiz\u00e1l\u00f3 m\u0171hely<\/h3>\n<p><img decoding=\"async\" src=\"\/wp-content\/uploads\/factory-10.webp\"\/><\/p>\n<h3>M\u00e9ly feldolgoz\u00e1si m\u0171hely<\/h3>\n<p><img decoding=\"async\" src=\"\/wp-content\/uploads\/factory-11.webp\"\/><\/p>\n<h3>CNC prec\u00edzi\u00f3s megmunk\u00e1l\u00f3 m\u0171hely<\/h3>\n<p><img decoding=\"async\" src=\"\/wp-content\/uploads\/factory-11.5.webp\"\/><\/p>\n<h3>K\u00e9szterm\u00e9k \u00e9s export rakt\u00e1r<\/h3>\n<p><img decoding=\"async\" src=\"\/wp-content\/uploads\/factory-12.webp\"\/><\/p>\n<p><img decoding=\"async\" src=\"\/wp-content\/uploads\/factory-13.webp\"\/><\/p>\n<p><img decoding=\"async\" src=\"\/wp-content\/uploads\/factory-14.webp\"\/><\/p>\n<h2>GYIK<\/h2>\n<p><p><b>1.Mi az a Bright Anodize Brushed Black ablakprofil? <\/b><\/p>\n<p> A Bright Anodize Brushed Black ablakprofil egy alum\u00ednium ablakkeret eleg\u00e1ns, sz\u00e1lcsiszolt fekete fel\u00fclettel \u00e9s f\u00e9nyes elox\u00e1l\u00e1ssal, amely egyes\u00edti az er\u0151t \u00e9s az eszt\u00e9tik\u00e1t.<br \/>\n<\/p><br \/>\n<br \/>\n<p><b>2.Mik az el\u0151nyei a csiszolt fekete kivitelnek? <\/b><\/p>\n<p> A csiszolt fekete fel\u00fclet pr\u00e9mium megjelen\u00e9st k\u00f6lcs\u00f6n\u00f6z a profilnak, mik\u00f6zben elrejti az ujjlenyomatokat \u00e9s a kisebb karcol\u00e1sokat.<br \/>\n<\/p><br \/>\n<br \/>\n<p><b>3.Hogyan jav\u00edtja a f\u00e9nyes elox\u00e1l\u00e1s az ablak profilj\u00e1t? <\/b><\/p>\n<p> A f\u00e9nyes elox\u00e1l\u00e1s jav\u00edtja a korr\u00f3zi\u00f3\u00e1ll\u00f3s\u00e1got, a fel\u00fcleti kem\u00e9nys\u00e9get \u00e9s a sz\u00edn tart\u00f3ss\u00e1g\u00e1t, \u00edgy az ablakprofil id\u0151j\u00e1r\u00e1s\u00e1ll\u00f3bb\u00e1 v\u00e1lik.<br \/>\n<\/p><br \/>\n<br \/>\n<p><b>4.Alkalmas-e a profil tengerparti vagy ipari k\u00f6rnyezethez? <\/b><\/p>\n<p> Igen, a f\u00e9nyes elox\u00e1lt, csiszolt fekete fel\u00fclet nagy ellen\u00e1ll\u00e1st biztos\u00edt a s\u00f3val, nedvess\u00e9ggel \u00e9s szennyez\u0151 anyagokkal szemben, \u00edgy ide\u00e1lis a zord k\u00f6r\u00fclm\u00e9nyek k\u00f6z\u00f6tt.<br \/>\n<\/p><br \/>\n<br \/>\n<p><b>5.Can a Bright Anodize Brushed Black ablakprofil testre szabhat\u00f3? <\/b><\/p>\n<p> Igen, hossz\u00e1ban, alakj\u00e1ban \u00e9s kiv\u00e1g\u00e1saiban testre szabhat\u00f3, hogy megfeleljen a k\u00fcl\u00f6nb\u00f6z\u0151 \u00e9p\u00edt\u00e9szeti k\u00f6vetelm\u00e9nyeknek.<br \/>\n<\/p><br \/>\n<br \/>\n<p><b>6.Hozz\u00e1j\u00e1rul-e az alum\u00ednium anyag a fenntarthat\u00f3s\u00e1ghoz? <\/b><\/p>\n<p> Term\u00e9szetesen a profil \u00fajrahasznos\u00edthat\u00f3 alum\u00edniumb\u00f3l k\u00e9sz\u00fcl, \u00edgy k\u00f6rnyezetbar\u00e1t \u00e9p\u00edt\u0151anyag.<br \/>\n<\/p><br \/>\n<br \/>\n<p><b>7.Bonyolult a telep\u00edt\u00e9si folyamat? <\/b><\/p>\n<p> Nem, az ablakprofilt \u00fagy tervezt\u00e9k, hogy k\u00f6nnyen v\u00e1ghat\u00f3, f\u00farhat\u00f3 \u00e9s \u00f6sszeszerelhet\u0151 legyen, ami id\u0151t takar\u00edt meg \u00e9s cs\u00f6kkenti a munkaer\u0151k\u00f6lts\u00e9geket.<br \/>\n<\/p><br \/>\n<br \/>\n<p><b>8.T\u00e1mogatja a modern \u00e9p\u00edt\u00e9szeti terveket? <\/b><\/p>\n<p> Igen, a minimalista, csiszolt fekete megjelen\u00e9s z\u00f6kken\u0151mentesen illeszkedik a modern \u00e9s kort\u00e1rs \u00e9p\u00edt\u00e9szethez.<br \/>\n<\/p><br \/><\/p>","protected":false},"featured_media":7431,"template":"","categories":[67],"class_list":["post-7432","product","type-product","status-publish","has-post-thumbnail","hentry","category-architectural-aluminium-profile"],"meta_box":{"hilight_text_group":{"product_hilight_text":"<li>High corrosion resistance for long-lasting performance.<\/li>\r\r\n<li>Elegant brushed black finish enhances modern architectural aesthetics.<\/li>\r\r\n<li>Precision extruded aluminum for superior structural integrity.<\/li>\r\r\n<li>Bright anodized surface ensures fade-resistant color durability.<\/li>\r\r\n<li>Easy to fabricate and install, reducing labor costs.<\/li>\r\r\n<li>Low maintenance surface ideal for residential and commercial use.<\/li>\r\r\n<li>Eco-friendly and recyclable aluminum material.<\/li>","product_chanpin_blog":"<ul>\r\r\n<li><a href=\"https:\/\/sinoextrud.com\/t-slot-v-slot-differences\/\" target=\"_blank\">t slot vs v slot<\/a><\/li>\r\r\n<li><a href=\"https:\/\/sinoextrud.com\/what-is-4040-aluminium-extrud\/\" target=\"_blank\">4040 aluminium extrusion<\/a><\/li>\r\r\n<li><a href=\"https:\/\/sinoextrud.com\/what-is-4040-aluminium-extrud\/\" target=\"_blank\">aluminum extrusions for industrial racks<\/a><\/li>\r\r\n<li><a href=\"https:\/\/sinoextrud.com\/powder-coating-aluminium-process\/\" target=\"_blank\">powder coating aluminium<\/a><\/li>\r\r\n<li><a href=\"https:\/\/sinoextrud.com\/what-is-an-aluminium-strip-ceiling\/\" target=\"_blank\">aluminium strip ceiling<\/a><\/li>\r\r\n<li><a href=\"https:\/\/sinoextrud.com\/what-is-a-heat-sink\/\" target=\"_blank\">what is a heat sink<\/a><\/li>\r\r\n<\/ul>","product_chanpin_chanpin":"<li><a href=\"https:\/\/sinoextrud.com\/product\/shutter-aluminum-profile-for-window-louver-frame\/\" target=\"_blank\">Shutter Aluminum Profile For Window Louver Frame<\/a><\/li>\r\n<li><a href=\"https:\/\/sinoextrud.com\/product\/extrusion-aluminum-shutter-profile-free-mould\/\" target=\"_blank\">Extrusion Aluminum Shutter Profile Free Mould<\/a><\/li>\r\n<li><a href=\"https:\/\/sinoextrud.com\/product\/pvdf-aluminum-extrusion-curtain-wall-profile\/\" target=\"_blank\">PVDF Aluminum Extrusion Curtain Wall Profile<\/a><\/li>\r\n<li><a href=\"https:\/\/sinoextrud.com\/product\/l-aluminum-profile-for-glass-railing\/\" target=\"_blank\">L Aluminum Profile For Glass Railing<\/a><\/li>\r\n<li><a href=\"https:\/\/sinoextrud.com\/product\/bright-anodize-brushed-black-window-profile\/\" target=\"_blank\">Bright Anodize Brushed Black Window Profile<\/a><\/li>\r\n<li><a href=\"https:\/\/sinoextrud.com\/product\/customized-aluminum-alloy-housing-grow-light\/\" target=\"_blank\">Customized Aluminum Alloy Housing Grow Light<\/a><\/li>\r\n<li><a href=\"https:\/\/sinoextrud.com\/product\/extruded-aluminum-interlocking-plank-floor\/\" target=\"_blank\">Extruded Aluminum Interlocking Plank Floor<\/a><\/li>\r\n<li><a href=\"https:\/\/sinoextrud.com\/product\/anodized-brushed-black-extruded-frame-profile\/\" target=\"_blank\">Anodized Brushed Black Extruded Frame Profile<\/a><\/li>\r\n<li><a href=\"https:\/\/sinoextrud.com\/product\/precision-cnc-machining-industrial-profile\/\" target=\"_blank\">Precision CNC Machining Industrial Profile<\/a><\/li>\r\n<li><a href=\"https:\/\/sinoextrud.com\/product\/extrusion-aluminum-pipe-anodized-sandblasted-black\/\" target=\"_blank\">Extrusion Aluminum Pipe Anodized Sandblasted Black<\/a><\/li>\r\n<li><a href=\"https:\/\/sinoextrud.com\/product\/coated-treatment-aluminium-extrusion\/\" target=\"_blank\">Coated Treatment Aluminium Extrusion<\/a><\/li>"},"feature_list":[]},"_links":{"self":[{"href":"https:\/\/sinoextrud.com\/hu\/wp-json\/wp\/v2\/product\/7432","targetHints":{"allow":["GET"]}}],"collection":[{"href":"https:\/\/sinoextrud.com\/hu\/wp-json\/wp\/v2\/product"}],"about":[{"href":"https:\/\/sinoextrud.com\/hu\/wp-json\/wp\/v2\/types\/product"}],"wp:featuredmedia":[{"embeddable":true,"href":"https:\/\/sinoextrud.com\/hu\/wp-json\/wp\/v2\/media\/7431"}],"wp:attachment":[{"href":"https:\/\/sinoextrud.com\/hu\/wp-json\/wp\/v2\/media?parent=7432"}],"wp:term":[{"taxonomy":"category","embeddable":true,"href":"https:\/\/sinoextrud.com\/hu\/wp-json\/wp\/v2\/categories?post=7432"}],"curies":[{"name":"wp","href":"https:\/\/api.w.org\/{rel}","templated":true}]}}