{"id":7430,"date":"2025-06-07T07:17:35","date_gmt":"2025-06-07T07:17:35","guid":{"rendered":"https:\/\/sinoextrud.com\/product\/l-aluminum-profile-for-glass-railing\/"},"modified":"2025-06-24T06:12:48","modified_gmt":"2025-06-24T06:12:48","slug":"l-aluminium-profil-uvegkorlatokhoz","status":"publish","type":"product","link":"https:\/\/sinoextrud.com\/hu\/product\/l-aluminum-profile-for-glass-railing\/","title":{"rendered":"L alum\u00ednium profil \u00fcveg korl\u00e1thoz"},"content":{"rendered":"<h2>Term\u00e9kek r\u00e9szletei<\/h2>\n<table class=\"custom-table\">\n<tbody>\n<tr>\n<td> Term\u00e9k neve<\/td>\n<td> L alum\u00ednium profil \u00fcveg korl\u00e1thoz<\/td>\n<\/tr>\n<tr>\n<td> Anyag<\/td>\n<td> 6063-T5, m\u00e1s egyedi anyag elfogadott<\/td>\n<\/tr>\n<tr>\n<td> Alak&amp;m\u00e9ret<\/td>\n<td> Az \u00fcgyfelek ig\u00e9nyei szerint<\/td>\n<\/tr>\n<tr>\n<td> Vastags\u00e1g<\/td>\n<td> T\u00f6bb mint 0,7 mm<\/td>\n<\/tr>\n<tr>\n<td> Hossz\u00fas\u00e1g<\/td>\n<td> \u00c1ltal\u00e1ban 1-9M, k\u00fcl\u00f6nleges hossz\u00fas\u00e1g el\u00e9rhet\u0151<\/td>\n<\/tr>\n<tr>\n<td> Tipikus alkalmaz\u00e1sok<\/td>\n<td> Bemutat\u00f3terem, ker\u00edt\u00e9s, \u0151rb\u00e1r stb.<\/td>\n<\/tr>\n<tr>\n<td> Egy\u00e9ni t\u00edpus<\/td>\n<td> Az \u00fcgyf\u00e9l \u00e1ltal biztos\u00edtott rajz vagy minta<\/td>\n<\/tr>\n<tr>\n<td> M\u00e9ly folyamat<\/td>\n<td> CNC mar\u00e1s, f\u00far\u00e1s, lyukaszt\u00e1s, f\u00far\u00e1s, csapol\u00e1s, hajl\u00edt\u00e1s, hegeszt\u00e9s stb.<\/td>\n<\/tr>\n<tr>\n<td> M\u00e1rka<\/td>\n<td> Sinoextrud, Sinoextrud,, egyedi v\u00e9djegy avalaible<\/td>\n<\/tr>\n<tr>\n<td> Fel\u00fcletkezel\u00e9s<\/td>\n<td> Malom k\u00e9sz, fa szemcs\u00e9s, elox\u00e1lt, porsz\u00f3rt stb.<\/td>\n<\/tr>\n<tr>\n<td> Sz\u00ednes<\/td>\n<td> Ez\u00fcst, fekete, pezsg\u0151 stb.<\/td>\n<\/tr>\n<tr>\n<td> MOQ<\/td>\n<td> 200KGs a k\u00fcl\u00f6nb\u00f6z\u0151 fel\u00fcletkezel\u00e9st\u0151l f\u00fcgg\u0151en<\/td>\n<\/tr>\n<tr>\n<td> Min\u0151s\u00e9gi szabv\u00e1ny<\/td>\n<td> Magas min\u0151s\u00e9gi szint<\/td>\n<\/tr>\n<tr>\n<td> Tan\u00fas\u00edtv\u00e1nyok<\/td>\n<td> ISO9001, ISO4001, CQM, SGS, CE, BV stb.<\/td>\n<\/tr>\n<tr>\n<td> Kapacit\u00e1s<\/td>\n<td> 3000 tonna havonta<\/td>\n<\/tr>\n<tr>\n<td> Sz\u00e1rmaz\u00e1si hely<\/td>\n<td> Guangdong,K\u00edna<\/td>\n<\/tr>\n<tr>\n<td> A v\u00e1llalat t\u00f6rt\u00e9nete<\/td>\n<td> 1993 \u00f3ta<\/td>\n<\/tr>\n<\/tbody>\n<\/table>\n<h2>Gy\u00e1rt\u00f3 b\u00e1zisunk<\/h2>\n<h3>Gy\u00e1ri panor\u00e1ma<\/h3>\n<p><img decoding=\"async\" src=\"\/wp-content\/uploads\/factory-01.webp\"\/><\/p>\n<h3>Alum\u00ednium r\u00fadgy\u00e1rt\u00f3 m\u0171hely<\/h3>\n<p><img decoding=\"async\" src=\"\/wp-content\/uploads\/factory-02.webp\"\/><\/p>\n<p><img decoding=\"async\" src=\"\/wp-content\/uploads\/factory-03.webp\"\/><\/p>\n<h3>Pen\u00e9sz rakt\u00e1r<\/h3>\n<p><img decoding=\"async\" src=\"\/wp-content\/uploads\/factory-04.webp\"\/><\/p>\n<h3>43 alum\u00ednium extrud\u00e1l\u00f3 vonal (500-5500 tonna)<\/h3>\n<p><img decoding=\"async\" src=\"\/wp-content\/uploads\/factory-05.webp\"\/><\/p>\n<p><img decoding=\"async\" src=\"\/wp-content\/uploads\/factory-06.webp\"\/><\/p>\n<p><img decoding=\"async\" src=\"\/wp-content\/uploads\/factory-07.webp\"\/><\/p>\n<h3>Porfest\u0151 m\u0171hely<\/h3>\n<p><img decoding=\"async\" src=\"\/wp-content\/uploads\/factory-09.webp\"\/><\/p>\n<h3>Anodiz\u00e1l\u00f3 m\u0171hely<\/h3>\n<p><img decoding=\"async\" src=\"\/wp-content\/uploads\/factory-10.webp\"\/><\/p>\n<h3>M\u00e9ly feldolgoz\u00e1si m\u0171hely<\/h3>\n<p><img decoding=\"async\" src=\"\/wp-content\/uploads\/factory-11.webp\"\/><\/p>\n<h3>CNC prec\u00edzi\u00f3s megmunk\u00e1l\u00f3 m\u0171hely<\/h3>\n<p><img decoding=\"async\" src=\"\/wp-content\/uploads\/factory-11.5.webp\"\/><\/p>\n<h3>K\u00e9szterm\u00e9k \u00e9s export rakt\u00e1r<\/h3>\n<p><img decoding=\"async\" src=\"\/wp-content\/uploads\/factory-12.webp\"\/><\/p>\n<p><img decoding=\"async\" src=\"\/wp-content\/uploads\/factory-13.webp\"\/><\/p>\n<p><img decoding=\"async\" src=\"\/wp-content\/uploads\/factory-14.webp\"\/><\/p>\n<h2>GYIK<\/h2>\n<p><p><b>1.Mi az L alum\u00ednium profil az \u00fcvegkorl\u00e1toz\u00e1shoz?<\/b><\/p>\n<p>Ez egy L alak\u00fa, extrud\u00e1lt alum\u00ednium profil, amelyet korl\u00e1trendszerek \u00fcveglapjainak biztons\u00e1gos al\u00e1t\u00e1maszt\u00e1s\u00e1ra haszn\u00e1lnak.<br \/>\n<\/p><br \/>\n<br \/>\n<p><b>2.Mi\u00e9rt v\u00e1lasszon L-alak\u00fa profilt az \u00fcvegkorl\u00e1tokhoz?<\/b><\/p>\n<p>Az L-alak stabil szerkezeti tart\u00e1st, k\u00f6nny\u0171 szerelhet\u0151s\u00e9get \u00e9s tiszta, modern megjelen\u00e9st biztos\u00edt a korl\u00e1tok alkalmaz\u00e1s\u00e1hoz.<br \/>\n<\/p><br \/>\n<br \/>\n<p><b>3.Is az alum\u00ednium profil rozsdamentes?<\/b><\/p>\n<p>Igen, a profil elox\u00e1lt vagy porsz\u00f3rt bevonat\u00fa, \u00edgy kiv\u00e1l\u00f3an ellen\u00e1ll a korr\u00f3zi\u00f3nak belt\u00e9ri \u00e9s k\u00fclt\u00e9ri k\u00f6rnyezetben egyar\u00e1nt.<br \/>\n<\/p><br \/>\n<br \/>\n<p><b>4.Can ez befogadja a k\u00fcl\u00f6nb\u00f6z\u0151 \u00fcvegvastags\u00e1gokat?<\/b><\/p>\n<p>Igen, az L alum\u00edniumprofil t\u00f6bbf\u00e9le \u00fcvegvastags\u00e1ggal kompatibilis a rugalmas tervez\u00e9si lehet\u0151s\u00e9gek \u00e9rdek\u00e9ben.<br \/>\n<\/p><br \/>\n<br \/>\n<p><b>5.Hol haszn\u00e1lj\u00e1k jellemz\u0151en ezt a profilt?<\/b><\/p>\n<p>\u00c1ltal\u00e1ban erk\u00e9lyeken, l\u00e9pcs\u0151k\u00f6n, teraszokon, kereskedelmi \u00e9p\u00fcletekben \u00e9s magas sz\u00ednvonal\u00fa lak\u00f3\u00e9p\u00fcletekben haszn\u00e1lj\u00e1k.<br \/>\n<\/p><br \/>\n<br \/>\n<p><b>6.A term\u00e9k testreszabhat\u00f3?<\/b><\/p>\n<p>Igen, a projekt ig\u00e9nyeihez igazodva testreszab\u00e1st k\u00edn\u00e1lunk a m\u00e9retek, sz\u00f6gek, sz\u00ednek \u00e9s fel\u00fcletkezel\u00e9sek ter\u00e9n.<br \/>\n<\/p><br \/>\n<br \/>\n<p><b>7.Milyen er\u0151s az L alum\u00ednium profil?<\/b><\/p>\n<p>Teherb\u00edr\u00f3 k\u00e9pess\u00e9g \u00e9s \u00fct\u00e9s\u00e1ll\u00f3s\u00e1g szempontj\u00e1b\u00f3l tervezt\u00e9k, \u00e9s megfelel az \u00fcvegkorl\u00e1trendszerekre vonatkoz\u00f3 biztons\u00e1gi el\u0151\u00edr\u00e1soknak.<br \/>\n<\/p><br \/>\n<br \/>\n<p><b>8.T\u00e1mogatja a keret n\u00e9lk\u00fcli \u00fcveg kialak\u00edt\u00e1s\u00e1t?<\/b><\/p>\n<p>Igen, az L profil be\u00e9p\u00edthet\u0151 a f\u00e9lig keret n\u00e9lk\u00fcli vagy teljesen keret n\u00e9lk\u00fcli \u00fcvegkorl\u00e1trendszerekbe a minimalista megjelen\u00e9s \u00e9rdek\u00e9ben.<br \/>\n<\/p><br \/><\/p>","protected":false},"featured_media":0,"template":"","categories":[67],"class_list":["post-7430","product","type-product","status-publish","hentry","category-architectural-aluminium-profile"],"meta_box":{"hilight_text_group":{"product_hilight_text":"<li>L-shaped aluminum profile provides strong edge support for glass railing systems<\/li>\r\r\n<li>Corrosion-resistant surface for long-term outdoor and indoor applications<\/li>\r\r\n<li>Lightweight yet durable structure simplifies installation and reduces labor costs<\/li>\r\r\n<li>Modern and sleek design enhances architectural aesthetics<\/li>\r\r\n<li>Compatible with various glass thicknesses and safety standards<\/li>\r\r\n<li>Custom lengths, finishes, and angles available for tailored applications<\/li>\r\r\n<li>Ideal for balconies, staircases, and commercial railing systems<\/li>","product_chanpin_blog":"<ul>\r\r\n<li><a href=\"https:\/\/sinoextrud.com\/t-slot-v-slot-differences\/\" target=\"_blank\">t slot vs v slot<\/a><\/li>\r\r\n<li><a href=\"https:\/\/sinoextrud.com\/what-is-4040-aluminium-extrud\/\" target=\"_blank\">4040 aluminium extrusion<\/a><\/li>\r\r\n<li><a href=\"https:\/\/sinoextrud.com\/what-is-4040-aluminium-extrud\/\" target=\"_blank\">aluminum extrusions for industrial racks<\/a><\/li>\r\r\n<li><a href=\"https:\/\/sinoextrud.com\/powder-coating-aluminium-process\/\" target=\"_blank\">powder coating aluminium<\/a><\/li>\r\r\n<li><a href=\"https:\/\/sinoextrud.com\/what-is-an-aluminium-strip-ceiling\/\" target=\"_blank\">aluminium strip ceiling<\/a><\/li>\r\r\n<li><a href=\"https:\/\/sinoextrud.com\/what-is-a-heat-sink\/\" target=\"_blank\">what is a heat sink<\/a><\/li>\r\r\n<\/ul>","product_chanpin_chanpin":"<li><a href=\"https:\/\/sinoextrud.com\/product\/sound-proof-aluminum-glass-casement-windows-sliding-windows-and-doors-aluminum-profile-for-buildings-louver-system\/\" target=\"_blank\">Sound-proof Aluminum Glass Casement Windows Sliding Windows And Doors Aluminum Profile For Buildings Louver System<\/a><\/li>\r\n<li><a href=\"https:\/\/sinoextrud.com\/product\/shutter-aluminum-profile-for-window-louver-frame\/\" target=\"_blank\">Shutter Aluminum Profile For Window Louver Frame<\/a><\/li>\r\n<li><a href=\"https:\/\/sinoextrud.com\/product\/extrusion-aluminum-shutter-profile-free-mould\/\" target=\"_blank\">Extrusion Aluminum Shutter Profile Free Mould<\/a><\/li>\r\n<li><a href=\"https:\/\/sinoextrud.com\/product\/pvdf-aluminum-extrusion-curtain-wall-profile\/\" target=\"_blank\">PVDF Aluminum Extrusion Curtain Wall Profile<\/a><\/li>\r\n<li><a href=\"https:\/\/sinoextrud.com\/product\/l-aluminum-profile-for-glass-railing\/\" target=\"_blank\">L Aluminum Profile For Glass Railing<\/a><\/li>\r\n<li><a href=\"https:\/\/sinoextrud.com\/product\/bright-anodize-brushed-black-window-profile\/\" target=\"_blank\">Bright Anodize Brushed Black Window Profile<\/a><\/li>\r\n<li><a href=\"https:\/\/sinoextrud.com\/product\/customized-aluminum-alloy-housing-grow-light\/\" target=\"_blank\">Customized Aluminum Alloy Housing Grow Light<\/a><\/li>\r\n<li><a href=\"https:\/\/sinoextrud.com\/product\/extruded-aluminum-interlocking-plank-floor\/\" target=\"_blank\">Extruded Aluminum Interlocking Plank Floor<\/a><\/li>\r\n<li><a href=\"https:\/\/sinoextrud.com\/product\/anodized-brushed-black-extruded-frame-profile\/\" target=\"_blank\">Anodized Brushed Black Extruded Frame Profile<\/a><\/li>\r\n<li><a href=\"https:\/\/sinoextrud.com\/product\/large-aluminium-pipe-aluminium-pole\/\" target=\"_blank\">Large Aluminium Pipe Aluminium Pole<\/a><\/li>\r\n<li><a href=\"https:\/\/sinoextrud.com\/product\/construction-aluminum-profile\/\" target=\"_blank\">Construction Aluminum Profile<\/a><\/li>"},"feature_list":[]},"_links":{"self":[{"href":"https:\/\/sinoextrud.com\/hu\/wp-json\/wp\/v2\/product\/7430","targetHints":{"allow":["GET"]}}],"collection":[{"href":"https:\/\/sinoextrud.com\/hu\/wp-json\/wp\/v2\/product"}],"about":[{"href":"https:\/\/sinoextrud.com\/hu\/wp-json\/wp\/v2\/types\/product"}],"wp:attachment":[{"href":"https:\/\/sinoextrud.com\/hu\/wp-json\/wp\/v2\/media?parent=7430"}],"wp:term":[{"taxonomy":"category","embeddable":true,"href":"https:\/\/sinoextrud.com\/hu\/wp-json\/wp\/v2\/categories?post=7430"}],"curies":[{"name":"wp","href":"https:\/\/api.w.org\/{rel}","templated":true}]}}