{"id":7428,"date":"2025-06-07T07:10:33","date_gmt":"2025-06-07T07:10:33","guid":{"rendered":"https:\/\/sinoextrud.com\/product\/pvdf-aluminum-extrusion-curtain-wall-profile\/"},"modified":"2025-06-24T06:12:47","modified_gmt":"2025-06-24T06:12:47","slug":"pvdf-aluminium-extrudalt-fuggonyfal-profil","status":"publish","type":"product","link":"https:\/\/sinoextrud.com\/hu\/product\/pvdf-aluminum-extrusion-curtain-wall-profile\/","title":{"rendered":"PVDF alum\u00ednium extrud\u00e1lt f\u00fcgg\u00f6nyfal profil"},"content":{"rendered":"<h2>Term\u00e9kek r\u00e9szletei<\/h2>\n<table class=\"custom-table\">\n<tbody>\n<tr>\n<td> C\u00edm<\/td>\n<td> pvdf alum\u00ednium extrud\u00e1lt f\u00fcgg\u00f6nyfal profil<\/td>\n<\/tr>\n<tr>\n<td> Anyag<\/td>\n<td> Alum\u00ednium \u00f6tv\u00f6zet (6063, 6061,6463,6005,6082)<\/td>\n<\/tr>\n<tr>\n<td> Temper<\/td>\n<td> T5<\/td>\n<\/tr>\n<tr>\n<td> M\u00e9ret<\/td>\n<td> P\u00e1lyat\u00edpus, a rajz szerint<\/td>\n<\/tr>\n<tr>\n<td> Fel\u00fcletkezel\u00e9s<\/td>\n<td> Elox\u00e1lt, homokf\u00favott, pol\u00edroz\u00e1s, elektrofor\u00e9zis, teljes\u00edtm\u00e9ny bevonatA teljes\u00edtm\u00e9ny bevonat \u00e9s a PVDF gyakran haszn\u00e1lj\u00e1k az alum\u00ednium extrud\u00e1lt f\u00fcgg\u00f6nyfal profilban.<\/td>\n<\/tr>\n<tr>\n<td> Sz\u00ednes<\/td>\n<td> Testreszabott el\u00e9rhet\u0151<\/td>\n<\/tr>\n<tr>\n<td> Tan\u00fas\u00edtv\u00e1ny<\/td>\n<td> TUV, ASTM, GB<\/td>\n<\/tr>\n<tr>\n<td> A  c\u00edmr\u0151l<\/td>\n<td> Guangdong, K\u00edna<\/td>\n<\/tr>\n<\/tbody>\n<\/table>\n<h2>Gy\u00e1rt\u00f3 b\u00e1zisunk<\/h2>\n<h3>Gy\u00e1ri panor\u00e1ma<\/h3>\n<p><img decoding=\"async\" src=\"\/wp-content\/uploads\/factory-01.webp\"\/><\/p>\n<h3>Alum\u00ednium r\u00fadgy\u00e1rt\u00f3 m\u0171hely<\/h3>\n<p><img decoding=\"async\" src=\"\/wp-content\/uploads\/factory-02.webp\"\/><\/p>\n<p><img decoding=\"async\" src=\"\/wp-content\/uploads\/factory-03.webp\"\/><\/p>\n<h3>Pen\u00e9sz rakt\u00e1r<\/h3>\n<p><img decoding=\"async\" src=\"\/wp-content\/uploads\/factory-04.webp\"\/><\/p>\n<h3>43 alum\u00ednium extrud\u00e1l\u00f3 vonal (500-5500 tonna)<\/h3>\n<p><img decoding=\"async\" src=\"\/wp-content\/uploads\/factory-05.webp\"\/><\/p>\n<p><img decoding=\"async\" src=\"\/wp-content\/uploads\/factory-06.webp\"\/><\/p>\n<p><img decoding=\"async\" src=\"\/wp-content\/uploads\/factory-07.webp\"\/><\/p>\n<h3>Porfest\u0151 m\u0171hely<\/h3>\n<p><img decoding=\"async\" src=\"\/wp-content\/uploads\/factory-09.webp\"\/><\/p>\n<h3>Anodiz\u00e1l\u00f3 m\u0171hely<\/h3>\n<p><img decoding=\"async\" src=\"\/wp-content\/uploads\/factory-10.webp\"\/><\/p>\n<h3>M\u00e9ly feldolgoz\u00e1si m\u0171hely<\/h3>\n<p><img decoding=\"async\" src=\"\/wp-content\/uploads\/factory-11.webp\"\/><\/p>\n<h3>CNC prec\u00edzi\u00f3s megmunk\u00e1l\u00f3 m\u0171hely<\/h3>\n<p><img decoding=\"async\" src=\"\/wp-content\/uploads\/factory-11.5.webp\"\/><\/p>\n<h3>K\u00e9szterm\u00e9k \u00e9s export rakt\u00e1r<\/h3>\n<p><img decoding=\"async\" src=\"\/wp-content\/uploads\/factory-12.webp\"\/><\/p>\n<p><img decoding=\"async\" src=\"\/wp-content\/uploads\/factory-13.webp\"\/><\/p>\n<p><img decoding=\"async\" src=\"\/wp-content\/uploads\/factory-14.webp\"\/><\/p>\n<h2>GYIK<\/h2>\n<p><p><b>1.Mi a PVDF alum\u00ednium extrud\u00e1l\u00e1s f\u00fcgg\u00f6nyfal profil?<\/b><\/p>\n<p>Ez egy PVDF (polivinilid\u00e9n-fluorid) bevonattal ell\u00e1tott alum\u00edniumprofil, amely f\u00fcgg\u00f6nyfalrendszerekben haszn\u00e1lhat\u00f3, \u00e9s nagy tart\u00f3ss\u00e1got \u00e9s id\u0151j\u00e1r\u00e1s\u00e1ll\u00f3s\u00e1got biztos\u00edt.<br \/>\n<\/p><br \/>\n<br \/>\n<p><b>2.Mi\u00e9rt v\u00e1lassza a PVDF-bevonat\u00fa alum\u00edniumot f\u00fcgg\u00f6nyfalakhoz?<\/b><\/p>\n<p>A PVDF bevonat kiv\u00e1l\u00f3an ellen\u00e1ll az UV-sugaraknak, a korr\u00f3zi\u00f3nak \u00e9s a sz\u00e9ls\u0151s\u00e9ges id\u0151j\u00e1r\u00e1si viszonyoknak, \u00edgy ide\u00e1lis a hossz\u00fa t\u00e1v\u00fa k\u00fclt\u00e9ri alkalmaz\u00e1sokhoz.<br \/>\n<\/p><br \/>\n<br \/>\n<p><b>3.Mennyi ideig tart a PVDF bevonat az alum\u00ednium f\u00fcgg\u00f6nyfalakon?<\/b><\/p>\n<p>A PVDF-bevonatok 20-30 \u00e9vig is eltarthatnak jelent\u0151s fakul\u00e1s, meszesed\u00e9s vagy h\u00e1ml\u00e1s n\u00e9lk\u00fcl, m\u00e9g zord \u00e9ghajlaton is.<br \/>\n<\/p><br \/>\n<br \/>\n<p><b>4.Alkalmasak-e a PVDF alum\u00ednium profilok magas \u00e9p\u00fcletekhez?<\/b><\/p>\n<p>Igen, er\u0151sek, k\u00f6nny\u0171ek, \u00e9s megfelelnek a modern magas\u00e9p\u00edt\u00e9si homlokzati rendszerekhez sz\u00fcks\u00e9ges teljes\u00edtm\u00e9nyk\u00f6vetelm\u00e9nyeknek.<br \/>\n<\/p><br \/>\n<br \/>\n<p><b>5.Can az alum\u00ednium f\u00fcgg\u00f6nyfal profil testre szabhat\u00f3?<\/b><\/p>\n<p>Igen, testreszab\u00e1st k\u00edn\u00e1lunk a profil alakja, m\u00e9rete, kivitelez\u00e9se \u00e9s sz\u00edne tekintet\u00e9ben, hogy megfeleljen az adott \u00e9p\u00edt\u00e9szeti terveknek.<br \/>\n<\/p><br \/>\n<br \/>\n<p><b>6.Is PVDF alum\u00ednium k\u00f6rnyezetbar\u00e1t?<\/b><\/p>\n<p>Igen, mind az alum\u00ednium, mind a PVDF bevonatok \u00fajrahasznos\u00edthat\u00f3k \u00e9s megfelelnek a z\u00f6ld \u00e9p\u00edt\u00e9si szabv\u00e1nyoknak.<br \/>\n<\/p><br \/>\n<br \/>\n<p><b>7.Milyen karbantart\u00e1sra van sz\u00fcks\u00e9g?<\/b><\/p>\n<p>Minim\u00e1lis karbantart\u00e1st ig\u00e9nyel - csak id\u0151nk\u00e9nt kell enyhe mos\u00f3szerrel tiszt\u00edtani, hogy a fel\u00fclet \u00fajszer\u0171 maradjon.<br \/>\n<\/p><br \/>\n<br \/>\n<p><b>8.Ezek a profilok megfelelnek a nemzetk\u00f6zi \u00e9p\u00edt\u00e9si szab\u00e1lyoknak?<\/b><\/p>\n<p>Igen, PVDF alum\u00ednium f\u00fcgg\u00f6nyfalprofiljaink megfelelnek az ASTM, EN \u00e9s m\u00e1s glob\u00e1lis min\u0151s\u00e9gi \u00e9s biztons\u00e1gi szabv\u00e1nyoknak.<br \/>\n<\/p><br \/><\/p>","protected":false},"featured_media":7427,"template":"","categories":[67],"class_list":["post-7428","product","type-product","status-publish","has-post-thumbnail","hentry","category-architectural-aluminium-profile"],"meta_box":{"hilight_text_group":{"product_hilight_text":"<li>PVDF coating offers superior weather and UV resistance for long-term durability<\/li>\r\r\n<li>High-strength aluminum extrusion ensures structural integrity for curtain walls<\/li>\r\r\n<li>Excellent corrosion resistance, ideal for coastal and industrial environments<\/li>\r\r\n<li>Customizable shapes, sizes, and finishes to suit architectural designs<\/li>\r\r\n<li>Lightweight profile reduces building load and simplifies installation<\/li>\r\r\n<li>Fire-resistant and environmentally friendly material meets global standards<\/li>\r\r\n<li>Maintains color and gloss over decades, ensuring lasting aesthetic appeal<\/li>","product_chanpin_blog":"<ul>\r\r\n<li><a href=\"https:\/\/sinoextrud.com\/t-slot-v-slot-differences\/\" target=\"_blank\">t slot vs v slot<\/a><\/li>\r\r\n<li><a href=\"https:\/\/sinoextrud.com\/what-is-4040-aluminium-extrud\/\" target=\"_blank\">4040 aluminium extrusion<\/a><\/li>\r\r\n<li><a href=\"https:\/\/sinoextrud.com\/what-is-4040-aluminium-extrud\/\" target=\"_blank\">aluminum extrusions for industrial racks<\/a><\/li>\r\r\n<li><a href=\"https:\/\/sinoextrud.com\/powder-coating-aluminium-process\/\" target=\"_blank\">powder coating aluminium<\/a><\/li>\r\r\n<li><a href=\"https:\/\/sinoextrud.com\/what-is-an-aluminium-strip-ceiling\/\" target=\"_blank\">aluminium strip ceiling<\/a><\/li>\r\r\n<li><a href=\"https:\/\/sinoextrud.com\/what-is-a-heat-sink\/\" target=\"_blank\">what is a heat sink<\/a><\/li>\r\r\n<\/ul>","product_chanpin_chanpin":"<li><a href=\"https:\/\/sinoextrud.com\/product\/cabinet-furniture-aluminium-extrusions-aluminum-handle-profile-for-kitchen-cabinet-horizontal-g-handle-system\/\" target=\"_blank\">Cabinet Furniture Aluminium Extrusions Aluminum Handle Profile For Kitchen Cabinet Horizontal G Handle System<\/a><\/li>\r\n<li><a href=\"https:\/\/sinoextrud.com\/product\/sound-proof-aluminum-glass-casement-windows-sliding-windows-and-doors-aluminum-profile-for-buildings-louver-system\/\" target=\"_blank\">Sound-proof Aluminum Glass Casement Windows Sliding Windows And Doors Aluminum Profile For Buildings Louver System<\/a><\/li>\r\n<li><a href=\"https:\/\/sinoextrud.com\/product\/shutter-aluminum-profile-for-window-louver-frame\/\" target=\"_blank\">Shutter Aluminum Profile For Window Louver Frame<\/a><\/li>\r\n<li><a href=\"https:\/\/sinoextrud.com\/product\/extrusion-aluminum-shutter-profile-free-mould\/\" target=\"_blank\">Extrusion Aluminum Shutter Profile Free Mould<\/a><\/li>\r\n<li><a href=\"https:\/\/sinoextrud.com\/product\/pvdf-aluminum-extrusion-curtain-wall-profile\/\" target=\"_blank\">PVDF Aluminum Extrusion Curtain Wall Profile<\/a><\/li>\r\n<li><a href=\"https:\/\/sinoextrud.com\/product\/l-aluminum-profile-for-glass-railing\/\" target=\"_blank\">L Aluminum Profile For Glass Railing<\/a><\/li>\r\n<li><a href=\"https:\/\/sinoextrud.com\/product\/bright-anodize-brushed-black-window-profile\/\" target=\"_blank\">Bright Anodize Brushed Black Window Profile<\/a><\/li>\r\n<li><a href=\"https:\/\/sinoextrud.com\/product\/customized-aluminum-alloy-housing-grow-light\/\" target=\"_blank\">Customized Aluminum Alloy Housing Grow Light<\/a><\/li>\r\n<li><a href=\"https:\/\/sinoextrud.com\/product\/extruded-aluminum-interlocking-plank-floor\/\" target=\"_blank\">Extruded Aluminum Interlocking Plank Floor<\/a><\/li>\r\n<li><a href=\"https:\/\/sinoextrud.com\/product\/cnc-machined-6063-aluminium-extrusion-product\/\" target=\"_blank\">CNC Machined 6063 Aluminium Extrusion Product<\/a><\/li>\r\n<li><a href=\"https:\/\/sinoextrud.com\/product\/aluminum-louver-blades\/\" target=\"_blank\">Aluminum Louver Blades<\/a><\/li>"},"feature_list":[]},"_links":{"self":[{"href":"https:\/\/sinoextrud.com\/hu\/wp-json\/wp\/v2\/product\/7428","targetHints":{"allow":["GET"]}}],"collection":[{"href":"https:\/\/sinoextrud.com\/hu\/wp-json\/wp\/v2\/product"}],"about":[{"href":"https:\/\/sinoextrud.com\/hu\/wp-json\/wp\/v2\/types\/product"}],"wp:featuredmedia":[{"embeddable":true,"href":"https:\/\/sinoextrud.com\/hu\/wp-json\/wp\/v2\/media\/7427"}],"wp:attachment":[{"href":"https:\/\/sinoextrud.com\/hu\/wp-json\/wp\/v2\/media?parent=7428"}],"wp:term":[{"taxonomy":"category","embeddable":true,"href":"https:\/\/sinoextrud.com\/hu\/wp-json\/wp\/v2\/categories?post=7428"}],"curies":[{"name":"wp","href":"https:\/\/api.w.org\/{rel}","templated":true}]}}