{"id":7422,"date":"2025-06-07T07:06:01","date_gmt":"2025-06-07T07:06:01","guid":{"rendered":"https:\/\/sinoextrud.com\/product\/sound-proof-aluminum-glass-casement-windows-sliding-windows-and-doors-aluminum-profile-for-buildings-louver-system\/"},"modified":"2025-06-24T06:12:47","modified_gmt":"2025-06-24T06:12:47","slug":"hangszigetelt-aluminium-uveg-ablakok-toloablakok-es-ajtok-aluminium-profilok-epuletek-szamara-lamellas-rendszer","status":"publish","type":"product","link":"https:\/\/sinoextrud.com\/hu\/product\/sound-proof-aluminum-glass-casement-windows-sliding-windows-and-doors-aluminum-profile-for-buildings-louver-system\/","title":{"rendered":"Hangszigetelt alum\u00ednium \u00fcveg ablakok ablakok tol\u00f3ablakok \u00e9s ajt\u00f3k alum\u00ednium profil \u00e9p\u00fcletek sz\u00e1m\u00e1ra Louver rendszer"},"content":{"rendered":"<h2>Term\u00e9kek r\u00e9szletei<\/h2>\n<table class=\"custom-table\">\n<tr>\n<td class=\"label\">C\u00edm<\/td>\n<td>Hangszigetelt alum\u00ednium \u00fcveg ablakok ablakok tol\u00f3ablakok \u00e9s ajt\u00f3k alum\u00ednium profil \u00e9p\u00fcletek sz\u00e1m\u00e1ra Louver rendszer<\/td>\n<\/tr>\n<\/table>\n<h2>Gy\u00e1rt\u00f3 b\u00e1zisunk<\/h2>\n<h3>Gy\u00e1ri panor\u00e1ma<\/h3>\n<p><img decoding=\"async\" src=\"\/wp-content\/uploads\/factory-01.webp\"\/><\/p>\n<h3>Alum\u00ednium r\u00fadgy\u00e1rt\u00f3 m\u0171hely<\/h3>\n<p><img decoding=\"async\" src=\"\/wp-content\/uploads\/factory-02.webp\"\/><\/p>\n<p><img decoding=\"async\" src=\"\/wp-content\/uploads\/factory-03.webp\"\/><\/p>\n<h3>Pen\u00e9sz rakt\u00e1r<\/h3>\n<p><img decoding=\"async\" src=\"\/wp-content\/uploads\/factory-04.webp\"\/><\/p>\n<h3>43 alum\u00ednium extrud\u00e1l\u00f3 vonal (500-5500 tonna)<\/h3>\n<p><img decoding=\"async\" src=\"\/wp-content\/uploads\/factory-05.webp\"\/><\/p>\n<p><img decoding=\"async\" src=\"\/wp-content\/uploads\/factory-06.webp\"\/><\/p>\n<p><img decoding=\"async\" src=\"\/wp-content\/uploads\/factory-07.webp\"\/><\/p>\n<h3>Porfest\u0151 m\u0171hely<\/h3>\n<p><img decoding=\"async\" src=\"\/wp-content\/uploads\/factory-09.webp\"\/><\/p>\n<h3>Anodiz\u00e1l\u00f3 m\u0171hely<\/h3>\n<p><img decoding=\"async\" src=\"\/wp-content\/uploads\/factory-10.webp\"\/><\/p>\n<h3>M\u00e9ly feldolgoz\u00e1si m\u0171hely<\/h3>\n<p><img decoding=\"async\" src=\"\/wp-content\/uploads\/factory-11.webp\"\/><\/p>\n<h3>CNC prec\u00edzi\u00f3s megmunk\u00e1l\u00f3 m\u0171hely<\/h3>\n<p><img decoding=\"async\" src=\"\/wp-content\/uploads\/factory-11.5.webp\"\/><\/p>\n<h3>K\u00e9szterm\u00e9k \u00e9s export rakt\u00e1r<\/h3>\n<p><img decoding=\"async\" src=\"\/wp-content\/uploads\/factory-12.webp\"\/><\/p>\n<p><img decoding=\"async\" src=\"\/wp-content\/uploads\/factory-13.webp\"\/><\/p>\n<p><img decoding=\"async\" src=\"\/wp-content\/uploads\/factory-14.webp\"\/><\/p>\n<h2>GYIK<\/h2>\n<p><p><b>1.Mi az a hangszigetelt alum\u00ednium \u00fcveg ablak \u00e9s ajt\u00f3 profil?<\/b><\/p>\n<p>Ez egy speci\u00e1lisan megtervezett alum\u00edniumprofil, amelyet ablakok \u00e9s ajt\u00f3k \u00e9p\u00edt\u00e9s\u00e9hez terveztek, hangszigetel\u00e9si \u00e9s h\u0151szigetel\u00e9si el\u0151ny\u00f6kkel.<br \/>\n<\/p><br \/>\n<br \/>\n<p><b>2.Milyen el\u0151ny\u00f6kkel j\u00e1r az alum\u00edniumprofilok haszn\u00e1lata a tol\u00f3- \u00e9s sz\u00e1rnyas ablakok eset\u00e9ben?<\/b><\/p>\n<p>Az alum\u00ednium k\u00f6nny\u0171 tart\u00f3ss\u00e1got, korr\u00f3zi\u00f3\u00e1ll\u00f3s\u00e1got \u00e9s tervez\u00e9si rugalmass\u00e1got biztos\u00edt a k\u00fcl\u00f6nb\u00f6z\u0151 ablak- \u00e9s ajt\u00f3t\u00edpusokhoz.<br \/>\n<\/p><br \/>\n<br \/>\n<p><b>3.Ez a profilrendszer kompatibilis a lamell\u00e1kkal?<\/b><\/p>\n<p>Igen, integr\u00e1lhat\u00f3 alum\u00ednium lamell\u00e1s rendszerekkel a szell\u0151z\u00e9s, az \u00e1rny\u00e9kol\u00e1s \u00e9s az eszt\u00e9tika \u00e9rdek\u00e9ben.<br \/>\n<\/p><br \/>\n<br \/>\n<p><b>4.Haszn\u00e1lhat\u00f3k-e ezek a profilok kereskedelmi \u00e9p\u00fcletekben?<\/b><\/p>\n<p>Igen, ide\u00e1lisak mind a lak\u00f3-, mind a kereskedelmi \u00e9p\u00edtm\u00e9nyekhez, amelyek nagy teljes\u00edtm\u00e9ny\u0171 ablak- \u00e9s ajt\u00f3rendszereket ig\u00e9nyelnek.<br \/>\n<\/p><br \/>\n<br \/>\n<p><b>5.A hangszigetel\u0151 funkci\u00f3k alapfelszerelts\u00e9gnek sz\u00e1m\u00edtanak?<\/b><\/p>\n<p>Igen, a profilokat \u00fagy tervezt\u00e9k, hogy a kiv\u00e1l\u00f3 hangszigetel\u00e9s \u00e9rdek\u00e9ben kett\u0151s vagy h\u00e1rmas \u00fcvegez\u00e9s\u0171 egys\u00e9geket t\u00e1mogassanak.<br \/>\n<\/p><br \/>\n<br \/>\n<p><b>6. k\u00edn\u00e1lnak-e h\u0151szigetel\u00e9si lehet\u0151s\u00e9geket?<\/b><\/p>\n<p>Igen, az energiahat\u00e9konys\u00e1g \u00e9s a belt\u00e9ri komfort fokoz\u00e1s\u00e1ra h\u0151szigetelt alum\u00edniumprofilok \u00e1llnak rendelkez\u00e9sre.<br \/>\n<\/p><br \/>\n<br \/>\n<p><b>7.Milyen fel\u00fcletkezel\u00e9s \u00e1ll rendelkez\u00e9sre?<\/b><\/p>\n<p>A kivitelek k\u00f6z\u00f6tt szerepelnek elox\u00e1lt, porsz\u00f3rt \u00e9s fa szemcs\u00e9s kivitelek, hogy illeszkedjenek a k\u00fcl\u00f6nb\u00f6z\u0151 tervez\u00e9si st\u00edlusokhoz \u00e9s id\u0151j\u00e1r\u00e1si k\u00f6r\u00fclm\u00e9nyekhez.<br \/>\n<\/p><br \/>\n<br \/>\n<p><b>8.T\u00e1mogatottak az egy\u00e9ni m\u00e9retek \u00e9s sz\u00ednek?<\/b><\/p>\n<p>Term\u00e9szetesen teljes k\u00f6r\u0171 testreszab\u00e1st k\u00edn\u00e1lunk az egyedi \u00e9p\u00edt\u00e9szeti k\u00f6vetelm\u00e9nyekhez \u00e9s sz\u00ednt\u00e9m\u00e1khoz val\u00f3 igazod\u00e1s \u00e9rdek\u00e9ben.<br \/>\n<\/p><br \/><\/p>","protected":false},"featured_media":7421,"template":"","categories":[67],"class_list":["post-7422","product","type-product","status-publish","has-post-thumbnail","hentry","category-architectural-aluminium-profile"],"meta_box":{"hilight_text_group":{"product_hilight_text":"<li>Designed for sound-proof performance in modern residential and commercial buildings<\/li>\r\r\n<li>High-quality aluminum profiles ensure structural strength and long-term durability<\/li>\r\r\n<li>Compatible with casement windows, sliding windows, and door systems<\/li>\r\r\n<li>Supports integrated louver systems for ventilation and privacy<\/li>\r\r\n<li>Corrosion-resistant finishes ideal for harsh weather conditions<\/li>\r\r\n<li>Customizable sizes, colors, and profiles to match architectural designs<\/li>\r\r\n<li>Energy-efficient thermal break options available to reduce heat transfer<\/li>","product_chanpin_blog":"<ul>\r\r\n<li><a href=\"https:\/\/sinoextrud.com\/t-slot-v-slot-differences\/\" target=\"_blank\">t slot vs v slot<\/a><\/li>\r\r\n<li><a href=\"https:\/\/sinoextrud.com\/what-is-4040-aluminium-extrud\/\" target=\"_blank\">4040 aluminium extrusion<\/a><\/li>\r\r\n<li><a href=\"https:\/\/sinoextrud.com\/what-is-4040-aluminium-extrud\/\" target=\"_blank\">aluminum extrusions for industrial racks<\/a><\/li>\r\r\n<li><a href=\"https:\/\/sinoextrud.com\/powder-coating-aluminium-process\/\" target=\"_blank\">powder coating aluminium<\/a><\/li>\r\r\n<li><a href=\"https:\/\/sinoextrud.com\/what-is-an-aluminium-strip-ceiling\/\" target=\"_blank\">aluminium strip ceiling<\/a><\/li>\r\r\n<li><a href=\"https:\/\/sinoextrud.com\/what-is-a-heat-sink\/\" target=\"_blank\">what is a heat sink<\/a><\/li>\r\r\n<\/ul>","product_chanpin_chanpin":"<li><a href=\"https:\/\/sinoextrud.com\/product\/new-design-kitchen-handle-aluminum-profile\/\" target=\"_blank\">New Design Kitchen Handle Aluminum Profile<\/a><\/li>\r\n<li><a href=\"https:\/\/sinoextrud.com\/product\/aluminum-tube-profile-processing-with-6060-material\/\" target=\"_blank\">Aluminum Tube Profile Processing with 6060 material<\/a><\/li>\r\n<li><a href=\"https:\/\/sinoextrud.com\/product\/shining-polishing-aluminum-profile-anodizing-silver\/\" target=\"_blank\">Shining Polishing Aluminum Profile Anodizing Silver<\/a><\/li>\r\n<li><a href=\"https:\/\/sinoextrud.com\/product\/cabinet-furniture-aluminium-extrusions-aluminum-handle-profile-for-kitchen-cabinet-horizontal-g-handle-system\/\" target=\"_blank\">Cabinet Furniture Aluminium Extrusions Aluminum Handle Profile For Kitchen Cabinet Horizontal G Handle System<\/a><\/li>\r\n<li><a href=\"https:\/\/sinoextrud.com\/product\/sound-proof-aluminum-glass-casement-windows-sliding-windows-and-doors-aluminum-profile-for-buildings-louver-system\/\" target=\"_blank\">Sound-proof Aluminum Glass Casement Windows Sliding Windows And Doors Aluminum Profile For Buildings Louver System<\/a><\/li>\r\n<li><a href=\"https:\/\/sinoextrud.com\/product\/shutter-aluminum-profile-for-window-louver-frame\/\" target=\"_blank\">Shutter Aluminum Profile For Window Louver Frame<\/a><\/li>\r\n<li><a href=\"https:\/\/sinoextrud.com\/product\/extrusion-aluminum-shutter-profile-free-mould\/\" target=\"_blank\">Extrusion Aluminum Shutter Profile Free Mould<\/a><\/li>\r\n<li><a href=\"https:\/\/sinoextrud.com\/product\/pvdf-aluminum-extrusion-curtain-wall-profile\/\" target=\"_blank\">PVDF Aluminum Extrusion Curtain Wall Profile<\/a><\/li>\r\n<li><a href=\"https:\/\/sinoextrud.com\/product\/l-aluminum-profile-for-glass-railing\/\" target=\"_blank\">L Aluminum Profile For Glass Railing<\/a><\/li>\r\n<li><a href=\"https:\/\/sinoextrud.com\/product\/aluminum-outdoor-enclose-heat-sinks\/\" target=\"_blank\">Aluminum outdoor enclose heat sinks<\/a><\/li>\r\n<li><a href=\"https:\/\/sinoextrud.com\/product\/commercial-handrail-systems\/\" target=\"_blank\">Commercial Handrail Systems<\/a><\/li>"},"feature_list":[]},"_links":{"self":[{"href":"https:\/\/sinoextrud.com\/hu\/wp-json\/wp\/v2\/product\/7422","targetHints":{"allow":["GET"]}}],"collection":[{"href":"https:\/\/sinoextrud.com\/hu\/wp-json\/wp\/v2\/product"}],"about":[{"href":"https:\/\/sinoextrud.com\/hu\/wp-json\/wp\/v2\/types\/product"}],"wp:featuredmedia":[{"embeddable":true,"href":"https:\/\/sinoextrud.com\/hu\/wp-json\/wp\/v2\/media\/7421"}],"wp:attachment":[{"href":"https:\/\/sinoextrud.com\/hu\/wp-json\/wp\/v2\/media?parent=7422"}],"wp:term":[{"taxonomy":"category","embeddable":true,"href":"https:\/\/sinoextrud.com\/hu\/wp-json\/wp\/v2\/categories?post=7422"}],"curies":[{"name":"wp","href":"https:\/\/api.w.org\/{rel}","templated":true}]}}