{"id":7416,"date":"2025-06-07T06:58:32","date_gmt":"2025-06-07T06:58:32","guid":{"rendered":"https:\/\/sinoextrud.com\/product\/aluminum-tube-profile-processing-with-6060-material\/"},"modified":"2025-06-24T06:12:46","modified_gmt":"2025-06-24T06:12:46","slug":"aluminium-cso-profil-feldolgozasa-6060-anyaggal","status":"publish","type":"product","link":"https:\/\/sinoextrud.com\/hu\/product\/aluminum-tube-profile-processing-with-6060-material\/","title":{"rendered":"Alum\u00ednium cs\u0151 profil feldolgoz\u00e1sa 6060 anyaggal"},"content":{"rendered":"<h2>Term\u00e9kek r\u00e9szletei<\/h2>\n<table class=\"custom-table\">\n<tr>\n<td class=\"label\">\nT\u00e9tel:<\/td>\n<td> Alum\u00ednium cs\u0151 profil feldolgoz\u00e1sa 6060 anyaggal<\/td>\n<\/tr>\n<tr>\n<td class=\"label\">Alak:<\/td>\n<td> testreszabott <\/td>\n<\/tr>\n<tr>\n<td class=\"label\">Lelkiismeretesen:<\/td>\n<td> T3-T8<\/td>\n<\/tr>\n<tr>\n<td class=\"label\">\u00f6tv\u00f6zet:<\/td>\n<td> \u00d6tv\u00f6zet<\/td>\n<\/tr>\n<tr>\n<td class=\"label\">\u00d6tv\u00f6z\u0151 \u00f6sszetev\u0151:<\/td>\n<td> 6063<\/td>\n<\/tr>\n<tr>\n<td class=\"label\">Pol\u00edrozott alum\u00ednium profil:<\/td>\n<td> Mechanikai pol\u00edroz\u00e1s<\/td>\n<\/tr>\n<tr>\n<td class=\"label\">Becs\u00fclet:<\/td>\n<td> K\u00edna Top 10 biztos\u00edtott min\u0151s\u00e9gi sz\u00e1ll\u00edt\u00f3ja<\/td>\n<\/tr>\n<tr>\n<td class=\"label\">Elfogadhat\u00f3 p\u00e9nznem:<\/td>\n<td> USD, Aud, Eur, K\u00ednai RMB<\/td>\n<\/tr>\n<tr>\n<td class=\"label\">Fizet\u00e9si hat\u00e1rid\u0151:<\/td>\n<td> T \/ T vagy L \/ C l\u00e1t\u00e1sra, 30% let\u00e9tbe helyez\u00e9s, majd egyenleg<\/td>\n<\/tr>\n<tr>\n<td class=\"label\">Sz\u00e1ll\u00edt\u00e1si csomag:<\/td>\n<td> M\u0171anyag f\u00f3lia \u00e9s er\u0151pap\u00edr<\/td>\n<\/tr>\n<tr>\n<td class=\"label\">T\u00edpus:<\/td>\n<td> Dekor\u00e1ci\u00f3 Alum\u00ednium profil, LED<\/td>\n<\/tr>\n<tr>\n<td class=\"label\">Oszt\u00e1ly:<\/td>\n<td> 6000-es sorozat<\/td>\n<\/tr>\n<tr>\n<td class=\"label\">Ablak \u00e9s ajt\u00f3 alum\u00ednium profil:<\/td>\n<td> 70-es sorozat<\/td>\n<\/tr>\n<tr>\n<td class=\"label\">Fel\u00fcletkezel\u00e9s:<\/td>\n<td> Fa szemcs\u00e9s transzfer<\/td>\n<\/tr>\n<tr>\n<td class=\"label\">Tan\u00fas\u00edt\u00e1s:<\/td>\n<td> CE, SONCAP, ISO, CIQ, RoHS, TUV, Aama, DIN, DIN<\/td>\n<\/tr>\n<tr>\n<td class=\"label\">Term\u00e9k neve:<\/td>\n<td> Extrud\u00e1lt alum\u00ednium csatorna<\/td>\n<\/tr>\n<tr>\n<td class=\"label\">El\u0151ny:<\/td>\n<td> Er\u0151s technikai t\u00e1mogat\u00e1s<\/td>\n<\/tr>\n<tr>\n<td class=\"label\">Feldolgoz\u00e1s:<\/td>\n<td> Finom\u00edtott v\u00e1g\u00e1s, mar\u00e1s, f\u00far\u00e1s<\/td>\n<\/tr>\n<tr>\n<td class=\"label\">Min\u0151s\u00e9gi garancia:<\/td>\n<td> 100% J\u00f3 term\u00e9kek sz\u00e1ll\u00edt\u00e1s el\u0151tt<\/td>\n<\/tr>\n<tr>\n<td class=\"label\">Specifik\u00e1ci\u00f3:<\/td>\n<td> Ahogy az \u00fcgyfelek k\u00e9rik<\/td>\n<\/tr>\n<\/table>\n<h2>Gy\u00e1rt\u00f3 b\u00e1zisunk<\/h2>\n<h3>Gy\u00e1ri panor\u00e1ma<\/h3>\n<p><img decoding=\"async\" src=\"\/wp-content\/uploads\/factory-01.webp\"\/><\/p>\n<h3>Alum\u00ednium r\u00fadgy\u00e1rt\u00f3 m\u0171hely<\/h3>\n<p><img decoding=\"async\" src=\"\/wp-content\/uploads\/factory-02.webp\"\/><\/p>\n<\/p>\n<p><img decoding=\"async\" src=\"\/wp-content\/uploads\/factory-03.webp\"\/><\/p>\n<h3>Pen\u00e9sz rakt\u00e1r<\/h3>\n<p><img decoding=\"async\" src=\"\/wp-content\/uploads\/factory-04.webp\"\/><\/p>\n<h3>43 alum\u00ednium extrud\u00e1l\u00f3 vonal (500-5500 tonna)<\/h3>\n<p><img decoding=\"async\" src=\"\/wp-content\/uploads\/factory-05.webp\"\/><\/p>\n<p><img decoding=\"async\" src=\"\/wp-content\/uploads\/factory-06.webp\"\/><\/p>\n<p><img decoding=\"async\" src=\"\/wp-content\/uploads\/factory-07.webp\"\/><\/p>\n<h3>Porfest\u0151 m\u0171hely<\/h3>\n<p><img decoding=\"async\" src=\"\/wp-content\/uploads\/factory-09.webp\"\/><\/p>\n<h3>Anodiz\u00e1l\u00f3 m\u0171hely<\/h3>\n<p><img decoding=\"async\" src=\"\/wp-content\/uploads\/factory-10.webp\"\/><\/p>\n<h3>M\u00e9ly feldolgoz\u00e1si m\u0171hely<\/h3>\n<p><img decoding=\"async\" src=\"\/wp-content\/uploads\/factory-11.webp\"\/><\/p>\n<h3>CNC prec\u00edzi\u00f3s megmunk\u00e1l\u00f3 m\u0171hely<\/h3>\n<p><img decoding=\"async\" src=\"\/wp-content\/uploads\/factory-11.5.webp\"\/><\/p>\n<h3>K\u00e9szterm\u00e9k \u00e9s export rakt\u00e1r<\/h3>\n<p><img decoding=\"async\" src=\"\/wp-content\/uploads\/factory-12.webp\"\/><\/p>\n<p><img decoding=\"async\" src=\"\/wp-content\/uploads\/factory-13.webp\"\/><\/p>\n<p><img decoding=\"async\" src=\"\/wp-content\/uploads\/factory-14.webp\"\/><\/p>\n<h2>GYIK<\/h2>\n<p><b>1.Mi az alum\u00ednium cs\u0151profil feldolgoz\u00e1sa 6060 anyaggal?<\/b><\/p>\n<p>A 6060-as \u00f6tv\u00f6zetb\u0151l k\u00e9sz\u00fclt alum\u00edniumcs\u0151profilok egyedi gy\u00e1rt\u00e1s\u00e1ra \u00e9s megmunk\u00e1l\u00e1s\u00e1ra vonatkozik, k\u00fcl\u00f6nb\u00f6z\u0151 ipari alkalmaz\u00e1sokhoz.\n<\/p>\n<p><\/p>\n<p><b>2.Mi\u00e9rt v\u00e1lassza a 6060 alum\u00ednium\u00f6tv\u00f6zetet a cs\u0151profilokhoz?<\/b><\/p>\n<p>A 6060-as alum\u00ednium j\u00f3 szil\u00e1rds\u00e1got, korr\u00f3zi\u00f3\u00e1ll\u00f3s\u00e1got \u00e9s alak\u00edthat\u00f3s\u00e1got k\u00edn\u00e1l, \u00e9s ide\u00e1lis az elox\u00e1l\u00e1shoz, \u00edgy alkalmas szerkezeti \u00e9s dekorat\u00edv c\u00e9lokra.\n<\/p>\n<p><\/p>\n<p><b>3.Milyen el\u0151ny\u00f6kkel j\u00e1r a 6060 alum\u00ednium haszn\u00e1lata a cs\u0151profilokban?<\/b><\/p>\n<p>Az el\u0151ny\u00f6k k\u00f6z\u00e9 tartozik a k\u00f6nny\u0171 szil\u00e1rds\u00e1g, a k\u00f6nny\u0171 gy\u00e1rt\u00e1s, a korr\u00f3zi\u00f3\u00e1ll\u00f3s\u00e1g \u00e9s a kiv\u00e1l\u00f3 fel\u00fcletkezel\u00e9s ut\u00e1ni fel\u00fcletkezel\u00e9s.\n<\/p>\n<p><\/p>\n<p><b>4.Can 6060 alum\u00ednium cs\u0151profilok testre szabhat\u00f3?<\/b><\/p>\n<p>Igen, egyedi cs\u0151m\u00e9reteket, falvastags\u00e1gokat, form\u00e1kat \u00e9s feldolgoz\u00e1st, p\u00e9ld\u00e1ul v\u00e1g\u00e1st, hajl\u00edt\u00e1st \u00e9s f\u00far\u00e1st k\u00edn\u00e1lunk.\n<\/p>\n<p><\/p>\n<p><b>5.A 6060 alum\u00ednium alkalmas hegeszt\u00e9sre \u00e9s hajl\u00edt\u00e1sra?<\/b><\/p>\n<p>Igen, a 6060-as alum\u00ednium j\u00f3l hegeszthet\u0151, \u00e9s k\u00f6nnyen hajl\u00edthat\u00f3 vagy alak\u00edthat\u00f3 reped\u00e9s n\u00e9lk\u00fcl.\n<\/p>\n<p><\/p>\n<p><b>6.Hol haszn\u00e1lj\u00e1k \u00e1ltal\u00e1ban a 6060 alum\u00ednium cs\u0151profilokat?<\/b><\/p>\n<p>Ezeket az \u00e9p\u00edt\u0151ipari v\u00e1zszerkezetekben, aut\u00f3alkatr\u00e9szekben, kirakatszerkezetekben, b\u00fatorokban \u00e9s HVAC-rendszerekben haszn\u00e1lj\u00e1k.\n<\/p>\n<p><\/p>\n<p><b>7.Milyen fel\u00fcletkezel\u00e9sek kompatibilisek a 6060 alum\u00edniummal?<\/b><\/p>\n<p>A 6060 alum\u00ednium kiv\u00e1l\u00f3an alkalmas elox\u00e1l\u00e1sra, porsz\u00f3r\u00e1sos bevon\u00e1sra \u00e9s mechanikus pol\u00edroz\u00e1sra mind funkcion\u00e1lis, mind dekorat\u00edv c\u00e9lokra.\n<\/p>\n<p><\/p>\n<p><b>8.Ezek az alum\u00edniumcs\u00f6vek id\u0151j\u00e1r\u00e1s\u00e1ll\u00f3ak?<\/b><\/p>\n<p>Igen, a 6060-as \u00f6tv\u00f6zet er\u0151s korr\u00f3zi\u00f3\u00e1ll\u00f3s\u00e1got biztos\u00edt, \u00edgy a profilok alkalmasak k\u00fclt\u00e9ri \u00e9s tengeri k\u00f6rnyezetbe.\n<\/p>\n<p><\/p>","protected":false},"featured_media":7415,"template":"","categories":[67],"class_list":["post-7416","product","type-product","status-publish","has-post-thumbnail","hentry","category-architectural-aluminium-profile"],"meta_box":{"hilight_text_group":{"product_hilight_text":"<li>Manufactured using high-quality 6060 aluminum alloy for excellent formability<\/li>\r\r\n<li>Good corrosion resistance, suitable for indoor and outdoor applications<\/li>\r\r\n<li>Lightweight with moderate strength for structural and decorative use<\/li>\r\r\n<li>Precision processing available for custom dimensions and complex shapes<\/li>\r\r\n<li>Excellent surface finish after anodizing or powder coating<\/li>\r\r\n<li>Suitable for cutting, drilling, bending, and welding processes<\/li>\r\r\n<li>Widely used in construction, automotive, furniture, and industrial equipment<\/li>","product_chanpin_blog":"<ul>\r\r\n<li><a href=\"https:\/\/sinoextrud.com\/t-slot-v-slot-differences\/\" target=\"_blank\">t slot vs v slot<\/a><\/li>\r\r\n<li><a href=\"https:\/\/sinoextrud.com\/what-is-4040-aluminium-extrud\/\" target=\"_blank\">4040 aluminium extrusion<\/a><\/li>\r\r\n<li><a href=\"https:\/\/sinoextrud.com\/what-is-4040-aluminium-extrud\/\" target=\"_blank\">aluminum extrusions for industrial racks<\/a><\/li>\r\r\n<li><a href=\"https:\/\/sinoextrud.com\/powder-coating-aluminium-process\/\" target=\"_blank\">powder coating aluminium<\/a><\/li>\r\r\n<li><a href=\"https:\/\/sinoextrud.com\/what-is-an-aluminium-strip-ceiling\/\" target=\"_blank\">aluminium strip ceiling<\/a><\/li>\r\r\n<li><a href=\"https:\/\/sinoextrud.com\/what-is-a-heat-sink\/\" target=\"_blank\">what is a heat sink<\/a><\/li>\r\r\n<\/ul>","product_chanpin_chanpin":"<li><a href=\"https:\/\/sinoextrud.com\/product\/customized-large-size-aluminum-alloy-louvers\/\" target=\"_blank\">Customized Large-Size Aluminum Alloy Louvers<\/a><\/li>\r\n<li><a href=\"https:\/\/sinoextrud.com\/product\/custom-cnc-machined-7075-aluminum-extrusion\/\" target=\"_blank\">Custom CNC Machined 7075 Aluminum Extrusion<\/a><\/li>\r\n<li><a href=\"https:\/\/sinoextrud.com\/product\/custom-aluminum-tongue-and-groove-extrusion-for-floor-decking\/\" target=\"_blank\">Custom Aluminum Tongue And Groove Extrusion for floor decking<\/a><\/li>\r\n<li><a href=\"https:\/\/sinoextrud.com\/product\/new-design-kitchen-handle-aluminum-profile\/\" target=\"_blank\">New Design Kitchen Handle Aluminum Profile<\/a><\/li>\r\n<li><a href=\"https:\/\/sinoextrud.com\/product\/aluminum-tube-profile-processing-with-6060-material\/\" target=\"_blank\">Aluminum Tube Profile Processing with 6060 material<\/a><\/li>\r\n<li><a href=\"https:\/\/sinoextrud.com\/product\/shining-polishing-aluminum-profile-anodizing-silver\/\" target=\"_blank\">Shining Polishing Aluminum Profile Anodizing Silver<\/a><\/li>\r\n<li><a href=\"https:\/\/sinoextrud.com\/product\/cabinet-furniture-aluminium-extrusions-aluminum-handle-profile-for-kitchen-cabinet-horizontal-g-handle-system\/\" target=\"_blank\">Cabinet Furniture Aluminium Extrusions Aluminum Handle Profile For Kitchen Cabinet Horizontal G Handle System<\/a><\/li>\r\n<li><a href=\"https:\/\/sinoextrud.com\/product\/sound-proof-aluminum-glass-casement-windows-sliding-windows-and-doors-aluminum-profile-for-buildings-louver-system\/\" target=\"_blank\">Sound-proof Aluminum Glass Casement Windows Sliding Windows And Doors Aluminum Profile For Buildings Louver System<\/a><\/li>\r\n<li><a href=\"https:\/\/sinoextrud.com\/product\/shutter-aluminum-profile-for-window-louver-frame\/\" target=\"_blank\">Shutter Aluminum Profile For Window Louver Frame<\/a><\/li>\r\n<li><a href=\"https:\/\/sinoextrud.com\/product\/electrophoresis-aluminum-profile-wood-grain\/\" target=\"_blank\">Electrophoresis Aluminum Profile Wood Grain<\/a><\/li>\r\n<li><a href=\"https:\/\/sinoextrud.com\/product\/aluminum-boat-extrusions-6082\/\" target=\"_blank\">Aluminum Boat Extrusions 6082<\/a><\/li>"},"feature_list":[]},"_links":{"self":[{"href":"https:\/\/sinoextrud.com\/hu\/wp-json\/wp\/v2\/product\/7416","targetHints":{"allow":["GET"]}}],"collection":[{"href":"https:\/\/sinoextrud.com\/hu\/wp-json\/wp\/v2\/product"}],"about":[{"href":"https:\/\/sinoextrud.com\/hu\/wp-json\/wp\/v2\/types\/product"}],"wp:featuredmedia":[{"embeddable":true,"href":"https:\/\/sinoextrud.com\/hu\/wp-json\/wp\/v2\/media\/7415"}],"wp:attachment":[{"href":"https:\/\/sinoextrud.com\/hu\/wp-json\/wp\/v2\/media?parent=7416"}],"wp:term":[{"taxonomy":"category","embeddable":true,"href":"https:\/\/sinoextrud.com\/hu\/wp-json\/wp\/v2\/categories?post=7416"}],"curies":[{"name":"wp","href":"https:\/\/api.w.org\/{rel}","templated":true}]}}