{"id":7402,"date":"2025-06-07T06:42:04","date_gmt":"2025-06-07T06:42:04","guid":{"rendered":"https:\/\/sinoextrud.com\/product\/anodizing-aluminum-picture-photo-frame-brushed-aluminium-frame-for-home-decoration\/"},"modified":"2025-06-24T06:12:43","modified_gmt":"2025-06-24T06:12:43","slug":"eloxalo-aluminium-kepkeret-csiszolt-aluminium-keret-otthoni-dekoraciohoz","status":"publish","type":"product","link":"https:\/\/sinoextrud.com\/hu\/product\/anodizing-aluminum-picture-photo-frame-brushed-aluminium-frame-for-home-decoration\/","title":{"rendered":"Elox\u00e1l\u00e1s alum\u00ednium k\u00e9pkeret csiszolt alum\u00ednium keret otthoni dekor\u00e1ci\u00f3hoz"},"content":{"rendered":"<h2>Term\u00e9kek r\u00e9szletei<\/h2>\n<table class=\"custom-table\">\n<tbody>\n<tr>\n<td> T\u00e9tel:<\/td>\n<td> Elox\u00e1l\u00e1sAlum\u00ednium k\u00e9pkeretF\u00e9nyk\u00e9pkeretBrushed alum\u00ednium keretAz otthoni dekor\u00e1ci\u00f3hoz<\/td>\n<td> Oszt\u00e1ly:<\/td>\n<td> 6000-es sorozat<\/td>\n<\/tr>\n<tr>\n<td> Lelkiismeretesen:<\/td>\n<td> T3-T8<\/td>\n<td> Sz\u00e1rmaz\u00e1si hely:<\/td>\n<td> Guangdong,K\u00edna<\/td>\n<\/tr>\n<tr>\n<td> Alak:<\/td>\n<td> U alak\u00fa csatorna<\/td>\n<td> \u00d6tv\u00f6zet vagy sem:<\/td>\n<td> Az \u00f6tv\u00f6zet<\/td>\n<\/tr>\n<tr>\n<td> Tolerancia:<\/td>\n<td> \u00b10,5%<\/td>\n<td> M\u00e1rka:<\/td>\n<td> Sinoextrud<\/td>\n<\/tr>\n<tr>\n<td> Szabv\u00e1nyos:<\/td>\n<td> k\u00f6zepes \u00e9s magas min\u0151s\u00e9g<\/td>\n<td> Fel\u00fcletkezel\u00e9s:<\/td>\n<td> porfest\u00e9s, elektrofor\u00e9zis, fa szemcs\u00e9s, elox\u00e1lt, csiszolt, pol\u00edroz\u00e1s<\/td>\n<\/tr>\n<tr>\n<td> Sz\u00e1ll\u00edt\u00e1si id\u0151:<\/td>\n<td> 25-30 nap<\/td>\n<td> MOQ:<\/td>\n<td> 200KG<\/td>\n<\/tr>\n<tr>\n<td> Fizet\u00e9si hat\u00e1rid\u0151:<\/td>\n<td> T\/T (30% let\u00e9t), L\/C<\/td>\n<td> Feldolgoz\u00f3 szolg\u00e1ltat\u00e1s:<\/td>\n<td> Hajl\u00edt\u00e1s,f\u00far\u00e1s, hegeszt\u00e9s,lyukaszt\u00e1s, v\u00e1g\u00e1s<\/td>\n<\/tr>\n<tr>\n<td> Kik\u00f6t\u0151:<\/td>\n<td> FOB Guangzhou, Shenzhen<\/td>\n<td> Hossz\u00fas\u00e1g:<\/td>\n<td> testreszabott<\/td>\n<\/tr>\n<tr>\n<td> Sz\u00edn:<\/td>\n<td> testreszabott<\/td>\n<td> Alkalmaz\u00e1s:<\/td>\n<td> Lakberendez\u00e9s<\/td>\n<\/tr>\n<\/tbody>\n<\/table>\n<h2>Gy\u00e1rt\u00f3 b\u00e1zisunk<\/h2>\n<h3>Gy\u00e1ri panor\u00e1ma<\/h3>\n<p><img decoding=\"async\" src=\"\/wp-content\/uploads\/factory-01.webp\"\/><\/p>\n<h3>Alum\u00ednium r\u00fadgy\u00e1rt\u00f3 m\u0171hely<\/h3>\n<p><img decoding=\"async\" src=\"\/wp-content\/uploads\/factory-02.webp\"\/><\/p>\n<p><img decoding=\"async\" src=\"\/wp-content\/uploads\/factory-03.webp\"\/><\/p>\n<h3>Pen\u00e9sz rakt\u00e1r<\/h3>\n<p><img decoding=\"async\" src=\"\/wp-content\/uploads\/factory-04.webp\"\/><\/p>\n<h3>43 alum\u00ednium extrud\u00e1l\u00f3 vonal (500-5500 tonna)<\/h3>\n<p><img decoding=\"async\" src=\"\/wp-content\/uploads\/factory-05.webp\"\/><\/p>\n<p><img decoding=\"async\" src=\"\/wp-content\/uploads\/factory-06.webp\"\/><\/p>\n<p><img decoding=\"async\" src=\"\/wp-content\/uploads\/factory-07.webp\"\/><\/p>\n<h3>Porfest\u0151 m\u0171hely<\/h3>\n<p><img decoding=\"async\" src=\"\/wp-content\/uploads\/factory-09.webp\"\/><\/p>\n<h3>Anodiz\u00e1l\u00f3 m\u0171hely<\/h3>\n<p><img decoding=\"async\" src=\"\/wp-content\/uploads\/factory-10.webp\"\/><\/p>\n<h3>M\u00e9ly feldolgoz\u00e1si m\u0171hely<\/h3>\n<p><img decoding=\"async\" src=\"\/wp-content\/uploads\/factory-11.webp\"\/><\/p>\n<h3>CNC prec\u00edzi\u00f3s megmunk\u00e1l\u00f3 m\u0171hely<\/h3>\n<p><img decoding=\"async\" src=\"\/wp-content\/uploads\/factory-11.5.webp\"\/><\/p>\n<h3>K\u00e9szterm\u00e9k \u00e9s export rakt\u00e1r<\/h3>\n<p><img decoding=\"async\" src=\"\/wp-content\/uploads\/factory-12.webp\"\/><\/p>\n<p><img decoding=\"async\" src=\"\/wp-content\/uploads\/factory-13.webp\"\/><\/p>\n<p><img decoding=\"async\" src=\"\/wp-content\/uploads\/factory-14.webp\"\/><\/p>\n<h2>GYIK<\/h2>\n<p><p><b>1.Mi az elox\u00e1l\u00f3 alum\u00ednium k\u00e9pkeret Brushed Aluminium Frame?<\/b><\/p>\n<p>Ez egy dekorat\u00edv alum\u00edniumkeret csiszolt elox\u00e1lt fel\u00fclettel, amelyet otthoni fot\u00f3k \u00e9s m\u0171v\u00e9szeti alkot\u00e1sok modern eszt\u00e9tik\u00e1j\u00fa megjelen\u00edt\u00e9s\u00e9re terveztek.<br \/>\n<\/p><br \/>\n<br \/>\n<p><b>2.Milyen el\u0151ny\u00f6kkel j\u00e1r az elox\u00e1lt, csiszolt alum\u00edniumkeretek haszn\u00e1lata?<\/b><\/p>\n<p>Korr\u00f3zi\u00f3\u00e1ll\u00f3s\u00e1got, pr\u00e9mium f\u00e9mes megjelen\u00e9st, k\u00f6nny\u0171 tart\u00f3ss\u00e1got \u00e9s k\u00f6nny\u0171 karbantart\u00e1st biztos\u00edtanak a hosszan tart\u00f3 sz\u00e9ps\u00e9g \u00e9rdek\u00e9ben.<br \/>\n<\/p><br \/>\n<br \/>\n<p><b>3.Ez az alum\u00ednium keret alkalmas otthoni dekor\u00e1ci\u00f3ra?<\/b><\/p>\n<p>Igen, t\u00f6k\u00e9letesen alkalmas nappaliba, h\u00e1l\u00f3szob\u00e1ba, el\u0151szob\u00e1ba \u00e9s gal\u00e9ri\u00e1ba, st\u00edlusos sz\u00ednt k\u00f6lcs\u00f6n\u00f6zve b\u00e1rmely bels\u0151 t\u00e9rnek.<br \/>\n<\/p><br \/>\n<br \/>\n<p><b>4.V\u00e1laszthatok k\u00fcl\u00f6nb\u00f6z\u0151 m\u00e9reteket \u00e9s kiviteleket ezekhez a keretekhez?<\/b><\/p>\n<p>Igen, testreszabhat\u00f3 m\u00e9reteket, elox\u00e1lt sz\u00edneket \u00e9s csiszolt text\u00far\u00e1kat k\u00edn\u00e1lunk, hogy illeszkedjen az \u00d6n dekorat\u00edv t\u00e9m\u00e1j\u00e1hoz.<br \/>\n<\/p><br \/>\n<br \/>\n<p><b>5.Mennyire tart\u00f3s az elox\u00e1lt fel\u00fclet?<\/b><\/p>\n<p>Az elox\u00e1l\u00e1si elj\u00e1r\u00e1s kem\u00e9ny, v\u00e9d\u0151 fel\u00fcletet hoz l\u00e9tre, amely ellen\u00e1ll a karcol\u00e1soknak, a fakul\u00e1snak \u00e9s a korr\u00f3zi\u00f3nak, \u00edgy biztos\u00edtva a hossz\u00fa t\u00e1v\u00fa haszn\u00e1latot.<br \/>\n<\/p><br \/>\n<br \/>\n<p><b>6.K\u00f6nny\u0171 ezeket a kereteket felakasztani?<\/b><\/p>\n<p>Igen, standard szerel\u00e9si tartoz\u00e9kokkal \u00e9rkeznek, \u00e9s k\u00f6nny\u0171ek az egyszer\u0171, biztons\u00e1gos falra szerel\u00e9shez.<br \/>\n<\/p><br \/>\n<br \/>\n<p><b>7.Milyen anyagok kompatibilisek ezekkel a keretekkel?<\/b><\/p>\n<p>J\u00f3l haszn\u00e1lhat\u00f3ak fot\u00f3kkal, \u00fcveggel, akrillal \u00e9s m\u0171alkot\u00e1sokkal, \u00edgy sokoldal\u00faan felhaszn\u00e1lhat\u00f3ak a k\u00fcl\u00f6nb\u00f6z\u0151 lakberendez\u00e9si ig\u00e9nyekhez.<br \/>\n<\/p><br \/>\n<br \/>\n<p><b>8.Hol haszn\u00e1lj\u00e1k \u00e1ltal\u00e1ban ezeket a csiszolt alum\u00ednium k\u00e9pkereteket?<\/b><\/p>\n<p>Sz\u00e9les k\u00f6rben haszn\u00e1lj\u00e1k a modern otthonokban, lak\u00e1sokban, m\u0171v\u00e9szeti st\u00fadi\u00f3kban, irod\u00e1kban \u00e9s aj\u00e1nd\u00e9kboltokban funkcion\u00e1lis \u00e9s dekor\u00e1ci\u00f3s c\u00e9lokra egyar\u00e1nt.<br \/>\n<\/p><br \/><\/p>","protected":false},"featured_media":7401,"template":"","categories":[67],"class_list":["post-7402","product","type-product","status-publish","has-post-thumbnail","hentry","category-architectural-aluminium-profile"],"meta_box":{"hilight_text_group":{"product_hilight_text":"<li>Brushed anodized aluminum surface offers a modern and elegant appearance<\/li>\r\r\n<li>Corrosion-resistant finish ensures long-term durability in home environments<\/li>\r\r\n<li>Lightweight structure allows easy wall mounting and repositioning<\/li>\r\r\n<li>Perfect for framing photos, art, posters, and decorative prints<\/li>\r\r\n<li>Available in multiple sizes and finishes to suit various interior styles<\/li>\r\r\n<li>Precision-cut edges and smooth corners enhance visual appeal<\/li>\r\r\n<li>Easy to assemble with secure backing and hanging hardware<\/li>","product_chanpin_blog":"<ul>\r\r\n<li><a href=\"https:\/\/sinoextrud.com\/t-slot-v-slot-differences\/\" target=\"_blank\">t slot vs v slot<\/a><\/li>\r\r\n<li><a href=\"https:\/\/sinoextrud.com\/what-is-4040-aluminium-extrud\/\" target=\"_blank\">4040 aluminium extrusion<\/a><\/li>\r\r\n<li><a href=\"https:\/\/sinoextrud.com\/what-is-4040-aluminium-extrud\/\" target=\"_blank\">aluminum extrusions for industrial racks<\/a><\/li>\r\r\n<li><a href=\"https:\/\/sinoextrud.com\/powder-coating-aluminium-process\/\" target=\"_blank\">powder coating aluminium<\/a><\/li>\r\r\n<li><a href=\"https:\/\/sinoextrud.com\/what-is-an-aluminium-strip-ceiling\/\" target=\"_blank\">aluminium strip ceiling<\/a><\/li>\r\r\n<li><a href=\"https:\/\/sinoextrud.com\/what-is-a-heat-sink\/\" target=\"_blank\">what is a heat sink<\/a><\/li>\r\r\n<\/ul>","product_chanpin_chanpin":"<li><a href=\"https:\/\/sinoextrud.com\/product\/square-aluminium-extrusion\/\" target=\"_blank\">Square Aluminium Extrusion<\/a><\/li>\r\n<li><a href=\"https:\/\/sinoextrud.com\/product\/u-shape-extruded-aluminum-wall-panels\/\" target=\"_blank\">U Shape Extruded Aluminum Wall Panels<\/a><\/li>\r\n<li><a href=\"https:\/\/sinoextrud.com\/product\/greenhouse-aluminum-extrusions-blade-window\/\" target=\"_blank\">Greenhouse Aluminum Extrusions Blade Window<\/a><\/li>\r\n<li><a href=\"https:\/\/sinoextrud.com\/product\/wide-aluminum-extrusions\/\" target=\"_blank\">Wide Aluminum Extrusions<\/a><\/li>\r\n<li><a href=\"https:\/\/sinoextrud.com\/product\/anodizing-aluminum-picture-photo-frame-brushed-aluminium-frame-for-home-decoration\/\" target=\"_blank\">Anodizing Aluminum Picture Photo Frame Brushed Aluminium Frame For Home Decoration<\/a><\/li>\r\n<li><a href=\"https:\/\/sinoextrud.com\/product\/china-aluminum-factory-wholesale-residential-aluminum-fence\/\" target=\"_blank\">China Aluminum Factory Wholesale Residential Aluminum Fence<\/a><\/li>\r\n<li><a href=\"https:\/\/sinoextrud.com\/product\/aluminum-skirting-profile\/\" target=\"_blank\">Aluminum Skirting Profile<\/a><\/li>\r\n<li><a href=\"https:\/\/sinoextrud.com\/product\/customized-large-size-aluminum-alloy-louvers\/\" target=\"_blank\">Customized Large-Size Aluminum Alloy Louvers<\/a><\/li>\r\n<li><a href=\"https:\/\/sinoextrud.com\/product\/custom-cnc-machined-7075-aluminum-extrusion\/\" target=\"_blank\">Custom CNC Machined 7075 Aluminum Extrusion<\/a><\/li>\r\n<li><a href=\"https:\/\/sinoextrud.com\/product\/dripping-screen-ceiling-system\/\" target=\"_blank\">Dripping Screen Ceiling System<\/a><\/li>\r\n<li><a href=\"https:\/\/sinoextrud.com\/product\/anodized-extrusion-precise-round-square-aluminum-tube\/\" target=\"_blank\">Anodized Extrusion Precise Round Square Aluminum Tube<\/a><\/li>"},"feature_list":[]},"_links":{"self":[{"href":"https:\/\/sinoextrud.com\/hu\/wp-json\/wp\/v2\/product\/7402","targetHints":{"allow":["GET"]}}],"collection":[{"href":"https:\/\/sinoextrud.com\/hu\/wp-json\/wp\/v2\/product"}],"about":[{"href":"https:\/\/sinoextrud.com\/hu\/wp-json\/wp\/v2\/types\/product"}],"wp:featuredmedia":[{"embeddable":true,"href":"https:\/\/sinoextrud.com\/hu\/wp-json\/wp\/v2\/media\/7401"}],"wp:attachment":[{"href":"https:\/\/sinoextrud.com\/hu\/wp-json\/wp\/v2\/media?parent=7402"}],"wp:term":[{"taxonomy":"category","embeddable":true,"href":"https:\/\/sinoextrud.com\/hu\/wp-json\/wp\/v2\/categories?post=7402"}],"curies":[{"name":"wp","href":"https:\/\/api.w.org\/{rel}","templated":true}]}}