{"id":7388,"date":"2025-06-07T06:30:48","date_gmt":"2025-06-07T06:30:48","guid":{"rendered":"https:\/\/sinoextrud.com\/product\/extruded-h-beam-aluminum-profile\/"},"modified":"2025-06-24T06:12:42","modified_gmt":"2025-06-24T06:12:42","slug":"extrudalt-h-gerenda-aluminium-profil","status":"publish","type":"product","link":"https:\/\/sinoextrud.com\/hu\/product\/extruded-h-beam-aluminum-profile\/","title":{"rendered":"Extrud\u00e1lt H gerenda alum\u00ednium profil"},"content":{"rendered":"<h2>Term\u00e9kek r\u00e9szletei<\/h2>\n<table class=\"custom-table\">\n<tbody>\n<tr>\n<td> Term\u00e9k neve<\/td>\n<td> Extrud\u00e1lt H gerenda alum\u00ednium profil<\/td>\n<\/tr>\n<tr>\n<td> Anyag<\/td>\n<td> 6063,6061,6463,6005,6082 stb.<\/td>\n<\/tr>\n<tr>\n<td> Shape<\/td>\n<td> H,I vagy m\u00e1s egyedi form\u00e1k<\/td>\n<\/tr>\n<tr>\n<td> Vastags\u00e1g<\/td>\n<td> 0.7mm-10mm<\/td>\n<\/tr>\n<tr>\n<td> M\u00e9ret<\/td>\n<td> 122 * 85,5 mm \u00e9s m\u00e1s m\u00e9ret az \u00fcgyf\u00e9l ig\u00e9nyei szerint<\/td>\n<\/tr>\n<tr>\n<td> Hossz\u00fas\u00e1g<\/td>\n<td> Standard hossz\u00fas\u00e1g 1-9M, m\u00e1s hossz\u00fas\u00e1g el\u00e9rhet\u0151<\/td>\n<\/tr>\n<tr>\n<td> Tipikus alkalmaz\u00e1sok<\/td>\n<td> \u00c1llv\u00e1nyzat vagy egy\u00e9b \u00e9p\u00edt\u00e9szeti \u00e9s ipari felhaszn\u00e1l\u00e1s stb.<\/td>\n<\/tr>\n<tr>\n<td> M\u00e9ly folyamat<\/td>\n<td> CNC mar\u00e1s, f\u00far\u00e1s, lyukaszt\u00e1s, f\u00far\u00e1s, csapol\u00e1s, hajl\u00edt\u00e1s<\/td>\n<\/tr>\n<tr>\n<td> M\u00e1rka<\/td>\n<td> Sinoextrud, Sinoextrud, vagy OEM v\u00e9djegy<\/td>\n<\/tr>\n<tr>\n<td> Fel\u00fcletkezel\u00e9s<\/td>\n<td> Malom k\u00e9sz, elox\u00e1lt, porsz\u00f3rt, fa szemcs\u00e9s stb.<\/td>\n<\/tr>\n<tr>\n<td> MOQ<\/td>\n<td> 200KG<\/td>\n<\/tr>\n<tr>\n<td> Min\u0151s\u00e9gi garancia<\/td>\n<td> 100&amp; ellen\u0151rz\u00e9s a magas min\u0151s\u00e9g biztos\u00edt\u00e1sa \u00e9rdek\u00e9ben<\/td>\n<\/tr>\n<tr>\n<td> Tan\u00fas\u00edtv\u00e1nyok<\/td>\n<td> ISO9001, ISO4001, CQM, SGS, CE, BV stb.<\/td>\n<\/tr>\n<tr>\n<td> Sz\u00e1rmaz\u00e1si hely<\/td>\n<td> Guangdong,K\u00edna<\/td>\n<\/tr>\n<\/tbody>\n<\/table>\n<h2>Gy\u00e1rt\u00f3 b\u00e1zisunk<\/h2>\n<h3>Gy\u00e1ri panor\u00e1ma<\/h3>\n<p><img decoding=\"async\" src=\"\/wp-content\/uploads\/factory-01.webp\"\/><\/p>\n<h3>Alum\u00ednium r\u00fadgy\u00e1rt\u00f3 m\u0171hely<\/h3>\n<p><img decoding=\"async\" src=\"\/wp-content\/uploads\/factory-02.webp\"\/><\/p>\n<p><img decoding=\"async\" src=\"\/wp-content\/uploads\/factory-03.webp\"\/><\/p>\n<h3>Pen\u00e9sz rakt\u00e1r<\/h3>\n<p><img decoding=\"async\" src=\"\/wp-content\/uploads\/factory-04.webp\"\/><\/p>\n<h3>43 alum\u00ednium extrud\u00e1l\u00f3 vonal (500-5500 tonna)<\/h3>\n<p><img decoding=\"async\" src=\"\/wp-content\/uploads\/factory-05.webp\"\/><\/p>\n<p><img decoding=\"async\" src=\"\/wp-content\/uploads\/factory-06.webp\"\/><\/p>\n<p><img decoding=\"async\" src=\"\/wp-content\/uploads\/factory-07.webp\"\/><\/p>\n<h3>Porfest\u0151 m\u0171hely<\/h3>\n<p><img decoding=\"async\" src=\"\/wp-content\/uploads\/factory-09.webp\"\/><\/p>\n<h3>Anodiz\u00e1l\u00f3 m\u0171hely<\/h3>\n<p><img decoding=\"async\" src=\"\/wp-content\/uploads\/factory-10.webp\"\/><\/p>\n<h3>M\u00e9ly feldolgoz\u00e1si m\u0171hely<\/h3>\n<p><img decoding=\"async\" src=\"\/wp-content\/uploads\/factory-11.webp\"\/><\/p>\n<h3>CNC prec\u00edzi\u00f3s megmunk\u00e1l\u00f3 m\u0171hely<\/h3>\n<p><img decoding=\"async\" src=\"\/wp-content\/uploads\/factory-11.5.webp\"\/><\/p>\n<h3>K\u00e9szterm\u00e9k \u00e9s export rakt\u00e1r<\/h3>\n<p><img decoding=\"async\" src=\"\/wp-content\/uploads\/factory-12.webp\"\/><\/p>\n<p><img decoding=\"async\" src=\"\/wp-content\/uploads\/factory-13.webp\"\/><\/p>\n<p><img decoding=\"async\" src=\"\/wp-content\/uploads\/factory-14.webp\"\/><\/p>\n<h2>GYIK<\/h2>\n<p><p><b>1.What egy extrud\u00e1lt H Beam alum\u00ednium profil?<\/b><\/p>\n<p>Az extrud\u00e1lt H-gerenda alum\u00edniumprofil egy nagy szil\u00e1rds\u00e1g\u00fa, \"H\" alak\u00fa szerkezeti elem, amelyet ipari \u00e9s \u00e9p\u00edt\u0151ipari k\u00f6rnyezetben teherhord\u00f3 alkalmaz\u00e1sokhoz terveztek.<br \/>\n<\/p><br \/>\n<br \/>\n<p><b>2.Mik az alum\u00ednium H gerend\u00e1k haszn\u00e1lat\u00e1nak el\u0151nyei?<\/b><\/p>\n<p>Az alum\u00ednium H-gerend\u00e1k kiv\u00e1l\u00f3 szil\u00e1rds\u00e1g\/t\u00f6meg ar\u00e1nyt, korr\u00f3zi\u00f3\u00e1ll\u00f3s\u00e1got \u00e9s az ac\u00e9lhoz k\u00e9pest k\u00f6nnyebb sz\u00e1ll\u00edtani \u00e9s felszerelni.<br \/>\n<\/p><br \/>\n<br \/>\n<p><b>3.Lehet-e alum\u00ednium H gerend\u00e1kat k\u00fclt\u00e9ren haszn\u00e1lni?<\/b><\/p>\n<p>Igen, az extrud\u00e1lt alum\u00ednium H gerend\u00e1k korr\u00f3zi\u00f3\u00e1ll\u00f3ak \u00e9s alkalmasak k\u00fcls\u0151 szerkezetek \u00e9s zord k\u00f6rnyezetek sz\u00e1m\u00e1ra.<br \/>\n<\/p><br \/>\n<br \/>\n<p><b>4.Is testreszab\u00e1s el\u00e9rhet\u0151 H gerenda alum\u00ednium profilok?<\/b><\/p>\n<p>Igen, a gy\u00e1rt\u00f3k OEM-szolg\u00e1ltat\u00e1sokat k\u00edn\u00e1lnak, bele\u00e9rtve az egyedi m\u00e9reteket, a fel\u00fcletkezel\u00e9seket \u00e9s az \u00f6tv\u00f6zet kiv\u00e1laszt\u00e1s\u00e1t.<br \/>\n<\/p><br \/>\n<br \/>\n<p><b>5.Milyen ipar\u00e1gak haszn\u00e1lj\u00e1k az extrud\u00e1lt H gerenda alum\u00ednium profilokat?<\/b><\/p>\n<p>\u00c1ltal\u00e1ban az \u00e9p\u00edt\u0151iparban, a g\u00e9pv\u00e1zakban, a k\u00f6zleked\u00e9sben, a rep\u00fcl\u0151g\u00e9piparban \u00e9s a szerkezeti platformokon haszn\u00e1lj\u00e1k.<br \/>\n<\/p><br \/>\n<br \/>\n<p><b>6.Az alum\u00ednium H gerend\u00e1k el\u00e9g er\u0151sek ipari felhaszn\u00e1l\u00e1sra?<\/b><\/p>\n<p>Kialak\u00edt\u00e1suk \u00e9s anyagszil\u00e1rds\u00e1guk miatt ide\u00e1lisak a nagy ig\u00e9nybev\u00e9telnek kitett ipari \u00e9s szerkezeti alkalmaz\u00e1sokhoz.<br \/>\n<\/p><br \/>\n<br \/>\n<p><b>7.Sz\u00fcks\u00e9ges-e az alum\u00ednium H-profilok fel\u00fcletkezel\u00e9se?<\/b><\/p>\n<p>B\u00e1r az alum\u00ednium term\u00e9szet\u00e9n\u00e9l fogva korr\u00f3zi\u00f3\u00e1ll\u00f3, az elox\u00e1l\u00e1s vagy a porsz\u00f3r\u00e1s fokozhatja a tart\u00f3ss\u00e1got \u00e9s az eszt\u00e9tikus megjelen\u00e9st.<br \/>\n<\/p><br \/><\/p>","protected":false},"featured_media":7387,"template":"","categories":[67],"class_list":["post-7388","product","type-product","status-publish","has-post-thumbnail","hentry","category-architectural-aluminium-profile"],"meta_box":{"hilight_text_group":{"product_hilight_text":"<li>High-strength H beam design supports heavy structural loads<\/li>\r\r\n<li>Lightweight aluminum reduces overall structure weight<\/li>\r\r\n<li>Excellent corrosion resistance for indoor and outdoor environments<\/li>\r\r\n<li>Precision extruded for consistent shape and dimensional accuracy<\/li>\r\r\n<li>Ideal for industrial frames, platforms, and construction frameworks<\/li>\r\r\n<li>Custom lengths, alloys, and finishes available for OEM applications<\/li>","product_chanpin_blog":"<ul>\r\r\n<li><a href=\"https:\/\/sinoextrud.com\/t-slot-v-slot-differences\/\" target=\"_blank\">t slot vs v slot<\/a><\/li>\r\r\n<li><a href=\"https:\/\/sinoextrud.com\/what-is-4040-aluminium-extrud\/\" target=\"_blank\">4040 aluminium extrusion<\/a><\/li>\r\r\n<li><a href=\"https:\/\/sinoextrud.com\/what-is-4040-aluminium-extrud\/\" target=\"_blank\">aluminum extrusions for industrial racks<\/a><\/li>\r\r\n<li><a href=\"https:\/\/sinoextrud.com\/powder-coating-aluminium-process\/\" target=\"_blank\">powder coating aluminium<\/a><\/li>\r\r\n<li><a href=\"https:\/\/sinoextrud.com\/what-is-an-aluminium-strip-ceiling\/\" target=\"_blank\">aluminium strip ceiling<\/a><\/li>\r\r\n<li><a href=\"https:\/\/sinoextrud.com\/what-is-a-heat-sink\/\" target=\"_blank\">what is a heat sink<\/a><\/li>\r\r\n<\/ul>","product_chanpin_chanpin":"<li><a href=\"https:\/\/sinoextrud.com\/product\/powder-coating-golden-10mm-aluminum-extrusion\/\" target=\"_blank\">Powder Coating Golden 10mm Aluminum Extrusion<\/a><\/li>\r\n<li><a href=\"https:\/\/sinoextrud.com\/product\/curved-extruded-aluminum-6063-alloy-anodizing\/\" target=\"_blank\">Curved Extruded Aluminum 6063 Alloy Anodizing<\/a><\/li>\r\n<li><a href=\"https:\/\/sinoextrud.com\/product\/oem-building-interlocking-aluminum-extrusions\/\" target=\"_blank\">OEM Building Interlocking Aluminum Extrusions<\/a><\/li>\r\n<li><a href=\"https:\/\/sinoextrud.com\/product\/extruded-aluminum-tubing-round-in-stock\/\" target=\"_blank\">Extruded Aluminum Tubing Round In Stock<\/a><\/li>\r\n<li><a href=\"https:\/\/sinoextrud.com\/product\/extruded-h-beam-aluminum-profile\/\" target=\"_blank\">Extruded H Beam Aluminum Profile<\/a><\/li>\r\n<li><a href=\"https:\/\/sinoextrud.com\/product\/anodized-extruded-aluminum-j-channel\/\" target=\"_blank\">Anodized Extruded Aluminum J Channel<\/a><\/li>\r\n<li><a href=\"https:\/\/sinoextrud.com\/product\/aluminum-handrail-profiles\/\" target=\"_blank\">Aluminum Handrail Profiles<\/a><\/li>\r\n<li><a href=\"https:\/\/sinoextrud.com\/product\/square-aluminium-extrusion\/\" target=\"_blank\">Square Aluminium Extrusion<\/a><\/li>\r\n<li><a href=\"https:\/\/sinoextrud.com\/product\/u-shape-extruded-aluminum-wall-panels\/\" target=\"_blank\">U Shape Extruded Aluminum Wall Panels<\/a><\/li>\r\n<li><a href=\"https:\/\/sinoextrud.com\/product\/h-section-aluminium-extrusion-foshan-factory\/\" target=\"_blank\">H Section Aluminium Extrusion Foshan Factory<\/a><\/li>\r\n<li><a href=\"https:\/\/sinoextrud.com\/product\/custom-3003-aluminum-tube-bending-coolant-tubes\/\" target=\"_blank\">Custom 3003 Aluminum Tube Bending Coolant Tubes<\/a><\/li>"},"feature_list":[]},"_links":{"self":[{"href":"https:\/\/sinoextrud.com\/hu\/wp-json\/wp\/v2\/product\/7388","targetHints":{"allow":["GET"]}}],"collection":[{"href":"https:\/\/sinoextrud.com\/hu\/wp-json\/wp\/v2\/product"}],"about":[{"href":"https:\/\/sinoextrud.com\/hu\/wp-json\/wp\/v2\/types\/product"}],"wp:featuredmedia":[{"embeddable":true,"href":"https:\/\/sinoextrud.com\/hu\/wp-json\/wp\/v2\/media\/7387"}],"wp:attachment":[{"href":"https:\/\/sinoextrud.com\/hu\/wp-json\/wp\/v2\/media?parent=7388"}],"wp:term":[{"taxonomy":"category","embeddable":true,"href":"https:\/\/sinoextrud.com\/hu\/wp-json\/wp\/v2\/categories?post=7388"}],"curies":[{"name":"wp","href":"https:\/\/api.w.org\/{rel}","templated":true}]}}