{"id":7384,"date":"2025-06-07T06:28:39","date_gmt":"2025-06-07T06:28:39","guid":{"rendered":"https:\/\/sinoextrud.com\/product\/oem-building-interlocking-aluminum-extrusions\/"},"modified":"2025-06-24T06:12:41","modified_gmt":"2025-06-24T06:12:41","slug":"oem-epitoipari-egymasba-illeszkedo-aluminium-extrudalasok","status":"publish","type":"product","link":"https:\/\/sinoextrud.com\/hu\/product\/oem-building-interlocking-aluminum-extrusions\/","title":{"rendered":"OEM \u00e9p\u00fclet \u00f6sszecsukhat\u00f3 alum\u00ednium extrud\u00e1l\u00e1s"},"content":{"rendered":"<h2>Term\u00e9kek r\u00e9szletei<\/h2>\n<table class=\"custom-table\">\n<tbody>\n<tr>\n<td> Oszt\u00e1ly:<\/td>\n<td> 6063 -t5<\/td>\n<\/tr>\n<tr>\n<td> Technika:<\/td>\n<td> OEM \u00e9p\u00fclet \u00f6sszecsukhat\u00f3 alum\u00ednium extrud\u00e1l\u00e1s<\/td>\n<\/tr>\n<tr>\n<td> Lelkiismeretesen:<\/td>\n<td> T3 - T8<\/td>\n<\/tr>\n<tr>\n<td> Megmunk\u00e1l\u00e1si szolg\u00e1ltat\u00e1sok:<\/td>\n<td> F\u00far\u00e1s, csavaroz\u00e1s, szegecsel\u00e9s, \u00f6sszeszerel\u00e9s stb.<\/td>\n<\/tr>\n<tr>\n<td> V\u00e9djegy:<\/td>\n<td> Sinoextrud Sinoextrud Sinoextrud <\/td>\n<\/tr>\n<tr>\n<td> T\u00edpus:<\/td>\n<td> OEM \u00e9p\u00fclet \u00f6sszecsukhat\u00f3 alum\u00ednium extrud\u00e1l\u00e1s<\/td>\n<\/tr>\n<tr>\n<td> Alak:<\/td>\n<td> K\u00e9sz\u00fclt az \u00fcgyfelek tervei szerint<\/td>\n<\/tr>\n<tr>\n<td> Fel\u00fcletkezel\u00e9s:<\/td>\n<td> Mill Finish elox\u00e1lt csiszolt<\/td>\n<\/tr>\n<tr>\n<td> Hossz\u00fas\u00e1g:<\/td>\n<td> 1m \u00e9s 9m k\u00f6z\u00f6tt hosszonk\u00e9nt<\/td>\n<\/tr>\n<tr>\n<td> Sz\u00ednek:<\/td>\n<td> Ez\u00fcst Fekete<\/td>\n<\/tr>\n<tr>\n<td> HS-k\u00f3d:<\/td>\n<td> 76042990<\/td>\n<\/tr>\n<\/tbody>\n<\/table>\n<h2>Gy\u00e1rt\u00f3 b\u00e1zisunk<\/h2>\n<h3>Gy\u00e1ri panor\u00e1ma<\/h3>\n<p><img decoding=\"async\" src=\"\/wp-content\/uploads\/factory-01.webp\"\/><\/p>\n<h3>Alum\u00ednium r\u00fadgy\u00e1rt\u00f3 m\u0171hely<\/h3>\n<p><img decoding=\"async\" src=\"\/wp-content\/uploads\/factory-02.webp\"\/><\/p>\n<p><img decoding=\"async\" src=\"\/wp-content\/uploads\/factory-03.webp\"\/><\/p>\n<h3>Pen\u00e9sz rakt\u00e1r<\/h3>\n<p><img decoding=\"async\" src=\"\/wp-content\/uploads\/factory-04.webp\"\/><\/p>\n<h3>43 alum\u00ednium extrud\u00e1l\u00f3 vonal (500-5500 tonna)<\/h3>\n<p><img decoding=\"async\" src=\"\/wp-content\/uploads\/factory-05.webp\"\/><\/p>\n<p><img decoding=\"async\" src=\"\/wp-content\/uploads\/factory-06.webp\"\/><\/p>\n<p><img decoding=\"async\" src=\"\/wp-content\/uploads\/factory-07.webp\"\/><\/p>\n<h3>Porfest\u0151 m\u0171hely<\/h3>\n<p><img decoding=\"async\" src=\"\/wp-content\/uploads\/factory-09.webp\"\/><\/p>\n<h3>Anodiz\u00e1l\u00f3 m\u0171hely<\/h3>\n<p><img decoding=\"async\" src=\"\/wp-content\/uploads\/factory-10.webp\"\/><\/p>\n<h3>M\u00e9ly feldolgoz\u00e1si m\u0171hely<\/h3>\n<p><img decoding=\"async\" src=\"\/wp-content\/uploads\/factory-11.webp\"\/><\/p>\n<h3>CNC prec\u00edzi\u00f3s megmunk\u00e1l\u00f3 m\u0171hely<\/h3>\n<p><img decoding=\"async\" src=\"\/wp-content\/uploads\/factory-11.5.webp\"\/><\/p>\n<h3>K\u00e9szterm\u00e9k \u00e9s export rakt\u00e1r<\/h3>\n<p><img decoding=\"async\" src=\"\/wp-content\/uploads\/factory-12.webp\"\/><\/p>\n<p><img decoding=\"async\" src=\"\/wp-content\/uploads\/factory-13.webp\"\/><\/p>\n<p><img decoding=\"async\" src=\"\/wp-content\/uploads\/factory-14.webp\"\/><\/p>\n<h2>GYIK<\/h2>\n<p><p><b>1.Mi az OEM \u00e9p\u00edt\u0151ipari interlocking alum\u00ednium extrud\u00e1l\u00e1s?<\/b><\/p>\n<p>Az OEM Building Interlocking Aluminum Extrusions olyan egyedi tervez\u00e9s\u0171 alum\u00edniumprofilok, amelyek z\u00f6kken\u0151mentesen kapcsol\u00f3dnak egym\u00e1shoz, er\u0151s \u00e9s id\u0151j\u00e1r\u00e1s\u00e1ll\u00f3 k\u00f6t\u00e9seket biztos\u00edtva az \u00e9p\u00edt\u0151ipari alkalmaz\u00e1sokhoz.<br \/>\n<\/p><br \/>\n<br \/>\n<p><b>2.Mi\u00e9rt haszn\u00e1ljunk egym\u00e1sba illeszthet\u0151 alum\u00ednium extrud\u00e1lt term\u00e9keket az \u00e9p\u00edt\u0151iparban?<\/b><\/p>\n<p>Az egym\u00e1sba illeszked\u0151 profilok gyors \u00f6sszeszerel\u00e9st, fokozott szerkezeti integrit\u00e1st \u00e9s tiszta, z\u00f6kken\u0151mentes megjelen\u00e9st biztos\u00edtanak, ide\u00e1lis a modern \u00e9p\u00edt\u00e9szethez.<br \/>\n<\/p><br \/>\n<br \/>\n<p><b>3.Can ezek az alum\u00ednium extrud\u00e1l\u00e1sok testre szabhat\u00f3ak OEM haszn\u00e1latra?<\/b><\/p>\n<p>Igen, a m\u00e9retek, a fel\u00fcletek, az \u00f6tv\u00f6zetmin\u0151s\u00e9gek \u00e9s az egym\u00e1sba illeszked\u0151 mint\u00e1k mind testre szabhat\u00f3k, hogy megfeleljenek az OEM-projekt el\u0151\u00edr\u00e1sainak.<br \/>\n<\/p><br \/>\n<br \/>\n<p><b>4.Milyen tipikus alkalmaz\u00e1si ter\u00fcletei vannak az interlocking extrud\u00e1l\u00e1soknak?<\/b><\/p>\n<p>\u00c1ltal\u00e1ban burkolati rendszerekben, v\u00e1laszfalakban, homlokzati panelekben, modul\u00e1ris \u00e9p\u00fcletekben \u00e9s tisztaszobai szerkezetekben haszn\u00e1lj\u00e1k.<br \/>\n<\/p><br \/>\n<br \/>\n<p><b>5.Milyen el\u0151ny\u00f6kkel j\u00e1r az egym\u00e1sba illeszthet\u0151s\u00e9g az \u00e9p\u00fcletrendszerek sz\u00e1m\u00e1ra?<\/b><\/p>\n<p>Az egym\u00e1sba illeszked\u0151 kialak\u00edt\u00e1s leegyszer\u0171s\u00edti a be\u00e9p\u00edt\u00e9st, biztos\u00edtja a t\u00f6m\u00edtetts\u00e9get, \u00e9s cs\u00f6kkenti a tov\u00e1bbi k\u00f6t\u0151elemek vagy t\u00f6m\u00edt\u0151anyagok sz\u00fcks\u00e9gess\u00e9g\u00e9t.<br \/>\n<\/p><br \/>\n<br \/>\n<p><b>6.Alkalmasak-e a sajtolt term\u00e9kek k\u00fclt\u00e9ri haszn\u00e1latra?<\/b><\/p>\n<p>Igen, korr\u00f3zi\u00f3\u00e1ll\u00f3 alum\u00edniumb\u00f3l k\u00e9sz\u00fclnek, \u00e9s a fokozott id\u0151j\u00e1r\u00e1s\u00e1ll\u00f3s\u00e1g \u00e9rdek\u00e9ben elox\u00e1lhat\u00f3k vagy porsz\u00f3rtan bevonhat\u00f3k.<br \/>\n<\/p><br \/>\n<br \/>\n<p><b>7.A gy\u00e1rt\u00f3k k\u00edn\u00e1lnak-e \u00f6mlesztett \u00e9s OEM gy\u00e1rt\u00e1st?<\/b><\/p>\n<p>Term\u00e9szetesen a legt\u00f6bb gy\u00e1rt\u00f3 egyedi szersz\u00e1mokkal t\u00e1mogatja az OEM-megrendel\u00e9seket, \u00e9s nagy volumen\u0171 gy\u00e1rt\u00e1st biztos\u00edt a glob\u00e1lis \u00e9p\u00edt\u0151ipari \u00fcgyfelek sz\u00e1m\u00e1ra.<br \/>\n<\/p><br \/><\/p>","protected":false},"featured_media":7383,"template":"","categories":[67],"class_list":["post-7384","product","type-product","status-publish","has-post-thumbnail","hentry","category-architectural-aluminium-profile"],"meta_box":{"hilight_text_group":{"product_hilight_text":"<li>Precision interlocking design ensures easy and secure assembly<\/li>\r\r\n<li>Made from high-strength aluminum for structural reliability<\/li>\r\r\n<li>Customizable profiles, finishes, and lengths for OEM building projects<\/li>\r\r\n<li>Corrosion-resistant surface ideal for indoor and outdoor applications<\/li>\r\r\n<li>Reduces construction time and improves installation efficiency<\/li>\r\r\n<li>Seamless fit enhances aesthetics and weatherproofing in architectural systems<\/li>","product_chanpin_blog":"<ul>\r\r\n<li><a href=\"https:\/\/sinoextrud.com\/t-slot-v-slot-differences\/\" target=\"_blank\">t slot vs v slot<\/a><\/li>\r\r\n<li><a href=\"https:\/\/sinoextrud.com\/what-is-4040-aluminium-extrud\/\" target=\"_blank\">4040 aluminium extrusion<\/a><\/li>\r\r\n<li><a href=\"https:\/\/sinoextrud.com\/what-is-4040-aluminium-extrud\/\" target=\"_blank\">aluminum extrusions for industrial racks<\/a><\/li>\r\r\n<li><a href=\"https:\/\/sinoextrud.com\/powder-coating-aluminium-process\/\" target=\"_blank\">powder coating aluminium<\/a><\/li>\r\r\n<li><a href=\"https:\/\/sinoextrud.com\/what-is-an-aluminium-strip-ceiling\/\" target=\"_blank\">aluminium strip ceiling<\/a><\/li>\r\r\n<li><a href=\"https:\/\/sinoextrud.com\/what-is-a-heat-sink\/\" target=\"_blank\">what is a heat sink<\/a><\/li>\r\r\n<\/ul>","product_chanpin_chanpin":"<li><a href=\"https:\/\/sinoextrud.com\/product\/aluminum-extrusion-connectors-for-window-door-aluminum\/\" target=\"_blank\">Aluminum Extrusion Connectors For Window Door Aluminum<\/a><\/li>\r\n<li><a href=\"https:\/\/sinoextrud.com\/product\/wooden-grain-40mm-aluminum-extrusion-profiles\/\" target=\"_blank\">Wooden Grain 40mm Aluminum Extrusion Profiles<\/a><\/li>\r\n<li><a href=\"https:\/\/sinoextrud.com\/product\/powder-coating-golden-10mm-aluminum-extrusion\/\" target=\"_blank\">Powder Coating Golden 10mm Aluminum Extrusion<\/a><\/li>\r\n<li><a href=\"https:\/\/sinoextrud.com\/product\/curved-extruded-aluminum-6063-alloy-anodizing\/\" target=\"_blank\">Curved Extruded Aluminum 6063 Alloy Anodizing<\/a><\/li>\r\n<li><a href=\"https:\/\/sinoextrud.com\/product\/oem-building-interlocking-aluminum-extrusions\/\" target=\"_blank\">OEM Building Interlocking Aluminum Extrusions<\/a><\/li>\r\n<li><a href=\"https:\/\/sinoextrud.com\/product\/extruded-aluminum-tubing-round-in-stock\/\" target=\"_blank\">Extruded Aluminum Tubing Round In Stock<\/a><\/li>\r\n<li><a href=\"https:\/\/sinoextrud.com\/product\/extruded-h-beam-aluminum-profile\/\" target=\"_blank\">Extruded H Beam Aluminum Profile<\/a><\/li>\r\n<li><a href=\"https:\/\/sinoextrud.com\/product\/anodized-extruded-aluminum-j-channel\/\" target=\"_blank\">Anodized Extruded Aluminum J Channel<\/a><\/li>\r\n<li><a href=\"https:\/\/sinoextrud.com\/product\/aluminum-handrail-profiles\/\" target=\"_blank\">Aluminum Handrail Profiles<\/a><\/li>\r\n<li><a href=\"https:\/\/sinoextrud.com\/product\/cnc-machining-aluminium-profile-connectors\/\" target=\"_blank\">CNC Machining Aluminium Profile Connectors<\/a><\/li>\r\n<li><a href=\"https:\/\/sinoextrud.com\/product\/retractable-awning-aluminum-tube\/\" target=\"_blank\">Retractable Awning Aluminum Tube<\/a><\/li>"},"feature_list":[]},"_links":{"self":[{"href":"https:\/\/sinoextrud.com\/hu\/wp-json\/wp\/v2\/product\/7384","targetHints":{"allow":["GET"]}}],"collection":[{"href":"https:\/\/sinoextrud.com\/hu\/wp-json\/wp\/v2\/product"}],"about":[{"href":"https:\/\/sinoextrud.com\/hu\/wp-json\/wp\/v2\/types\/product"}],"wp:featuredmedia":[{"embeddable":true,"href":"https:\/\/sinoextrud.com\/hu\/wp-json\/wp\/v2\/media\/7383"}],"wp:attachment":[{"href":"https:\/\/sinoextrud.com\/hu\/wp-json\/wp\/v2\/media?parent=7384"}],"wp:term":[{"taxonomy":"category","embeddable":true,"href":"https:\/\/sinoextrud.com\/hu\/wp-json\/wp\/v2\/categories?post=7384"}],"curies":[{"name":"wp","href":"https:\/\/api.w.org\/{rel}","templated":true}]}}