{"id":7344,"date":"2025-06-07T03:34:09","date_gmt":"2025-06-07T03:34:09","guid":{"rendered":"https:\/\/sinoextrud.com\/product\/modular-aluminium-extrusions\/"},"modified":"2025-06-24T06:12:35","modified_gmt":"2025-06-24T06:12:35","slug":"modularis-aluminium-profilok","status":"publish","type":"product","link":"https:\/\/sinoextrud.com\/hu\/product\/modular-aluminium-extrusions\/","title":{"rendered":"Modul\u00e1ris alum\u00ednium extrud\u00e1l\u00e1s"},"content":{"rendered":"<h2>Term\u00e9kek r\u00e9szletei<\/h2>\n<table class=\"custom-table\">\n<tbody>\n<tr>\n<td> Modell NO.:<\/td>\n<td> 8005 Modul\u00e1ris alum\u00ednium extrud\u00e1l\u00e1s<\/td>\n<\/tr>\n<tr>\n<td> Alak:<\/td>\n<td> N\u00e9gyzet<\/td>\n<\/tr>\n<tr>\n<td> Lelkiismeretesen:<\/td>\n<td> T5<\/td>\n<\/tr>\n<tr>\n<td> \u00f6tv\u00f6zet:<\/td>\n<td> \u00f6tv\u00f6zet<\/td>\n<\/tr>\n<tr>\n<td> \u00d6tv\u00f6z\u0151 \u00f6sszetev\u0151:<\/td>\n<td> 6063<\/td>\n<\/tr>\n<tr>\n<td> Szabv\u00e1nyos hossz:<\/td>\n<td> 4m<\/td>\n<\/tr>\n<tr>\n<td> Tartoz\u00e9kok:<\/td>\n<td> T\u0171zg\u00e1t<\/td>\n<\/tr>\n<tr>\n<td> Alkalmaz\u00e1s:<\/td>\n<td> Bels\u0151 falt\u00f3l a mennyezetig<\/td>\n<\/tr>\n<tr>\n<td> Minta:<\/td>\n<td> Ingyenes<\/td>\n<\/tr>\n<tr>\n<td> Sz\u00e1ll\u00edt\u00e1si csomag:<\/td>\n<td> R\u00e9tegelt lemez<\/td>\n<\/tr>\n<tr>\n<td> Eredet:<\/td>\n<td> Guangdong, K\u00edna<\/td>\n<\/tr>\n<tr>\n<td> T\u00edpus:<\/td>\n<td> Dekor\u00e1ci\u00f3 Alum\u00ednium profil<\/td>\n<\/tr>\n<tr>\n<td> Fel\u00fcletkezel\u00e9s:<\/td>\n<td> Anodikus oxid\u00e1ci\u00f3 Csiszolt pezsg\u0151<\/td>\n<\/tr>\n<tr>\n<td> Tan\u00fas\u00edt\u00e1s:<\/td>\n<td> ISO, SGS<\/td>\n<\/tr>\n<tr>\n<td> \u00cdz\u00fcletsz\u00e9less\u00e9g:<\/td>\n<td> 50-150mm<\/td>\n<\/tr>\n<tr>\n<td> Teljes mozg\u00e1s:<\/td>\n<td> 80-180mm<\/td>\n<\/tr>\n<tr>\n<td> K\u00fcl\u00f6nleges szolg\u00e1lat:<\/td>\n<td> Testreszabott tervez\u00e9s<\/td>\n<\/tr>\n<tr>\n<td> OEM:<\/td>\n<td> El\u00e9rhet\u0151<\/td>\n<\/tr>\n<tr>\n<td> V\u00e9djegy:<\/td>\n<td> Sinoextrud<\/td>\n<\/tr>\n<tr>\n<td> Specifik\u00e1ci\u00f3:<\/td>\n<td> 40*40mm<\/td>\n<\/tr>\n<tr>\n<td> HS-k\u00f3d:<\/td>\n<td> 760429900<\/td>\n<\/tr>\n<\/tbody>\n<\/table>\n<h2>Gy\u00e1rt\u00f3 b\u00e1zisunk<\/h2>\n<h3>Gy\u00e1ri panor\u00e1ma<\/h3>\n<p><img decoding=\"async\" src=\"\/wp-content\/uploads\/factory-01.webp\"\/><\/p>\n<h3>Alum\u00ednium r\u00fadgy\u00e1rt\u00f3 m\u0171hely<\/h3>\n<p><img decoding=\"async\" src=\"\/wp-content\/uploads\/factory-02.webp\"\/><\/p>\n<p><img decoding=\"async\" src=\"\/wp-content\/uploads\/factory-03.webp\"\/><\/p>\n<h3>Pen\u00e9sz rakt\u00e1r<\/h3>\n<p><img decoding=\"async\" src=\"\/wp-content\/uploads\/factory-04.webp\"\/><\/p>\n<h3>43 alum\u00ednium extrud\u00e1l\u00f3 vonal (500-5500 tonna)<\/h3>\n<p><img decoding=\"async\" src=\"\/wp-content\/uploads\/factory-05.webp\"\/><\/p>\n<p><img decoding=\"async\" src=\"\/wp-content\/uploads\/factory-06.webp\"\/><\/p>\n<p><img decoding=\"async\" src=\"\/wp-content\/uploads\/factory-07.webp\"\/><\/p>\n<h3>Porfest\u0151 m\u0171hely<\/h3>\n<p><img decoding=\"async\" src=\"\/wp-content\/uploads\/factory-09.webp\"\/><\/p>\n<h3>Anodiz\u00e1l\u00f3 m\u0171hely<\/h3>\n<p><img decoding=\"async\" src=\"\/wp-content\/uploads\/factory-10.webp\"\/><\/p>\n<h3>M\u00e9ly feldolgoz\u00e1si m\u0171hely<\/h3>\n<p><img decoding=\"async\" src=\"\/wp-content\/uploads\/factory-11.webp\"\/><\/p>\n<h3>CNC prec\u00edzi\u00f3s megmunk\u00e1l\u00f3 m\u0171hely<\/h3>\n<p><img decoding=\"async\" src=\"\/wp-content\/uploads\/factory-11.5.webp\"\/><\/p>\n<h3>K\u00e9szterm\u00e9k \u00e9s export rakt\u00e1r<\/h3>\n<p><img decoding=\"async\" src=\"\/wp-content\/uploads\/factory-12.webp\"\/><\/p>\n<p><img decoding=\"async\" src=\"\/wp-content\/uploads\/factory-13.webp\"\/><\/p>\n<p><img decoding=\"async\" src=\"\/wp-content\/uploads\/factory-14.webp\"\/><\/p>\n<h2>GYIK<\/h2>\n<p><p><b>1.Mik a modul\u00e1ris alum\u00ednium extrud\u00e1l\u00e1sok?<\/b><\/p>\n<p>A modul\u00e1ris alum\u00ednium extrud\u00e1l\u00e1sok sokoldal\u00fa alum\u00edniumprofilok, amelyeket T-ny\u00edl\u00e1s\u00fa vagy m\u00e1s csatlakoz\u00f3rendszerek haszn\u00e1lat\u00e1val egyedi szerkezetek \u00f6ssze\u00e1ll\u00edt\u00e1s\u00e1ra terveztek.<br \/>\n<\/p><br \/>\n<br \/>\n<p><b>2.Mi\u00e9rt v\u00e1lassza a modul\u00e1ris alum\u00ednium extrud\u00e1l\u00e1sokat?<\/b><\/p>\n<p>Nagy rugalmass\u00e1got, k\u00f6nny\u0171 \u00f6sszeszerelhet\u0151s\u00e9get \u00e9s kis s\u00falyt k\u00edn\u00e1lnak, \u00edgy ide\u00e1lisak ipari \u00e9s kereskedelmi alkalmaz\u00e1sokhoz.<br \/>\n<\/p><br \/>\n<br \/>\n<p><b>3.A modul\u00e1ris alum\u00ednium extrud\u00e1l\u00e1sok testre szabhat\u00f3k?<\/b><\/p>\n<p>Igen, hosszra v\u00e1ghat\u00f3k \u00e9s megmunk\u00e1lhat\u00f3k lyukakkal, r\u00e9sekkel vagy fel\u00fcletkezel\u00e9ssel a projekt egyedi k\u00f6vetelm\u00e9nyei alapj\u00e1n.<br \/>\n<\/p><br \/>\n<br \/>\n<p><b>4.Milyen alkalmaz\u00e1sokhoz haszn\u00e1lnak modul\u00e1ris alum\u00ednium profilokat?<\/b><\/p>\n<p>Sz\u00e9les k\u00f6rben haszn\u00e1lj\u00e1k g\u00e9ph\u00e1zakban, sz\u00e1ll\u00edt\u00f3rendszerekben, ipari munkapadokban, robotik\u00e1ban \u00e9s kijelz\u0151egys\u00e9gekben.<br \/>\n<\/p><br \/>\n<br \/>\n<p><b>5.T\u00e1mogatj\u00e1k-e a modul\u00e1ris alum\u00edniumprofilok az \u00fajrafelhaszn\u00e1lhat\u00f3s\u00e1got?<\/b><\/p>\n<p>Term\u00e9szetesen az alkatr\u00e9szek sz\u00e9tszerelhet\u0151k \u00e9s k\u00fcl\u00f6nb\u00f6z\u0151 konfigur\u00e1ci\u00f3kban \u00fajrafelhaszn\u00e1lhat\u00f3k, cs\u00f6kkentve ezzel a hullad\u00e9kot \u00e9s a k\u00f6lts\u00e9geket.<br \/>\n<\/p><br \/>\n<br \/>\n<p><b>6.Milyen fel\u00fcletek \u00e1llnak rendelkez\u00e9sre a modul\u00e1ris alum\u00ednium profilokhoz?<\/b><\/p>\n<p>A tipikus kivitelek k\u00f6z\u00e9 tartozik az elox\u00e1l\u00e1s, a porsz\u00f3r\u00e1s \u00e9s a mar\u00e1s, amely korr\u00f3zi\u00f3\u00e1ll\u00f3s\u00e1got \u00e9s jobb eszt\u00e9tik\u00e1t biztos\u00edt.<br \/>\n<\/p><br \/>\n<br \/>\n<p><b>7.A modul\u00e1ris extrud\u00e1l\u00e1sokat k\u00f6nny\u0171 telep\u00edteni?<\/b><\/p>\n<p>Igen, szersz\u00e1mbar\u00e1t, csavaros \u00f6sszeszerel\u00e9sre tervezt\u00e9k \u0151ket hegeszt\u00e9s vagy bonyolult gy\u00e1rt\u00e1s n\u00e9lk\u00fcl.<br \/>\n<\/p><br \/><\/p>","protected":false},"featured_media":7343,"template":"","categories":[67],"class_list":["post-7344","product","type-product","status-publish","has-post-thumbnail","hentry","category-architectural-aluminium-profile"],"meta_box":{"hilight_text_group":{"product_hilight_text":"<li>Modular design allows flexible assembly and reconfiguration<\/li>\r\r\n<li>High-strength aluminum provides structural stability with low weight<\/li>\r\r\n<li>T-slot profiles compatible with a wide range of connectors and accessories<\/li>\r\r\n<li>Corrosion-resistant and low-maintenance surface finishes available<\/li>\r\r\n<li>Easy to cut, drill, and assemble with standard tools<\/li>\r\r\n<li>Ideal for workstations, machine frames, enclosures, and automation systems<\/li>","product_chanpin_blog":"<ul>\r\r\n<li><a href=\"https:\/\/sinoextrud.com\/t-slot-v-slot-differences\/\" target=\"_blank\">t slot vs v slot<\/a><\/li>\r\r\n<li><a href=\"https:\/\/sinoextrud.com\/what-is-4040-aluminium-extrud\/\" target=\"_blank\">4040 aluminium extrusion<\/a><\/li>\r\r\n<li><a href=\"https:\/\/sinoextrud.com\/what-is-4040-aluminium-extrud\/\" target=\"_blank\">aluminum extrusions for industrial racks<\/a><\/li>\r\r\n<li><a href=\"https:\/\/sinoextrud.com\/powder-coating-aluminium-process\/\" target=\"_blank\">powder coating aluminium<\/a><\/li>\r\r\n<li><a href=\"https:\/\/sinoextrud.com\/what-is-an-aluminium-strip-ceiling\/\" target=\"_blank\">aluminium strip ceiling<\/a><\/li>\r\r\n<li><a href=\"https:\/\/sinoextrud.com\/what-is-a-heat-sink\/\" target=\"_blank\">what is a heat sink<\/a><\/li>\r\r\n<\/ul>","product_chanpin_chanpin":"<li><a href=\"https:\/\/sinoextrud.com\/product\/customized-extruded-aluminum-enclosure-profile\/\" target=\"_blank\">Customized Extruded Aluminum Enclosure Profile<\/a><\/li>\r\n<li><a href=\"https:\/\/sinoextrud.com\/product\/aluminum-alloy-wall-decoration-edge-trim-strip\/\" target=\"_blank\">Aluminum Alloy Wall Decoration Edge Trim Strip<\/a><\/li>\r\n<li><a href=\"https:\/\/sinoextrud.com\/product\/aluminum-railing\/\" target=\"_blank\">Aluminum Railing<\/a><\/li>\r\n<li><a href=\"https:\/\/sinoextrud.com\/product\/aluminum-profile-for-office-partition-catalog\/\" target=\"_blank\">Aluminum Profile For Office Partition Catalog<\/a><\/li>\r\n<li><a href=\"https:\/\/sinoextrud.com\/product\/modular-aluminium-extrusions\/\" target=\"_blank\">Modular Aluminium Extrusions<\/a><\/li>\r\n<li><a href=\"https:\/\/sinoextrud.com\/product\/aluminum-corner-extrusion-profiles\/\" target=\"_blank\">Aluminum Corner Extrusion Profiles<\/a><\/li>\r\n<li><a href=\"https:\/\/sinoextrud.com\/product\/aluminum-profile-for-windows-and-door-aluminum-curtain-wall-profile-extrusion\/\" target=\"_blank\">Aluminum Profile for Windows and Door Aluminum Curtain Wall Profile Extrusion<\/a><\/li>\r\n<li><a href=\"https:\/\/sinoextrud.com\/product\/aluminum-profiles-partition\/\" target=\"_blank\">Aluminum Profiles Partition<\/a><\/li>\r\n<li><a href=\"https:\/\/sinoextrud.com\/product\/aluminum-handle-profile\/\" target=\"_blank\">Aluminum Handle Profile<\/a><\/li>\r\n<li><a href=\"https:\/\/sinoextrud.com\/product\/heavy-duty-aluminium-sliding-door-golden\/\" target=\"_blank\">Heavy Duty Aluminium Sliding Door Golden<\/a><\/li>\r\n<li><a href=\"https:\/\/sinoextrud.com\/product\/sructrual-aluminum-extrusion-profiles-ceiling-drop-ceiling\/\" target=\"_blank\">Sructrual Aluminum Extrusion Profiles Ceiling Drop Ceiling<\/a><\/li>"},"feature_list":[]},"_links":{"self":[{"href":"https:\/\/sinoextrud.com\/hu\/wp-json\/wp\/v2\/product\/7344","targetHints":{"allow":["GET"]}}],"collection":[{"href":"https:\/\/sinoextrud.com\/hu\/wp-json\/wp\/v2\/product"}],"about":[{"href":"https:\/\/sinoextrud.com\/hu\/wp-json\/wp\/v2\/types\/product"}],"wp:featuredmedia":[{"embeddable":true,"href":"https:\/\/sinoextrud.com\/hu\/wp-json\/wp\/v2\/media\/7343"}],"wp:attachment":[{"href":"https:\/\/sinoextrud.com\/hu\/wp-json\/wp\/v2\/media?parent=7344"}],"wp:term":[{"taxonomy":"category","embeddable":true,"href":"https:\/\/sinoextrud.com\/hu\/wp-json\/wp\/v2\/categories?post=7344"}],"curies":[{"name":"wp","href":"https:\/\/api.w.org\/{rel}","templated":true}]}}