{"id":7342,"date":"2025-06-07T03:33:01","date_gmt":"2025-06-07T03:33:01","guid":{"rendered":"https:\/\/sinoextrud.com\/product\/aluminum-profile-for-office-partition-catalog\/"},"modified":"2025-06-24T06:12:34","modified_gmt":"2025-06-24T06:12:34","slug":"aluminium-profil-irodai-valaszfal-katalogus","status":"publish","type":"product","link":"https:\/\/sinoextrud.com\/hu\/product\/aluminum-profile-for-office-partition-catalog\/","title":{"rendered":"Alum\u00ednium profil irodai part\u00edci\u00f3 katal\u00f3gus"},"content":{"rendered":"<h2>Term\u00e9kek r\u00e9szletei<\/h2>\n<table class=\"custom-table\">\n<tr>\n<td class=\"label\">T\u00e9tel:<\/td>\n<td> Alum\u00ednium profil irodai part\u00edci\u00f3 katal\u00f3gus<\/td>\n<\/tr>\n<tr>\n<td class=\"label\">Lelkiismeretesen:<\/td>\n<td> T3-T8<\/td>\n<\/tr>\n<tr>\n<td class=\"label\">\u00f6tv\u00f6zet:<\/td>\n<td> \u00d6tv\u00f6zet<\/td>\n<\/tr>\n<tr>\n<td class=\"label\">\u00d6tv\u00f6z\u0151 \u00f6sszetev\u0151:<\/td>\n<td> 6063 T5<\/td>\n<\/tr>\n<tr>\n<td class=\"label\">Garancia:<\/td>\n<td> 15-20 \u00e9v sz\u00edngarancia<\/td>\n<\/tr>\n<tr>\n<td class=\"label\">M\u00e9ret:<\/td>\n<td> ahogyan testreszabott<\/td>\n<\/tr>\n<tr>\n<td class=\"label\">Term\u00e9kek t\u00edpusa:<\/td>\n<td> Ipari alum\u00ednium \u00f6tv\u00f6zetb\u0151l k\u00e9sz\u00fclt extrud\u00e1l\u00e1s profil<\/td>\n<\/tr>\n<tr>\n<td class=\"label\">Sz\u00e1ll\u00edt\u00e1si csomag:<\/td>\n<td> M\u0171anyag f\u00f3lia \u00e9s er\u0151pap\u00edr<\/td>\n<\/tr>\n<tr>\n<td class=\"label\">Tan\u00fas\u00edt\u00e1s:<\/td>\n<td> CE, SONCAP, ISO, CIQ, RoHS, TUV, TUV<\/td>\n<\/tr>\n<tr>\n<td class=\"label\">Sz\u00edn:<\/td>\n<td> Ez\u00fcst, Bronz, Fekete, Arany, k\u00e9r\u00e9s szerint<\/td>\n<\/tr>\n<tr>\n<td class=\"label\">Befejez\u00e9s:<\/td>\n<td> Elox\u00e1l\u00e1s, porfest\u00e9s, fakezel\u00e9s, pol\u00edroz\u00e1s, stb.<\/td>\n<\/tr>\n<tr>\n<td class=\"label\">Eredet:<\/td>\n<td> K\u00edna, Foshan<\/td>\n<\/tr>\n<\/table>\n<h2>Gy\u00e1rt\u00f3 b\u00e1zisunk<\/h2>\n<h3>Gy\u00e1ri panor\u00e1ma<\/h3>\n<p><img decoding=\"async\" src=\"\/wp-content\/uploads\/factory-01.webp\"\/><\/p>\n<h3>Alum\u00ednium r\u00fadgy\u00e1rt\u00f3 m\u0171hely<\/h3>\n<p><img decoding=\"async\" src=\"\/wp-content\/uploads\/factory-02.webp\"\/><\/p>\n<p><img decoding=\"async\" src=\"\/wp-content\/uploads\/factory-03.webp\"\/><\/p>\n<h3>Pen\u00e9sz rakt\u00e1r<\/h3>\n<p><img decoding=\"async\" src=\"\/wp-content\/uploads\/factory-04.webp\"\/><\/p>\n<h3>43 alum\u00ednium extrud\u00e1l\u00f3 vonal (500-5500 tonna)<\/h3>\n<p><img decoding=\"async\" src=\"\/wp-content\/uploads\/factory-05.webp\"\/><\/p>\n<p><img decoding=\"async\" src=\"\/wp-content\/uploads\/factory-06.webp\"\/><\/p>\n<p><img decoding=\"async\" src=\"\/wp-content\/uploads\/factory-07.webp\"\/><\/p>\n<h3>Porfest\u0151 m\u0171hely<\/h3>\n<p><img decoding=\"async\" src=\"\/wp-content\/uploads\/factory-09.webp\"\/><\/p>\n<h3>Anodiz\u00e1l\u00f3 m\u0171hely<\/h3>\n<p><img decoding=\"async\" src=\"\/wp-content\/uploads\/factory-10.webp\"\/><\/p>\n<h3>M\u00e9ly feldolgoz\u00e1si m\u0171hely<\/h3>\n<p><img decoding=\"async\" src=\"\/wp-content\/uploads\/factory-11.webp\"\/><\/p>\n<h3>CNC prec\u00edzi\u00f3s megmunk\u00e1l\u00f3 m\u0171hely<\/h3>\n<p><img decoding=\"async\" src=\"\/wp-content\/uploads\/factory-11.5.webp\"\/><\/p>\n<h3>K\u00e9szterm\u00e9k \u00e9s export rakt\u00e1r<\/h3>\n<p><img decoding=\"async\" src=\"\/wp-content\/uploads\/factory-12.webp\"\/><\/p>\n<p><img decoding=\"async\" src=\"\/wp-content\/uploads\/factory-13.webp\"\/><\/p>\n<p><img decoding=\"async\" src=\"\/wp-content\/uploads\/factory-14.webp\"\/><\/p>\n<h2>GYIK<\/h2>\n<p><p><b>1.Mi az alum\u00ednium profil az irodai v\u00e1laszfalhoz?<\/b><\/p>\n<p>Ez egy speci\u00e1lisan tervezett alum\u00ednium sajtolt lemez, amelyet az irodai bels\u0151 terek modul\u00e1ris v\u00e1laszfalainak \u00e9p\u00edt\u00e9s\u00e9hez haszn\u00e1lnak, \u00e9s amely egyszerre ny\u00fajt szerkezetet \u00e9s eszt\u00e9tikumot.<br \/>\n<\/p><br \/>\n<br \/>\n<p><b>2.Mi\u00e9rt v\u00e1lasszon alum\u00ednium profilokat irodai v\u00e1laszfalakhoz?<\/b><\/p>\n<p>Az alum\u00edniumprofilok k\u00f6nny\u0171ek, er\u0151sek, korr\u00f3zi\u00f3\u00e1ll\u00f3ak \u00e9s k\u00f6nnyen felszerelhet\u0151k, \u00edgy ide\u00e1lisak a rugalmas \u00e9s modern irodai kialak\u00edt\u00e1sokhoz.<br \/>\n<\/p><br \/>\n<br \/>\n<p><b>3.L\u00e9tezik katal\u00f3gus az irodai v\u00e1laszfal alum\u00ednium profiljaihoz?<\/b><\/p>\n<p>Igen, a r\u00e9szletes katal\u00f3gus t\u00f6bbf\u00e9le st\u00edlust, m\u00e9retet \u00e9s kivitelez\u00e9st tartalmaz, amelyek alkalmasak a k\u00fcl\u00f6nb\u00f6z\u0151 irodai elrendez\u00e9sekhez \u00e9s tervez\u00e9si t\u00e9m\u00e1khoz.<br \/>\n<\/p><br \/>\n<br \/>\n<p><b>4.Az alum\u00ednium v\u00e1laszfalprofilok testre szabhat\u00f3k?<\/b><\/p>\n<p>Term\u00e9szetesen OEM-szolg\u00e1ltat\u00e1sok \u00e1llnak rendelkez\u00e9sre a projekt ig\u00e9nyei alapj\u00e1n egyedi form\u00e1k, hossz\u00fas\u00e1gok, sz\u00ednek \u00e9s kivitelek sz\u00e1m\u00e1ra.<br \/>\n<\/p><br \/>\n<br \/>\n<p><b>5.Milyen t\u00edpus\u00fa panelek kompatibilisek ezekkel a profilokkal?<\/b><\/p>\n<p>Az alum\u00ednium irodai v\u00e1laszfalprofilok \u00fcveg, MDF, akril \u00e9s m\u00e1s panel anyagokat hordoznak a sokoldal\u00fa tervez\u00e9s \u00e9rdek\u00e9ben.<br \/>\n<\/p><br \/>\n<br \/>\n<p><b>6.K\u00f6nny\u0171 ezeket a profilokat \u00f6sszeszerelni \u00e9s telep\u00edteni?<\/b><\/p>\n<p>Igen, gyors, szersz\u00e1mbar\u00e1t telep\u00edt\u00e9sre tervezt\u00e9k \u0151ket, \u00e9s k\u00f6nnyen \u00e1tkonfigur\u00e1lhat\u00f3k, ha az iroda elrendez\u00e9se megv\u00e1ltozik.<br \/>\n<\/p><br \/>\n<br \/>\n<p><b>7.Az alum\u00ednium profilok k\u00f6rnyezetbar\u00e1tok?<\/b><\/p>\n<p>Igen, az alum\u00ednium \u00fajrahasznos\u00edthat\u00f3 \u00e9s fenntarthat\u00f3, \u00edgy okos v\u00e1laszt\u00e1s a k\u00f6rnyezettudatos kereskedelmi terek sz\u00e1m\u00e1ra.<br \/>\n<\/p><br \/><\/p>","protected":false},"featured_media":7341,"template":"","categories":[67],"class_list":["post-7342","product","type-product","status-publish","has-post-thumbnail","hentry","category-architectural-aluminium-profile"],"meta_box":{"hilight_text_group":{"product_hilight_text":"<li>High-quality aluminum profiles designed for modular office partitions<\/li>\r\r\n<li>Lightweight and durable, ideal for frequent layout reconfigurations<\/li>\r\r\n<li>Corrosion-resistant surface ensures long-lasting indoor performance<\/li>\r\r\n<li>Available in a wide range of styles and sizes from the catalog<\/li>\r\r\n<li>Compatible with glass, wood, or panel inserts for design flexibility<\/li>\r\r\n<li>OEM customization and competitive factory pricing available<\/li>","product_chanpin_blog":"<ul>\r\r\n<li><a href=\"https:\/\/sinoextrud.com\/t-slot-v-slot-differences\/\" target=\"_blank\">t slot vs v slot<\/a><\/li>\r\r\n<li><a href=\"https:\/\/sinoextrud.com\/what-is-4040-aluminium-extrud\/\" target=\"_blank\">4040 aluminium extrusion<\/a><\/li>\r\r\n<li><a href=\"https:\/\/sinoextrud.com\/what-is-4040-aluminium-extrud\/\" target=\"_blank\">aluminum extrusions for industrial racks<\/a><\/li>\r\r\n<li><a href=\"https:\/\/sinoextrud.com\/powder-coating-aluminium-process\/\" target=\"_blank\">powder coating aluminium<\/a><\/li>\r\r\n<li><a href=\"https:\/\/sinoextrud.com\/what-is-an-aluminium-strip-ceiling\/\" target=\"_blank\">aluminium strip ceiling<\/a><\/li>\r\r\n<li><a href=\"https:\/\/sinoextrud.com\/what-is-a-heat-sink\/\" target=\"_blank\">what is a heat sink<\/a><\/li>\r\r\n<\/ul>","product_chanpin_chanpin":"<li><a href=\"https:\/\/sinoextrud.com\/product\/aluminium-window-frame-profiles\/\" target=\"_blank\">Aluminium Window Frame Profiles<\/a><\/li>\r\n<li><a href=\"https:\/\/sinoextrud.com\/product\/customized-extruded-aluminum-enclosure-profile\/\" target=\"_blank\">Customized Extruded Aluminum Enclosure Profile<\/a><\/li>\r\n<li><a href=\"https:\/\/sinoextrud.com\/product\/aluminum-alloy-wall-decoration-edge-trim-strip\/\" target=\"_blank\">Aluminum Alloy Wall Decoration Edge Trim Strip<\/a><\/li>\r\n<li><a href=\"https:\/\/sinoextrud.com\/product\/aluminum-railing\/\" target=\"_blank\">Aluminum Railing<\/a><\/li>\r\n<li><a href=\"https:\/\/sinoextrud.com\/product\/aluminum-profile-for-office-partition-catalog\/\" target=\"_blank\">Aluminum Profile For Office Partition Catalog<\/a><\/li>\r\n<li><a href=\"https:\/\/sinoextrud.com\/product\/modular-aluminium-extrusions\/\" target=\"_blank\">Modular Aluminium Extrusions<\/a><\/li>\r\n<li><a href=\"https:\/\/sinoextrud.com\/product\/aluminum-corner-extrusion-profiles\/\" target=\"_blank\">Aluminum Corner Extrusion Profiles<\/a><\/li>\r\n<li><a href=\"https:\/\/sinoextrud.com\/product\/aluminum-profile-for-windows-and-door-aluminum-curtain-wall-profile-extrusion\/\" target=\"_blank\">Aluminum Profile for Windows and Door Aluminum Curtain Wall Profile Extrusion<\/a><\/li>\r\n<li><a href=\"https:\/\/sinoextrud.com\/product\/aluminum-profiles-partition\/\" target=\"_blank\">Aluminum Profiles Partition<\/a><\/li>\r\n<li><a href=\"https:\/\/sinoextrud.com\/product\/aluminium-seamless-pipe\/\" target=\"_blank\">Aluminium Seamless Pipe<\/a><\/li>\r\n<li><a href=\"https:\/\/sinoextrud.com\/product\/extruded-aluminum-shelving\/\" target=\"_blank\">Extruded Aluminum Shelving<\/a><\/li>"},"feature_list":[]},"_links":{"self":[{"href":"https:\/\/sinoextrud.com\/hu\/wp-json\/wp\/v2\/product\/7342","targetHints":{"allow":["GET"]}}],"collection":[{"href":"https:\/\/sinoextrud.com\/hu\/wp-json\/wp\/v2\/product"}],"about":[{"href":"https:\/\/sinoextrud.com\/hu\/wp-json\/wp\/v2\/types\/product"}],"wp:featuredmedia":[{"embeddable":true,"href":"https:\/\/sinoextrud.com\/hu\/wp-json\/wp\/v2\/media\/7341"}],"wp:attachment":[{"href":"https:\/\/sinoextrud.com\/hu\/wp-json\/wp\/v2\/media?parent=7342"}],"wp:term":[{"taxonomy":"category","embeddable":true,"href":"https:\/\/sinoextrud.com\/hu\/wp-json\/wp\/v2\/categories?post=7342"}],"curies":[{"name":"wp","href":"https:\/\/api.w.org\/{rel}","templated":true}]}}