{"id":7336,"date":"2025-06-07T03:27:43","date_gmt":"2025-06-07T03:27:43","guid":{"rendered":"https:\/\/sinoextrud.com\/product\/customized-extruded-aluminum-enclosure-profile\/"},"modified":"2025-06-24T06:12:34","modified_gmt":"2025-06-24T06:12:34","slug":"testreszabott-extrudalt-aluminium-burkolati-profil","status":"publish","type":"product","link":"https:\/\/sinoextrud.com\/hu\/product\/customized-extruded-aluminum-enclosure-profile\/","title":{"rendered":"Testreszabott extrud\u00e1lt alum\u00ednium h\u00e1z profil"},"content":{"rendered":"<h2>Term\u00e9kek r\u00e9szletei<\/h2>\n<table class=\"custom-table\">\n<tr>\n<td class=\"label\">T\u00e9tel t\u00edpusa<\/td>\n<td>Testreszabott extrud\u00e1lt alum\u00ednium h\u00e1z profil<\/td>\n<\/tr>\n<tr>\n<td class=\"label\">Anyag<\/td>\n<td>V\u00e9ge: 1000-es sorozat\u00fa alum\u00edniumb\u00f3l k\u00e9sz\u00fclt.<br \/>\nZ\u00e1r\u00f3test: 6000-es sorozat\u00fa alum\u00edniumb\u00f3l k\u00e9sz\u00fclt. M\u00e1s speci\u00e1lis anyagok eset\u00e9n k\u00e9rj\u00fck, forduljon a Sinoextrudhoz.<\/td>\n<\/tr>\n<tr>\n<td class=\"label\">Form\u00e1k<\/td>\n<td>T\u00e9glalap, kerek, n\u00e9gyzet, h\u00e1romsz\u00f6g \u00e9s egy\u00e9b egyedi form\u00e1kban kaphat\u00f3.<\/td>\n<\/tr>\n<tr>\n<td class=\"label\">Vastags\u00e1g<\/td>\n<td>0,4 \u00e9s 50 mm k\u00f6z\u00f6tt. Egyedi vastags\u00e1gok is rendelkez\u00e9sre \u00e1llnak.<\/td>\n<\/tr>\n<tr>\n<td class=\"label\">Sz\u00ednes<\/td>\n<td>A sz\u00ednek ig\u00e9ny szerint testre szabhat\u00f3k.<\/td>\n<\/tr>\n<tr>\n<td class=\"label\">V\u00e1gott hossz\u00fas\u00e1gok<\/td>\n<td>Az \u00fcgyf\u00e9l ig\u00e9nyei szerint hosszra v\u00e1gva.<\/td>\n<\/tr>\n<tr>\n<td class=\"label\">Alkalmaz\u00e1s<\/td>\n<td>Alkalmas videoszerverekhez, adapterekhez, optikai ad\u00f3-vev\u0151h\u00f6z, \u00fatv\u00e1laszt\u00f3khoz, vez\u00e9rl\u0151kh\u00f6z, aut\u00f3h\u00e9jakhoz, CPS\/CPR-h\u00e9jakhoz, zavar\u00f3h\u00e9jakhoz, inverterh\u00e9jakhoz, CPU-h\u0171t\u0151h\u00e9jakhoz, teljes\u00edtm\u00e9nyh\u00e9jakhoz, elektronikus kommunik\u00e1ci\u00f3hoz, teljes\u00edtm\u00e9nykommunik\u00e1ci\u00f3hoz, orvosi berendez\u00e9sekhez, vez\u00e9rl\u0151dobozokhoz \u00e9s \u00edgy tov\u00e1bb.<\/td>\n<\/tr>\n<tr>\n<td class=\"label\">Tan\u00fas\u00edtv\u00e1ny<\/td>\n<td>CE\/SGS\/ISO\/Rohs<\/td>\n<\/tr>\n<tr>\n<td class=\"label\">Szolg\u00e1ltat\u00e1s<\/td>\n<td>Aj\u00e1nljon ingyenes mint\u00e1kat \u00e9s ingyenes tervez\u00e9si szolg\u00e1ltat\u00e1sokat.<br \/>\nOEM\/ODM szolg\u00e1ltat\u00e1sok ny\u00fajt\u00e1sa.<br \/>\nEgyedi k\u00e9r\u00e9sek elfogad\u00e1sa.<br \/>\nJavaslatokat tesz \u00faj tervez\u00e9si megold\u00e1sokra.<\/td>\n<\/tr>\n<tr>\n<td class=\"label\">Fel\u00fcletkezel\u00e9s<\/td>\n<td>Az opci\u00f3k k\u00f6z\u00e9 tartozik az elox\u00e1l\u00e1s, mar\u00e1s, galvaniz\u00e1l\u00e1s, pol\u00edroz\u00e1s, homokf\u00fav\u00e1s, porsz\u00f3r\u00e1s, csiszol\u00e1s, fest\u00e9s, PVDF stb.<\/td>\n<\/tr>\n<tr>\n<td class=\"label\">M\u00e9ly folyamat<\/td>\n<td>K\u00e9pes CNC megmunk\u00e1l\u00e1sra, f\u00far\u00e1sra, mar\u00e1sra, v\u00e1g\u00e1sra, b\u00e9lyegz\u00e9sre, hegeszt\u00e9sre, hajl\u00edt\u00e1sra, \u00f6sszeszerel\u00e9sre \u00e9s egyedi alum\u00edniumgy\u00e1rt\u00e1sra.<\/td>\n<\/tr>\n<tr>\n<td class=\"label\">Csomagol\u00e1s<\/td>\n<td>Szabv\u00e1nyos exportcsomagol\u00e1st haszn\u00e1l, vagy az el\u0151zetes megbesz\u00e9l\u00e9s szerint.<\/td>\n<\/tr>\n<tr>\n<td class=\"label\">Ingyenes mint\u00e1k<\/td>\n<td>Igen, ingyenes mint\u00e1kat tudunk biztos\u00edtani.<\/td>\n<\/tr>\n<tr>\n<td class=\"label\">Sz\u00e1ll\u00edt\u00e1si id\u0151<\/td>\n<td>\u00c1ltal\u00e1ban 15-20 nappal a minta visszaigazol\u00e1sa \u00e9s az el\u0151leg be\u00e9rkez\u00e9se ut\u00e1n. A sz\u00e1ll\u00edt\u00e1si id\u0151 is t\u00e1rgyalhat\u00f3.<\/td>\n<\/tr>\n<tr>\n<td class=\"label\">Port<\/td>\n<td>Guangzhou\/Shenzhen kik\u00f6t\u0151<\/td>\n<\/tr>\n<\/table>\n<h2>Gy\u00e1rt\u00f3 b\u00e1zisunk<\/h2>\n<h3>Gy\u00e1ri panor\u00e1ma<\/h3>\n<p><img decoding=\"async\" src=\"\/wp-content\/uploads\/factory-01.webp\"\/><\/p>\n<h3>Alum\u00ednium r\u00fadgy\u00e1rt\u00f3 m\u0171hely<\/h3>\n<p><img decoding=\"async\" src=\"\/wp-content\/uploads\/factory-02.webp\"\/><\/p>\n<\/p>\n<p><img decoding=\"async\" src=\"\/wp-content\/uploads\/factory-03.webp\"\/><\/p>\n<h3>Pen\u00e9sz rakt\u00e1r<\/h3>\n<p><img decoding=\"async\" src=\"\/wp-content\/uploads\/factory-04.webp\"\/><\/p>\n<h3>43 alum\u00ednium extrud\u00e1l\u00f3 vonal (500-5500 tonna)<\/h3>\n<p><img decoding=\"async\" src=\"\/wp-content\/uploads\/factory-05.webp\"\/><\/p>\n<p><img decoding=\"async\" src=\"\/wp-content\/uploads\/factory-06.webp\"\/><\/p>\n<p><img decoding=\"async\" src=\"\/wp-content\/uploads\/factory-07.webp\"\/><\/p>\n<h3>Porfest\u0151 m\u0171hely<\/h3>\n<p><img decoding=\"async\" src=\"\/wp-content\/uploads\/factory-09.webp\"\/><\/p>\n<h3>Anodiz\u00e1l\u00f3 m\u0171hely<\/h3>\n<p><img decoding=\"async\" src=\"\/wp-content\/uploads\/factory-10.webp\"\/><\/p>\n<h3>M\u00e9ly feldolgoz\u00e1si m\u0171hely<\/h3>\n<p><img decoding=\"async\" src=\"\/wp-content\/uploads\/factory-11.webp\"\/><\/p>\n<h3>CNC prec\u00edzi\u00f3s megmunk\u00e1l\u00f3 m\u0171hely<\/h3>\n<p><img decoding=\"async\" src=\"\/wp-content\/uploads\/factory-11.5.webp\"\/><\/p>\n<h3>K\u00e9szterm\u00e9k \u00e9s export rakt\u00e1r<\/h3>\n<p><img decoding=\"async\" src=\"\/wp-content\/uploads\/factory-12.webp\"\/><\/p>\n<p><img decoding=\"async\" src=\"\/wp-content\/uploads\/factory-13.webp\"\/><\/p>\n<p><img decoding=\"async\" src=\"\/wp-content\/uploads\/factory-14.webp\"\/><\/p>\n<h2>GYIK<\/h2>\n<p><b>1.Mi a testreszabott extrud\u00e1lt alum\u00ednium h\u00e1z profil?<\/b><\/p>\n<p>Ez egy testre szabott alum\u00edniumprofil, amelyet elektronikai, m\u0171szer- vagy ipari eszk\u00f6z\u00f6k v\u00e9d\u0151burkolatainak kialak\u00edt\u00e1s\u00e1ra haszn\u00e1lnak.\n<\/p>\n<p><\/p>\n<p><b>2.Mi\u00e9rt haszn\u00e1ljon extrud\u00e1lt alum\u00edniumot a burkolatokhoz?<\/b><\/p>\n<p>Az extrud\u00e1lt alum\u00ednium szil\u00e1rds\u00e1got, k\u00f6nny\u0171 s\u00falyt, korr\u00f3zi\u00f3\u00e1ll\u00f3s\u00e1got \u00e9s h\u0151vezet\u0151 k\u00e9pess\u00e9get biztos\u00edt, \u00edgy ide\u00e1lis a burkolati alkalmaz\u00e1sokhoz.\n<\/p>\n<p><\/p>\n<p><b>3.A burkolati profilok testreszabhat\u00f3k bizonyos term\u00e9kekhez?<\/b><\/p>\n<p>Igen, egyedi extrud\u00e1l\u00e1ssal lehet \u0151ket alakra, m\u00e9retre, falvastags\u00e1gra \u00e9s fel\u00fcletkezel\u00e9sre szabni, hogy megfeleljenek az egyedi tervez\u00e9si \u00e9s funkcion\u00e1lis ig\u00e9nyeknek.\n<\/p>\n<p><\/p>\n<p><b>4.Alkalmasak-e az alum\u00ednium burkolatok k\u00fclt\u00e9ri haszn\u00e1latra?<\/b><\/p>\n<p>Igen, megfelel\u0151 fel\u00fcletkezel\u00e9ssel, p\u00e9ld\u00e1ul elox\u00e1l\u00e1ssal vagy porsz\u00f3r\u00e1ssal kiv\u00e1l\u00f3 id\u0151j\u00e1r\u00e1s- \u00e9s korr\u00f3zi\u00f3\u00e1ll\u00f3s\u00e1got biztos\u00edtanak.\n<\/p>\n<p><\/p>\n<p><b>5.Milyen ipar\u00e1gak haszn\u00e1lj\u00e1k az egyedi alum\u00ednium burkolati profilokat?<\/b><\/p>\n<p>Sz\u00e9les k\u00f6rben haszn\u00e1lj\u00e1k \u0151ket az elektronika, a t\u00e1vk\u00f6zl\u00e9s, az automatiz\u00e1l\u00e1s, a m\u0171szerek \u00e9s a meg\u00fajul\u00f3 energiaforr\u00e1sok ter\u00fclet\u00e9n.\n<\/p>\n<p><\/p>\n<p><b>6.Milyen fel\u00fcletkezel\u00e9s \u00e9rhet\u0151 el az alum\u00ednium burkolati profilokhoz?<\/b><\/p>\n<p>Az \u00e1ltal\u00e1nos kivitelek k\u00f6z\u00e9 tartozik az elox\u00e1l\u00e1s, a porfest\u00e9s, a homokf\u00fav\u00e1s \u00e9s az ecsetel\u00e9s a tart\u00f3ss\u00e1g \u00e9s a megjelen\u00e9s \u00e9rdek\u00e9ben.\n<\/p>\n<p><\/p>\n<p><b>7.Az alum\u00ednium burkolati profilok j\u00f3 h\u0151elvezet\u00e9st biztos\u00edtanak?<\/b><\/p>\n<p>Az alum\u00ednium magas h\u0151vezet\u0151 k\u00e9pess\u00e9ge seg\u00edt hat\u00e9konyan elvezetni a h\u0151t a z\u00e1rt elektronikus alkatr\u00e9szekb\u0151l.\n<\/p>\n<p><\/p>","protected":false},"featured_media":7335,"template":"","categories":[67],"class_list":["post-7336","product","type-product","status-publish","has-post-thumbnail","hentry","category-architectural-aluminium-profile"],"meta_box":{"hilight_text_group":{"product_hilight_text":"<li>Custom extruded aluminum profiles designed for enclosure and housing applications<\/li>\r\r\n<li>High-precision machining ensures perfect fit and seamless assembly<\/li>\r\r\n<li>Excellent heat dissipation for electronic and industrial components<\/li>\r\r\n<li>Lightweight, corrosion-resistant material suitable for indoor and outdoor use<\/li>\r\r\n<li>OEM services available for custom dimensions, finishes, and designs<\/li>\r\r\n<li>Ideal for electronics, control boxes, instrument cases, and power supplies<\/li>","product_chanpin_blog":"<ul>\r\r\n<li><a href=\"https:\/\/sinoextrud.com\/t-slot-v-slot-differences\/\" target=\"_blank\">t slot vs v slot<\/a><\/li>\r\r\n<li><a href=\"https:\/\/sinoextrud.com\/what-is-4040-aluminium-extrud\/\" target=\"_blank\">4040 aluminium extrusion<\/a><\/li>\r\r\n<li><a href=\"https:\/\/sinoextrud.com\/what-is-4040-aluminium-extrud\/\" target=\"_blank\">aluminum extrusions for industrial racks<\/a><\/li>\r\r\n<li><a href=\"https:\/\/sinoextrud.com\/powder-coating-aluminium-process\/\" target=\"_blank\">powder coating aluminium<\/a><\/li>\r\r\n<li><a href=\"https:\/\/sinoextrud.com\/what-is-an-aluminium-strip-ceiling\/\" target=\"_blank\">aluminium strip ceiling<\/a><\/li>\r\r\n<li><a href=\"https:\/\/sinoextrud.com\/what-is-a-heat-sink\/\" target=\"_blank\">what is a heat sink<\/a><\/li>\r\r\n<\/ul>","product_chanpin_chanpin":"<li><a href=\"https:\/\/sinoextrud.com\/product\/anodized-and-powder-coated-t-slotted-aluminum-extrusion\/\" target=\"_blank\">Anodized and Powder Coated T-Slotted Aluminum Extrusion<\/a><\/li>\r\n<li><a href=\"https:\/\/sinoextrud.com\/product\/aluminum-extrusion-profile-suppliers-for-good-kitchen-cabinet-manufacturers-cabinet-extrusion-pricing-construction-aluminium\/\" target=\"_blank\">aluminum extrusion profile suppliers for Good Kitchen cabinet manufacturers Cabinet extrusion pricing construction aluminium<\/a><\/li>\r\n<li><a href=\"https:\/\/sinoextrud.com\/product\/china-industrial-extruded-aluminium-heatsink-profile\/\" target=\"_blank\">China Industrial Extruded Aluminium Heatsink Profile<\/a><\/li>\r\n<li><a href=\"https:\/\/sinoextrud.com\/product\/aluminium-window-frame-profiles\/\" target=\"_blank\">Aluminium Window Frame Profiles<\/a><\/li>\r\n<li><a href=\"https:\/\/sinoextrud.com\/product\/customized-extruded-aluminum-enclosure-profile\/\" target=\"_blank\">Customized Extruded Aluminum Enclosure Profile<\/a><\/li>\r\n<li><a href=\"https:\/\/sinoextrud.com\/product\/aluminum-alloy-wall-decoration-edge-trim-strip\/\" target=\"_blank\">Aluminum Alloy Wall Decoration Edge Trim Strip<\/a><\/li>\r\n<li><a href=\"https:\/\/sinoextrud.com\/product\/aluminum-railing\/\" target=\"_blank\">Aluminum Railing<\/a><\/li>\r\n<li><a href=\"https:\/\/sinoextrud.com\/product\/aluminum-profile-for-office-partition-catalog\/\" target=\"_blank\">Aluminum Profile For Office Partition Catalog<\/a><\/li>\r\n<li><a href=\"https:\/\/sinoextrud.com\/product\/modular-aluminium-extrusions\/\" target=\"_blank\">Modular Aluminium Extrusions<\/a><\/li>\r\n<li><a href=\"https:\/\/sinoextrud.com\/product\/architectural-aluminium-profiles\/\" target=\"_blank\">Architectural Aluminium Profiles<\/a><\/li>\r\n<li><a href=\"https:\/\/sinoextrud.com\/product\/aluminium-windows-with-mosquito-net-profile-catalog-uses-best-factory-price-per-pound\/\" target=\"_blank\">aluminium windows with mosquito net profile catalog uses best Factory Price per pound<\/a><\/li>"},"feature_list":[]},"_links":{"self":[{"href":"https:\/\/sinoextrud.com\/hu\/wp-json\/wp\/v2\/product\/7336","targetHints":{"allow":["GET"]}}],"collection":[{"href":"https:\/\/sinoextrud.com\/hu\/wp-json\/wp\/v2\/product"}],"about":[{"href":"https:\/\/sinoextrud.com\/hu\/wp-json\/wp\/v2\/types\/product"}],"wp:featuredmedia":[{"embeddable":true,"href":"https:\/\/sinoextrud.com\/hu\/wp-json\/wp\/v2\/media\/7335"}],"wp:attachment":[{"href":"https:\/\/sinoextrud.com\/hu\/wp-json\/wp\/v2\/media?parent=7336"}],"wp:term":[{"taxonomy":"category","embeddable":true,"href":"https:\/\/sinoextrud.com\/hu\/wp-json\/wp\/v2\/categories?post=7336"}],"curies":[{"name":"wp","href":"https:\/\/api.w.org\/{rel}","templated":true}]}}