{"id":7332,"date":"2025-06-07T03:23:16","date_gmt":"2025-06-07T03:23:16","guid":{"rendered":"https:\/\/sinoextrud.com\/product\/china-industrial-extruded-aluminium-heatsink-profile\/"},"modified":"2025-06-24T06:12:33","modified_gmt":"2025-06-24T06:12:33","slug":"porcelan-ipari-extrudalt-aluminium-hutobordak-profilja","status":"publish","type":"product","link":"https:\/\/sinoextrud.com\/hu\/product\/china-industrial-extruded-aluminium-heatsink-profile\/","title":{"rendered":"K\u00edna ipari extrud\u00e1lt alum\u00ednium h\u0171t\u0151borda profil"},"content":{"rendered":"<h2>Term\u00e9kek r\u00e9szletei<\/h2>\n<table class=\"custom-table\">\n<tr>\n<td class=\"label\">T\u00e9tel:<\/td>\n<td> Extrud\u00e1lt alum\u00ednium h\u0171t\u0151borda profil<\/td>\n<\/tr>\n<tr>\n<td class=\"label\">Alkalmaz\u00e1s:<\/td>\n<td> H\u0151elnyel\u0151<\/td>\n<\/tr>\n<tr>\n<td class=\"label\">Oszt\u00e1ly:<\/td>\n<td> 6000-es sorozat<\/td>\n<\/tr>\n<tr>\n<td class=\"label\">Lelkiismeretesen:<\/td>\n<td> T3 - T8<\/td>\n<\/tr>\n<tr>\n<td class=\"label\">Haszn\u00e1lat:<\/td>\n<td> LED\/ Elektronikus alkatr\u00e9sz<\/td>\n<\/tr>\n<tr>\n<td class=\"label\">Min\u0151s\u00e9gellen\u0151rz\u00e9s:<\/td>\n<td> 100% Sz\u00e1ll\u00edt\u00e1s el\u0151tti ellen\u0151rz\u00e9s<\/td>\n<\/tr>\n<tr>\n<td class=\"label\">Gy\u00e1ri helysz\u00edn:<\/td>\n<td> Foshan, K\u00edna<\/td>\n<\/tr>\n<tr>\n<td class=\"label\">Specifik\u00e1ci\u00f3:<\/td>\n<td> RoHS<\/td>\n<\/tr>\n<tr>\n<td class=\"label\">T\u00edpus:<\/td>\n<td> Alum\u00ednium profilok<\/td>\n<\/tr>\n<tr>\n<td class=\"label\">\u00f6tv\u00f6zet:<\/td>\n<td> \u00d6tv\u00f6zet<\/td>\n<\/tr>\n<tr>\n<td class=\"label\">Tan\u00fas\u00edt\u00e1s:<\/td>\n<td> GB\/T<\/td>\n<\/tr>\n<tr>\n<td class=\"label\">M\u00e9ret:<\/td>\n<td> Custom<\/td>\n<\/tr>\n<tr>\n<td class=\"label\">Szolg\u00e1ltat\u00e1s:<\/td>\n<td> OEM\/ODM<\/td>\n<\/tr>\n<tr>\n<td class=\"label\">Sz\u00e1ll\u00edt\u00e1si hat\u00e1rid\u0151:<\/td>\n<td> 7-25 munkanap (az \u00d6n mennyis\u00e9ge szerint)<\/td>\n<\/tr>\n<tr>\n<td class=\"label\">Csomagol\u00e1s r\u00e9szletesen:<\/td>\n<td> Szabv\u00e1nyos exportcsomagol\u00e1s<\/td>\n<\/tr>\n<tr>\n<td class=\"label\">V\u00e9djegy:<\/td>\n<td>Sinoextrud (Sinoextrud) \/ OEM<\/td>\n<\/tr>\n<tr>\n<td class=\"label\">Eredet:<\/td>\n<td> Foshan, K\u00edna<\/td>\n<\/tr>\n<\/table>\n<h2>Gy\u00e1rt\u00f3 b\u00e1zisunk<\/h2>\n<h3>Gy\u00e1ri panor\u00e1ma<\/h3>\n<p><img decoding=\"async\" src=\"\/wp-content\/uploads\/factory-01.webp\"\/><\/p>\n<h3>Alum\u00ednium r\u00fadgy\u00e1rt\u00f3 m\u0171hely<\/h3>\n<p><img decoding=\"async\" src=\"\/wp-content\/uploads\/factory-02.webp\"\/><\/p>\n<\/p>\n<p><img decoding=\"async\" src=\"\/wp-content\/uploads\/factory-03.webp\"\/><\/p>\n<h3>Pen\u00e9sz rakt\u00e1r<\/h3>\n<p><img decoding=\"async\" src=\"\/wp-content\/uploads\/factory-04.webp\"\/><\/p>\n<h3>43 alum\u00ednium extrud\u00e1l\u00f3 vonal (500-5500 tonna)<\/h3>\n<p><img decoding=\"async\" src=\"\/wp-content\/uploads\/factory-05.webp\"\/><\/p>\n<p><img decoding=\"async\" src=\"\/wp-content\/uploads\/factory-06.webp\"\/><\/p>\n<p><img decoding=\"async\" src=\"\/wp-content\/uploads\/factory-07.webp\"\/><\/p>\n<h3>Porfest\u0151 m\u0171hely<\/h3>\n<p><img decoding=\"async\" src=\"\/wp-content\/uploads\/factory-09.webp\"\/><\/p>\n<h3>Anodiz\u00e1l\u00f3 m\u0171hely<\/h3>\n<p><img decoding=\"async\" src=\"\/wp-content\/uploads\/factory-10.webp\"\/><\/p>\n<h3>M\u00e9ly feldolgoz\u00e1si m\u0171hely<\/h3>\n<p><img decoding=\"async\" src=\"\/wp-content\/uploads\/factory-11.webp\"\/><\/p>\n<h3>CNC prec\u00edzi\u00f3s megmunk\u00e1l\u00f3 m\u0171hely<\/h3>\n<p><img decoding=\"async\" src=\"\/wp-content\/uploads\/factory-11.5.webp\"\/><\/p>\n<h3>K\u00e9szterm\u00e9k \u00e9s export rakt\u00e1r<\/h3>\n<p><img decoding=\"async\" src=\"\/wp-content\/uploads\/factory-12.webp\"\/><\/p>\n<p><img decoding=\"async\" src=\"\/wp-content\/uploads\/factory-13.webp\"\/><\/p>\n<p><img decoding=\"async\" src=\"\/wp-content\/uploads\/factory-14.webp\"\/><\/p>\n<h2>GYIK<\/h2>\n<p><b>1.Mi a k\u00ednai ipari extrud\u00e1lt alum\u00ednium h\u0171t\u0151borda profil?<\/b><\/p>\n<p>Ez egy K\u00edn\u00e1ban, extrud\u00e1l\u00e1si technol\u00f3gi\u00e1val gy\u00e1rtott alum\u00edniumprofil, amelyet az ipari elektronikai \u00e9s mechanikai rendszerek h\u0151elvezet\u00e9s\u00e9re terveztek.\n<\/p>\n<p><\/p>\n<p><b>2.Mi\u00e9rt v\u00e1lassza a K\u00edn\u00e1b\u00f3l sz\u00e1rmaz\u00f3 extrud\u00e1lt alum\u00ednium h\u0171t\u0151borda profilokat?<\/b><\/p>\n<p>K\u00edna kiv\u00e1l\u00f3 min\u0151s\u00e9g\u0171 ipari extrud\u00e1lt alum\u00ednium h\u0171t\u0151bord\u00e1kat k\u00edn\u00e1l versenyk\u00e9pes \u00e1ron, megb\u00edzhat\u00f3 gy\u00e1rt\u00e1si k\u00e9pess\u00e9gekkel \u00e9s testreszab\u00e1si lehet\u0151s\u00e9gekkel.\n<\/p>\n<p><\/p>\n<p><b>3.Hogyan jav\u00edtja az alum\u00ednium h\u0171t\u0151borda profilja a h\u0171t\u00e9st?<\/b><\/p>\n<p>Nagy h\u0151vezet\u0151 k\u00e9pess\u00e9ge \u00e9s optimaliz\u00e1lt lamellaszerkezete n\u00f6veli a fel\u00fcletet, \u00edgy gyorsabb h\u0151\u00e1tad\u00e1st tesz lehet\u0151v\u00e9 az alkatr\u00e9szekb\u0151l a k\u00f6rnyezet fel\u00e9.\n<\/p>\n<p><\/p>\n<p><b>4.Lehet-e testre szabni az alum\u00ednium h\u0171t\u0151borda profilokat?<\/b><\/p>\n<p>Igen, a gy\u00e1rt\u00f3k egyedi extrud\u00e1l\u00e1sokat k\u00edn\u00e1lnak a h\u0151technikai k\u00f6vetelm\u00e9nyek, a m\u00e9retek, a szerel\u00e9si jellemz\u0151k \u00e9s a fel\u00fcletkezel\u00e9s alapj\u00e1n.\n<\/p>\n<p><\/p>\n<p><b>5.Are K\u00edna alum\u00ednium h\u0171t\u0151borda profilok k\u00f6lts\u00e9ghat\u00e9konyak?<\/b><\/p>\n<p>A k\u00ednai besz\u00e1ll\u00edt\u00f3k versenyk\u00e9pes \u00e1rakat k\u00edn\u00e1lnak a min\u0151s\u00e9g rov\u00e1s\u00e1ra, \u00edgy ide\u00e1lisak a nagy volumen\u0171 ipari alkalmaz\u00e1sokhoz.\n<\/p>\n<p><\/p>\n<p><b>6.Milyen ipar\u00e1gak haszn\u00e1lj\u00e1k az extrud\u00e1lt alum\u00ednium h\u0171t\u0151bord\u00e1kat?<\/b><\/p>\n<p>Ezeket a profilokat sz\u00e9les k\u00f6rben haszn\u00e1lj\u00e1k az elektronik\u00e1ban, az aut\u00f3iparban, a LED vil\u00e1g\u00edt\u00e1sban, a t\u00e1pegys\u00e9gekben \u00e9s az ipari g\u00e9pekben a hat\u00e9kony h\u0151kezel\u00e9s \u00e9rdek\u00e9ben.\n<\/p>\n<p><\/p>\n<p><b>7.Fontos-e az alum\u00ednium h\u0171t\u0151bord\u00e1k fel\u00fcletkezel\u00e9se?<\/b><\/p>\n<p>Igen, az elox\u00e1l\u00e1s vagy a porbevonat korr\u00f3zi\u00f3\u00e1ll\u00f3s\u00e1got biztos\u00edt \u00e9s jav\u00edtja a h\u0151sug\u00e1rz\u00e1st, meghosszabb\u00edtva ezzel a h\u0171t\u0151borda \u00e9lettartam\u00e1t \u00e9s teljes\u00edtm\u00e9ny\u00e9t.\n<\/p>\n<p><\/p>","protected":false},"featured_media":7331,"template":"","categories":[67],"class_list":["post-7332","product","type-product","status-publish","has-post-thumbnail","hentry","category-architectural-aluminium-profile"],"meta_box":{"hilight_text_group":{"product_hilight_text":"<li>High thermal conductivity aluminum enhances heat dissipation efficiency<\/li>\r\r\n<li>Precision extrusion ensures consistent fin structure for optimal cooling<\/li>\r\r\n<li>Lightweight and durable design ideal for industrial applications<\/li>\r\r\n<li>Custom shapes and sizes available to fit specific heat management needs<\/li>\r\r\n<li>Cost-effective manufacturing from reliable China-based suppliers<\/li>\r\r\n<li>Corrosion-resistant surface treatment extends service life<\/li>","product_chanpin_blog":"<ul>\r\r\n<li><a href=\"https:\/\/sinoextrud.com\/t-slot-v-slot-differences\/\" target=\"_blank\">t slot vs v slot<\/a><\/li>\r\r\n<li><a href=\"https:\/\/sinoextrud.com\/what-is-4040-aluminium-extrud\/\" target=\"_blank\">4040 aluminium extrusion<\/a><\/li>\r\r\n<li><a href=\"https:\/\/sinoextrud.com\/what-is-4040-aluminium-extrud\/\" target=\"_blank\">aluminum extrusions for industrial racks<\/a><\/li>\r\r\n<li><a href=\"https:\/\/sinoextrud.com\/powder-coating-aluminium-process\/\" target=\"_blank\">powder coating aluminium<\/a><\/li>\r\r\n<li><a href=\"https:\/\/sinoextrud.com\/what-is-an-aluminium-strip-ceiling\/\" target=\"_blank\">aluminium strip ceiling<\/a><\/li>\r\r\n<li><a href=\"https:\/\/sinoextrud.com\/what-is-a-heat-sink\/\" target=\"_blank\">what is a heat sink<\/a><\/li>\r\r\n<\/ul>","product_chanpin_chanpin":"<li><a href=\"https:\/\/sinoextrud.com\/product\/roller-blind-aluminium-profiles\/\" target=\"_blank\">Roller blind aluminium profiles<\/a><\/li>\r\n<li><a href=\"https:\/\/sinoextrud.com\/product\/outdoor-aluminium-sun-shutters-louvres-system\/\" target=\"_blank\">Outdoor aluminium sun shutters( louvres) system<\/a><\/li>\r\n<li><a href=\"https:\/\/sinoextrud.com\/product\/anodized-and-powder-coated-t-slotted-aluminum-extrusion\/\" target=\"_blank\">Anodized and Powder Coated T-Slotted Aluminum Extrusion<\/a><\/li>\r\n<li><a href=\"https:\/\/sinoextrud.com\/product\/aluminum-extrusion-profile-suppliers-for-good-kitchen-cabinet-manufacturers-cabinet-extrusion-pricing-construction-aluminium\/\" target=\"_blank\">aluminum extrusion profile suppliers for Good Kitchen cabinet manufacturers Cabinet extrusion pricing construction aluminium<\/a><\/li>\r\n<li><a href=\"https:\/\/sinoextrud.com\/product\/china-industrial-extruded-aluminium-heatsink-profile\/\" target=\"_blank\">China Industrial Extruded Aluminium Heatsink Profile<\/a><\/li>\r\n<li><a href=\"https:\/\/sinoextrud.com\/product\/aluminium-window-frame-profiles\/\" target=\"_blank\">Aluminium Window Frame Profiles<\/a><\/li>\r\n<li><a href=\"https:\/\/sinoextrud.com\/product\/customized-extruded-aluminum-enclosure-profile\/\" target=\"_blank\">Customized Extruded Aluminum Enclosure Profile<\/a><\/li>\r\n<li><a href=\"https:\/\/sinoextrud.com\/product\/aluminum-alloy-wall-decoration-edge-trim-strip\/\" target=\"_blank\">Aluminum Alloy Wall Decoration Edge Trim Strip<\/a><\/li>\r\n<li><a href=\"https:\/\/sinoextrud.com\/product\/aluminum-railing\/\" target=\"_blank\">Aluminum Railing<\/a><\/li>\r\n<li><a href=\"https:\/\/sinoextrud.com\/product\/extruded-aluminum-tubing-shapes\/\" target=\"_blank\">Extruded Aluminum Tubing Shapes<\/a><\/li>\r\n<li><a href=\"https:\/\/sinoextrud.com\/product\/extruded-aluminum-enclosure-case\/\" target=\"_blank\">Extruded Aluminum Enclosure Case<\/a><\/li>"},"feature_list":[]},"_links":{"self":[{"href":"https:\/\/sinoextrud.com\/hu\/wp-json\/wp\/v2\/product\/7332","targetHints":{"allow":["GET"]}}],"collection":[{"href":"https:\/\/sinoextrud.com\/hu\/wp-json\/wp\/v2\/product"}],"about":[{"href":"https:\/\/sinoextrud.com\/hu\/wp-json\/wp\/v2\/types\/product"}],"wp:featuredmedia":[{"embeddable":true,"href":"https:\/\/sinoextrud.com\/hu\/wp-json\/wp\/v2\/media\/7331"}],"wp:attachment":[{"href":"https:\/\/sinoextrud.com\/hu\/wp-json\/wp\/v2\/media?parent=7332"}],"wp:term":[{"taxonomy":"category","embeddable":true,"href":"https:\/\/sinoextrud.com\/hu\/wp-json\/wp\/v2\/categories?post=7332"}],"curies":[{"name":"wp","href":"https:\/\/api.w.org\/{rel}","templated":true}]}}