{"id":7328,"date":"2025-06-07T03:18:26","date_gmt":"2025-06-07T03:18:26","guid":{"rendered":"https:\/\/sinoextrud.com\/product\/anodized-and-powder-coated-t-slotted-aluminum-extrusion\/"},"modified":"2025-06-24T06:12:33","modified_gmt":"2025-06-24T06:12:33","slug":"eloxalt-es-porszort-t-hornyolt-aluminium-extrudalt-reszek","status":"publish","type":"product","link":"https:\/\/sinoextrud.com\/hu\/product\/anodized-and-powder-coated-t-slotted-aluminum-extrusion\/","title":{"rendered":"Elox\u00e1lt \u00e9s porsz\u00f3rt T-ny\u00edl\u00e1s\u00fa alum\u00ednium extrud\u00e1l\u00e1s"},"content":{"rendered":"<h2>Term\u00e9kek r\u00e9szletei<\/h2>\n<table class=\"custom-table\">\n<tr>\n<td class=\"label\">Alkalmaz\u00e1s:<\/td>\n<td> Ajt\u00f3 \u00e9s ablak, h\u0171t\u0151bord\u00e1k, \u00fcvegfal, dekor\u00e1ci\u00f3k, sz\u00e1ll\u00edt\u00f3eszk\u00f6z\u00f6k<\/td>\n<\/tr>\n<tr>\n<td class=\"label\">Lelkiismeretesen:<\/td>\n<td> T3-T8<\/td>\n<\/tr>\n<tr>\n<td class=\"label\">Ablak \u00e9s ajt\u00f3 alum\u00ednium profil:<\/td>\n<td> 60-as sorozat<\/td>\n<\/tr>\n<tr>\n<td class=\"label\">\u00f6tv\u00f6zet:<\/td>\n<td> \u00d6tv\u00f6zet<\/td>\n<\/tr>\n<tr>\n<td class=\"label\">Anyag:<\/td>\n<td> 6063\/6061\/6005\/6060 T5\/T6<\/td>\n<\/tr>\n<tr>\n<td class=\"label\">T\u00e9telek:<\/td>\n<td> T-ny\u00edl\u00e1s\u00fa alum\u00ednium extrud\u00e1l\u00e1s<\/td>\n<\/tr>\n<tr>\n<td class=\"label\">Specifik\u00e1ci\u00f3:<\/td>\n<td> ISO 9001<\/td>\n<\/tr>\n<tr>\n<td class=\"label\">HS-k\u00f3d:<\/td>\n<td> 7604299000<\/td>\n<\/tr>\n<tr>\n<td class=\"label\">Tan\u00fas\u00edt\u00e1s:<\/td>\n<td> CE, ISO, GB<\/td>\n<\/tr>\n<tr>\n<td class=\"label\">Alak:<\/td>\n<td> N\u00e9gyzet<\/td>\n<\/tr>\n<tr>\n<td class=\"label\">Fel\u00fcletkezel\u00e9s:<\/td>\n<td> Elox\u00e1lt \u00e9s porsz\u00f3rt bevonat <\/td>\n<\/tr>\n<tr>\n<td class=\"label\">\u00d6tv\u00f6z\u0151 \u00f6sszetev\u0151:<\/td>\n<td> 6063<\/td>\n<\/tr>\n<tr>\n<td class=\"label\">Pol\u00edrozott alum\u00ednium profil:<\/td>\n<td> K\u00e9miai pol\u00edroz\u00e1s<\/td>\n<\/tr>\n<tr>\n<td class=\"label\">Befejez\u00e9s:<\/td>\n<td> Elox\u00e1l\u00e1s, porfest\u00e9s, fakezel\u00e9s, pol\u00edroz\u00e1s<\/td>\n<\/tr>\n<tr>\n<td class=\"label\">Eredet:<\/td>\n<td> Foshan, K\u00edna<\/td>\n<\/tr>\n<\/table>\n<h2>Gy\u00e1rt\u00f3 b\u00e1zisunk<\/h2>\n<h3>Gy\u00e1ri panor\u00e1ma<\/h3>\n<p><img decoding=\"async\" src=\"\/wp-content\/uploads\/factory-01.webp\"\/><\/p>\n<h3>Alum\u00ednium r\u00fadgy\u00e1rt\u00f3 m\u0171hely<\/h3>\n<p><img decoding=\"async\" src=\"\/wp-content\/uploads\/factory-02.webp\"\/><\/p>\n<p><img decoding=\"async\" src=\"\/wp-content\/uploads\/factory-03.webp\"\/><\/p>\n<h3>Pen\u00e9sz rakt\u00e1r<\/h3>\n<p><img decoding=\"async\" src=\"\/wp-content\/uploads\/factory-04.webp\"\/><\/p>\n<h3>43 alum\u00ednium extrud\u00e1l\u00f3 vonal (500-5500 tonna)<\/h3>\n<p><img decoding=\"async\" src=\"\/wp-content\/uploads\/factory-05.webp\"\/><\/p>\n<p><img decoding=\"async\" src=\"\/wp-content\/uploads\/factory-06.webp\"\/><\/p>\n<p><img decoding=\"async\" src=\"\/wp-content\/uploads\/factory-07.webp\"\/><\/p>\n<h3>Porfest\u0151 m\u0171hely<\/h3>\n<p><img decoding=\"async\" src=\"\/wp-content\/uploads\/factory-09.webp\"\/><\/p>\n<h3>Anodiz\u00e1l\u00f3 m\u0171hely<\/h3>\n<p><img decoding=\"async\" src=\"\/wp-content\/uploads\/factory-10.webp\"\/><\/p>\n<h3>M\u00e9ly feldolgoz\u00e1si m\u0171hely<\/h3>\n<p><img decoding=\"async\" src=\"\/wp-content\/uploads\/factory-11.webp\"\/><\/p>\n<h3>CNC prec\u00edzi\u00f3s megmunk\u00e1l\u00f3 m\u0171hely<\/h3>\n<p><img decoding=\"async\" src=\"\/wp-content\/uploads\/factory-11.5.webp\"\/><\/p>\n<h3>K\u00e9szterm\u00e9k \u00e9s export rakt\u00e1r<\/h3>\n<p><img decoding=\"async\" src=\"\/wp-content\/uploads\/factory-12.webp\"\/><\/p>\n<p><img decoding=\"async\" src=\"\/wp-content\/uploads\/factory-13.webp\"\/><\/p>\n<p><img decoding=\"async\" src=\"\/wp-content\/uploads\/factory-14.webp\"\/><\/p>\n<h2>GYIK<\/h2>\n<p><p><b>1.Mi az elox\u00e1lt \u00e9s porsz\u00f3rt T-ny\u00edl\u00e1s\u00fa alum\u00ednium extrud\u00e1l\u00e1s?<\/b><\/p>\n<p>Ez egy modul\u00e1ris alum\u00edniumprofil T-ny\u00edl\u00e1sokkal, elox\u00e1l\u00e1ssal vagy porsz\u00f3r\u00e1ssal a fokozott tart\u00f3ss\u00e1g, korr\u00f3zi\u00f3\u00e1ll\u00f3s\u00e1g \u00e9s eszt\u00e9tikum \u00e9rdek\u00e9ben.<br \/>\n<\/p><br \/>\n<br \/>\n<p><b>2.Mi\u00e9rt haszn\u00e1lja a T-ny\u00edl\u00e1s\u00fa alum\u00ednium extrud\u00e1l\u00e1st az ipari alkalmaz\u00e1sokban?<\/b><\/p>\n<p>A T-ny\u00edl\u00e1s\u00fa alum\u00ednium extrud\u00e1l\u00e1s rugalmas kialak\u00edt\u00e1st, k\u00f6nny\u0171 \u00f6sszeszerel\u00e9st \u00e9s er\u0151s szerkezeti tart\u00e1st k\u00edn\u00e1l, ide\u00e1lis automatiz\u00e1l\u00e1si rendszerekhez \u00e9s ipari keretekhez.<br \/>\n<\/p><br \/>\n<br \/>\n<p><b>3.Milyen el\u0151nyei vannak az elox\u00e1lt \u00e9s a porsz\u00f3rt bevonatoknak?<\/b><\/p>\n<p>Az elox\u00e1lt \u00e9s porsz\u00f3rt bevonatok kiv\u00e1l\u00f3 fel\u00fcleti v\u00e9delmet, korr\u00f3zi\u00f3\u00e1ll\u00f3s\u00e1got \u00e9s sz\u00ednv\u00e1laszt\u00e9kot biztos\u00edtanak a k\u00fcl\u00f6nb\u00f6z\u0151 alkalmaz\u00e1sokhoz.<br \/>\n<\/p><br \/>\n<br \/>\n<p><b>4.Can ezek az alum\u00ednium extrud\u00e1l\u00e1sok testreszabhat\u00f3ak?<\/b><\/p>\n<p>Igen, m\u00e9retben, sz\u00ednben \u00e9s megmunk\u00e1l\u00e1sban testreszabhat\u00f3k, hogy megfeleljenek az adott projekt vagy OEM k\u00f6vetelm\u00e9nyeinek.<br \/>\n<\/p><br \/>\n<br \/>\n<p><b>5.K\u00f6nnyen \u00f6sszeszerelhet\u0151ek a T-hornyos alum\u00ednium extrud\u00e1l\u00e1sok?<\/b><\/p>\n<p>A modul\u00e1ris kialak\u00edt\u00e1s lehet\u0151v\u00e9 teszi a gyors, szersz\u00e1mmentes \u00f6sszeszerel\u00e9st szabv\u00e1nyos csatlakoz\u00f3k \u00e9s k\u00f6t\u0151elemek haszn\u00e1lat\u00e1val.<br \/>\n<\/p><br \/>\n<br \/>\n<p><b>6.Ez a fajta alum\u00ednium extrud\u00e1l\u00e1s alkalmas k\u00fclt\u00e9ri haszn\u00e1latra?<\/b><\/p>\n<p>Igen, a korr\u00f3zi\u00f3\u00e1ll\u00f3 elox\u00e1lt \u00e9s porsz\u00f3rt fel\u00fcleteknek k\u00f6sz\u00f6nhet\u0151en belt\u00e9ri \u00e9s k\u00fclt\u00e9ri k\u00f6rnyezetben egyar\u00e1nt haszn\u00e1lhat\u00f3.<br \/>\n<\/p><br \/>\n<br \/>\n<p><b>7.Milyen ipar\u00e1gak haszn\u00e1lnak elox\u00e1lt \u00e9s porsz\u00f3rt T-hornyos alum\u00ednium extrud\u00e1lt r\u00e9szeket?<\/b><\/p>\n<p>Alkalmazkod\u00f3k\u00e9pess\u00e9g\u00fck \u00e9s tart\u00f3ss\u00e1guk miatt sz\u00e9les k\u00f6rben haszn\u00e1lj\u00e1k \u0151ket az automatiz\u00e1l\u00e1sban, gy\u00e1rt\u00e1sban, robotik\u00e1ban, tiszta helyis\u00e9gekben \u00e9s egyedi munka\u00e1llom\u00e1sokon.<br \/>\n<\/p><br \/><\/p>","protected":false},"featured_media":7327,"template":"","categories":[67],"class_list":["post-7328","product","type-product","status-publish","has-post-thumbnail","hentry","category-architectural-aluminium-profile"],"meta_box":{"hilight_text_group":{"product_hilight_text":"<li>Durable anodized and powder coated finishes for enhanced surface protection<\/li>\r\r\n<li>T-slotted design allows flexible and modular assembly<\/li>\r\r\n<li>Corrosion-resistant for use in industrial and outdoor environments<\/li>\r\r\n<li>Compatible with a wide range of connectors and accessories<\/li>\r\r\n<li>Lightweight yet high-strength aluminum alloy ensures structural integrity<\/li>\r\r\n<li>Ideal for machine frames, workstations, enclosures, and automation systems<\/li>","product_chanpin_blog":"<ul>\r\r\n<li><a href=\"https:\/\/sinoextrud.com\/t-slot-v-slot-differences\/\" target=\"_blank\">t slot vs v slot<\/a><\/li>\r\r\n<li><a href=\"https:\/\/sinoextrud.com\/what-is-4040-aluminium-extrud\/\" target=\"_blank\">4040 aluminium extrusion<\/a><\/li>\r\r\n<li><a href=\"https:\/\/sinoextrud.com\/what-is-4040-aluminium-extrud\/\" target=\"_blank\">aluminum extrusions for industrial racks<\/a><\/li>\r\r\n<li><a href=\"https:\/\/sinoextrud.com\/powder-coating-aluminium-process\/\" target=\"_blank\">powder coating aluminium<\/a><\/li>\r\r\n<li><a href=\"https:\/\/sinoextrud.com\/what-is-an-aluminium-strip-ceiling\/\" target=\"_blank\">aluminium strip ceiling<\/a><\/li>\r\r\n<li><a href=\"https:\/\/sinoextrud.com\/what-is-a-heat-sink\/\" target=\"_blank\">what is a heat sink<\/a><\/li>\r\r\n<\/ul>","product_chanpin_chanpin":"<li><a href=\"https:\/\/sinoextrud.com\/product\/cabinet-aluminum-profile\/\" target=\"_blank\">Cabinet Aluminum Profile<\/a><\/li>\r\n<li><a href=\"https:\/\/sinoextrud.com\/product\/square-aluminum-tubing-with-anodized-mill-finish-polishing-treatment\/\" target=\"_blank\">Square Aluminum Tubing With Anodized Mill Finish Polishing Treatment<\/a><\/li>\r\n<li><a href=\"https:\/\/sinoextrud.com\/product\/roller-blind-aluminium-profiles\/\" target=\"_blank\">Roller blind aluminium profiles<\/a><\/li>\r\n<li><a href=\"https:\/\/sinoextrud.com\/product\/outdoor-aluminium-sun-shutters-louvres-system\/\" target=\"_blank\">Outdoor aluminium sun shutters( louvres) system<\/a><\/li>\r\n<li><a href=\"https:\/\/sinoextrud.com\/product\/anodized-and-powder-coated-t-slotted-aluminum-extrusion\/\" target=\"_blank\">Anodized and Powder Coated T-Slotted Aluminum Extrusion<\/a><\/li>\r\n<li><a href=\"https:\/\/sinoextrud.com\/product\/aluminum-extrusion-profile-suppliers-for-good-kitchen-cabinet-manufacturers-cabinet-extrusion-pricing-construction-aluminium\/\" target=\"_blank\">aluminum extrusion profile suppliers for Good Kitchen cabinet manufacturers Cabinet extrusion pricing construction aluminium<\/a><\/li>\r\n<li><a href=\"https:\/\/sinoextrud.com\/product\/china-industrial-extruded-aluminium-heatsink-profile\/\" target=\"_blank\">China Industrial Extruded Aluminium Heatsink Profile<\/a><\/li>\r\n<li><a href=\"https:\/\/sinoextrud.com\/product\/aluminium-window-frame-profiles\/\" target=\"_blank\">Aluminium Window Frame Profiles<\/a><\/li>\r\n<li><a href=\"https:\/\/sinoextrud.com\/product\/customized-extruded-aluminum-enclosure-profile\/\" target=\"_blank\">Customized Extruded Aluminum Enclosure Profile<\/a><\/li>\r\n<li><a href=\"https:\/\/sinoextrud.com\/product\/led-strip-lights-aluminum-profile\/\" target=\"_blank\">Led Strip Lights Aluminum Profile<\/a><\/li>\r\n<li><a href=\"https:\/\/sinoextrud.com\/product\/aluminum-tube-profile-processing-with-6060-material\/\" target=\"_blank\">Aluminum Tube Profile Processing with 6060 material<\/a><\/li>"},"feature_list":[]},"_links":{"self":[{"href":"https:\/\/sinoextrud.com\/hu\/wp-json\/wp\/v2\/product\/7328","targetHints":{"allow":["GET"]}}],"collection":[{"href":"https:\/\/sinoextrud.com\/hu\/wp-json\/wp\/v2\/product"}],"about":[{"href":"https:\/\/sinoextrud.com\/hu\/wp-json\/wp\/v2\/types\/product"}],"wp:featuredmedia":[{"embeddable":true,"href":"https:\/\/sinoextrud.com\/hu\/wp-json\/wp\/v2\/media\/7327"}],"wp:attachment":[{"href":"https:\/\/sinoextrud.com\/hu\/wp-json\/wp\/v2\/media?parent=7328"}],"wp:term":[{"taxonomy":"category","embeddable":true,"href":"https:\/\/sinoextrud.com\/hu\/wp-json\/wp\/v2\/categories?post=7328"}],"curies":[{"name":"wp","href":"https:\/\/api.w.org\/{rel}","templated":true}]}}