{"id":7326,"date":"2025-06-07T03:16:21","date_gmt":"2025-06-07T03:16:21","guid":{"rendered":"https:\/\/sinoextrud.com\/product\/outdoor-aluminium-sun-shutters-louvres-system\/"},"modified":"2025-06-24T06:12:32","modified_gmt":"2025-06-24T06:12:32","slug":"kulteri-aluminium-napellenzok-redonyok-lamellak-rendszer","status":"publish","type":"product","link":"https:\/\/sinoextrud.com\/hu\/product\/outdoor-aluminium-sun-shutters-louvres-system\/","title":{"rendered":"K\u00fclt\u00e9ri alum\u00ednium napellenz\u0151k (lamell\u00e1k) rendszer"},"content":{"rendered":"<h2>Term\u00e9kek r\u00e9szletei<\/h2>\n<table class=\"custom-table\">\n<tr>\n<td class=\"label\">T\u00edpus:<\/td>\n<td> K\u00fclt\u00e9ri alum\u00ednium napellenz\u0151k (lamell\u00e1k) rendszer, ablak \u00e9s ajt\u00f3 alum\u00ednium profil, korl\u00e1t, f\u00fcgg\u00f6nyfal<\/td>\n<\/tr>\n<tr>\n<td class=\"label\">Oszt\u00e1ly:<\/td>\n<td>1000-es sorozat<\/td>\n<\/tr>\n<tr>\n<td class=\"label\">Lelkiismeretesen:<\/td>\n<td>T3-T8<\/td>\n<\/tr>\n<tr>\n<td class=\"label\">Ablak \u00e9s ajt\u00f3 alum\u00ednium profil:<\/td>\n<td>60-as sorozat<\/td>\n<\/tr>\n<tr>\n<td class=\"label\">\u00f6tv\u00f6zet:<\/td>\n<td>\u00d6tv\u00f6zet<\/td>\n<\/tr>\n<tr>\n<td class=\"label\">Fel\u00fcletkezel\u00e9s:<\/td>\n<td>An\u00f3dos oxid\u00e1ci\u00f3<\/td>\n<\/tr>\n<tr>\n<td class=\"label\">\u00d6tv\u00f6z\u0151 \u00f6sszetev\u0151:<\/td>\n<td>6063<\/td>\n<\/tr>\n<tr>\n<td class=\"label\">Tan\u00fas\u00edt\u00e1s:<\/td>\n<td>ISO<\/td>\n<\/tr>\n<tr>\n<td class=\"label\">Pol\u00edrozott alum\u00ednium profil:<\/td>\n<td>Mechanikai pol\u00edroz\u00e1s<\/td>\n<\/tr>\n<tr>\n<td class=\"label\">V\u00e9djegy:<\/td>\n<td>Sinoextrud \/Sinoextrud\/Sinoextrud\/Sinoextrud<\/td>\n<\/tr>\n<tr>\n<td class=\"label\">Specifik\u00e1ci\u00f3:<\/td>\n<td>ISO9001, ISO14001<\/td>\n<\/tr>\n<\/table>\n<h2>Gy\u00e1rt\u00f3 b\u00e1zisunk<\/h2>\n<h3>Gy\u00e1ri panor\u00e1ma<\/h3>\n<p><img decoding=\"async\" src=\"\/wp-content\/uploads\/factory-01.webp\"\/><\/p>\n<h3>Alum\u00ednium r\u00fadgy\u00e1rt\u00f3 m\u0171hely<\/h3>\n<p><img decoding=\"async\" src=\"\/wp-content\/uploads\/factory-02.webp\"\/><\/p>\n<\/p>\n<p><img decoding=\"async\" src=\"\/wp-content\/uploads\/factory-03.webp\"\/><\/p>\n<h3>Pen\u00e9sz rakt\u00e1r<\/h3>\n<p><img decoding=\"async\" src=\"\/wp-content\/uploads\/factory-04.webp\"\/><\/p>\n<h3>43 alum\u00ednium extrud\u00e1l\u00f3 vonal (500-5500 tonna)<\/h3>\n<p><img decoding=\"async\" src=\"\/wp-content\/uploads\/factory-05.webp\"\/><\/p>\n<p><img decoding=\"async\" src=\"\/wp-content\/uploads\/factory-06.webp\"\/><\/p>\n<p><img decoding=\"async\" src=\"\/wp-content\/uploads\/factory-07.webp\"\/><\/p>\n<h3>Porfest\u0151 m\u0171hely<\/h3>\n<p><img decoding=\"async\" src=\"\/wp-content\/uploads\/factory-09.webp\"\/><\/p>\n<h3>Anodiz\u00e1l\u00f3 m\u0171hely<\/h3>\n<p><img decoding=\"async\" src=\"\/wp-content\/uploads\/factory-10.webp\"\/><\/p>\n<h3>M\u00e9ly feldolgoz\u00e1si m\u0171hely<\/h3>\n<p><img decoding=\"async\" src=\"\/wp-content\/uploads\/factory-11.webp\"\/><\/p>\n<h3>CNC prec\u00edzi\u00f3s megmunk\u00e1l\u00f3 m\u0171hely<\/h3>\n<p><img decoding=\"async\" src=\"\/wp-content\/uploads\/factory-11.5.webp\"\/><\/p>\n<h3>K\u00e9szterm\u00e9k \u00e9s export rakt\u00e1r<\/h3>\n<p><img decoding=\"async\" src=\"\/wp-content\/uploads\/factory-12.webp\"\/><\/p>\n<p><img decoding=\"async\" src=\"\/wp-content\/uploads\/factory-13.webp\"\/><\/p>\n<p><img decoding=\"async\" src=\"\/wp-content\/uploads\/factory-14.webp\"\/><\/p>\n<h2>GYIK<\/h2>\n<p><b>1.Mi az a k\u00fclt\u00e9ri alum\u00ednium napellenz\u0151 (lamell\u00e1k) rendszer?<\/b><\/p>\n<p>A k\u00fclt\u00e9ri alum\u00ednium napellenz\u0151k (lamell\u00e1k) rendszere tart\u00f3s alum\u00edniumb\u00f3l k\u00e9sz\u00fclt napellenz\u0151 megold\u00e1s, amelyet a f\u00e9ny, a h\u0151 \u00e9s a l\u00e9g\u00e1raml\u00e1s szab\u00e1lyoz\u00e1s\u00e1ra terveztek k\u00fclt\u00e9ri alkalmaz\u00e1sokhoz.\n<\/p>\n<p><\/p>\n<p><b>2.Mi\u00e9rt haszn\u00e1ljon alum\u00edniumot napellenz\u0151kre vagy lamell\u00e1kra?<\/b><\/p>\n<p>Az alum\u00ednium k\u00f6nny\u0171, korr\u00f3zi\u00f3\u00e1ll\u00f3 \u00e9s rendk\u00edv\u00fcl tart\u00f3s, \u00edgy t\u00f6k\u00e9letesen alkalmas hossz\u00fa t\u00e1v\u00fa k\u00fclt\u00e9ri haszn\u00e1latra a napellenz\u0151rendszerekben.\n<\/p>\n<p><\/p>\n<p><b>3.A k\u00fclt\u00e9ri alum\u00ednium lamell\u00e1k \u00e1ll\u00edthat\u00f3ak?<\/b><\/p>\n<p>Igen, a lamell\u00e1kat \u00fagy tervezt\u00e9k, hogy \u00e1ll\u00edthat\u00f3ak legyenek, lehet\u0151v\u00e9 t\u00e9ve a napf\u00e9ny, az \u00e1rny\u00e9kol\u00e1s \u00e9s a szell\u0151z\u00e9s pontos szab\u00e1lyoz\u00e1s\u00e1t.\n<\/p>\n<p><\/p>\n<p><b>4.Can k\u00fclt\u00e9ri alum\u00ednium napellenz\u0151k testreszabhat\u00f3?<\/b><\/p>\n<p>Term\u00e9szetesen ezek a rendszerek m\u00e9retben, sz\u00ednben, kivitelben \u00e9s pengekonfigur\u00e1ci\u00f3ban testre szabhat\u00f3k, hogy illeszkedjenek a k\u00fcl\u00f6nb\u00f6z\u0151 \u00e9p\u00edt\u00e9szeti kialak\u00edt\u00e1sokhoz.\n<\/p>\n<p><\/p>\n<p><b>5.Jav\u00edtj\u00e1k-e az alum\u00ednium napellenz\u0151k az energiahat\u00e9konys\u00e1got?<\/b><\/p>\n<p>Igen, az alum\u00ednium napellenz\u0151k seg\u00edtenek cs\u00f6kkenteni a belt\u00e9ri h\u0151nyeres\u00e9get, cs\u00f6kkentik a h\u0171t\u00e9si k\u00f6lts\u00e9geket \u00e9s jav\u00edtj\u00e1k az \u00e9p\u00fclet energiahat\u00e9konys\u00e1g\u00e1t.\n<\/p>\n<p><\/p>\n<p><b>6.Alkalmasak-e az alum\u00ednium lamell\u00e1s rendszerek tengerparti k\u00f6rnyezetbe?<\/b><\/p>\n<p>Igen, az alum\u00ednium korr\u00f3zi\u00f3\u00e1ll\u00f3 tulajdons\u00e1gai miatt ezek a lamellarendszerek ide\u00e1lisak a tengerparti \u00e9s nedves \u00e9ghajlaton val\u00f3 haszn\u00e1latra.\n<\/p>\n<p><\/p>\n<p><b>7.Milyen karbantart\u00e1st ig\u00e9nyelnek az alum\u00ednium lamell\u00e1s rendszerek?<\/b><\/p>\n<p>A k\u00fclt\u00e9ri alum\u00ednium lamell\u00e1s rendszerek minim\u00e1lis karbantart\u00e1st ig\u00e9nyelnek, jellemz\u0151en csak rendszeres tiszt\u00edt\u00e1st a megjelen\u00e9s \u00e9s a funkcionalit\u00e1s meg\u0151rz\u00e9se \u00e9rdek\u00e9ben.\n<\/p>\n<p><\/p>","protected":false},"featured_media":7325,"template":"","categories":[67],"class_list":["post-7326","product","type-product","status-publish","has-post-thumbnail","hentry","category-architectural-aluminium-profile"],"meta_box":{"hilight_text_group":{"product_hilight_text":"<li>Durable aluminum construction withstands outdoor weather conditions<\/li>\r\r\n<li>Adjustable louvre design provides optimal sunlight and ventilation control<\/li>\r\r\n<li>Corrosion-resistant surface ideal for coastal and humid areas<\/li>\r\r\n<li>Modern aesthetic enhances building exterior appearance<\/li>\r\r\n<li>Low maintenance and long-lasting performance<\/li>\r\r\n<li>Customizable sizes, colors, and configurations for diverse architectural needs<\/li>","product_chanpin_blog":"<ul>\r\r\n<li><a href=\"https:\/\/sinoextrud.com\/t-slot-v-slot-differences\/\" target=\"_blank\">t slot vs v slot<\/a><\/li>\r\r\n<li><a href=\"https:\/\/sinoextrud.com\/what-is-4040-aluminium-extrud\/\" target=\"_blank\">4040 aluminium extrusion<\/a><\/li>\r\r\n<li><a href=\"https:\/\/sinoextrud.com\/what-is-4040-aluminium-extrud\/\" target=\"_blank\">aluminum extrusions for industrial racks<\/a><\/li>\r\r\n<li><a href=\"https:\/\/sinoextrud.com\/powder-coating-aluminium-process\/\" target=\"_blank\">powder coating aluminium<\/a><\/li>\r\r\n<li><a href=\"https:\/\/sinoextrud.com\/what-is-an-aluminium-strip-ceiling\/\" target=\"_blank\">aluminium strip ceiling<\/a><\/li>\r\r\n<li><a href=\"https:\/\/sinoextrud.com\/what-is-a-heat-sink\/\" target=\"_blank\">what is a heat sink<\/a><\/li>\r\r\n<\/ul>","product_chanpin_chanpin":"<li><a href=\"https:\/\/sinoextrud.com\/product\/aluminium-profile-structure\/\" target=\"_blank\">Aluminium Profile Structure<\/a><\/li>\r\n<li><a href=\"https:\/\/sinoextrud.com\/product\/cabinet-aluminum-profile\/\" target=\"_blank\">Cabinet Aluminum Profile<\/a><\/li>\r\n<li><a href=\"https:\/\/sinoextrud.com\/product\/square-aluminum-tubing-with-anodized-mill-finish-polishing-treatment\/\" target=\"_blank\">Square Aluminum Tubing With Anodized Mill Finish Polishing Treatment<\/a><\/li>\r\n<li><a href=\"https:\/\/sinoextrud.com\/product\/roller-blind-aluminium-profiles\/\" target=\"_blank\">Roller blind aluminium profiles<\/a><\/li>\r\n<li><a href=\"https:\/\/sinoextrud.com\/product\/outdoor-aluminium-sun-shutters-louvres-system\/\" target=\"_blank\">Outdoor aluminium sun shutters( louvres) system<\/a><\/li>\r\n<li><a href=\"https:\/\/sinoextrud.com\/product\/anodized-and-powder-coated-t-slotted-aluminum-extrusion\/\" target=\"_blank\">Anodized and Powder Coated T-Slotted Aluminum Extrusion<\/a><\/li>\r\n<li><a href=\"https:\/\/sinoextrud.com\/product\/aluminum-extrusion-profile-suppliers-for-good-kitchen-cabinet-manufacturers-cabinet-extrusion-pricing-construction-aluminium\/\" target=\"_blank\">aluminum extrusion profile suppliers for Good Kitchen cabinet manufacturers Cabinet extrusion pricing construction aluminium<\/a><\/li>\r\n<li><a href=\"https:\/\/sinoextrud.com\/product\/china-industrial-extruded-aluminium-heatsink-profile\/\" target=\"_blank\">China Industrial Extruded Aluminium Heatsink Profile<\/a><\/li>\r\n<li><a href=\"https:\/\/sinoextrud.com\/product\/aluminium-window-frame-profiles\/\" target=\"_blank\">Aluminium Window Frame Profiles<\/a><\/li>\r\n<li><a href=\"https:\/\/sinoextrud.com\/product\/aluminium-6061\/\" target=\"_blank\">Aluminium 6061<\/a><\/li>\r\n<li><a href=\"https:\/\/sinoextrud.com\/product\/factory-offer-extrude-aluminium-track-profile\/\" target=\"_blank\">Factory Offer Extrude Aluminium Track Profile<\/a><\/li>"},"feature_list":[]},"_links":{"self":[{"href":"https:\/\/sinoextrud.com\/hu\/wp-json\/wp\/v2\/product\/7326","targetHints":{"allow":["GET"]}}],"collection":[{"href":"https:\/\/sinoextrud.com\/hu\/wp-json\/wp\/v2\/product"}],"about":[{"href":"https:\/\/sinoextrud.com\/hu\/wp-json\/wp\/v2\/types\/product"}],"wp:featuredmedia":[{"embeddable":true,"href":"https:\/\/sinoextrud.com\/hu\/wp-json\/wp\/v2\/media\/7325"}],"wp:attachment":[{"href":"https:\/\/sinoextrud.com\/hu\/wp-json\/wp\/v2\/media?parent=7326"}],"wp:term":[{"taxonomy":"category","embeddable":true,"href":"https:\/\/sinoextrud.com\/hu\/wp-json\/wp\/v2\/categories?post=7326"}],"curies":[{"name":"wp","href":"https:\/\/api.w.org\/{rel}","templated":true}]}}