{"id":7322,"date":"2025-06-07T03:12:42","date_gmt":"2025-06-07T03:12:42","guid":{"rendered":"https:\/\/sinoextrud.com\/product\/square-aluminum-tubing-with-anodized-mill-finish-polishing-treatment\/"},"modified":"2025-06-24T06:12:31","modified_gmt":"2025-06-24T06:12:31","slug":"negyzet-alaku-aluminium-cso-eloxalt-malom-befejezo-polirozo-kezelessel","status":"publish","type":"product","link":"https:\/\/sinoextrud.com\/hu\/product\/square-aluminum-tubing-with-anodized-mill-finish-polishing-treatment\/","title":{"rendered":"N\u00e9gyzet alak\u00fa alum\u00ednium cs\u00f6vek elox\u00e1lt Mill Finish pol\u00edroz\u00f3 kezel\u00e9ssel"},"content":{"rendered":"<h2>Term\u00e9kek r\u00e9szletei<\/h2>\n<table class=\"custom-table\">\n<tr>\n<td class=\"label\">1. T\u00e9tel<\/td>\n<td>N\u00e9gyzet alak\u00fa alum\u00ednium cs\u00f6vek elox\u00e1lt Mill Finish pol\u00edroz\u00f3 kezel\u00e9ssel<\/td>\n<\/tr>\n<tr>\n<td class=\"label\">1.1 Alak:<\/td>\n<td>testreszabott<\/td>\n<\/tr>\n<tr>\n<td class=\"label\">1.2 Fokozat:<\/td>\n<td>6000-es sorozat<\/td>\n<\/tr>\n<tr>\n<td class=\"label\">1.3 H\u0151m\u00e9rs\u00e9klet:<\/td>\n<td>T3-T8<\/td>\n<\/tr>\n<tr>\n<td class=\"label\">1.4 Anyag:<\/td>\n<td>6063-T5, 6061-T6, 6463-T5, 7075-T6, 6082<\/td>\n<\/tr>\n<tr>\n<td class=\"label\">1.5 Legnth:<\/td>\n<td>1~9 m\u00e9ter (standaror, ahogyan sz\u00fcks\u00e9ges)<\/td>\n<\/tr>\n<tr>\n<td class=\"label\">2. Gy\u00e1rt\u00f3sorok<\/td>\n<td>1) 5 olvaszt\u00f3 \u00e9s \u00f6nt\u0151 gy\u00e1rt\u00f3sor<br \/>\n2) 43 extrud\u00e1l\u00f3 gy\u00e1rt\u00f3sor (500 tonn\u00e1t\u00f3l 5500 tonn\u00e1ig, \u00e9s megfelel a k\u00fcl\u00f6nb\u00f6z\u0151 \u00fcgyfelek ig\u00e9nyeinek)<br \/>\n3) 6 anodiz\u00e1l\u00f3 \u00e9s elektrop\u00e9zis gy\u00e1rt\u00f3sorok<br \/>\n4) 2 porbevonat gy\u00e1rt\u00f3sor<br \/>\n5) 4 fa szemcs\u00e9s gy\u00e1rt\u00f3sor<br \/>\n6) 2 h\u0151szigetel\u0151 t\u00f6r\u00f6tt h\u00edd gy\u00e1rt\u00f3sorok<br \/>\n7) 2 huzalozott rajzol\u00f3 \u00e9s pol\u00edroz\u00f3 gy\u00e1rt\u00f3sorok<\/td>\n<\/tr>\n<tr>\n<td class=\"label\">3. Jellemz\u0151 szolg\u00e1ltat\u00e1sok<\/td>\n<td>1). OEM szolg\u00e1ltat\u00e1s.<br \/>\n2). Tervez\u00e9s az \u00fcgyfelek ig\u00e9nyei szerint.<br \/>\n3). T\u00f6bb \u00e9ves szakmai tapasztalat a kutat\u00e1sban, gy\u00e1rt\u00e1sban<br \/>\n4). Modern m\u00e9lyfeldolgoz\u00f3 k\u00f6zpontunk megmunk\u00e1l\u00e1st tud biztos\u00edtani, mint p\u00e9ld\u00e1ul v\u00e1g\u00e1s, lyukaszt\u00e1s, f\u00far\u00e1s stb.<\/td>\n<\/tr>\n<tr>\n<td class=\"label\">4. Min\u0151s\u00e9gellen\u0151rz\u00e9s<\/td>\n<td>A legszigor\u00fabb min\u0151s\u00e9gellen\u0151rz\u00e9si rendszert m\u0171k\u00f6dtetj\u00fck, az \u00e9szlel\u00e9s az anyagt\u00f3l, a gy\u00e1rt\u00e1si folyamatt\u00f3l kezdve,<br \/>\nA v\u00e9gterm\u00e9kig, valamint a term\u00e9k min\u0151s\u00e9g\u00e9nek \u00e9s nyomon k\u00f6vethet\u0151s\u00e9g\u00e9nek biztos\u00edt\u00e1sa.<\/td>\n<\/tr>\n<tr>\n<td class=\"label\">5. Folyamat<\/td>\n<td>Szersz\u00e1mtervez\u00e9s\u2192szersz\u00e1mk\u00e9sz\u00edt\u00e9s\u2192olvaszt\u00e1s \u00e9s \u00f6tv\u00f6z\u00e9s\u2192QC\u2192Extrud\u00e1l\u00e1s\u2192v\u00e1g\u00e1s\u2192h\u0151kezel\u00e9s\u2192<br \/>\nQC\u2192Fel\u00fcletkezel\u00e9s\u2192QC\u2192hegeszt\u00e9s\u2192csomagol\u00e1s\u2192QC\u2192sz\u00e1ll\u00edt\u00e1s\u2192Sz\u00e1ll\u00edt\u00e1s\u2192Elad\u00e1s ut\u00e1ni szolg\u00e1ltat\u00e1s<\/td>\n<\/tr>\n<tr>\n<td class=\"label\">6. Szabv\u00e1nyos<\/td>\n<td>GB5237-2008 egyenl\u0151 az EN12020-1.2(2001) szabv\u00e1nynak megfelel\u0151en<\/td>\n<\/tr>\n<tr>\n<td class=\"label\">7. Fizet\u00e9s<\/td>\n<td>T \/ T: 30% let\u00e9tbe helyez\u00e9s, az egyenleget a sz\u00e1ll\u00edt\u00e1s el\u0151tt vagy ut\u00e1n fizetik ki<\/td>\n<\/tr>\n<tr>\n<td class=\"label\">8. Csomagol\u00e1s r\u00e9szletesen:<\/td>\n<td>Bel\u00fcl: m\u0171anyag f\u00f3li\u00e1val csomagolva az egyes darabok v\u00e9delme \u00e9rdek\u00e9ben<br \/>\nK\u00edv\u00fcl: v\u00edz\u00e1ll\u00f3 k\u00e9zm\u0171ves pap\u00edrral vagy EPE-f\u00f3li\u00e1val csomagolva. Testreszabott k\u00e9r\u00e9s \u00e1ll rendelkez\u00e9sre<\/td>\n<\/tr>\n<tr>\n<td class=\"label\">9. \u00c1tfut\u00e1si id\u0151<\/td>\n<td>Szersz\u00e1mfejleszt\u00e9s \u00e9s mintatesztel\u00e9s: 10-18 nap.<br \/>\nT\u00f6meggy\u00e1rt\u00e1s: 20-25 nap.<\/td>\n<\/tr>\n<\/table>\n<h2>Gy\u00e1rt\u00f3 b\u00e1zisunk<\/h2>\n<h3>Gy\u00e1ri panor\u00e1ma<\/h3>\n<p><img decoding=\"async\" src=\"\/wp-content\/uploads\/factory-01.webp\"\/><\/p>\n<h3>Alum\u00ednium r\u00fadgy\u00e1rt\u00f3 m\u0171hely<\/h3>\n<p><img decoding=\"async\" src=\"\/wp-content\/uploads\/factory-02.webp\"\/><\/p>\n<\/p>\n<p><img decoding=\"async\" src=\"\/wp-content\/uploads\/factory-03.webp\"\/><\/p>\n<h3>Pen\u00e9sz rakt\u00e1r<\/h3>\n<p><img decoding=\"async\" src=\"\/wp-content\/uploads\/factory-04.webp\"\/><\/p>\n<h3>43 alum\u00ednium extrud\u00e1l\u00f3 vonal (500-5500 tonna)<\/h3>\n<p><img decoding=\"async\" src=\"\/wp-content\/uploads\/factory-05.webp\"\/><\/p>\n<p><img decoding=\"async\" src=\"\/wp-content\/uploads\/factory-06.webp\"\/><\/p>\n<p><img decoding=\"async\" src=\"\/wp-content\/uploads\/factory-07.webp\"\/><\/p>\n<h3>Porfest\u0151 m\u0171hely<\/h3>\n<p><img decoding=\"async\" src=\"\/wp-content\/uploads\/factory-09.webp\"\/><\/p>\n<h3>Anodiz\u00e1l\u00f3 m\u0171hely<\/h3>\n<p><img decoding=\"async\" src=\"\/wp-content\/uploads\/factory-10.webp\"\/><\/p>\n<h3>M\u00e9ly feldolgoz\u00e1si m\u0171hely<\/h3>\n<p><img decoding=\"async\" src=\"\/wp-content\/uploads\/factory-11.webp\"\/><\/p>\n<h3>CNC prec\u00edzi\u00f3s megmunk\u00e1l\u00f3 m\u0171hely<\/h3>\n<p><img decoding=\"async\" src=\"\/wp-content\/uploads\/factory-11.5.webp\"\/><\/p>\n<h3>K\u00e9szterm\u00e9k \u00e9s export rakt\u00e1r<\/h3>\n<p><img decoding=\"async\" src=\"\/wp-content\/uploads\/factory-12.webp\"\/><\/p>\n<p><img decoding=\"async\" src=\"\/wp-content\/uploads\/factory-13.webp\"\/><\/p>\n<p><img decoding=\"async\" src=\"\/wp-content\/uploads\/factory-14.webp\"\/><\/p>\n<h2>GYIK<\/h2>\n<p><b>1.Mi a n\u00e9gyzet alak\u00fa alum\u00ednium cs\u0151 elox\u00e1lt malom befejez\u0151 pol\u00edroz\u00f3 kezel\u00e9ssel?<\/b><\/p>\n<p>Ez egy n\u00e9gyzet alak\u00fa alum\u00edniumcs\u0151, amelyet elox\u00e1lt \u00e9s pol\u00edrozott fel\u00fcletekkel eg\u00e9sz\u00edtettek ki a tov\u00e1bbi tart\u00f3ss\u00e1g, korr\u00f3zi\u00f3\u00e1ll\u00f3s\u00e1g \u00e9s eszt\u00e9tikai vonzer\u0151 \u00e9rdek\u00e9ben.\n<\/p>\n<p><\/p>\n<p><b>2.Mi\u00e9rt v\u00e1lassza az elox\u00e1lt n\u00e9gyzet alak\u00fa alum\u00ednium cs\u00f6veket?<\/b><\/p>\n<p>Az elox\u00e1l\u00e1s n\u00f6veli a korr\u00f3zi\u00f3\u00e1ll\u00f3s\u00e1got, a fel\u00fcleti kem\u00e9nys\u00e9get, \u00e9s tiszta, dekorat\u00edv megjelen\u00e9st biztos\u00edt belt\u00e9ri \u00e9s k\u00fclt\u00e9ri haszn\u00e1latra egyar\u00e1nt.\n<\/p>\n<p><\/p>\n<p><b>3.Mi az alum\u00edniumcs\u00f6vek malomipari kivitelez\u00e9se?<\/b><\/p>\n<p>A mill finish a nyers fel\u00fcleti \u00e1llapot a sajtol\u00e1s ut\u00e1n, amely term\u00e9szetes alum\u00ednium megjelen\u00e9st biztos\u00edt, amely tov\u00e1bb kezelhet\u0151 vagy bevonhat\u00f3.\n<\/p>\n<p><\/p>\n<p><b>4.Mik az alum\u00edniumcs\u00f6vek pol\u00edroz\u00e1s\u00e1nak el\u0151nyei?<\/b><\/p>\n<p>A pol\u00edroz\u00e1s sima, f\u00e9nyvisszaver\u0151 fel\u00fcletet ad a cs\u0151nek, ami jav\u00edtja a megjelen\u00e9s\u00e9t \u00e9s megk\u00f6nny\u00edti a tiszt\u00edt\u00e1s\u00e1t.\n<\/p>\n<p><\/p>\n<p><b>5.Hol haszn\u00e1lj\u00e1k \u00e1ltal\u00e1ban a n\u00e9gyzet alak\u00fa alum\u00edniumcs\u00f6veket?<\/b><\/p>\n<p>Sz\u00e9les k\u00f6rben haszn\u00e1lj\u00e1k az \u00e9p\u00edt\u0151iparban, a b\u00fatorok, a keretrendszerek, a feliratok \u00e9s az \u00e9p\u00edt\u00e9szeti dekor\u00e1ci\u00f3 ter\u00fclet\u00e9n.\n<\/p>\n<p><\/p>\n<p><b>6.Ez az alum\u00edniumcs\u0151 k\u00f6nnyen megmunk\u00e1lhat\u00f3?<\/b><\/p>\n<p>Igen, k\u00f6nny\u0171, k\u00f6nnyen v\u00e1ghat\u00f3 \u00e9s hegeszthet\u0151, \u00edgy ide\u00e1lis a bark\u00e1csol\u00e1shoz \u00e9s a professzion\u00e1lis gy\u00e1rt\u00e1si projektekhez.\n<\/p>\n<p><\/p>\n<p><b>7.K\u00e9rhetek egyedi hossz\u00fas\u00e1got vagy kivitelez\u00e9st?<\/b><\/p>\n<p>Term\u00e9szetesen a gy\u00e1rt\u00f3k testreszab\u00e1st k\u00edn\u00e1lnak a m\u00e9retek, az elox\u00e1l\u00e1si sz\u00ednek \u00e9s a pol\u00edroz\u00e1si szintek tekintet\u00e9ben, hogy megfeleljenek a projekt ig\u00e9nyeinek.\n<\/p>\n<p><\/p>\n<p><b>8.Is n\u00e9gyzet alak\u00fa alum\u00ednium cs\u0151 k\u00f6rnyezetbar\u00e1t?<\/b><\/p>\n<p>Igen, az alum\u00ednium 100% \u00fajrahasznos\u00edthat\u00f3, \u00edgy fenntarthat\u00f3 anyagv\u00e1laszt\u00e1s a k\u00fcl\u00f6nb\u00f6z\u0151 ipar\u00e1gak sz\u00e1m\u00e1ra.\n<\/p>\n<p><\/p>","protected":false},"featured_media":7321,"template":"","categories":[67],"class_list":["post-7322","product","type-product","status-publish","has-post-thumbnail","hentry","category-architectural-aluminium-profile"],"meta_box":{"hilight_text_group":{"product_hilight_text":"<li>Durable square aluminum tubing with enhanced anodized and polished surface<\/li>\r\r\n<li>Lightweight yet structurally strong for versatile applications<\/li>\r\r\n<li>Corrosion-resistant finish ideal for indoor and outdoor use<\/li>\r\r\n<li>Available in mill finish, anodized, and polished treatments<\/li>\r\r\n<li>Easy to cut, weld, and assemble for custom projects<\/li>\r\r\n<li>Suitable for architectural, industrial, and decorative purposes<\/li>\r\r\n<li>Environmentally friendly and 100% recyclable material<\/li>","product_chanpin_blog":"<ul>\r\r\n<li><a href=\"https:\/\/sinoextrud.com\/t-slot-v-slot-differences\/\" target=\"_blank\">t slot vs v slot<\/a><\/li>\r\r\n<li><a href=\"https:\/\/sinoextrud.com\/what-is-4040-aluminium-extrud\/\" target=\"_blank\">4040 aluminium extrusion<\/a><\/li>\r\r\n<li><a href=\"https:\/\/sinoextrud.com\/what-is-4040-aluminium-extrud\/\" target=\"_blank\">aluminum extrusions for industrial racks<\/a><\/li>\r\r\n<li><a href=\"https:\/\/sinoextrud.com\/powder-coating-aluminium-process\/\" target=\"_blank\">powder coating aluminium<\/a><\/li>\r\r\n<li><a href=\"https:\/\/sinoextrud.com\/what-is-an-aluminium-strip-ceiling\/\" target=\"_blank\">aluminium strip ceiling<\/a><\/li>\r\r\n<li><a href=\"https:\/\/sinoextrud.com\/what-is-a-heat-sink\/\" target=\"_blank\">what is a heat sink<\/a><\/li>\r\r\n<\/ul>","product_chanpin_chanpin":"<li><a href=\"https:\/\/sinoextrud.com\/product\/aluminium-profile-quarter-round-bar\/\" target=\"_blank\">Aluminium Profile Quarter Round Bar<\/a><\/li>\r\n<li><a href=\"https:\/\/sinoextrud.com\/product\/china-aluminum-angle-bar-alloy-profile\/\" target=\"_blank\">China Aluminum Angle Bar Alloy Profile<\/a><\/li>\r\n<li><a href=\"https:\/\/sinoextrud.com\/product\/aluminium-profile-structure\/\" target=\"_blank\">Aluminium Profile Structure<\/a><\/li>\r\n<li><a href=\"https:\/\/sinoextrud.com\/product\/cabinet-aluminum-profile\/\" target=\"_blank\">Cabinet Aluminum Profile<\/a><\/li>\r\n<li><a href=\"https:\/\/sinoextrud.com\/product\/square-aluminum-tubing-with-anodized-mill-finish-polishing-treatment\/\" target=\"_blank\">Square Aluminum Tubing With Anodized Mill Finish Polishing Treatment<\/a><\/li>\r\n<li><a href=\"https:\/\/sinoextrud.com\/product\/roller-blind-aluminium-profiles\/\" target=\"_blank\">Roller blind aluminium profiles<\/a><\/li>\r\n<li><a href=\"https:\/\/sinoextrud.com\/product\/outdoor-aluminium-sun-shutters-louvres-system\/\" target=\"_blank\">Outdoor aluminium sun shutters( louvres) system<\/a><\/li>\r\n<li><a href=\"https:\/\/sinoextrud.com\/product\/anodized-and-powder-coated-t-slotted-aluminum-extrusion\/\" target=\"_blank\">Anodized and Powder Coated T-Slotted Aluminum Extrusion<\/a><\/li>\r\n<li><a href=\"https:\/\/sinoextrud.com\/product\/aluminum-extrusion-profile-suppliers-for-good-kitchen-cabinet-manufacturers-cabinet-extrusion-pricing-construction-aluminium\/\" target=\"_blank\">aluminum extrusion profile suppliers for Good Kitchen cabinet manufacturers Cabinet extrusion pricing construction aluminium<\/a><\/li>\r\n<li><a href=\"https:\/\/sinoextrud.com\/product\/color-polishing-aluminium-for-sliding-door\/\" target=\"_blank\">Color Polishing Aluminium For Sliding Door<\/a><\/li>\r\n<li><a href=\"https:\/\/sinoextrud.com\/product\/6000-series-extrusion-of-aluminum-alloy-profile-for-furniture\/\" target=\"_blank\">6000 Series Extrusion Of Aluminum Alloy Profile for Furniture<\/a><\/li>"},"feature_list":[]},"_links":{"self":[{"href":"https:\/\/sinoextrud.com\/hu\/wp-json\/wp\/v2\/product\/7322","targetHints":{"allow":["GET"]}}],"collection":[{"href":"https:\/\/sinoextrud.com\/hu\/wp-json\/wp\/v2\/product"}],"about":[{"href":"https:\/\/sinoextrud.com\/hu\/wp-json\/wp\/v2\/types\/product"}],"wp:featuredmedia":[{"embeddable":true,"href":"https:\/\/sinoextrud.com\/hu\/wp-json\/wp\/v2\/media\/7321"}],"wp:attachment":[{"href":"https:\/\/sinoextrud.com\/hu\/wp-json\/wp\/v2\/media?parent=7322"}],"wp:term":[{"taxonomy":"category","embeddable":true,"href":"https:\/\/sinoextrud.com\/hu\/wp-json\/wp\/v2\/categories?post=7322"}],"curies":[{"name":"wp","href":"https:\/\/api.w.org\/{rel}","templated":true}]}}