{"id":7316,"date":"2025-06-07T03:05:26","date_gmt":"2025-06-07T03:05:26","guid":{"rendered":"https:\/\/sinoextrud.com\/product\/china-aluminum-angle-bar-alloy-profile\/"},"modified":"2025-06-24T06:12:31","modified_gmt":"2025-06-24T06:12:31","slug":"porcelan-aluminium-szogvas-rud-otvozott-profil","status":"publish","type":"product","link":"https:\/\/sinoextrud.com\/hu\/product\/china-aluminum-angle-bar-alloy-profile\/","title":{"rendered":"K\u00edna alum\u00ednium sz\u00f6gletes r\u00fad \u00f6tv\u00f6zet profil"},"content":{"rendered":"<h2>Term\u00e9kek r\u00e9szletei<\/h2>\n<table class=\"custom-table\">\n<tr>\n<td class=\"label\">T\u00e9tel:<\/td>\n<td> K\u00edna alum\u00ednium sz\u00f6gvas r\u00fad \u00f6tv\u00f6zet profil gy\u00e1rt\u00f3k<\/td>\n<\/tr>\n<tr>\n<td class=\"label\">Lelkiismeretesen:<\/td>\n<td> T3-T8<\/td>\n<\/tr>\n<tr>\n<td class=\"label\">\u00f6tv\u00f6zet:<\/td>\n<td> \u00d6tv\u00f6zet<\/td>\n<\/tr>\n<tr>\n<td class=\"label\">\u00d6tv\u00f6z\u0151 \u00f6sszetev\u0151:<\/td>\n<td> 6063 T5<\/td>\n<\/tr>\n<tr>\n<td class=\"label\">M\u00e9ret:<\/td>\n<td> ahogyan testreszabott<\/td>\n<\/tr>\n<tr>\n<td class=\"label\">Anyag:<\/td>\n<td> 6063\/6061\/6005\/6060 T5\/T6<\/td>\n<\/tr>\n<tr>\n<td class=\"label\">Term\u00e9kek t\u00edpusa:<\/td>\n<td> Ipari alum\u00ednium \u00f6tv\u00f6zetb\u0151l k\u00e9sz\u00fclt extrud\u00e1l\u00e1s profil<\/td>\n<\/tr>\n<tr>\n<td class=\"label\">Haszn\u00e1lat:<\/td>\n<td> Alum\u00ednium sz\u00f6gletes r\u00fad \u00f6tv\u00f6zet profil<\/td>\n<\/tr>\n<tr>\n<td class=\"label\">Sz\u00e1ll\u00edt\u00e1si csomag:<\/td>\n<td> M\u0171anyag f\u00f3lia \u00e9s er\u0151pap\u00edr<\/td>\n<\/tr>\n<tr>\n<td class=\"label\">Eredet:<\/td>\n<td> K\u00edna, Foshan<\/td>\n<\/tr>\n<tr>\n<td class=\"label\">Tan\u00fas\u00edt\u00e1s:<\/td>\n<td> CE, SONCAP, ISO, CIQ, RoHS, TUV, TUV<\/td>\n<\/tr>\n<tr>\n<td class=\"label\">Sz\u00edn:<\/td>\n<td> Ez\u00fcst, Bronz, Fekete, Arany, k\u00e9r\u00e9s szerint<\/td>\n<\/tr>\n<tr>\n<td class=\"label\">Befejez\u00e9s:<\/td>\n<td> Elox\u00e1l\u00e1s, porfest\u00e9s, fakezel\u00e9s, pol\u00edroz\u00e1s<\/td>\n<\/tr>\n<tr>\n<td class=\"label\">Specifik\u00e1ci\u00f3:<\/td>\n<td> Ahogy az \u00fcgyfelek k\u00e9rik<\/td>\n<\/tr>\n<\/table>\n<h2>Gy\u00e1rt\u00f3 b\u00e1zisunk<\/h2>\n<h3>Gy\u00e1ri panor\u00e1ma<\/h3>\n<p><img decoding=\"async\" src=\"\/wp-content\/uploads\/factory-01.webp\"\/><\/p>\n<h3>Alum\u00ednium r\u00fadgy\u00e1rt\u00f3 m\u0171hely<\/h3>\n<p><img decoding=\"async\" src=\"\/wp-content\/uploads\/factory-02.webp\"\/><\/p>\n<\/p>\n<p><img decoding=\"async\" src=\"\/wp-content\/uploads\/factory-03.webp\"\/><\/p>\n<h3>Pen\u00e9sz rakt\u00e1r<\/h3>\n<p><img decoding=\"async\" src=\"\/wp-content\/uploads\/factory-04.webp\"\/><\/p>\n<h3>43 alum\u00ednium extrud\u00e1l\u00f3 vonal (500-5500 tonna)<\/h3>\n<p><img decoding=\"async\" src=\"\/wp-content\/uploads\/factory-05.webp\"\/><\/p>\n<p><img decoding=\"async\" src=\"\/wp-content\/uploads\/factory-06.webp\"\/><\/p>\n<p><img decoding=\"async\" src=\"\/wp-content\/uploads\/factory-07.webp\"\/><\/p>\n<h3>Porfest\u0151 m\u0171hely<\/h3>\n<p><img decoding=\"async\" src=\"\/wp-content\/uploads\/factory-09.webp\"\/><\/p>\n<h3>Anodiz\u00e1l\u00f3 m\u0171hely<\/h3>\n<p><img decoding=\"async\" src=\"\/wp-content\/uploads\/factory-10.webp\"\/><\/p>\n<h3>M\u00e9ly feldolgoz\u00e1si m\u0171hely<\/h3>\n<p><img decoding=\"async\" src=\"\/wp-content\/uploads\/factory-11.webp\"\/><\/p>\n<h3>CNC prec\u00edzi\u00f3s megmunk\u00e1l\u00f3 m\u0171hely<\/h3>\n<p><img decoding=\"async\" src=\"\/wp-content\/uploads\/factory-11.5.webp\"\/><\/p>\n<h3>K\u00e9szterm\u00e9k \u00e9s export rakt\u00e1r<\/h3>\n<p><img decoding=\"async\" src=\"\/wp-content\/uploads\/factory-12.webp\"\/><\/p>\n<p><img decoding=\"async\" src=\"\/wp-content\/uploads\/factory-13.webp\"\/><\/p>\n<p><img decoding=\"async\" src=\"\/wp-content\/uploads\/factory-14.webp\"\/><\/p>\n<h2>GYIK<\/h2>\n<p><b>1.Ki a k\u00ednai alum\u00ednium sz\u00f6g r\u00fad \u00f6tv\u00f6z\u00f6tt profil gy\u00e1rt\u00f3k?<\/b><\/p>\n<p>K\u00edn\u00e1ban sz\u00e9khellyel rendelkez\u0151, szakosodott gy\u00e1rt\u00f3k, amelyek kiv\u00e1l\u00f3 min\u0151s\u00e9g\u0171 alum\u00ednium sz\u00f6gvas profilokat gy\u00e1rtanak k\u00fcl\u00f6nb\u00f6z\u0151 \u00f6tv\u00f6zetek felhaszn\u00e1l\u00e1s\u00e1val.\n<\/p>\n<p><\/p>\n<p><b>2.Why forr\u00e1s K\u00edna alum\u00ednium sz\u00f6g profil gy\u00e1rt\u00f3k?<\/b><\/p>\n<p>K\u00edna versenyk\u00e9pes \u00e1rakat, nagy\u00fczemi termel\u00e9st \u00e9s fejlett extrud\u00e1l\u00e1si technol\u00f3gi\u00e1t k\u00edn\u00e1l, \u00edgy ide\u00e1lis a glob\u00e1lis beszerz\u00e9shez.\n<\/p>\n<p><\/p>\n<p><b>3.What alum\u00ednium sz\u00f6gvas profilokat haszn\u00e1lnak?<\/b><\/p>\n<p>\u00c1ltal\u00e1ban az \u00e9p\u00edt\u0151iparban, a keretez\u00e9sben, a tart\u00f3szerkezetekben, a k\u00f6zleked\u00e9sben \u00e9s a g\u00e9piparban haszn\u00e1lj\u00e1k.\n<\/p>\n<p><\/p>\n<p><b>4.Lehet ezeket a sz\u00f6gprofilokat testre szabni?<\/b><\/p>\n<p>Igen, a gy\u00e1rt\u00f3k egyedi extrud\u00e1l\u00e1si, v\u00e1g\u00e1si, f\u00far\u00e1si \u00e9s befejez\u0151 szolg\u00e1ltat\u00e1sokat k\u00edn\u00e1lnak az egyedi projektig\u00e9nyeknek megfelel\u0151en.\n<\/p>\n<p><\/p>\n<p><b>5.Milyen fel\u00fcleti fel\u00fcletek \u00e1llnak rendelkez\u00e9sre az alum\u00ednium sz\u00f6gvasakhoz?<\/b><\/p>\n<p>A megjelen\u00e9s \u00e9s a tart\u00f3ss\u00e1g fokoz\u00e1sa \u00e9rdek\u00e9ben a k\u00f6z\u00f6s kivitelek k\u00f6z\u00e9 tartozik az elox\u00e1l\u00e1s, a porfest\u00e9s, a csiszolt, a pol\u00edrozott \u00e9s a malmi kivitel.\n<\/p>\n<p><\/p>\n<p><b>6.A k\u00ednai gy\u00e1rt\u00f3k \u00e1ltal haszn\u00e1lt anyagok tan\u00fas\u00edtottak?<\/b><\/p>\n<p>A j\u00f3 h\u00edr\u0171 gy\u00e1rt\u00f3k megfelelnek az ISO, SGS, RoHS \u00e9s m\u00e1s nemzetk\u00f6zi min\u0151s\u00e9gi \u00e9s biztons\u00e1gi szabv\u00e1nyoknak.\n<\/p>\n<p><\/p>\n<p><b>7.T\u00e1mogatj\u00e1k ezek a gy\u00e1rt\u00f3k az OEM szolg\u00e1ltat\u00e1sokat?<\/b><\/p>\n<p>Igen, sok k\u00ednai sz\u00e9khely\u0171 gy\u00e1rt\u00f3 teljes k\u00f6r\u0171 OEM-szolg\u00e1ltat\u00e1st ny\u00fajt, bele\u00e9rtve a szersz\u00e1moz\u00e1st, a m\u00e1rka\u00e9p\u00edt\u00e9st \u00e9s a csomagol\u00e1s testreszab\u00e1s\u00e1t.\n<\/p>\n<p><\/p>\n<p><b>8.Is ez k\u00f6lts\u00e9ghat\u00e9kony import alum\u00ednium sz\u00f6g profilok K\u00edn\u00e1b\u00f3l?<\/b><\/p>\n<p>Igen, a m\u00e9retgazdas\u00e1goss\u00e1g \u00e9s a kiforrott ell\u00e1t\u00e1si l\u00e1ncok miatt a K\u00edn\u00e1b\u00f3l t\u00f6rt\u00e9n\u0151 import gyakran cs\u00f6kkenti a teljes beszerz\u00e9si k\u00f6lts\u00e9get.\n<\/p>\n<p><\/p>","protected":false},"featured_media":7315,"template":"","categories":[67],"class_list":["post-7316","product","type-product","status-publish","has-post-thumbnail","hentry","category-architectural-aluminium-profile"],"meta_box":{"hilight_text_group":{"product_hilight_text":"<li>Direct supply from experienced China aluminum angle bar alloy profile manufacturers<\/li>\r\r\n<li>Competitive pricing with high-quality alloy materials<\/li>\r\r\n<li>Wide range of angle bar sizes, thicknesses, and alloy grades available<\/li>\r\r\n<li>Custom extrusion services for OEM and industrial applications<\/li>\r\r\n<li>Surface finishes include anodized, powder-coated, and mill finish<\/li>\r\r\n<li>High production capacity ensures fast delivery and bulk order support<\/li>\r\r\n<li>Strict quality control and international certification compliance<\/li>","product_chanpin_blog":"<ul>\r\r\n<li><a href=\"https:\/\/sinoextrud.com\/t-slot-v-slot-differences\/\" target=\"_blank\">t slot vs v slot<\/a><\/li>\r\r\n<li><a href=\"https:\/\/sinoextrud.com\/what-is-4040-aluminium-extrud\/\" target=\"_blank\">4040 aluminium extrusion<\/a><\/li>\r\r\n<li><a href=\"https:\/\/sinoextrud.com\/what-is-4040-aluminium-extrud\/\" target=\"_blank\">aluminum extrusions for industrial racks<\/a><\/li>\r\r\n<li><a href=\"https:\/\/sinoextrud.com\/powder-coating-aluminium-process\/\" target=\"_blank\">powder coating aluminium<\/a><\/li>\r\r\n<li><a href=\"https:\/\/sinoextrud.com\/what-is-an-aluminium-strip-ceiling\/\" target=\"_blank\">aluminium strip ceiling<\/a><\/li>\r\r\n<li><a href=\"https:\/\/sinoextrud.com\/what-is-a-heat-sink\/\" target=\"_blank\">what is a heat sink<\/a><\/li>\r\r\n<\/ul>","product_chanpin_chanpin":"<li><a href=\"https:\/\/sinoextrud.com\/product\/aluminium-profile-for-wardrobe-sliding-door-frame\/\" target=\"_blank\">Aluminium Profile For Wardrobe Sliding Door Frame<\/a><\/li>\r\n<li><a href=\"https:\/\/sinoextrud.com\/product\/aluminium-profile-frame-for-fly-screen\/\" target=\"_blank\">Aluminium Profile Frame For Fly Screen<\/a><\/li>\r\n<li><a href=\"https:\/\/sinoextrud.com\/product\/aluminum-profile-for-tent\/\" target=\"_blank\">Aluminum profile for tent<\/a><\/li>\r\n<li><a href=\"https:\/\/sinoextrud.com\/product\/aluminium-profile-quarter-round-bar\/\" target=\"_blank\">Aluminium Profile Quarter Round Bar<\/a><\/li>\r\n<li><a href=\"https:\/\/sinoextrud.com\/product\/china-aluminum-angle-bar-alloy-profile\/\" target=\"_blank\">China Aluminum Angle Bar Alloy Profile<\/a><\/li>\r\n<li><a href=\"https:\/\/sinoextrud.com\/product\/aluminium-profile-structure\/\" target=\"_blank\">Aluminium Profile Structure<\/a><\/li>\r\n<li><a href=\"https:\/\/sinoextrud.com\/product\/cabinet-aluminum-profile\/\" target=\"_blank\">Cabinet Aluminum Profile<\/a><\/li>\r\n<li><a href=\"https:\/\/sinoextrud.com\/product\/square-aluminum-tubing-with-anodized-mill-finish-polishing-treatment\/\" target=\"_blank\">Square Aluminum Tubing With Anodized Mill Finish Polishing Treatment<\/a><\/li>\r\n<li><a href=\"https:\/\/sinoextrud.com\/product\/roller-blind-aluminium-profiles\/\" target=\"_blank\">Roller blind aluminium profiles<\/a><\/li>\r\n<li><a href=\"https:\/\/sinoextrud.com\/product\/extruded-aluminum-housing\/\" target=\"_blank\">Extruded Aluminum Housing<\/a><\/li>\r\n<li><a href=\"https:\/\/sinoextrud.com\/product\/aluminum-rectangular-extrusion\/\" target=\"_blank\">Aluminum Rectangular Extrusion<\/a><\/li>"},"feature_list":[]},"_links":{"self":[{"href":"https:\/\/sinoextrud.com\/hu\/wp-json\/wp\/v2\/product\/7316","targetHints":{"allow":["GET"]}}],"collection":[{"href":"https:\/\/sinoextrud.com\/hu\/wp-json\/wp\/v2\/product"}],"about":[{"href":"https:\/\/sinoextrud.com\/hu\/wp-json\/wp\/v2\/types\/product"}],"wp:featuredmedia":[{"embeddable":true,"href":"https:\/\/sinoextrud.com\/hu\/wp-json\/wp\/v2\/media\/7315"}],"wp:attachment":[{"href":"https:\/\/sinoextrud.com\/hu\/wp-json\/wp\/v2\/media?parent=7316"}],"wp:term":[{"taxonomy":"category","embeddable":true,"href":"https:\/\/sinoextrud.com\/hu\/wp-json\/wp\/v2\/categories?post=7316"}],"curies":[{"name":"wp","href":"https:\/\/api.w.org\/{rel}","templated":true}]}}