{"id":7308,"date":"2025-06-07T02:47:48","date_gmt":"2025-06-07T02:47:48","guid":{"rendered":"https:\/\/sinoextrud.com\/product\/aluminium-profile-for-wardrobe-sliding-door-frame\/"},"modified":"2025-06-24T06:12:29","modified_gmt":"2025-06-24T06:12:29","slug":"aluminium-profil-szekreny-toloajto-kerethez","status":"publish","type":"product","link":"https:\/\/sinoextrud.com\/hu\/product\/aluminium-profile-for-wardrobe-sliding-door-frame\/","title":{"rendered":"Alum\u00ednium profil szekr\u00e9ny tol\u00f3ajt\u00f3 kerethez"},"content":{"rendered":"<h2>Term\u00e9kek r\u00e9szletei<\/h2>\n<table class=\"custom-table\">\n<tbody>\n<tr>\n<td> T\u00e9tel:<\/td>\n<td> Alum\u00ednium profil szekr\u00e9ny tol\u00f3ajt\u00f3 kerethez<\/td>\n<\/tr>\n<tr>\n<td> Alkalmaz\u00e1s:<\/td>\n<td> szekr\u00e9ny tol\u00f3ajt\u00f3 keret<\/td>\n<\/tr>\n<tr>\n<td> Oszt\u00e1ly:<\/td>\n<td> 6000-es sorozat<\/td>\n<\/tr>\n<tr>\n<td> Technika:<\/td>\n<td> Extrud\u00e1lt<\/td>\n<\/tr>\n<tr>\n<td> Lelkiismeretesen:<\/td>\n<td> T3 - T8<\/td>\n<\/tr>\n<tr>\n<td> M\u00e9ret:<\/td>\n<td> Testreszabott<\/td>\n<\/tr>\n<tr>\n<td> Min\u0151s\u00e9gellen\u0151rz\u00e9s:<\/td>\n<td> 100% Sz\u00e1ll\u00edt\u00e1s el\u0151tti ellen\u0151rz\u00e9s<\/td>\n<\/tr>\n<tr>\n<td> Gy\u00e1ri helysz\u00edn:<\/td>\n<td> Foshan, K\u00edna<\/td>\n<\/tr>\n<tr>\n<td> Specifik\u00e1ci\u00f3:<\/td>\n<td> RoHS<\/td>\n<\/tr>\n<tr>\n<td> T\u00edpus:<\/td>\n<td> Alum\u00ednium profilok<\/td>\n<\/tr>\n<tr>\n<td> \u00f6tv\u00f6zet:<\/td>\n<td> \u00d6tv\u00f6zet<\/td>\n<\/tr>\n<tr>\n<td> Tan\u00fas\u00edt\u00e1s:<\/td>\n<td> GB\/T<\/td>\n<\/tr>\n<tr>\n<td> Szolg\u00e1ltat\u00e1s:<\/td>\n<td> OEM\/ODM<\/td>\n<\/tr>\n<tr>\n<td> Sz\u00e1ll\u00edt\u00e1si hat\u00e1rid\u0151:<\/td>\n<td> 7-25 munkanap (az \u00d6n mennyis\u00e9ge szerint)<\/td>\n<\/tr>\n<tr>\n<td> Csomagol\u00e1s r\u00e9szletesen:<\/td>\n<td> Szabv\u00e1nyos exportcsomagol\u00e1s<\/td>\n<\/tr>\n<tr>\n<td> V\u00e9djegy:<\/td>\n<td> Sinoextrud (Sinoextrud) \/ OEM<\/td>\n<\/tr>\n<\/tbody>\n<\/table>\n<h2>Gy\u00e1rt\u00f3 b\u00e1zisunk<\/h2>\n<h3>Gy\u00e1ri panor\u00e1ma<\/h3>\n<p><img decoding=\"async\" src=\"\/wp-content\/uploads\/factory-01.webp\"\/><\/p>\n<h3>Alum\u00ednium r\u00fadgy\u00e1rt\u00f3 m\u0171hely<\/h3>\n<p><img decoding=\"async\" src=\"\/wp-content\/uploads\/factory-02.webp\"\/><\/p>\n<p><img decoding=\"async\" src=\"\/wp-content\/uploads\/factory-03.webp\"\/><\/p>\n<h3>Pen\u00e9sz rakt\u00e1r<\/h3>\n<p><img decoding=\"async\" src=\"\/wp-content\/uploads\/factory-04.webp\"\/><\/p>\n<h3>43 alum\u00ednium extrud\u00e1l\u00f3 vonal (500-5500 tonna)<\/h3>\n<p><img decoding=\"async\" src=\"\/wp-content\/uploads\/factory-05.webp\"\/><\/p>\n<p><img decoding=\"async\" src=\"\/wp-content\/uploads\/factory-06.webp\"\/><\/p>\n<p><img decoding=\"async\" src=\"\/wp-content\/uploads\/factory-07.webp\"\/><\/p>\n<h3>Porfest\u0151 m\u0171hely<\/h3>\n<p><img decoding=\"async\" src=\"\/wp-content\/uploads\/factory-09.webp\"\/><\/p>\n<h3>Anodiz\u00e1l\u00f3 m\u0171hely<\/h3>\n<p><img decoding=\"async\" src=\"\/wp-content\/uploads\/factory-10.webp\"\/><\/p>\n<h3>M\u00e9ly feldolgoz\u00e1si m\u0171hely<\/h3>\n<p><img decoding=\"async\" src=\"\/wp-content\/uploads\/factory-11.webp\"\/><\/p>\n<h3>CNC prec\u00edzi\u00f3s megmunk\u00e1l\u00f3 m\u0171hely<\/h3>\n<p><img decoding=\"async\" src=\"\/wp-content\/uploads\/factory-11.5.webp\"\/><\/p>\n<h3>K\u00e9szterm\u00e9k \u00e9s export rakt\u00e1r<\/h3>\n<p><img decoding=\"async\" src=\"\/wp-content\/uploads\/factory-12.webp\"\/><\/p>\n<p><img decoding=\"async\" src=\"\/wp-content\/uploads\/factory-13.webp\"\/><\/p>\n<p><img decoding=\"async\" src=\"\/wp-content\/uploads\/factory-14.webp\"\/><\/p>\n<h2>GYIK<\/h2>\n<p><p><b>1.Mi az alum\u00ednium profil a szekr\u00e9ny tol\u00f3ajt\u00f3kerethez?<\/b><\/p>\n<p>Ez egy speci\u00e1lisan tervezett alum\u00ednium extrud\u00e1lt anyag, amelyet a tol\u00f3szekr\u00e9nyajt\u00f3k szerkezeti v\u00e1zak\u00e9nt haszn\u00e1lnak, \u00e9s amely szil\u00e1rds\u00e1got \u00e9s eleg\u00e1ns megjelen\u00e9st biztos\u00edt.<br \/>\n<\/p><br \/>\n<br \/>\n<p><b>2.Mi\u00e9rt haszn\u00e1ljunk alum\u00ednium profilokat tol\u00f3szekr\u00e9nyajt\u00f3khoz?<\/b><\/p>\n<p>Az alum\u00edniumprofilok k\u00f6nny\u0171ek, tart\u00f3sak \u00e9s korr\u00f3zi\u00f3\u00e1ll\u00f3ak, \u00edgy ide\u00e1lisak a sima, hossz\u00fa \u00e9lettartam\u00fa szekr\u00e9nyajt\u00f3khoz.<br \/>\n<\/p><br \/>\n<br \/>\n<p><b>3.Can alum\u00ednium szekr\u00e9ny ajt\u00f3 profilok testre szabhat\u00f3?<\/b><\/p>\n<p>Igen, testre szabhat\u00f3k a hossz, a vastags\u00e1g, a fel\u00fcletkezel\u00e9s \u00e9s a sz\u00edn tekintet\u00e9ben, hogy megfeleljenek a k\u00fcl\u00f6nb\u00f6z\u0151 szekr\u00e9nykialak\u00edt\u00e1soknak \u00e9s preferenci\u00e1knak.<br \/>\n<\/p><br \/>\n<br \/>\n<p><b>4.Az alum\u00ednium tol\u00f3ajt\u00f3keretek kompatibilisek a k\u00fcl\u00f6nb\u00f6z\u0151 panelekkel?<\/b><\/p>\n<p>Ezek a profilok sz\u00e1mos panelt\u00edpust t\u00e1mogatnak, bele\u00e9rtve a f\u00e1t, az \u00fcveget, az akrilt \u00e9s a t\u00fckr\u00f6ket.<br \/>\n<\/p><br \/>\n<br \/>\n<p><b>5.Jav\u00edtj\u00e1k-e az alum\u00ednium szekr\u00e9nyprofilok a cs\u00fasz\u00e1si teljes\u00edtm\u00e9nyt?<\/b><\/p>\n<p>Igen, az alum\u00edniumprofilok prec\u00edzi\u00f3s kialak\u00edt\u00e1sa stabil \u00e9s sima cs\u00fasz\u00e1st biztos\u00edt, jav\u00edtva a felhaszn\u00e1l\u00f3i \u00e9lm\u00e9nyt.<br \/>\n<\/p><br \/>\n<br \/>\n<p><b>6.Tart\u00f3s-e az alum\u00edniumprofilok fel\u00fclete hossz\u00fa t\u00e1v\u00fa haszn\u00e1latra?<\/b><\/p>\n<p>Igen, az elox\u00e1lt vagy porsz\u00f3rt bevonattal ell\u00e1tott alum\u00edniumprofilok meg\u0151rzik megjelen\u00e9s\u00fcket \u00e9s id\u0151vel ellen\u00e1llnak a kop\u00e1snak.<br \/>\n<\/p><br \/>\n<br \/>\n<p><b>7.K\u00f6nny\u0171-e az alum\u00ednium szekr\u00e9nyajt\u00f3keretek beszerel\u00e9se?<\/b><\/p>\n<p>Igen, ezeket a profilokat k\u00f6nny\u0171 \u00f6sszeszerel\u00e9sre tervezt\u00e9k, \u00e9s a szok\u00e1sos hardverekkel \u00e9s szersz\u00e1mokkal hat\u00e9konyan felszerelhet\u0151k.<br \/>\n<\/p><br \/><\/p>","protected":false},"featured_media":7307,"template":"","categories":[67],"class_list":["post-7308","product","type-product","status-publish","has-post-thumbnail","hentry","category-architectural-aluminium-profile"],"meta_box":{"hilight_text_group":{"product_hilight_text":"<li>High-quality aluminum ensures lightweight yet strong door framing<\/li>\r\r\n<li>Sleek profile design enhances the modern look of wardrobes<\/li>\r\r\n<li>Corrosion-resistant finish ensures long-term durability<\/li>\r\r\n<li>Compatible with various panel materials like glass, wood, or mirror<\/li>\r\r\n<li>Smooth sliding performance with precision engineering<\/li>\r\r\n<li>Customizable sizes and finishes to match different interior styles<\/li>","product_chanpin_blog":"<ul>\r\r\n<li><a href=\"https:\/\/sinoextrud.com\/t-slot-v-slot-differences\/\" target=\"_blank\">t slot vs v slot<\/a><\/li>\r\r\n<li><a href=\"https:\/\/sinoextrud.com\/what-is-4040-aluminium-extrud\/\" target=\"_blank\">4040 aluminium extrusion<\/a><\/li>\r\r\n<li><a href=\"https:\/\/sinoextrud.com\/what-is-4040-aluminium-extrud\/\" target=\"_blank\">aluminum extrusions for industrial racks<\/a><\/li>\r\r\n<li><a href=\"https:\/\/sinoextrud.com\/powder-coating-aluminium-process\/\" target=\"_blank\">powder coating aluminium<\/a><\/li>\r\r\n<li><a href=\"https:\/\/sinoextrud.com\/what-is-an-aluminium-strip-ceiling\/\" target=\"_blank\">aluminium strip ceiling<\/a><\/li>\r\r\n<li><a href=\"https:\/\/sinoextrud.com\/what-is-a-heat-sink\/\" target=\"_blank\">what is a heat sink<\/a><\/li>\r\r\n<\/ul>","product_chanpin_chanpin":"<li><a href=\"https:\/\/sinoextrud.com\/product\/aluminum-price-per-pound\/\" target=\"_blank\">Aluminum Price Per Pound<\/a><\/li>\r\n<li><a href=\"https:\/\/sinoextrud.com\/product\/aluminum-profile-extrusion-of-heatsink-sections-for-sale\/\" target=\"_blank\">Aluminum Profile Extrusion Of Heatsink Sections For Sale<\/a><\/li>\r\n<li><a href=\"https:\/\/sinoextrud.com\/product\/customized-ome-aluminium-profile-extruded-with-the-anodized-black-champage-silver-white-and-blasted-treatment\/\" target=\"_blank\">Customized OME Aluminium Profile Extruded With The Anodized Black Champage Silver White And Blasted Treatment<\/a><\/li>\r\n<li><a href=\"https:\/\/sinoextrud.com\/product\/aluminum-profile-windows-and-door-powder-coated-sliding-way\/\" target=\"_blank\">aluminum profile windows and door powder coated sliding way<\/a><\/li>\r\n<li><a href=\"https:\/\/sinoextrud.com\/product\/aluminium-profile-for-wardrobe-sliding-door-frame\/\" target=\"_blank\">Aluminium Profile For Wardrobe Sliding Door Frame<\/a><\/li>\r\n<li><a href=\"https:\/\/sinoextrud.com\/product\/aluminium-profile-frame-for-fly-screen\/\" target=\"_blank\">Aluminium Profile Frame For Fly Screen<\/a><\/li>\r\n<li><a href=\"https:\/\/sinoextrud.com\/product\/aluminum-profile-for-tent\/\" target=\"_blank\">Aluminum profile for tent<\/a><\/li>\r\n<li><a href=\"https:\/\/sinoextrud.com\/product\/aluminium-profile-quarter-round-bar\/\" target=\"_blank\">Aluminium Profile Quarter Round Bar<\/a><\/li>\r\n<li><a href=\"https:\/\/sinoextrud.com\/product\/china-aluminum-angle-bar-alloy-profile\/\" target=\"_blank\">China Aluminum Angle Bar Alloy Profile<\/a><\/li>\r\n<li><a href=\"https:\/\/sinoextrud.com\/product\/6063-slotted-aluminum-bar-extrusion-profiles\/\" target=\"_blank\">6063 Slotted Aluminum Bar Extrusion Profiles<\/a><\/li>\r\n<li><a href=\"https:\/\/sinoextrud.com\/product\/aluminum-extrusion-standards\/\" target=\"_blank\">Aluminum Extrusion Standards<\/a><\/li>"},"feature_list":[]},"_links":{"self":[{"href":"https:\/\/sinoextrud.com\/hu\/wp-json\/wp\/v2\/product\/7308","targetHints":{"allow":["GET"]}}],"collection":[{"href":"https:\/\/sinoextrud.com\/hu\/wp-json\/wp\/v2\/product"}],"about":[{"href":"https:\/\/sinoextrud.com\/hu\/wp-json\/wp\/v2\/types\/product"}],"wp:featuredmedia":[{"embeddable":true,"href":"https:\/\/sinoextrud.com\/hu\/wp-json\/wp\/v2\/media\/7307"}],"wp:attachment":[{"href":"https:\/\/sinoextrud.com\/hu\/wp-json\/wp\/v2\/media?parent=7308"}],"wp:term":[{"taxonomy":"category","embeddable":true,"href":"https:\/\/sinoextrud.com\/hu\/wp-json\/wp\/v2\/categories?post=7308"}],"curies":[{"name":"wp","href":"https:\/\/api.w.org\/{rel}","templated":true}]}}