{"id":7302,"date":"2025-06-07T02:32:46","date_gmt":"2025-06-07T02:32:46","guid":{"rendered":"https:\/\/sinoextrud.com\/product\/aluminum-profile-extrusion-of-heatsink-sections-for-sale\/"},"modified":"2025-06-24T06:12:28","modified_gmt":"2025-06-24T06:12:28","slug":"aluminium-profil-extrudalas-hutoborda-szakaszok-elado","status":"publish","type":"product","link":"https:\/\/sinoextrud.com\/hu\/product\/aluminum-profile-extrusion-of-heatsink-sections-for-sale\/","title":{"rendered":"Alum\u00ednium profil extrud\u00e1l\u00e1s h\u0171t\u0151borda szakaszok elad\u00f3"},"content":{"rendered":"<h2>Term\u00e9kek r\u00e9szletei<\/h2>\n<table class=\"custom-table\">\n<tbody>\n<tr>\n<td> T\u00e9tel:<\/td>\n<td> Alum\u00ednium profil extrud\u00e1lt h\u0171t\u0151borda szakaszok elad\u00f3<\/td>\n<\/tr>\n<tr>\n<td> Anyag:<\/td>\n<td> 100% alum\u00ednium profil \u00f6tv\u00f6zet: 6063-T5, 6061-T6, 6463-T5, 7075-T6, 6082, 5052, 2024, 7005, 6013, 7020 stb.<\/td>\n<\/tr>\n<tr>\n<td> M\u00e1rka:<\/td>\n<td> Sinoextrud alum\u00ednium\/Sinoextrud alum\u00ednium profilok <\/td>\n<\/tr>\n<tr>\n<td> M\u00e9ret:<\/td>\n<td> 1m-9mvagy testreszabott m\u00e9ret<\/td>\n<\/tr>\n<tr>\n<td> Alkalmaz\u00e1s<\/td>\n<td> B\u00fatorok, ablakok \u00e9s ajt\u00f3k, dekor\u00e1ci\u00f3k, ipar, \u00e9p\u00edt\u0151ipar stb.<\/td>\n<\/tr>\n<tr>\n<td> Sz\u00ednek:<\/td>\n<td> Elox\u00e1lt, facsiszolt, porsz\u00f3rt, elox\u00e1lt pol\u00edrozott \u00e9s csiszolt, elektrofor\u00e9zis, flurokarbon porsz\u00f3rt stb.<\/td>\n<\/tr>\n<tr>\n<td> MOQ:<\/td>\n<td> 200KG minden profilra<\/td>\n<\/tr>\n<tr>\n<td> OEMszerviz<\/td>\n<td> a megrendel\u0151 \u00e1ltal tervezett rajzok vagy mint\u00e1k alapj\u00e1n<\/td>\n<\/tr>\n<tr>\n<td> Certificationavailable<\/td>\n<td> ISO: 9001, SONCAP, BVC-tan\u00fas\u00edtv\u00e1ny vagy \u00fcgyf\u00e9ltan\u00fas\u00edtv\u00e1ny el\u00e9rhet\u0151<\/td>\n<\/tr>\n<tr>\n<td> Fizet\u00e9si felt\u00e9telek:<\/td>\n<td> T\/T, 30%downpayment, m\u00edg a fennmarad\u00f3 \u00f6sszeget a sz\u00e1ll\u00edt\u00e1s el\u0151tt kell kifizetni.<\/td>\n<\/tr>\n<tr>\n<td> Settlementterm:<\/td>\n<td> A v\u00e9gs\u0151 kifizet\u00e9s alapja a v\u00e9gleges t\u00e9nyleges fizikai m\u00e9rlegel\u00e9s.<\/td>\n<\/tr>\n<tr>\n<td> Termel\u00e9si garancia<\/td>\n<td> A Surfacecolor belt\u00e9ri haszn\u00e1lat eset\u00e9n 10 ~ 20 \u00e9vig k\u00e9pes fenntartani.<\/td>\n<\/tr>\n<tr>\n<td> Kik\u00f6t\u0151:<\/td>\n<td> FOBShenzhen, Guangzhou,<\/td>\n<\/tr>\n<\/tbody>\n<\/table>\n<h2>Gy\u00e1rt\u00f3 b\u00e1zisunk<\/h2>\n<h3>Gy\u00e1ri panor\u00e1ma<\/h3>\n<p><img decoding=\"async\" src=\"\/wp-content\/uploads\/factory-01.webp\"\/><\/p>\n<h3>Alum\u00ednium r\u00fadgy\u00e1rt\u00f3 m\u0171hely<\/h3>\n<p><img decoding=\"async\" src=\"\/wp-content\/uploads\/factory-02.webp\"\/><\/p>\n<\/p>\n<p><img decoding=\"async\" src=\"\/wp-content\/uploads\/factory-03.webp\"\/><\/p>\n<h3>Pen\u00e9sz rakt\u00e1r<\/h3>\n<p><img decoding=\"async\" src=\"\/wp-content\/uploads\/factory-04.webp\"\/><\/p>\n<h3>43 alum\u00ednium extrud\u00e1l\u00f3 vonal (500-5500 tonna)<\/h3>\n<p><img decoding=\"async\" src=\"\/wp-content\/uploads\/factory-05.webp\"\/><\/p>\n<p><img decoding=\"async\" src=\"\/wp-content\/uploads\/factory-06.webp\"\/><\/p>\n<p><img decoding=\"async\" src=\"\/wp-content\/uploads\/factory-07.webp\"\/><\/p>\n<h3>Porfest\u0151 m\u0171hely<\/h3>\n<p><img decoding=\"async\" src=\"\/wp-content\/uploads\/factory-09.webp\"\/><\/p>\n<h3>Anodiz\u00e1l\u00f3 m\u0171hely<\/h3>\n<p><img decoding=\"async\" src=\"\/wp-content\/uploads\/factory-10.webp\"\/><\/p>\n<h3>M\u00e9ly feldolgoz\u00e1si m\u0171hely<\/h3>\n<p><img decoding=\"async\" src=\"\/wp-content\/uploads\/factory-11.webp\"\/><\/p>\n<h3>CNC prec\u00edzi\u00f3s megmunk\u00e1l\u00f3 m\u0171hely<\/h3>\n<p><img decoding=\"async\" src=\"\/wp-content\/uploads\/factory-11.5.webp\"\/><\/p>\n<h3>K\u00e9szterm\u00e9k \u00e9s export rakt\u00e1r<\/h3>\n<p><img decoding=\"async\" src=\"\/wp-content\/uploads\/factory-12.webp\"\/><\/p>\n<p><img decoding=\"async\" src=\"\/wp-content\/uploads\/factory-13.webp\"\/><\/p>\n<p><img decoding=\"async\" src=\"\/wp-content\/uploads\/factory-14.webp\"\/><\/p>\n<h2>GYIK<\/h2>\n<p><b>1.Mi az alum\u00ednium profil extrud\u00e1l\u00e1sa h\u0171t\u0151borda szakaszok?<\/b><\/p>\n<p>Az elektronikus \u00e9s mechanikus alkatr\u00e9szek h\u0151elvezet\u00e9s\u00e9re tervezett, speci\u00e1lis h\u0171t\u0151borda-profilokba extrud\u00e1lt alum\u00edniumra utal.\n<\/p>\n<p><\/p>\n<p><b>2.Mi\u00e9rt haszn\u00e1ljon alum\u00edniumot a h\u0171t\u0151bord\u00e1k extrud\u00e1l\u00e1s\u00e1hoz?<\/b><\/p>\n<p>Az alum\u00ednium kiv\u00e1l\u00f3 h\u0151vezet\u0151 k\u00e9pess\u00e9ggel rendelkezik, k\u00f6nny\u0171 \u00e9s k\u00f6nnyen megmunk\u00e1lhat\u00f3, \u00edgy ide\u00e1lis h\u0171t\u0151bord\u00e1khoz.\n<\/p>\n<p><\/p>\n<p><b>3.Ezek a h\u0171t\u0151bordaprofilok alkalmasak-e nagy teljes\u00edtm\u00e9ny\u0171 eszk\u00f6z\u00f6kh\u00f6z?<\/b><\/p>\n<p>Igen, az alum\u00ednium extrud\u00e1l\u00e1sokat \u00fagy tervezt\u00e9k, hogy a LED-es vil\u00e1g\u00edt\u00e1s, a teljes\u00edtm\u00e9nyelektronika \u00e9s az ipari berendez\u00e9sek h\u0151elvezet\u00e9s\u00e9t kezelj\u00e9k.\n<\/p>\n<p><\/p>\n<p><b>4.A h\u0171t\u0151borda profilok testre szabhat\u00f3k?<\/b><\/p>\n<p>Term\u00e9szetesen a h\u0171t\u0151bord\u00e1k a h\u0171t\u00e9si k\u00f6vetelm\u00e9nyek alapj\u00e1n testre szabhat\u00f3k a lamellaszerkezet, a m\u00e9retek \u00e9s a fel\u00fcletkezel\u00e9s tekintet\u00e9ben.\n<\/p>\n<p><\/p>\n<p><b>5.Az alum\u00ednium h\u0171t\u0151borda profilok ellen\u00e1llnak a korr\u00f3zi\u00f3nak?<\/b><\/p>\n<p>Igen, az elox\u00e1lt vagy porsz\u00f3rt fel\u00fcletek fokozz\u00e1k a korr\u00f3zi\u00f3\u00e1ll\u00f3s\u00e1got, biztos\u00edtva a tart\u00f3ss\u00e1got a zord k\u00f6rnyezetben.\n<\/p>\n<p><\/p>\n<p><b>6.Milyen ipar\u00e1gak haszn\u00e1lj\u00e1k az alum\u00ednium h\u0171t\u0151bord\u00e1kat?<\/b><\/p>\n<p>Ezeket az elektronikai, aut\u00f3ipari, t\u00e1vk\u00f6zl\u00e9si, LED-es vil\u00e1g\u00edt\u00e1si \u00e9s ipari automatiz\u00e1l\u00e1si \u00e1gazatokban haszn\u00e1lj\u00e1k.\n<\/p>\n<p><\/p>\n<p><b>7.Van-e minim\u00e1lis rendel\u00e9si mennyis\u00e9g a h\u0171t\u0151borda profilok \u00e9rt\u00e9kes\u00edt\u00e9s\u00e9re?<\/b><\/p>\n<p>Sok besz\u00e1ll\u00edt\u00f3 rugalmas MOQ-kat k\u00edn\u00e1l, \u00e9s a t\u00f6meges v\u00e1s\u00e1rl\u00e1sok gyakran versenyk\u00e9pes \u00e1rakat k\u00edn\u00e1lnak.\n<\/p>\n<p><\/p>\n<p><b>8.Az alum\u00ednium k\u00f6rnyezetbar\u00e1t megold\u00e1s a h\u0171t\u0151bord\u00e1k eset\u00e9ben?<\/b><\/p>\n<p>Igen, az alum\u00ednium 100% \u00fajrahasznos\u00edthat\u00f3, \u00e9s t\u00e1mogatja a fenntarthat\u00f3 term\u00e9kfejleszt\u00e9st a h\u0151kezel\u0151 rendszerekben.\n<\/p>\n<p><\/p>","protected":false},"featured_media":7301,"template":"","categories":[67],"class_list":["post-7302","product","type-product","status-publish","has-post-thumbnail","hentry","category-architectural-aluminium-profile"],"meta_box":{"hilight_text_group":{"product_hilight_text":"<li>High thermal conductivity aluminum for efficient heat dissipation<\/li>\r\r\n<li>Precision-extruded profiles ensure consistent performance<\/li>\r\r\n<li>Lightweight yet strong material for various electronics applications<\/li>\r\r\n<li>Available in standard and custom heatsink designs<\/li>\r\r\n<li>Corrosion-resistant surface ideal for long-term use<\/li>\r\r\n<li>Cost-effective cooling solution for industrial and consumer devices<\/li>\r\r\n<li>Supports OEM\/ODM orders for customized thermal management<\/li>","product_chanpin_blog":"<ul>\r\r\n<li><a href=\"https:\/\/sinoextrud.com\/t-slot-v-slot-differences\/\" target=\"_blank\">t slot vs v slot<\/a><\/li>\r\r\n<li><a href=\"https:\/\/sinoextrud.com\/what-is-4040-aluminium-extrud\/\" target=\"_blank\">4040 aluminium extrusion<\/a><\/li>\r\r\n<li><a href=\"https:\/\/sinoextrud.com\/what-is-4040-aluminium-extrud\/\" target=\"_blank\">aluminum extrusions for industrial racks<\/a><\/li>\r\r\n<li><a href=\"https:\/\/sinoextrud.com\/powder-coating-aluminium-process\/\" target=\"_blank\">powder coating aluminium<\/a><\/li>\r\r\n<li><a href=\"https:\/\/sinoextrud.com\/what-is-an-aluminium-strip-ceiling\/\" target=\"_blank\">aluminium strip ceiling<\/a><\/li>\r\r\n<li><a href=\"https:\/\/sinoextrud.com\/what-is-a-heat-sink\/\" target=\"_blank\">what is a heat sink<\/a><\/li>\r\r\n<\/ul>","product_chanpin_chanpin":"<li><a href=\"https:\/\/sinoextrud.com\/product\/powder-coating-aluminium-roller-shutter-profile\/\" target=\"_blank\">Powder Coating Aluminium Roller shutter Profile<\/a><\/li>\r\n<li><a href=\"https:\/\/sinoextrud.com\/product\/aluminium-furniture\/\" target=\"_blank\">Aluminium Furniture<\/a><\/li>\r\n<li><a href=\"https:\/\/sinoextrud.com\/product\/aluminium-glass-fitting-channel\/\" target=\"_blank\">Aluminium Glass Fitting Channel<\/a><\/li>\r\n<li><a href=\"https:\/\/sinoextrud.com\/product\/aluminum-price-per-pound\/\" target=\"_blank\">Aluminum Price Per Pound<\/a><\/li>\r\n<li><a href=\"https:\/\/sinoextrud.com\/product\/aluminum-profile-extrusion-of-heatsink-sections-for-sale\/\" target=\"_blank\">Aluminum Profile Extrusion Of Heatsink Sections For Sale<\/a><\/li>\r\n<li><a href=\"https:\/\/sinoextrud.com\/product\/customized-ome-aluminium-profile-extruded-with-the-anodized-black-champage-silver-white-and-blasted-treatment\/\" target=\"_blank\">Customized OME Aluminium Profile Extruded With The Anodized Black Champage Silver White And Blasted Treatment<\/a><\/li>\r\n<li><a href=\"https:\/\/sinoextrud.com\/product\/aluminum-profile-windows-and-door-powder-coated-sliding-way\/\" target=\"_blank\">aluminum profile windows and door powder coated sliding way<\/a><\/li>\r\n<li><a href=\"https:\/\/sinoextrud.com\/product\/aluminium-profile-for-wardrobe-sliding-door-frame\/\" target=\"_blank\">Aluminium Profile For Wardrobe Sliding Door Frame<\/a><\/li>\r\n<li><a href=\"https:\/\/sinoextrud.com\/product\/aluminium-profile-frame-for-fly-screen\/\" target=\"_blank\">Aluminium Profile Frame For Fly Screen<\/a><\/li>\r\n<li><a href=\"https:\/\/sinoextrud.com\/product\/large-scale-industrial-aluminum-profile\/\" target=\"_blank\">Large Scale Industrial Aluminum Profile<\/a><\/li>\r\n<li><a href=\"https:\/\/sinoextrud.com\/product\/aluminum-handle-profile\/\" target=\"_blank\">Aluminum Handle Profile<\/a><\/li>"},"feature_list":[]},"_links":{"self":[{"href":"https:\/\/sinoextrud.com\/hu\/wp-json\/wp\/v2\/product\/7302","targetHints":{"allow":["GET"]}}],"collection":[{"href":"https:\/\/sinoextrud.com\/hu\/wp-json\/wp\/v2\/product"}],"about":[{"href":"https:\/\/sinoextrud.com\/hu\/wp-json\/wp\/v2\/types\/product"}],"wp:featuredmedia":[{"embeddable":true,"href":"https:\/\/sinoextrud.com\/hu\/wp-json\/wp\/v2\/media\/7301"}],"wp:attachment":[{"href":"https:\/\/sinoextrud.com\/hu\/wp-json\/wp\/v2\/media?parent=7302"}],"wp:term":[{"taxonomy":"category","embeddable":true,"href":"https:\/\/sinoextrud.com\/hu\/wp-json\/wp\/v2\/categories?post=7302"}],"curies":[{"name":"wp","href":"https:\/\/api.w.org\/{rel}","templated":true}]}}