{"id":7300,"date":"2025-06-07T02:30:42","date_gmt":"2025-06-07T02:30:42","guid":{"rendered":"https:\/\/sinoextrud.com\/product\/aluminum-price-per-pound\/"},"modified":"2025-06-24T06:12:28","modified_gmt":"2025-06-24T06:12:28","slug":"aluminium-ara-fontonkent","status":"publish","type":"product","link":"https:\/\/sinoextrud.com\/hu\/product\/aluminum-price-per-pound\/","title":{"rendered":"Alum\u00ednium \u00e1ra fontonk\u00e9nt"},"content":{"rendered":"<h2>Term\u00e9kek r\u00e9szletei<\/h2>\n<table class=\"custom-table\">\n<tbody>\n<tr>\n<td> T\u00e9tel:<\/td>\n<td> Alum\u00ednium \u00e1ra fontonk\u00e9nt<\/td>\n<\/tr>\n<tr>\n<td> Alak:<\/td>\n<td> Custom<\/td>\n<\/tr>\n<tr>\n<td> Lelkiismeretesen:<\/td>\n<td> T3-T8<\/td>\n<\/tr>\n<tr>\n<td> \u00f6tv\u00f6zet:<\/td>\n<td> \u00d6tv\u00f6zet<\/td>\n<\/tr>\n<tr>\n<td> \u00d6tv\u00f6z\u0151 \u00f6sszetev\u0151:<\/td>\n<td> 6063<\/td>\n<\/tr>\n<tr>\n<td> Pol\u00edrozott alum\u00ednium profil:<\/td>\n<td> K\u00e9miai pol\u00edroz\u00e1s<\/td>\n<\/tr>\n<tr>\n<td> Elox\u00e1lt Vastags\u00e1g:<\/td>\n<td> &gt;25um<\/td>\n<\/tr>\n<tr>\n<td> Fel\u00fcletkezel\u00e9s:<\/td>\n<td> Elox\u00e1lt, porsz\u00f3rt, fa szemcs\u00e9s, pol\u00edrozott<\/td>\n<\/tr>\n<tr>\n<td> V\u00e9djegy:<\/td>\n<td> Sinoextrud alum\u00ednium<\/td>\n<\/tr>\n<tr>\n<td> HS-k\u00f3d:<\/td>\n<td> 760421<\/td>\n<\/tr>\n<tr>\n<td> T\u00edpus:<\/td>\n<td> Ablak \u00e9s ajt\u00f3 alum\u00ednium profil, dekor\u00e1ci\u00f3s alum\u00ednium profil, h\u0171t\u0151borda alum\u00ednium profil,<br \/>\n\u00dcvegfal alum\u00ednium profil, K\u00f6zleked\u00e9si alum\u00ednium profil<\/td>\n<\/tr>\n<tr>\n<td> Oszt\u00e1ly:<\/td>\n<td> 6000-es sorozat<\/td>\n<\/tr>\n<tr>\n<td> Fel\u00fcletkezel\u00e9s:<\/td>\n<td> Porsz\u00f3r\u00e1s<\/td>\n<\/tr>\n<tr>\n<td> Tan\u00fas\u00edt\u00e1s:<\/td>\n<td> CE, SONCAP, ISO, CIQ, RoHS, TUV, TUV<\/td>\n<\/tr>\n<tr>\n<td> Porsz\u00f3rtan bevonva Falvastags\u00e1g:<\/td>\n<td> &gt;60um<\/td>\n<\/tr>\n<tr>\n<td> Anyag:<\/td>\n<td> Alum\u00ednium \u00f6tv\u00f6zet<\/td>\n<\/tr>\n<tr>\n<td> Min\u0151s\u00e9gi garancia:<\/td>\n<td> T\u00f6bb mint 10 \u00e9v<\/td>\n<\/tr>\n<tr>\n<td> Sz\u00e1ll\u00edt\u00e1si csomag:<\/td>\n<td> Export Standard csomag<\/td>\n<\/tr>\n<tr>\n<td> Eredet:<\/td>\n<td> Foshan, K\u00edna<\/td>\n<\/tr>\n<\/tbody>\n<\/table>\n<h2>Gy\u00e1rt\u00f3 b\u00e1zisunk<\/h2>\n<h3>Gy\u00e1ri panor\u00e1ma<\/h3>\n<p><img decoding=\"async\" src=\"\/wp-content\/uploads\/factory-01.webp\"\/><\/p>\n<h3>Alum\u00ednium r\u00fadgy\u00e1rt\u00f3 m\u0171hely<\/h3>\n<p><img decoding=\"async\" src=\"\/wp-content\/uploads\/factory-02.webp\"\/><\/p>\n<p><img decoding=\"async\" src=\"\/wp-content\/uploads\/factory-03.webp\"\/><\/p>\n<h3>Pen\u00e9sz rakt\u00e1r<\/h3>\n<p><img decoding=\"async\" src=\"\/wp-content\/uploads\/factory-04.webp\"\/><\/p>\n<h3>43 alum\u00ednium extrud\u00e1l\u00f3 vonal (500-5500 tonna)<\/h3>\n<p><img decoding=\"async\" src=\"\/wp-content\/uploads\/factory-05.webp\"\/><\/p>\n<p><img decoding=\"async\" src=\"\/wp-content\/uploads\/factory-06.webp\"\/><\/p>\n<p><img decoding=\"async\" src=\"\/wp-content\/uploads\/factory-07.webp\"\/><\/p>\n<h3>Porfest\u0151 m\u0171hely<\/h3>\n<p><img decoding=\"async\" src=\"\/wp-content\/uploads\/factory-09.webp\"\/><\/p>\n<h3>Anodiz\u00e1l\u00f3 m\u0171hely<\/h3>\n<p><img decoding=\"async\" src=\"\/wp-content\/uploads\/factory-10.webp\"\/><\/p>\n<h3>M\u00e9ly feldolgoz\u00e1si m\u0171hely<\/h3>\n<p><img decoding=\"async\" src=\"\/wp-content\/uploads\/factory-11.webp\"\/><\/p>\n<h3>CNC prec\u00edzi\u00f3s megmunk\u00e1l\u00f3 m\u0171hely<\/h3>\n<p><img decoding=\"async\" src=\"\/wp-content\/uploads\/factory-11.5.webp\"\/><\/p>\n<h3>K\u00e9szterm\u00e9k \u00e9s export rakt\u00e1r<\/h3>\n<p><img decoding=\"async\" src=\"\/wp-content\/uploads\/factory-12.webp\"\/><\/p>\n<p><img decoding=\"async\" src=\"\/wp-content\/uploads\/factory-13.webp\"\/><\/p>\n<p><img decoding=\"async\" src=\"\/wp-content\/uploads\/factory-14.webp\"\/><\/p>\n<h2>GYIK<\/h2>\n<p><p><b>1.Mit jelent az alum\u00ednium \u00e1ra fontonk\u00e9nt?<\/b><\/p>\n<p>Az alum\u00ednium kil\u00f3nk\u00e9nti \u00e1ra az alum\u00ednium anyag kil\u00f3nk\u00e9nti beszerz\u00e9si k\u00f6lts\u00e9g\u00e9re utal, amelyet \u00e1ltal\u00e1ban kis \u00e9s k\u00f6zepes m\u00e9ret\u0171 megrendel\u00e9sekn\u00e9l haszn\u00e1lnak.<br \/>\n<\/p><br \/>\n<br \/>\n<p><b>2.Mi\u00e9rt \u00e9rdemes alum\u00edniumot fontonk\u00e9nt v\u00e1s\u00e1rolni?<\/b><\/p>\n<p>Rugalmass\u00e1got k\u00edn\u00e1l a kisebb projektek, protot\u00edpusok vagy jav\u00edt\u00e1sok eset\u00e9ben an\u00e9lk\u00fcl, hogy a t\u00f6meges \u00e1rk\u00e9pz\u00e9sre kellene k\u00f6teleznie mag\u00e1t.<br \/>\n<\/p><br \/>\n<br \/>\n<p><b>3. befoly\u00e1solja-e a fontonk\u00e9nti \u00e1rat az alum\u00ednium min\u0151s\u00e9ge?<\/b><\/p>\n<p>Igen, a k\u00fcl\u00f6nb\u00f6z\u0151 alum\u00ednium\u00f6tv\u00f6zetek (pl. 6061, 5052) \u00e1rai a tulajdons\u00e1gaik \u00e9s a piaci kereslet alapj\u00e1n v\u00e1ltoznak.<br \/>\n<\/p><br \/>\n<br \/>\n<p><b>4.Milyen t\u00e9nyez\u0151k befoly\u00e1solj\u00e1k az alum\u00ednium kil\u00f3nk\u00e9nti \u00e1r\u00e1t?<\/b><\/p>\n<p>A piaci kereslet \u00e9s k\u00edn\u00e1lat, a f\u00e9m vil\u00e1gpiaci \u00e1ra, az \u00f6tv\u00f6zet t\u00edpusa \u00e9s a feldolgoz\u00e1si m\u00f3dszerek mind befoly\u00e1solj\u00e1k a fontonk\u00e9nti \u00e1rat.<br \/>\n<\/p><br \/>\n<br \/>\n<p><b>5.Kaphatok mennyis\u00e9gi kedvezm\u00e9nyt, ha fontra v\u00e1s\u00e1rolok alum\u00edniumot?<\/b><\/p>\n<p>Igen, a besz\u00e1ll\u00edt\u00f3k gyakran jobb \u00e1rakat k\u00edn\u00e1lnak a nagyobb s\u00falyalap\u00fa v\u00e1s\u00e1rl\u00e1sok eset\u00e9n, m\u00e9g akkor is, ha az \u00e1r kil\u00f3nk\u00e9nt ker\u00fcl meg\u00e1llap\u00edt\u00e1sra.<br \/>\n<\/p><br \/>\n<br \/>\n<p><b>6.A fontonk\u00e9nt \u00e9rt\u00e9kes\u00edtett alum\u00ednium alkalmas szerkezeti felhaszn\u00e1l\u00e1sra?<\/b><\/p>\n<p>Igen, amennyiben a megfelel\u0151 min\u0151s\u00e9get \u00e9s specifik\u00e1ci\u00f3t v\u00e1lasztj\u00e1k, a kil\u00f3nk\u00e9nt \u00e9rt\u00e9kes\u00edtett alum\u00ednium megfelel a szerkezeti \u00e9s teljes\u00edtm\u00e9nyi el\u0151\u00edr\u00e1soknak.<br \/>\n<\/p><br \/>\n<br \/>\n<p><b>7.Hol haszn\u00e1lj\u00e1k \u00e1ltal\u00e1ban az alum\u00edniumot kil\u00f3nk\u00e9nt?<\/b><\/p>\n<p>Sz\u00e9les k\u00f6rben haszn\u00e1lj\u00e1k bark\u00e1csprojektekben, f\u00e9mipari m\u0171helyekben, kisipari gy\u00e1rt\u00e1sban \u00e9s oktat\u00e1si int\u00e9zm\u00e9nyekben.<br \/>\n<\/p><br \/>\n<br \/>\n<p><b>8.K\u00f6rnyezetbar\u00e1t-e az alum\u00ednium kil\u00f3nk\u00e9nti v\u00e1s\u00e1rl\u00e1sa?<\/b><\/p>\n<p>Igen, az alum\u00ednium 100% \u00fajrahasznos\u00edthat\u00f3, \u00e9s a s\u00faly szerinti v\u00e1s\u00e1rl\u00e1s lehet\u0151v\u00e9 teszi a hat\u00e9konyabb anyagfelhaszn\u00e1l\u00e1st minim\u00e1lis hullad\u00e9kkal.<br \/>\n<\/p><br \/><\/p>","protected":false},"featured_media":7299,"template":"","categories":[67],"class_list":["post-7300","product","type-product","status-publish","has-post-thumbnail","hentry","category-architectural-aluminium-profile"],"meta_box":{"hilight_text_group":{"product_hilight_text":"<li>Competitive aluminum price per pound for flexible purchasing<\/li>\r\r\n<li>Ideal for small-scale manufacturing, prototyping, and repairs<\/li>\r\r\n<li>Accurate weight-based pricing helps control material costs<\/li>\r\r\n<li>Available in various grades and forms including sheets, bars, and tubes<\/li>\r\r\n<li>High-quality aluminum with consistent mechanical properties<\/li>\r\r\n<li>Suitable for industries such as construction, automotive, and aerospace<\/li>\r\r\n<li>Quick delivery and reliable inventory for immediate use<\/li>","product_chanpin_blog":"<ul>\r\r\n<li><a href=\"https:\/\/sinoextrud.com\/t-slot-v-slot-differences\/\" target=\"_blank\">t slot vs v slot<\/a><\/li>\r\r\n<li><a href=\"https:\/\/sinoextrud.com\/what-is-4040-aluminium-extrud\/\" target=\"_blank\">4040 aluminium extrusion<\/a><\/li>\r\r\n<li><a href=\"https:\/\/sinoextrud.com\/what-is-4040-aluminium-extrud\/\" target=\"_blank\">aluminum extrusions for industrial racks<\/a><\/li>\r\r\n<li><a href=\"https:\/\/sinoextrud.com\/powder-coating-aluminium-process\/\" target=\"_blank\">powder coating aluminium<\/a><\/li>\r\r\n<li><a href=\"https:\/\/sinoextrud.com\/what-is-an-aluminium-strip-ceiling\/\" target=\"_blank\">aluminium strip ceiling<\/a><\/li>\r\r\n<li><a href=\"https:\/\/sinoextrud.com\/what-is-a-heat-sink\/\" target=\"_blank\">what is a heat sink<\/a><\/li>\r\r\n<\/ul>","product_chanpin_chanpin":"<li><a href=\"https:\/\/sinoextrud.com\/product\/aluminium-profile-for-window\/\" target=\"_blank\">Aluminium Profile For Window<\/a><\/li>\r\n<li><a href=\"https:\/\/sinoextrud.com\/product\/powder-coating-aluminium-roller-shutter-profile\/\" target=\"_blank\">Powder Coating Aluminium Roller shutter Profile<\/a><\/li>\r\n<li><a href=\"https:\/\/sinoextrud.com\/product\/aluminium-furniture\/\" target=\"_blank\">Aluminium Furniture<\/a><\/li>\r\n<li><a href=\"https:\/\/sinoextrud.com\/product\/aluminium-glass-fitting-channel\/\" target=\"_blank\">Aluminium Glass Fitting Channel<\/a><\/li>\r\n<li><a href=\"https:\/\/sinoextrud.com\/product\/aluminum-price-per-pound\/\" target=\"_blank\">Aluminum Price Per Pound<\/a><\/li>\r\n<li><a href=\"https:\/\/sinoextrud.com\/product\/aluminum-profile-extrusion-of-heatsink-sections-for-sale\/\" target=\"_blank\">Aluminum Profile Extrusion Of Heatsink Sections For Sale<\/a><\/li>\r\n<li><a href=\"https:\/\/sinoextrud.com\/product\/customized-ome-aluminium-profile-extruded-with-the-anodized-black-champage-silver-white-and-blasted-treatment\/\" target=\"_blank\">Customized OME Aluminium Profile Extruded With The Anodized Black Champage Silver White And Blasted Treatment<\/a><\/li>\r\n<li><a href=\"https:\/\/sinoextrud.com\/product\/aluminum-profile-windows-and-door-powder-coated-sliding-way\/\" target=\"_blank\">aluminum profile windows and door powder coated sliding way<\/a><\/li>\r\n<li><a href=\"https:\/\/sinoextrud.com\/product\/aluminium-profile-for-wardrobe-sliding-door-frame\/\" target=\"_blank\">Aluminium Profile For Wardrobe Sliding Door Frame<\/a><\/li>\r\n<li><a href=\"https:\/\/sinoextrud.com\/product\/double-angle-aluminum-extrusion\/\" target=\"_blank\">Double Angle Aluminum Extrusion<\/a><\/li>\r\n<li><a href=\"https:\/\/sinoextrud.com\/product\/h-shaped-aluminum-extrusion\/\" target=\"_blank\">H Shaped Aluminum Extrusion<\/a><\/li>"},"feature_list":[]},"_links":{"self":[{"href":"https:\/\/sinoextrud.com\/hu\/wp-json\/wp\/v2\/product\/7300","targetHints":{"allow":["GET"]}}],"collection":[{"href":"https:\/\/sinoextrud.com\/hu\/wp-json\/wp\/v2\/product"}],"about":[{"href":"https:\/\/sinoextrud.com\/hu\/wp-json\/wp\/v2\/types\/product"}],"wp:featuredmedia":[{"embeddable":true,"href":"https:\/\/sinoextrud.com\/hu\/wp-json\/wp\/v2\/media\/7299"}],"wp:attachment":[{"href":"https:\/\/sinoextrud.com\/hu\/wp-json\/wp\/v2\/media?parent=7300"}],"wp:term":[{"taxonomy":"category","embeddable":true,"href":"https:\/\/sinoextrud.com\/hu\/wp-json\/wp\/v2\/categories?post=7300"}],"curies":[{"name":"wp","href":"https:\/\/api.w.org\/{rel}","templated":true}]}}