{"id":7296,"date":"2025-06-07T02:23:38","date_gmt":"2025-06-07T02:23:38","guid":{"rendered":"https:\/\/sinoextrud.com\/product\/aluminium-furniture\/"},"modified":"2025-06-24T06:12:27","modified_gmt":"2025-06-24T06:12:27","slug":"aluminium-butorok","status":"publish","type":"product","link":"https:\/\/sinoextrud.com\/hu\/product\/aluminium-furniture\/","title":{"rendered":"Alum\u00ednium b\u00fatorok"},"content":{"rendered":"<h2>Term\u00e9kek r\u00e9szletei<\/h2>\n<table class=\"custom-table\">\n<tbody>\n<tr>\n<td> T\u00e9tel<\/td>\n<td> lapos alum\u00ednium b\u00fatorprofil.<\/td>\n<\/tr>\n<tr>\n<td> Anyag<\/td>\n<td> Mint a 6000-es sorozat, 100% \u00f6tv\u00f6zet :6063-T5, 6061-T6, 6463-T5.<\/td>\n<\/tr>\n<tr>\n<td> Temper<\/td>\n<td> T4, T5, T6.<\/td>\n<\/tr>\n<tr>\n<td> Vastags\u00e1g<\/td>\n<td> \u00c1ltal\u00e1nos profilvastags\u00e1g: 0,8 - 5,0 mm;<br \/>\nElox\u00e1lt v\u00e9delem vastags\u00e1ga: 8-25 um;<br \/>\nPorbevonat sz\u00ednvastags\u00e1g: 40 - 120 um.<\/td>\n<\/tr>\n<tr>\n<td> Hossz\u00fas\u00e1g<\/td>\n<td> 3m vagy 6m darabonk\u00e9nt. Egyedi k\u00e9r\u00e9s \u00e1ll rendelkez\u00e9sre.<\/td>\n<\/tr>\n<tr>\n<td> Shape<\/td>\n<td> n\u00e9gyzet, lapos, kerek, \u00fcreges, ov\u00e1lis, h\u00e1romsz\u00f6g, U-profil, L-profil, T-profil,<br \/>\nH-profilok, testreszabottan el\u00e9rhet\u0151.<\/td>\n<\/tr>\n<tr>\n<td> Fel\u00fcletkezel\u00e9s<\/td>\n<td> malom, elox\u00e1lt, porfestett, elektrofor\u00e9zis, faanyag, fa, fa, PVDF fest\u00e9k,<br \/>\npol\u00edrozott, csiszolt.<\/td>\n<\/tr>\n<tr>\n<td> Sz\u00ednes<\/td>\n<td> F\u00e9m ez\u00fcst, pezsg\u0151, fekete, feh\u00e9r, t\u00fck\u00f6r, egyedi k\u00e9r\u00e9sre.<\/td>\n<\/tr>\n<tr>\n<td> Alkalmaz\u00e1s<\/td>\n<td> ablakok \u00e9s ajt\u00f3k, f\u00fcgg\u00f6nyfalak, \u00fcvegfal, b\u00fatorok, mennyezet, konyha, LED szalag,<br \/>\nsz\u00e1ll\u00edt\u00e1s vas\u00fat, j\u00e1rm\u0171vek, motorh\u00e1z, g\u00e9p, s\u00e1tor, napelem. Ipari profil,<br \/>\nDekor\u00e1ci\u00f3s profil,<\/td>\n<\/tr>\n<tr>\n<td> M\u00e9ly folyamat<\/td>\n<td> CNC, f\u00far\u00e1s, mar\u00e1s, v\u00e1g\u00e1s, hegeszt\u00e9s, hajl\u00edt\u00e1s, \u00f6sszeszerel\u00e9s.<\/td>\n<\/tr>\n<tr>\n<td> MOQ<\/td>\n<td> 200 kg minden egyes t\u00e9tel eset\u00e9ben.<\/td>\n<\/tr>\n<tr>\n<td> Termel\u00e9si kapacit\u00e1s<\/td>\n<td> 5000 tonna havonta, 60000 tonna \u00e9vente.<\/td>\n<\/tr>\n<tr>\n<td> M\u00e1rkan\u00e9v<\/td>\n<td> Sinoextrud (Sinoextrud ALUMINIUM).<\/td>\n<\/tr>\n<tr>\n<td> Tan\u00fas\u00edtv\u00e1ny \u00e9s szabv\u00e1ny<\/td>\n<td> 1) ISO9001-2008\/ISO 9001:2008;<br \/>\n2) CQM tan\u00fas\u00edt\u00e1s;<br \/>\n3) SGS, CE, BV, JIS, AS, NZS, QUALICOAT, QUOLANOD rendelkez\u00e9sre \u00e1ll.<\/td>\n<\/tr>\n<tr>\n<td> Garancia<\/td>\n<td> A fel\u00fclet sz\u00edne 10~20 \u00e9vig stabil lehet belt\u00e9ri haszn\u00e1latban.<\/td>\n<\/tr>\n<tr>\n<td> Csomagol\u00e1s r\u00e9szletei<\/td>\n<td> Bel\u00fcl: m\u0171anyag f\u00f3li\u00e1val csomagolva, hogy minden egyes darabot megv\u00e9djen.<\/td>\n<\/tr>\n<tr>\n<td> <\/td>\n<td> K\u00edv\u00fcl: v\u00edz\u00e1ll\u00f3 k\u00e9zm\u0171ves pap\u00edrral vagy EPE-f\u00f3li\u00e1val csomagolva. Testreszabott<br \/>\nk\u00e9r\u00e9s el\u00e9rhet\u0151.<\/td>\n<\/tr>\n<tr>\n<td> \u00c1tfut\u00e1si id\u0151<\/td>\n<td> Szersz\u00e1mfejleszt\u00e9s \u00e9s mintatesztel\u00e9s: 12-15 nap.<\/td>\n<\/tr>\n<tr>\n<td> <\/td>\n<td> T\u00f6meggy\u00e1rt\u00e1s: 20-25 nap.<\/td>\n<\/tr>\n<tr>\n<td> FOB kik\u00f6t\u0151<\/td>\n<td> Shenzhen \/ Guangzhou \/ Foshan.<\/td>\n<\/tr>\n<tr>\n<td> Fizet\u00e9si felt\u00e9telek<\/td>\n<td> T \/ T 30% let\u00e9tbe helyez\u00e9s, egyenleg a sz\u00e1ll\u00edt\u00e1s el\u0151tt.<\/td>\n<\/tr>\n<tr>\n<td> Elsz\u00e1mol\u00e1si felt\u00e9telek<\/td>\n<td> A v\u00e9gs\u0151 t\u00e9nyleges t\u00f6meg vagy az elm\u00e9leti s\u00faly alapj\u00e1n t\u00f6rt\u00e9n\u0151 sz\u00e1ml\u00e1z\u00e1s.<\/td>\n<\/tr>\n<\/tbody>\n<\/table>\n<h2>Gy\u00e1rt\u00f3 b\u00e1zisunk<\/h2>\n<h3>Gy\u00e1ri panor\u00e1ma<\/h3>\n<p><img decoding=\"async\" src=\"\/wp-content\/uploads\/factory-01.webp\"\/><\/p>\n<h3>Alum\u00ednium r\u00fadgy\u00e1rt\u00f3 m\u0171hely<\/h3>\n<p><img decoding=\"async\" src=\"\/wp-content\/uploads\/factory-02.webp\"\/><\/p>\n<p><img decoding=\"async\" src=\"\/wp-content\/uploads\/factory-03.webp\"\/><\/p>\n<h3>Pen\u00e9sz rakt\u00e1r<\/h3>\n<p><img decoding=\"async\" src=\"\/wp-content\/uploads\/factory-04.webp\"\/><\/p>\n<h3>43 alum\u00ednium extrud\u00e1l\u00f3 vonal (500-5500 tonna)<\/h3>\n<p><img decoding=\"async\" src=\"\/wp-content\/uploads\/factory-05.webp\"\/><\/p>\n<p><img decoding=\"async\" src=\"\/wp-content\/uploads\/factory-06.webp\"\/><\/p>\n<p><img decoding=\"async\" src=\"\/wp-content\/uploads\/factory-07.webp\"\/><\/p>\n<h3>Porfest\u0151 m\u0171hely<\/h3>\n<p><img decoding=\"async\" src=\"\/wp-content\/uploads\/factory-09.webp\"\/><\/p>\n<h3>Anodiz\u00e1l\u00f3 m\u0171hely<\/h3>\n<p><img decoding=\"async\" src=\"\/wp-content\/uploads\/factory-10.webp\"\/><\/p>\n<h3>M\u00e9ly feldolgoz\u00e1si m\u0171hely<\/h3>\n<p><img decoding=\"async\" src=\"\/wp-content\/uploads\/factory-11.webp\"\/><\/p>\n<h3>CNC prec\u00edzi\u00f3s megmunk\u00e1l\u00f3 m\u0171hely<\/h3>\n<p><img decoding=\"async\" src=\"\/wp-content\/uploads\/factory-11.5.webp\"\/><\/p>\n<h3>K\u00e9szterm\u00e9k \u00e9s export rakt\u00e1r<\/h3>\n<p><img decoding=\"async\" src=\"\/wp-content\/uploads\/factory-12.webp\"\/><\/p>\n<p><img decoding=\"async\" src=\"\/wp-content\/uploads\/factory-13.webp\"\/><\/p>\n<p><img decoding=\"async\" src=\"\/wp-content\/uploads\/factory-14.webp\"\/><\/p>\n<h2>GYIK<\/h2>\n<p><p><b>1.Mi az alum\u00ednium b\u00fator?<\/b><\/p>\n<p>Az alum\u00ednium b\u00fatorok els\u0151sorban alum\u00edniumb\u00f3l k\u00e9sz\u00fclt b\u00fatorokat jelentenek, amelyek tart\u00f3ss\u00e1got, st\u00edlust \u00e9s sokoldal\u00fas\u00e1got k\u00edn\u00e1lnak a k\u00fcl\u00f6nb\u00f6z\u0151 k\u00f6rnyezetekben.<br \/>\n<\/p><br \/>\n<br \/>\n<p><b>2.Mi\u00e9rt v\u00e1lassza az alum\u00ednium b\u00fatorokat a fa vagy ac\u00e9l helyett?<\/b><\/p>\n<p>Az alum\u00ednium b\u00fatorok k\u00f6nny\u0171ek, rozsdamentesek, alacsony karbantart\u00e1si ig\u00e9ny\u0171ek \u00e9s modernebb megjelen\u00e9s\u0171ek, mint a fa vagy az ac\u00e9l.<br \/>\n<\/p><br \/>\n<br \/>\n<p><b>3.Alkalmasak-e az alum\u00ednium b\u00fatorok k\u00fclt\u00e9ri haszn\u00e1latra?<\/b><\/p>\n<p>Igen, az alum\u00ednium term\u00e9szetes m\u00f3don korr\u00f3zi\u00f3\u00e1ll\u00f3, \u00edgy ide\u00e1lis a terasz-, kerti \u00e9s erk\u00e9lyb\u00fatorokhoz.<br \/>\n<\/p><br \/>\n<br \/>\n<p><b>4.Can alum\u00ednium b\u00fatorok testre szabhat\u00f3?<\/b><\/p>\n<p>Az alum\u00ednium b\u00fatorok m\u00e9rete, kialak\u00edt\u00e1sa, sz\u00edne \u00e9s fel\u00fclete term\u00e9szetesen testre szabhat\u00f3, hogy megfeleljenek a k\u00fcl\u00f6nb\u00f6z\u0151 eszt\u00e9tikai vagy funkcion\u00e1lis ig\u00e9nyeknek.<br \/>\n<\/p><br \/>\n<br \/>\n<p><b>5.Az alum\u00ednium b\u00fatorok sok karbantart\u00e1st ig\u00e9nyelnek?<\/b><\/p>\n<p>Nem, nagyon kev\u00e9s karbantart\u00e1st ig\u00e9nyel - \u00e1ltal\u00e1ban csak id\u0151nk\u00e9nt tiszt\u00edtja v\u00edzzel \u00e9s puha ruh\u00e1val.<br \/>\n<\/p><br \/>\n<br \/>\n<p><b>6.Az alum\u00ednium b\u00fatorok k\u00f6rnyezetbar\u00e1tok?<\/b><\/p>\n<p>Igen, az alum\u00ednium 100% \u00fajrahasznos\u00edthat\u00f3, \u00e9s hozz\u00e1j\u00e1rul a fenntarthat\u00f3, k\u00f6rnyezetbar\u00e1t b\u00fatorgy\u00e1rt\u00e1shoz.<br \/>\n<\/p><br \/>\n<br \/>\n<p><b>7.Milyen kivitelben kaphat\u00f3k az alum\u00ednium b\u00fatorok?<\/b><\/p>\n<p>A gyakori fel\u00fcletkezel\u00e9sek k\u00f6z\u00e9 tartozik az elox\u00e1l\u00e1s, a porfest\u00e9s, a pol\u00edroz\u00e1s \u00e9s az ecsetel\u00e9s, amelyek mind vizu\u00e1lisan vonz\u00f3ak, mind a fel\u00fclet v\u00e9delm\u00e9t biztos\u00edtj\u00e1k.<br \/>\n<\/p><br \/><\/p>","protected":false},"featured_media":7295,"template":"","categories":[67],"class_list":["post-7296","product","type-product","status-publish","has-post-thumbnail","hentry","category-architectural-aluminium-profile"],"meta_box":{"hilight_text_group":{"product_hilight_text":"<li>Lightweight yet strong structure ideal for residential and commercial use<\/li>\r\r\n<li>Corrosion-resistant aluminum ensures long-lasting performance indoors and outdoors<\/li>\r\r\n<li>Modern, sleek appearance enhances contemporary furniture design<\/li>\r\r\n<li>Low maintenance and easy to clean for daily convenience<\/li>\r\r\n<li>Customizable in size, color, and finish to meet OEM requirements<\/li>\r\r\n<li>Eco-friendly and recyclable material for sustainable furniture production<\/li>","product_chanpin_blog":"<ul>\r\r\n<li><a href=\"https:\/\/sinoextrud.com\/t-slot-v-slot-differences\/\" target=\"_blank\">t slot vs v slot<\/a><\/li>\r\r\n<li><a href=\"https:\/\/sinoextrud.com\/what-is-4040-aluminium-extrud\/\" target=\"_blank\">4040 aluminium extrusion<\/a><\/li>\r\r\n<li><a href=\"https:\/\/sinoextrud.com\/what-is-4040-aluminium-extrud\/\" target=\"_blank\">aluminum extrusions for industrial racks<\/a><\/li>\r\r\n<li><a href=\"https:\/\/sinoextrud.com\/powder-coating-aluminium-process\/\" target=\"_blank\">powder coating aluminium<\/a><\/li>\r\r\n<li><a href=\"https:\/\/sinoextrud.com\/what-is-an-aluminium-strip-ceiling\/\" target=\"_blank\">aluminium strip ceiling<\/a><\/li>\r\r\n<li><a href=\"https:\/\/sinoextrud.com\/what-is-a-heat-sink\/\" target=\"_blank\">what is a heat sink<\/a><\/li>\r\r\n<\/ul>","product_chanpin_chanpin":"<li><a href=\"https:\/\/sinoextrud.com\/product\/types-of-aluminum-profiles\/\" target=\"_blank\">Types Of Aluminum Profiles<\/a><\/li>\r\n<li><a href=\"https:\/\/sinoextrud.com\/product\/aluminium-fabrication\/\" target=\"_blank\">Aluminium Fabrication<\/a><\/li>\r\n<li><a href=\"https:\/\/sinoextrud.com\/product\/aluminium-profile-for-window\/\" target=\"_blank\">Aluminium Profile For Window<\/a><\/li>\r\n<li><a href=\"https:\/\/sinoextrud.com\/product\/powder-coating-aluminium-roller-shutter-profile\/\" target=\"_blank\">Powder Coating Aluminium Roller shutter Profile<\/a><\/li>\r\n<li><a href=\"https:\/\/sinoextrud.com\/product\/aluminium-furniture\/\" target=\"_blank\">Aluminium Furniture<\/a><\/li>\r\n<li><a href=\"https:\/\/sinoextrud.com\/product\/aluminium-glass-fitting-channel\/\" target=\"_blank\">Aluminium Glass Fitting Channel<\/a><\/li>\r\n<li><a href=\"https:\/\/sinoextrud.com\/product\/aluminum-price-per-pound\/\" target=\"_blank\">Aluminum Price Per Pound<\/a><\/li>\r\n<li><a href=\"https:\/\/sinoextrud.com\/product\/aluminum-profile-extrusion-of-heatsink-sections-for-sale\/\" target=\"_blank\">Aluminum Profile Extrusion Of Heatsink Sections For Sale<\/a><\/li>\r\n<li><a href=\"https:\/\/sinoextrud.com\/product\/customized-ome-aluminium-profile-extruded-with-the-anodized-black-champage-silver-white-and-blasted-treatment\/\" target=\"_blank\">Customized OME Aluminium Profile Extruded With The Anodized Black Champage Silver White And Blasted Treatment<\/a><\/li>\r\n<li><a href=\"https:\/\/sinoextrud.com\/product\/slotted-aluminium-extrusion\/\" target=\"_blank\">Slotted Aluminium Extrusion<\/a><\/li>\r\n<li><a href=\"https:\/\/sinoextrud.com\/product\/aluminum-track-extrusion\/\" target=\"_blank\">Aluminum Track Extrusion<\/a><\/li>"},"feature_list":[]},"_links":{"self":[{"href":"https:\/\/sinoextrud.com\/hu\/wp-json\/wp\/v2\/product\/7296","targetHints":{"allow":["GET"]}}],"collection":[{"href":"https:\/\/sinoextrud.com\/hu\/wp-json\/wp\/v2\/product"}],"about":[{"href":"https:\/\/sinoextrud.com\/hu\/wp-json\/wp\/v2\/types\/product"}],"wp:featuredmedia":[{"embeddable":true,"href":"https:\/\/sinoextrud.com\/hu\/wp-json\/wp\/v2\/media\/7295"}],"wp:attachment":[{"href":"https:\/\/sinoextrud.com\/hu\/wp-json\/wp\/v2\/media?parent=7296"}],"wp:term":[{"taxonomy":"category","embeddable":true,"href":"https:\/\/sinoextrud.com\/hu\/wp-json\/wp\/v2\/categories?post=7296"}],"curies":[{"name":"wp","href":"https:\/\/api.w.org\/{rel}","templated":true}]}}