{"id":7290,"date":"2025-06-06T04:08:19","date_gmt":"2025-06-06T04:08:19","guid":{"rendered":"https:\/\/sinoextrud.com\/product\/powder-coating-aluminium-roller-shutter-profile\/"},"modified":"2025-06-24T06:12:26","modified_gmt":"2025-06-24T06:12:26","slug":"porszort-aluminium-redonyprofil","status":"publish","type":"product","link":"https:\/\/sinoextrud.com\/hu\/product\/powder-coating-aluminium-roller-shutter-profile\/","title":{"rendered":"Porbevonat\u00fa alum\u00ednium red\u0151ny profil"},"content":{"rendered":"<h2>Term\u00e9kek r\u00e9szletei<\/h2>\n<table class=\"custom-table\">\n<tr>\n<td class=\"label\">Alum\u00ednium t\u00edpus<\/td>\n<td>Testreszabott alum\u00ednium red\u0151nyprofil \/ porbevonat\u00fa alum\u00ednium red\u0151ny profil<\/td>\n<\/tr>\n<tr>\n<td class=\"label\">Fokozat<\/td>\n<td>6063 VAGY 6061<\/td>\n<\/tr>\n<tr>\n<td class=\"label\">Temper<\/td>\n<td>T5<\/td>\n<\/tr>\n<tr>\n<td class=\"label\">Fel\u00fcletkezel\u00e9s<\/td>\n<td>1- Malom k\u00e9sz<br \/>\n2-Porsz\u00f3rt bevonat: bronz, fekete, feh\u00e9r stb.<br \/>\n3-Elox\u00e1lt: ez\u00fcst, bronz, arany, pezsg\u0151 stb.<br \/>\n4-Elektroforetikus oxid\u00e1ci\u00f3: ez\u00fcst, bronz, arany, pezsg\u0151 stb.<br \/>\n* Testreszabott sz\u00edn\u00e1rnyalatot biztos\u00edtunk<\/td>\n<\/tr>\n<tr>\n<td class=\"label\">Jellemz\u0151<\/td>\n<td>1 nagy f\u00e9nyer\u0151 \u00e9s kem\u00e9nys\u00e9g<br \/>\n2 er\u0151s bevonatos tapad\u00e1s<br \/>\n3 karcol\u00e1sg\u00e1tl\u00f3, simas\u00e1g<br \/>\n4 magas id\u0151j\u00e1r\u00e1s\u00e1ll\u00f3s\u00e1g, magas korr\u00f3zi\u00f3\u00e1ll\u00f3s\u00e1g, j\u00f3 kop\u00e1s\u00e1ll\u00f3s\u00e1g<\/td>\n<\/tr>\n<tr>\n<td class=\"label\">Standard csomagol\u00e1s<\/td>\n<td>1- PE v\u00e9d\u0151f\u00f3lia minden egyes darabhoz, PE zsugorf\u00f3lia minden egyes k\u00f6teghez<br \/>\n2- Testreszabott csomagol\u00e1si k\u00f6vetelm\u00e9ny<\/td>\n<\/tr>\n<tr>\n<td class=\"label\">Tan\u00fas\u00edt\u00e1s<\/td>\n<td>1- ISO9001<br \/>\n2- SGS<br \/>\n3- TUV<br \/>\n4- Egy\u00e9b tan\u00fas\u00edtv\u00e1ny, amelyre az \u00fcgyfeleknek sz\u00fcks\u00e9g\u00fck van.<\/td>\n<\/tr>\n<tr>\n<td class=\"label\">MOQ<\/td>\n<td>1 TON Oen t\u00e9telhez.<br \/>\nEllenkez\u0151 esetben kis mennyis\u00e9g eset\u00e9n fel\u00e1rat kell felsz\u00e1m\u00edtani (45 USD).<\/td>\n<\/tr>\n<tr>\n<td class=\"label\">Term\u00e9kel\u0151ny<\/td>\n<td>1. Rengeteg fel\u00fcletkezel\u00e9s az \u00d6n v\u00e1laszt\u00e1sa szerint, p\u00e9ld\u00e1ul oxid\u00e1ci\u00f3, elektrofor\u00e9zis \u00e9s porbevonat stb.<br \/>\n2. Szigor\u00fa ellen\u0151rz\u00e9s a fel\u00fcletkezel\u00e9shez, nagyon kev\u00e9s karcol\u00e1s.<br \/>\n3. Pontos pen\u00e9sz, valamint pontos m\u00e9ret.<br \/>\n4. Standard \u00f6tv\u00f6zet \u00f6sszet\u00e9tele<br \/>\n5. A profilok mindk\u00e9t v\u00e9ge nagyon sima, \u00e9s nem tartalmaz s\u00farl\u00f3d\u00e1st.<\/td>\n<\/tr>\n<\/table>\n<h2>Gy\u00e1rt\u00f3 b\u00e1zisunk<\/h2>\n<h3>Gy\u00e1ri panor\u00e1ma<\/h3>\n<p><img decoding=\"async\" src=\"\/wp-content\/uploads\/factory-01.webp\"\/><\/p>\n<h3>Alum\u00ednium r\u00fadgy\u00e1rt\u00f3 m\u0171hely<\/h3>\n<p><img decoding=\"async\" src=\"\/wp-content\/uploads\/factory-02.webp\"\/><\/p>\n<p><img decoding=\"async\" src=\"\/wp-content\/uploads\/factory-03.webp\"\/><\/p>\n<h3>Pen\u00e9sz rakt\u00e1r<\/h3>\n<p><img decoding=\"async\" src=\"\/wp-content\/uploads\/factory-04.webp\"\/><\/p>\n<h3>43 alum\u00ednium extrud\u00e1l\u00f3 vonal (500-5500 tonna)<\/h3>\n<p><img decoding=\"async\" src=\"\/wp-content\/uploads\/factory-05.webp\"\/><\/p>\n<p><img decoding=\"async\" src=\"\/wp-content\/uploads\/factory-06.webp\"\/><\/p>\n<p><img decoding=\"async\" src=\"\/wp-content\/uploads\/factory-07.webp\"\/><\/p>\n<h3>Porfest\u0151 m\u0171hely<\/h3>\n<p><img decoding=\"async\" src=\"\/wp-content\/uploads\/factory-09.webp\"\/><\/p>\n<h3>Anodiz\u00e1l\u00f3 m\u0171hely<\/h3>\n<p><img decoding=\"async\" src=\"\/wp-content\/uploads\/factory-10.webp\"\/><\/p>\n<h3>M\u00e9ly feldolgoz\u00e1si m\u0171hely<\/h3>\n<p><img decoding=\"async\" src=\"\/wp-content\/uploads\/factory-11.webp\"\/><\/p>\n<h3>CNC prec\u00edzi\u00f3s megmunk\u00e1l\u00f3 m\u0171hely<\/h3>\n<p><img decoding=\"async\" src=\"\/wp-content\/uploads\/factory-11.5.webp\"\/><\/p>\n<h3>K\u00e9szterm\u00e9k \u00e9s export rakt\u00e1r<\/h3>\n<p><img decoding=\"async\" src=\"\/wp-content\/uploads\/factory-12.webp\"\/><\/p>\n<p><img decoding=\"async\" src=\"\/wp-content\/uploads\/factory-13.webp\"\/><\/p>\n<p><img decoding=\"async\" src=\"\/wp-content\/uploads\/factory-14.webp\"\/><\/p>\n<h2>GYIK<\/h2>\n<p><p><b>1.Mi a porsz\u00f3r\u00e1sos alum\u00ednium red\u0151nyprofil?<\/b><\/p>\n<p>Ez egy tart\u00f3s porsz\u00f3r\u00e1ssal bevont, extrud\u00e1lt alum\u00edniumprofil, amelyet kifejezetten red\u0151nyrendszerekben val\u00f3 haszn\u00e1latra terveztek.<br \/>\n<\/p><br \/>\n<br \/>\n<p><b>2.Mi\u00e9rt v\u00e1lasszon porsz\u00f3rt alum\u00edniumot a red\u0151ny\u00f6kh\u00f6z?<\/b><\/p>\n<p>A porfest\u00e9k bevonat fokozza az id\u0151j\u00e1r\u00e1s\u00e1ll\u00f3s\u00e1got, megakad\u00e1lyozza a rozsd\u00e1sod\u00e1st, \u00e9s hosszan tart\u00f3 sz\u00edntart\u00e1st biztos\u00edt, ide\u00e1lis k\u00fclt\u00e9ri red\u0151ny\u00f6kh\u00f6z.<br \/>\n<\/p><br \/>\n<br \/>\n<p><b>3.A porsz\u00f3rt fel\u00fclet karc\u00e1ll\u00f3?<\/b><\/p>\n<p>Igen, a porfest\u00e9s egy kem\u00e9ny v\u00e9d\u0151r\u00e9teget hoz l\u00e9tre, amely ellen\u00e1ll a karcol\u00e1soknak, a forg\u00e1csoknak \u00e9s a fakul\u00e1snak.<br \/>\n<\/p><br \/>\n<br \/>\n<p><b>4.Lehet ezeket a profilokat m\u00e9retben \u00e9s sz\u00ednben testreszabni?<\/b><\/p>\n<p>Term\u00e9szetesen k\u00fcl\u00f6nb\u00f6z\u0151 m\u00e9retekben, form\u00e1kban \u00e9s RAL-sz\u00ednekben \u00e1llnak rendelkez\u00e9sre, hogy megfeleljenek a projekt egyedi ig\u00e9nyeinek.<br \/>\n<\/p><br \/>\n<br \/>\n<p><b>5.Alkalmasak-e a porsz\u00f3rt alum\u00edniumprofilok tengerparti vagy nedves ter\u00fcleteken?<\/b><\/p>\n<p>Igen, a bevonat kiv\u00e1l\u00f3an ellen\u00e1ll a s\u00f3val, a nedvess\u00e9ggel \u00e9s a zord id\u0151j\u00e1r\u00e1si k\u00f6r\u00fclm\u00e9nyekkel szemben.<br \/>\n<\/p><br \/>\n<br \/>\n<p><b>6.Sz\u00fcks\u00e9ges-e karbantart\u00e1s a porsz\u00f3rt red\u0151nyprofilokn\u00e1l?<\/b><\/p>\n<p>Minim\u00e1lis karbantart\u00e1s sz\u00fcks\u00e9ges - elegend\u0151 az id\u0151nk\u00e9nti tiszt\u00edt\u00e1s enyhe szappannal \u00e9s v\u00edzzel.<br \/>\n<\/p><br \/>\n<br \/>\n<p><b>7.Milyen gyakori alkalmaz\u00e1si ter\u00fcletei vannak ezeknek a profiloknak?<\/b><\/p>\n<p>Lak\u00f3h\u00e1zakban, kereskedelmi kirakatokban, rakt\u00e1rakban \u00e9s ipari l\u00e9tes\u00edtm\u00e9nyekben haszn\u00e1lj\u00e1k \u0151ket biztons\u00e1g \u00e9s \u00e1rny\u00e9kol\u00e1s c\u00e9lj\u00e1b\u00f3l.<br \/>\n<\/p><br \/>\n<br \/>\n<p><b>8.A porbevonat k\u00f6rnyezetbar\u00e1t?<\/b><\/p>\n<p>Igen, a porfest\u00e9s old\u00f3szermentes, minim\u00e1lis hullad\u00e9k keletkezik, \u00e9s k\u00f6rnyezetbar\u00e1t befejez\u0151 elj\u00e1r\u00e1snak sz\u00e1m\u00edt.<br \/>\n<\/p><br \/><\/p>","protected":false},"featured_media":7289,"template":"","categories":[67],"class_list":["post-7290","product","type-product","status-publish","has-post-thumbnail","hentry","category-architectural-aluminium-profile"],"meta_box":{"hilight_text_group":{"product_hilight_text":"<li>Powder-coated surface provides excellent corrosion and UV resistance<\/li>\r\r\n<li>Durable aluminum structure ensures long-lasting performance<\/li>\r\r\n<li>Lightweight profile allows for smooth roller shutter operation<\/li>\r\r\n<li>Available in a wide range of colors and finishes for aesthetic flexibility<\/li>\r\r\n<li>Low maintenance and easy to clean surface treatment<\/li>\r\r\n<li>Customizable dimensions for residential, commercial, and industrial use<\/li>\r\r\n<li>Enhances security, insulation, and privacy in modern buildings<\/li>","product_chanpin_blog":"<ul>\r\r\n<li><a href=\"https:\/\/sinoextrud.com\/t-slot-v-slot-differences\/\" target=\"_blank\">t slot vs v slot<\/a><\/li>\r\r\n<li><a href=\"https:\/\/sinoextrud.com\/what-is-4040-aluminium-extrud\/\" target=\"_blank\">4040 aluminium extrusion<\/a><\/li>\r\r\n<li><a href=\"https:\/\/sinoextrud.com\/what-is-4040-aluminium-extrud\/\" target=\"_blank\">aluminum extrusions for industrial racks<\/a><\/li>\r\r\n<li><a href=\"https:\/\/sinoextrud.com\/powder-coating-aluminium-process\/\" target=\"_blank\">powder coating aluminium<\/a><\/li>\r\r\n<li><a href=\"https:\/\/sinoextrud.com\/what-is-an-aluminium-strip-ceiling\/\" target=\"_blank\">aluminium strip ceiling<\/a><\/li>\r\r\n<li><a href=\"https:\/\/sinoextrud.com\/what-is-a-heat-sink\/\" target=\"_blank\">what is a heat sink<\/a><\/li>\r\r\n<\/ul>","product_chanpin_chanpin":"<li><a href=\"https:\/\/sinoextrud.com\/product\/aluminium-extrusion-sections\/\" target=\"_blank\">Aluminium Extrusion Sections<\/a><\/li>\r\n<li><a href=\"https:\/\/sinoextrud.com\/product\/types-of-aluminum-profiles\/\" target=\"_blank\">Types Of Aluminum Profiles<\/a><\/li>\r\n<li><a href=\"https:\/\/sinoextrud.com\/product\/aluminium-fabrication\/\" target=\"_blank\">Aluminium Fabrication<\/a><\/li>\r\n<li><a href=\"https:\/\/sinoextrud.com\/product\/aluminium-profile-for-window\/\" target=\"_blank\">Aluminium Profile For Window<\/a><\/li>\r\n<li><a href=\"https:\/\/sinoextrud.com\/product\/powder-coating-aluminium-roller-shutter-profile\/\" target=\"_blank\">Powder Coating Aluminium Roller shutter Profile<\/a><\/li>\r\n<li><a href=\"https:\/\/sinoextrud.com\/product\/aluminium-furniture\/\" target=\"_blank\">Aluminium Furniture<\/a><\/li>\r\n<li><a href=\"https:\/\/sinoextrud.com\/product\/aluminium-glass-fitting-channel\/\" target=\"_blank\">Aluminium Glass Fitting Channel<\/a><\/li>\r\n<li><a href=\"https:\/\/sinoextrud.com\/product\/aluminum-price-per-pound\/\" target=\"_blank\">Aluminum Price Per Pound<\/a><\/li>\r\n<li><a href=\"https:\/\/sinoextrud.com\/product\/aluminum-profile-extrusion-of-heatsink-sections-for-sale\/\" target=\"_blank\">Aluminum Profile Extrusion Of Heatsink Sections For Sale<\/a><\/li>\r\n<li><a href=\"https:\/\/sinoextrud.com\/product\/aluminum-pipe-handrail\/\" target=\"_blank\">Aluminum Pipe Handrail<\/a><\/li>\r\n<li><a href=\"https:\/\/sinoextrud.com\/product\/aluminum-extrusion-heat-profiles-sink\/\" target=\"_blank\">Aluminum Extrusion Heat Profiles Sink<\/a><\/li>"},"feature_list":[]},"_links":{"self":[{"href":"https:\/\/sinoextrud.com\/hu\/wp-json\/wp\/v2\/product\/7290","targetHints":{"allow":["GET"]}}],"collection":[{"href":"https:\/\/sinoextrud.com\/hu\/wp-json\/wp\/v2\/product"}],"about":[{"href":"https:\/\/sinoextrud.com\/hu\/wp-json\/wp\/v2\/types\/product"}],"wp:featuredmedia":[{"embeddable":true,"href":"https:\/\/sinoextrud.com\/hu\/wp-json\/wp\/v2\/media\/7289"}],"wp:attachment":[{"href":"https:\/\/sinoextrud.com\/hu\/wp-json\/wp\/v2\/media?parent=7290"}],"wp:term":[{"taxonomy":"category","embeddable":true,"href":"https:\/\/sinoextrud.com\/hu\/wp-json\/wp\/v2\/categories?post=7290"}],"curies":[{"name":"wp","href":"https:\/\/api.w.org\/{rel}","templated":true}]}}