{"id":7286,"date":"2025-06-06T04:04:58","date_gmt":"2025-06-06T04:04:58","guid":{"rendered":"https:\/\/sinoextrud.com\/product\/aluminium-fabrication\/"},"modified":"2025-06-24T06:12:26","modified_gmt":"2025-06-24T06:12:26","slug":"aluminiumgyartas-2","status":"publish","type":"product","link":"https:\/\/sinoextrud.com\/hu\/product\/aluminium-fabrication\/","title":{"rendered":"Alum\u00ednium gy\u00e1rt\u00e1s"},"content":{"rendered":"<h2>Term\u00e9kek r\u00e9szletei<\/h2>\n<table class=\"custom-table\">\n<tr>\n<td class=\"label\">1. T\u00e9tel<\/td>\n<td>Alum\u00ednium gy\u00e1rt\u00e1s<\/td>\n<\/tr>\n<tr>\n<td class=\"label\">2. Szelv\u00e9nyform\u00e1k<\/td>\n<td>I, U, T, C, Z, L, H, n\u00e9gyzet, kerek, lapos, \u00fcreges, t-ny\u00edl\u00e1s \u00e9s egy\u00e9b bonyolult form\u00e1k egyedi tervez\u00e9ssel<\/td>\n<\/tr>\n<tr>\n<td class=\"label\">3. Fel\u00fcletkezel\u00e9s<\/td>\n<td>Mill finish \/ elox\u00e1lt (oxid\u00e1ci\u00f3) \/ homokf\u00fav\u00e1s \/ porbevonat \/ elektrofor\u00e9zis \/ fa szemcs\u00e9k, stb.<\/td>\n<\/tr>\n<tr>\n<td class=\"label\">4. MOQ<\/td>\n<td>200 kg minden egyes t\u00e9tel eset\u00e9ben<\/td>\n<\/tr>\n<tr>\n<td class=\"label\">5. Anyag<\/td>\n<td>100% \u00f6tv\u00f6zet: 6063 T5 \/ 6061 T6<\/td>\n<\/tr>\n<tr>\n<td class=\"label\">6. Hossz\u00fas\u00e1g<\/td>\n<td>Norm\u00e1l = 6m, 1-9m, vagy testreszabott<\/td>\n<\/tr>\n<tr>\n<td class=\"label\">7. Alkalmaz\u00e1s<\/td>\n<td>1) - ablak- \u00e9s ajt\u00f3keretekhez<br \/>\n2) - az \u00e9p\u00fcletek f\u00fcgg\u00f6ny\u00fcvegfalaihoz<br \/>\n3) - napelemkeretekhez, napelemes r\u00f6gz\u00edt\u0151 \/ tet\u0151fed\u0151 konzolokhoz<br \/>\n4) - az ipari \u00f6sszeszerel\u0151 sorok berendez\u00e9seihez<br \/>\n5) - h\u0171t\u0151bord\u00e1khoz<br \/>\n6) - LED vil\u00e1g\u00edt\u00e1shoz<br \/>\n7) - egy\u00e9b egyedi tervez\u00e9si m\u00e9ret \u00e9s dimenzi\u00f3 szerint<\/td>\n<\/tr>\n<tr>\n<td class=\"label\">8. Szolg\u00e1ltat\u00e1sok<\/td>\n<td>1). OEM szolg\u00e1ltat\u00e1s.<br \/>\n2). Tervez\u00e9s az \u00fcgyfelek ig\u00e9nyei szerint.<br \/>\n3). 29 \u00e9ves szakmai tapasztalat a kutat\u00e1s, gy\u00e1rt\u00e1s, gy\u00e1rt\u00e1s ter\u00fclet\u00e9n.<br \/>\n4). Modern m\u00e9lyfeldolgoz\u00f3 k\u00f6zpontunk olyan megmunk\u00e1l\u00e1sokat tud biztos\u00edtani, mint a v\u00e1g\u00e1s, lyukaszt\u00e1s, f\u00far\u00e1s, hajl\u00edt\u00e1s, csapol\u00e1s stb.<\/td>\n<\/tr>\n<tr>\n<td class=\"label\">9. Min\u0151s\u00e9gellen\u0151rz\u00e9s<\/td>\n<td>Mi m\u0171k\u00f6dik a legszigor\u00fabb min\u0151s\u00e9gellen\u0151rz\u00e9si rendszer, 100% ellen\u0151rz\u00e9s sz\u00e1ll\u00edt\u00e1s el\u0151tt<\/td>\n<\/tr>\n<tr>\n<td class=\"label\">10. Folyamat<\/td>\n<td>\u00c9rdekl\u0151d\u00e9s - Minta vagy CAD rajz (az \u00fcgyfelek \u00e1ltal sz\u00e1ll\u00edtott) - CAD rajz (c\u00e9g\u00fcnk) - Rajzmeger\u0151s\u00edt\u00e9s - Formagy\u00e1rt\u00e1s - Minta konform\u00e1ci\u00f3 - T\u00f6megtermel\u00e9s - Ellen\u0151rz\u00e9s - Sz\u00e1ll\u00edt\u00e1s\uff0c Sz\u00e1ll\u00edt\u00e1s<\/td>\n<\/tr>\n<\/table>\n<h2>Gy\u00e1rt\u00f3 b\u00e1zisunk<\/h2>\n<h3>Gy\u00e1ri panor\u00e1ma<\/h3>\n<p><img decoding=\"async\" src=\"\/wp-content\/uploads\/factory-01.webp\"\/><\/p>\n<h3>Alum\u00ednium r\u00fadgy\u00e1rt\u00f3 m\u0171hely<\/h3>\n<p><img decoding=\"async\" src=\"\/wp-content\/uploads\/factory-02.webp\"\/><\/p>\n<\/p>\n<p><img decoding=\"async\" src=\"\/wp-content\/uploads\/factory-03.webp\"\/><\/p>\n<h3>Pen\u00e9sz rakt\u00e1r<\/h3>\n<p><img decoding=\"async\" src=\"\/wp-content\/uploads\/factory-04.webp\"\/><\/p>\n<h3>43 alum\u00ednium extrud\u00e1l\u00f3 vonal (500-5500 tonna)<\/h3>\n<p><img decoding=\"async\" src=\"\/wp-content\/uploads\/factory-05.webp\"\/><\/p>\n<p><img decoding=\"async\" src=\"\/wp-content\/uploads\/factory-06.webp\"\/><\/p>\n<p><img decoding=\"async\" src=\"\/wp-content\/uploads\/factory-07.webp\"\/><\/p>\n<h3>Porfest\u0151 m\u0171hely<\/h3>\n<p><img decoding=\"async\" src=\"\/wp-content\/uploads\/factory-09.webp\"\/><\/p>\n<h3>Anodiz\u00e1l\u00f3 m\u0171hely<\/h3>\n<p><img decoding=\"async\" src=\"\/wp-content\/uploads\/factory-10.webp\"\/><\/p>\n<h3>M\u00e9ly feldolgoz\u00e1si m\u0171hely<\/h3>\n<p><img decoding=\"async\" src=\"\/wp-content\/uploads\/factory-11.webp\"\/><\/p>\n<h3>CNC prec\u00edzi\u00f3s megmunk\u00e1l\u00f3 m\u0171hely<\/h3>\n<p><img decoding=\"async\" src=\"\/wp-content\/uploads\/factory-11.5.webp\"\/><\/p>\n<h3>K\u00e9szterm\u00e9k \u00e9s export rakt\u00e1r<\/h3>\n<p><img decoding=\"async\" src=\"\/wp-content\/uploads\/factory-12.webp\"\/><\/p>\n<p><img decoding=\"async\" src=\"\/wp-content\/uploads\/factory-13.webp\"\/><\/p>\n<p><img decoding=\"async\" src=\"\/wp-content\/uploads\/factory-14.webp\"\/><\/p>\n<h2>GYIK<\/h2>\n<p><b>1.Mi az alum\u00ednium gy\u00e1rt\u00e1s?<\/b><\/p>\n<p>Az alum\u00edniumgy\u00e1rt\u00e1s az alum\u00ednium alkatr\u00e9szek v\u00e1g\u00e1s\u00e1nak, hajl\u00edt\u00e1s\u00e1nak, hegeszt\u00e9s\u00e9nek \u00e9s \u00f6sszeszerel\u00e9s\u00e9nek folyamata egyedi szerkezetekk\u00e9 vagy alkatr\u00e9szekk\u00e9.\n<\/p>\n<p><\/p>\n<p><b>2.Mi\u00e9rt v\u00e1lassza az alum\u00edniumot a gy\u00e1rt\u00e1shoz?<\/b><\/p>\n<p>Az alum\u00ednium k\u00f6nny\u0171, korr\u00f3zi\u00f3\u00e1ll\u00f3 \u00e9s k\u00f6nnyen megmunk\u00e1lhat\u00f3, \u00edgy ide\u00e1lis az egyedi gy\u00e1rt\u00e1si \u00e9s \u00e9p\u00edt\u00e9si projektekhez.\n<\/p>\n<p><\/p>\n<p><b>3.Milyen ipar\u00e1gak haszn\u00e1lj\u00e1k az alum\u00edniumgy\u00e1rt\u00e1st?<\/b><\/p>\n<p>Az olyan ipar\u00e1gak, mint az \u00e9p\u00edt\u0151ipar, az aut\u00f3ipar, a rep\u00fcl\u0151g\u00e9pipar, a haj\u00f3z\u00e1s \u00e9s az elektronika az alum\u00edniumgy\u00e1rt\u00e1st szerkezeti \u00e9s alkatr\u00e9szgy\u00e1rt\u00e1sra haszn\u00e1lj\u00e1k.\n<\/p>\n<p><\/p>\n<p><b>4.Can alum\u00ednium gy\u00e1rt\u00e1s testre szabhat\u00f3?<\/b><\/p>\n<p>Igen, az alum\u00edniumb\u00f3l gyakorlatilag b\u00e1rmilyen alak\u00fa \u00e9s m\u00e9ret\u0171 term\u00e9k gy\u00e1rthat\u00f3, az egyedi tervez\u00e9si \u00e9s teljes\u00edtm\u00e9nyk\u00f6vetelm\u00e9nyek alapj\u00e1n.\n<\/p>\n<p><\/p>\n<p><b>5.Alkalmas-e az alum\u00edniumgy\u00e1rt\u00e1s k\u00fclt\u00e9ri haszn\u00e1latra?<\/b><\/p>\n<p>Az alum\u00ednium term\u00e9szetes korr\u00f3zi\u00f3\u00e1ll\u00f3s\u00e1ga miatt t\u00f6k\u00e9letesen alkalmas k\u00fclt\u00e9ri \u00e9s tengeri k\u00f6rnyezetbe.\n<\/p>\n<p><\/p>\n<p><b>6.Milyen fel\u00fcletkezel\u00e9s \u00e9rhet\u0151 el a gy\u00e1rtott alum\u00edniumhoz?<\/b><\/p>\n<p>A kivitelek k\u00f6z\u00e9 tartozik az elox\u00e1l\u00e1s, a porfest\u00e9s, az ecsetel\u00e9s, a pol\u00edroz\u00e1s \u00e9s a fest\u00e9s eszt\u00e9tikai \u00e9s funkcion\u00e1lis c\u00e9lokra egyar\u00e1nt.\n<\/p>\n<p><\/p>\n<p><b>7. k\u00f6lts\u00e9ghat\u00e9kony-e az alum\u00edniumgy\u00e1rt\u00e1s?<\/b><\/p>\n<p>Igen, az alum\u00ednium megfizethet\u0151, k\u00f6nnyen megmunk\u00e1lhat\u00f3, \u00e9s kevesebb karbantart\u00e1st ig\u00e9nyel, ami cs\u00f6kkenti a projekt teljes k\u00f6lts\u00e9g\u00e9t.\n<\/p>\n<p><\/p>\n<p><b>8.K\u00f6rnyezetbar\u00e1t-e a gy\u00e1rtott alum\u00ednium?<\/b><\/p>\n<p>Igen, az alum\u00ednium 100% \u00fajrahasznos\u00edthat\u00f3, \u00e9s t\u00e1mogatja a k\u00f6rnyezettudatos gy\u00e1rt\u00e1si gyakorlatot.\n<\/p>\n<p><\/p>","protected":false},"featured_media":7285,"template":"","categories":[67],"class_list":["post-7286","product","type-product","status-publish","has-post-thumbnail","hentry","category-architectural-aluminium-profile"],"meta_box":{"hilight_text_group":{"product_hilight_text":"<li>Custom aluminum fabrication for diverse industrial and architectural needs<\/li>\r\r\n<li>Lightweight yet strong material for efficient structural solutions<\/li>\r\r\n<li>Excellent corrosion resistance for long-lasting outdoor performance<\/li>\r\r\n<li>Precision cutting, welding, and bending for complex designs<\/li>\r\r\n<li>Cost-effective production with quick turnaround times<\/li>\r\r\n<li>Compatible with a wide range of surface finishes and treatments<\/li>\r\r\n<li>Eco-friendly and recyclable material for sustainable manufacturing<\/li>","product_chanpin_blog":"<ul>\r\r\n<li><a href=\"https:\/\/sinoextrud.com\/t-slot-v-slot-differences\/\" target=\"_blank\">t slot vs v slot<\/a><\/li>\r\r\n<li><a href=\"https:\/\/sinoextrud.com\/what-is-4040-aluminium-extrud\/\" target=\"_blank\">4040 aluminium extrusion<\/a><\/li>\r\r\n<li><a href=\"https:\/\/sinoextrud.com\/what-is-4040-aluminium-extrud\/\" target=\"_blank\">aluminum extrusions for industrial racks<\/a><\/li>\r\r\n<li><a href=\"https:\/\/sinoextrud.com\/powder-coating-aluminium-process\/\" target=\"_blank\">powder coating aluminium<\/a><\/li>\r\r\n<li><a href=\"https:\/\/sinoextrud.com\/what-is-an-aluminium-strip-ceiling\/\" target=\"_blank\">aluminium strip ceiling<\/a><\/li>\r\r\n<li><a href=\"https:\/\/sinoextrud.com\/what-is-a-heat-sink\/\" target=\"_blank\">what is a heat sink<\/a><\/li>\r\r\n<\/ul>","product_chanpin_chanpin":"<li><a href=\"https:\/\/sinoextrud.com\/product\/aluminium-extrusion-machining\/\" target=\"_blank\">Aluminium Extrusion Machining<\/a><\/li>\r\n<li><a href=\"https:\/\/sinoextrud.com\/product\/aluminum-price-per-ton\/\" target=\"_blank\">Aluminum Price Per Ton<\/a><\/li>\r\n<li><a href=\"https:\/\/sinoextrud.com\/product\/aluminium-extrusion-sections\/\" target=\"_blank\">Aluminium Extrusion Sections<\/a><\/li>\r\n<li><a href=\"https:\/\/sinoextrud.com\/product\/types-of-aluminum-profiles\/\" target=\"_blank\">Types Of Aluminum Profiles<\/a><\/li>\r\n<li><a href=\"https:\/\/sinoextrud.com\/product\/aluminium-fabrication\/\" target=\"_blank\">Aluminium Fabrication<\/a><\/li>\r\n<li><a href=\"https:\/\/sinoextrud.com\/product\/aluminium-profile-for-window\/\" target=\"_blank\">Aluminium Profile For Window<\/a><\/li>\r\n<li><a href=\"https:\/\/sinoextrud.com\/product\/powder-coating-aluminium-roller-shutter-profile\/\" target=\"_blank\">Powder Coating Aluminium Roller shutter Profile<\/a><\/li>\r\n<li><a href=\"https:\/\/sinoextrud.com\/product\/aluminium-furniture\/\" target=\"_blank\">Aluminium Furniture<\/a><\/li>\r\n<li><a href=\"https:\/\/sinoextrud.com\/product\/aluminium-glass-fitting-channel\/\" target=\"_blank\">Aluminium Glass Fitting Channel<\/a><\/li>\r\n<li><a href=\"https:\/\/sinoextrud.com\/product\/customize-extruded-aluminum-channel-profiles\/\" target=\"_blank\">Customize Extruded Aluminum Channel Profiles<\/a><\/li>\r\n<li><a href=\"https:\/\/sinoextrud.com\/product\/bulk-extruded-aluminum\/\" target=\"_blank\">Bulk Extruded Aluminum<\/a><\/li>"},"feature_list":[]},"_links":{"self":[{"href":"https:\/\/sinoextrud.com\/hu\/wp-json\/wp\/v2\/product\/7286","targetHints":{"allow":["GET"]}}],"collection":[{"href":"https:\/\/sinoextrud.com\/hu\/wp-json\/wp\/v2\/product"}],"about":[{"href":"https:\/\/sinoextrud.com\/hu\/wp-json\/wp\/v2\/types\/product"}],"wp:featuredmedia":[{"embeddable":true,"href":"https:\/\/sinoextrud.com\/hu\/wp-json\/wp\/v2\/media\/7285"}],"wp:attachment":[{"href":"https:\/\/sinoextrud.com\/hu\/wp-json\/wp\/v2\/media?parent=7286"}],"wp:term":[{"taxonomy":"category","embeddable":true,"href":"https:\/\/sinoextrud.com\/hu\/wp-json\/wp\/v2\/categories?post=7286"}],"curies":[{"name":"wp","href":"https:\/\/api.w.org\/{rel}","templated":true}]}}