{"id":7280,"date":"2025-06-06T03:56:18","date_gmt":"2025-06-06T03:56:18","guid":{"rendered":"https:\/\/sinoextrud.com\/product\/aluminum-price-per-ton\/"},"modified":"2025-06-24T06:12:25","modified_gmt":"2025-06-24T06:12:25","slug":"aluminium-ara-tonnankent","status":"publish","type":"product","link":"https:\/\/sinoextrud.com\/hu\/product\/aluminum-price-per-ton\/","title":{"rendered":"Alum\u00ednium \u00e1ra tonn\u00e1nk\u00e9nt"},"content":{"rendered":"<h2>Term\u00e9kek r\u00e9szletei<\/h2>\n<table class=\"custom-table\">\n<tbody>\n<tr>\n<td> T\u00e9tel:<\/td>\n<td> Alum\u00ednium \u00e1r per tonna, Alum\u00ednium \u00e1r per KG<\/td>\n<\/tr>\n<tr>\n<td> Anyag:<\/td>\n<td> 100% alum\u00ednium profil<\/td>\n<\/tr>\n<tr>\n<td> \u00f6tv\u00f6zet:<\/td>\n<td> 6063-T5,6061-T6,6463-T5,6082etc<\/td>\n<\/tr>\n<tr>\n<td> M\u00e1rka:<\/td>\n<td> Sinoextrud alum\u00ednium\/Sinoextrud alum\u00ednium profilok <\/td>\n<\/tr>\n<tr>\n<td> M\u00e9ret:<\/td>\n<td> 1m-9m vagy egyedi m\u00e9ret<\/td>\n<\/tr>\n<tr>\n<td> Alkalmaz\u00e1s:<\/td>\n<td> B\u00fatorok, ablakok \u00e9s ajt\u00f3k, dekor\u00e1ci\u00f3, ipar, \u00e9p\u00edt\u0151ipar stb.<\/td>\n<\/tr>\n<tr>\n<td> Sz\u00ednek:<\/td>\n<td> Elox\u00e1lt, fa szemcs\u00e9s, porsz\u00f3rt, elox\u00e1lt pol\u00edrozott \u00e9s csiszolt, elektrofor\u00e9zis, flurokarbon porsz\u00f3rt stb.<\/td>\n<\/tr>\n<tr>\n<td> MOQ:<\/td>\n<td> 200KG minden egyes profilhoz<\/td>\n<\/tr>\n<tr>\n<td> OEM szolg\u00e1ltat\u00e1s:<\/td>\n<td> a megrendel\u0151 \u00e1ltal tervezett rajzok vagy mint\u00e1k alapj\u00e1n<\/td>\n<\/tr>\n<tr>\n<td> El\u00e9rhet\u0151 tan\u00fas\u00edt\u00e1s:<\/td>\n<td> ISO: 9001, SONCAP, BV tan\u00fas\u00edtv\u00e1ny vagy az \u00fcgyfelek tan\u00fas\u00edtv\u00e1nya rendelkez\u00e9sre \u00e1ll<\/td>\n<\/tr>\n<tr>\n<td> Fizet\u00e9si felt\u00e9telek:<\/td>\n<td> T \/ T, 30% el\u0151leg, m\u00edg az egyenleget a sz\u00e1ll\u00edt\u00e1s el\u0151tt kell kifizetni<\/td>\n<\/tr>\n<tr>\n<td> Elsz\u00e1mol\u00e1si hat\u00e1rid\u0151:<\/td>\n<td> A v\u00e9gs\u0151 kifizet\u00e9s alapja a v\u00e9gleges t\u00e9nyleges fizikai s\u00falyoz\u00e1s.<\/td>\n<\/tr>\n<tr>\n<td> Termel\u00e9si garancia<\/td>\n<td> A fel\u00fcleti sz\u00edn belt\u00e9ri haszn\u00e1lat eset\u00e9n 10~20 \u00e9vig k\u00e9pes fenntartani.<\/td>\n<\/tr>\n<tr>\n<td> Kik\u00f6t\u0151:<\/td>\n<td> Shenzhen, Guangzhou, Foshan eset\u00e9ben<\/td>\n<\/tr>\n<\/tbody>\n<\/table>\n<h2>Gy\u00e1rt\u00f3 b\u00e1zisunk<\/h2>\n<h3>Gy\u00e1ri panor\u00e1ma<\/h3>\n<p><img decoding=\"async\" src=\"\/wp-content\/uploads\/factory-01.webp\"\/><\/p>\n<h3>Alum\u00ednium r\u00fadgy\u00e1rt\u00f3 m\u0171hely<\/h3>\n<p><img decoding=\"async\" src=\"\/wp-content\/uploads\/factory-02.webp\"\/><\/p>\n<\/p>\n<p><img decoding=\"async\" src=\"\/wp-content\/uploads\/factory-03.webp\"\/><\/p>\n<h3>Pen\u00e9sz rakt\u00e1r<\/h3>\n<p><img decoding=\"async\" src=\"\/wp-content\/uploads\/factory-04.webp\"\/><\/p>\n<h3>43 alum\u00ednium extrud\u00e1l\u00f3 vonal (500-5500 tonna)<\/h3>\n<p><img decoding=\"async\" src=\"\/wp-content\/uploads\/factory-05.webp\"\/><\/p>\n<p><img decoding=\"async\" src=\"\/wp-content\/uploads\/factory-06.webp\"\/><\/p>\n<p><img decoding=\"async\" src=\"\/wp-content\/uploads\/factory-07.webp\"\/><\/p>\n<h3>Porfest\u0151 m\u0171hely<\/h3>\n<p><img decoding=\"async\" src=\"\/wp-content\/uploads\/factory-09.webp\"\/><\/p>\n<h3>Anodiz\u00e1l\u00f3 m\u0171hely<\/h3>\n<p><img decoding=\"async\" src=\"\/wp-content\/uploads\/factory-10.webp\"\/><\/p>\n<h3>M\u00e9ly feldolgoz\u00e1si m\u0171hely<\/h3>\n<p><img decoding=\"async\" src=\"\/wp-content\/uploads\/factory-11.webp\"\/><\/p>\n<h3>CNC prec\u00edzi\u00f3s megmunk\u00e1l\u00f3 m\u0171hely<\/h3>\n<p><img decoding=\"async\" src=\"\/wp-content\/uploads\/factory-11.5.webp\"\/><\/p>\n<h3>K\u00e9szterm\u00e9k \u00e9s export rakt\u00e1r<\/h3>\n<p><img decoding=\"async\" src=\"\/wp-content\/uploads\/factory-12.webp\"\/><\/p>\n<p><img decoding=\"async\" src=\"\/wp-content\/uploads\/factory-13.webp\"\/><\/p>\n<p><img decoding=\"async\" src=\"\/wp-content\/uploads\/factory-14.webp\"\/><\/p>\n<h2>GYIK<\/h2>\n<p><b>1.Mit jelent az alum\u00ednium \u00e1ra tonn\u00e1nk\u00e9nt?<\/b><\/p>\n<p>Az alum\u00ednium tonn\u00e1nk\u00e9nti \u00e1ra egy tonna nyers vagy feldolgozott alum\u00ednium beszerz\u00e9si k\u00f6lts\u00e9g\u00e9re utal, amelyet \u00e1ltal\u00e1ban az ipari \u00f6mlesztett beszerz\u00e9sben haszn\u00e1lnak.\n<\/p>\n<p><\/p>\n<p><b>2.Mi\u00e9rt fontos az alum\u00ednium tonn\u00e1nk\u00e9nti \u00e1r\u00e1nak nyomon k\u00f6vet\u00e9se?<\/b><\/p>\n<p>A tonn\u00e1nk\u00e9nti \u00e1r ismerete seg\u00edt a gy\u00e1rt\u00f3knak \u00e9s a vev\u0151knek a k\u00f6lts\u00e9gvet\u00e9s kezel\u00e9s\u00e9ben, a k\u00f6lts\u00e9gek ellen\u0151rz\u00e9s\u00e9ben \u00e9s a termel\u00e9s hat\u00e9kony tervez\u00e9s\u00e9ben.\n<\/p>\n<p><\/p>\n<p><b>3.Milyen t\u00e9nyez\u0151k befoly\u00e1solj\u00e1k az alum\u00ednium tonn\u00e1nk\u00e9nti \u00e1r\u00e1t?<\/b><\/p>\n<p>A legfontosabb t\u00e9nyez\u0151k k\u00f6z\u00e9 tartozik a glob\u00e1lis piaci kereslet, az energiak\u00f6lts\u00e9gek, az \u00f6tv\u00f6zetmin\u0151s\u00e9g, az ell\u00e1t\u00e1si l\u00e1nc zavarai \u00e9s a termel\u00e9si kapacit\u00e1s.\n<\/p>\n<p><\/p>\n<p><b>4.Az alum\u00ednium tonn\u00e1nk\u00e9nti \u00e1ra minden min\u0151s\u00e9g eset\u00e9ben azonos?<\/b><\/p>\n<p>Nem, az \u00e1rak az alum\u00ednium\u00f6tv\u00f6zet t\u00edpus\u00e1t\u00f3l, a feldolgoz\u00e1si m\u00f3dszert\u0151l \u00e9s a sz\u00fcks\u00e9ges specifik\u00e1ci\u00f3kt\u00f3l f\u00fcgg\u0151en v\u00e1ltoznak.\n<\/p>\n<p><\/p>\n<p><b>5.Kaphatok szem\u00e9lyre szabott \u00e1raz\u00e1st nagy megrendel\u00e9sek eset\u00e9n?<\/b><\/p>\n<p>Igen, a legt\u00f6bb besz\u00e1ll\u00edt\u00f3 kedvezm\u00e9nyes vagy t\u00e1rgyal\u00e1sos \u00e1rakat k\u00edn\u00e1l nagy mennyis\u00e9gek \u00e9s hossz\u00fa t\u00e1v\u00fa szerz\u0151d\u00e9sek alapj\u00e1n.\n<\/p>\n<p><\/p>\n<p><b>6.Hogyan biztos\u00edthatom az alum\u00ednium min\u0151s\u00e9g\u00e9t a felt\u00fcntetett tonn\u00e1nk\u00e9nti \u00e1ron?<\/b><\/p>\n<p>V\u00e1lasszon j\u00f3 h\u00edr\u0171 besz\u00e1ll\u00edt\u00f3kat, akik tan\u00fas\u00edt\u00e1sokkal, az anyagok nyomon k\u00f6vethet\u0151s\u00e9g\u00e9vel \u00e9s min\u0151s\u00e9gbiztos\u00edt\u00e1si folyamatokkal rendelkeznek a term\u00e9kszabv\u00e1nyok garant\u00e1l\u00e1sa \u00e9rdek\u00e9ben.\n<\/p>\n<p><\/p>\n<p><b>7.Is az alum\u00ednium \u00e1ra tonn\u00e1nk\u00e9nt stabil?<\/b><\/p>\n<p>Az \u00e1rak naponta ingadozhatnak az \u00e1rupiacok miatt, ez\u00e9rt fontos, hogy ellen\u0151rizze az aktu\u00e1lis \u00e1rakat, \u00e9s a stabilit\u00e1s \u00e9rdek\u00e9ben fontolja meg a hat\u00e1rid\u0151s szerz\u0151d\u00e9seket.\n<\/p>\n<p><\/p>\n<p><b>8.Hol tudom felhaszn\u00e1lni a tonn\u00e1nk\u00e9nt v\u00e1s\u00e1rolt alum\u00edniumot?<\/b><\/p>\n<p>A tonn\u00e1nk\u00e9nt v\u00e1s\u00e1rolt alum\u00edniumot olyan ipar\u00e1gakban haszn\u00e1lj\u00e1k fel, mint az \u00e9p\u00edt\u0151ipar, a sz\u00e1ll\u00edt\u00e1s, a csomagol\u00e1s, az elektronika \u00e9s az energiarendszerek.\n<\/p>\n<p><\/p>","protected":false},"featured_media":7279,"template":"","categories":[67],"class_list":["post-7280","product","type-product","status-publish","has-post-thumbnail","hentry","category-architectural-aluminium-profile"],"meta_box":{"hilight_text_group":{"product_hilight_text":"<li>Competitive aluminum price per ton for bulk industrial orders<\/li>\r\r\n<li>Direct factory pricing ensures cost efficiency and stable supply<\/li>\r\r\n<li>Suitable for a wide range of applications across various industries<\/li>\r\r\n<li>Flexible pricing options based on alloy type and order volume<\/li>\r\r\n<li>High-quality raw aluminum with consistent purity and performance<\/li>\r\r\n<li>Timely delivery and logistics support for global customers<\/li>\r\r\n<li>Customized alloy grades available to match specific production needs<\/li>","product_chanpin_blog":"<ul>\r\r\n<li><a href=\"https:\/\/sinoextrud.com\/t-slot-v-slot-differences\/\" target=\"_blank\">t slot vs v slot<\/a><\/li>\r\r\n<li><a href=\"https:\/\/sinoextrud.com\/what-is-4040-aluminium-extrud\/\" target=\"_blank\">4040 aluminium extrusion<\/a><\/li>\r\r\n<li><a href=\"https:\/\/sinoextrud.com\/what-is-4040-aluminium-extrud\/\" target=\"_blank\">aluminum extrusions for industrial racks<\/a><\/li>\r\r\n<li><a href=\"https:\/\/sinoextrud.com\/powder-coating-aluminium-process\/\" target=\"_blank\">powder coating aluminium<\/a><\/li>\r\r\n<li><a href=\"https:\/\/sinoextrud.com\/what-is-an-aluminium-strip-ceiling\/\" target=\"_blank\">aluminium strip ceiling<\/a><\/li>\r\r\n<li><a href=\"https:\/\/sinoextrud.com\/what-is-a-heat-sink\/\" target=\"_blank\">what is a heat sink<\/a><\/li>\r\r\n<\/ul>","product_chanpin_chanpin":"<li><a href=\"https:\/\/sinoextrud.com\/product\/customized-aluminium-heavy-duty-door-hinge\/\" target=\"_blank\">Customized Aluminium Heavy Duty Door Hinge<\/a><\/li>\r\n<li><a href=\"https:\/\/sinoextrud.com\/product\/extruded-aluminium-curtain-walls\/\" target=\"_blank\">Extruded Aluminium Curtain Walls<\/a><\/li>\r\n<li><a href=\"https:\/\/sinoextrud.com\/product\/aluminium-extrusion-handles-for-closet\/\" target=\"_blank\">Aluminium Extrusion Handles for Closet<\/a><\/li>\r\n<li><a href=\"https:\/\/sinoextrud.com\/product\/aluminium-extrusion-machining\/\" target=\"_blank\">Aluminium Extrusion Machining<\/a><\/li>\r\n<li><a href=\"https:\/\/sinoextrud.com\/product\/aluminum-price-per-ton\/\" target=\"_blank\">Aluminum Price Per Ton<\/a><\/li>\r\n<li><a href=\"https:\/\/sinoextrud.com\/product\/aluminium-extrusion-sections\/\" target=\"_blank\">Aluminium Extrusion Sections<\/a><\/li>\r\n<li><a href=\"https:\/\/sinoextrud.com\/product\/types-of-aluminum-profiles\/\" target=\"_blank\">Types Of Aluminum Profiles<\/a><\/li>\r\n<li><a href=\"https:\/\/sinoextrud.com\/product\/aluminium-fabrication\/\" target=\"_blank\">Aluminium Fabrication<\/a><\/li>\r\n<li><a href=\"https:\/\/sinoextrud.com\/product\/aluminium-profile-for-window\/\" target=\"_blank\">Aluminium Profile For Window<\/a><\/li>\r\n<li><a href=\"https:\/\/sinoextrud.com\/product\/aluminium-kitchen-cabinet-handles\/\" target=\"_blank\">Aluminium Kitchen Cabinet Handles<\/a><\/li>\r\n<li><a href=\"https:\/\/sinoextrud.com\/product\/anodized-extruded-aluminium-glazing-profiles\/\" target=\"_blank\">Anodized Extruded Aluminium Glazing Profiles<\/a><\/li>"},"feature_list":[]},"_links":{"self":[{"href":"https:\/\/sinoextrud.com\/hu\/wp-json\/wp\/v2\/product\/7280","targetHints":{"allow":["GET"]}}],"collection":[{"href":"https:\/\/sinoextrud.com\/hu\/wp-json\/wp\/v2\/product"}],"about":[{"href":"https:\/\/sinoextrud.com\/hu\/wp-json\/wp\/v2\/types\/product"}],"wp:featuredmedia":[{"embeddable":true,"href":"https:\/\/sinoextrud.com\/hu\/wp-json\/wp\/v2\/media\/7279"}],"wp:attachment":[{"href":"https:\/\/sinoextrud.com\/hu\/wp-json\/wp\/v2\/media?parent=7280"}],"wp:term":[{"taxonomy":"category","embeddable":true,"href":"https:\/\/sinoextrud.com\/hu\/wp-json\/wp\/v2\/categories?post=7280"}],"curies":[{"name":"wp","href":"https:\/\/api.w.org\/{rel}","templated":true}]}}