{"id":7278,"date":"2025-06-06T03:55:09","date_gmt":"2025-06-06T03:55:09","guid":{"rendered":"https:\/\/sinoextrud.com\/product\/aluminium-extrusion-machining\/"},"modified":"2025-06-24T06:12:25","modified_gmt":"2025-06-24T06:12:25","slug":"aluminium-extrudalas-megmunkalasa","status":"publish","type":"product","link":"https:\/\/sinoextrud.com\/hu\/product\/aluminium-extrusion-machining\/","title":{"rendered":"Alum\u00ednium extrud\u00e1l\u00e1s megmunk\u00e1l\u00e1sa"},"content":{"rendered":"<h2>Term\u00e9kek r\u00e9szletei<\/h2>\n<table class=\"custom-table\">\n<tbody>\n<tr>\n<td> N\u00e9v<\/td>\n<td> Alum\u00ednium extrud\u00e1l\u00e1s megmunk\u00e1l\u00e1sa<\/td>\n<\/tr>\n<tr>\n<td> M\u00e1rka<\/td>\n<td> Sinoextrud\/<\/td>\n<\/tr>\n<tr>\n<td> Kateg\u00f3ria<\/td>\n<td> Alum\u00ednium extrud\u00e1l\u00e1s<\/td>\n<\/tr>\n<tr>\n<td> Anyag<\/td>\n<td> A 6061 sz\u00e9les k\u00f6rben haszn\u00e1latos. A 6063, 6463, 6005, 6082 is rendelkez\u00e9sre \u00e1ll.<\/td>\n<\/tr>\n<tr>\n<td> T\u00edpus<\/td>\n<td> Neh\u00e9z vagy k\u00f6nny\u0171 t\u00edpus \u00e1ll rendelkez\u00e9sre<\/td>\n<\/tr>\n<tr>\n<td> Temper<\/td>\n<td> T5-T8<\/td>\n<\/tr>\n<tr>\n<td> Hossz\u00fas\u00e1g<\/td>\n<td> Az \u00d6n k\u00e9r\u00e9s\u00e9nek megfelel\u0151en a m\u00e9lymegmunk\u00e1l\u00e1sunk alapj\u00e1n<\/td>\n<\/tr>\n<tr>\n<td> M\u00e9ret (mm)<\/td>\n<td> K\u00fcl\u00f6nb\u00f6z\u0151 m\u00e9ret \u00e1ll rendelkez\u00e9sre, \u00fcgyf\u00e9l rajz \u00e1ll rendelkez\u00e9sre<\/td>\n<\/tr>\n<tr>\n<td> Shape<\/td>\n<td> Rajz szerint<\/td>\n<\/tr>\n<tr>\n<td> Fel\u00fcletkezel\u00e9s<\/td>\n<td> Er\u0151bevonat; Malom k\u00e9sz, elox\u00e1lt, homokf\u00fav\u00e1s, elektrofor\u00e9zis is rendelkez\u00e9sre \u00e1ll.<\/td>\n<\/tr>\n<tr>\n<td> Sz\u00ednes<\/td>\n<td> A sz\u00edneket az \u00fcgyfelek mint\u00e1i alapj\u00e1n testreszabhatjuk<\/td>\n<\/tr>\n<tr>\n<td> Garancia<\/td>\n<td> BV , TUV ,ISO<\/td>\n<\/tr>\n<tr>\n<td> Standard<\/td>\n<td> K\u00f6zepes \u00e9s magas min\u0151s\u00e9g<\/td>\n<\/tr>\n<tr>\n<td> MOQ<\/td>\n<td> 200KGS minden egyes t\u00e9telre<\/td>\n<\/tr>\n<tr>\n<td> A  c\u00edmr\u0151l<\/td>\n<td> Guangdong, K\u00edna<\/td>\n<\/tr>\n<tr>\n<td> Alkalmaz\u00e1s<\/td>\n<td> Ipar, \u00e9p\u00edt\u0151ipar, dekor\u00e1ci\u00f3<\/td>\n<\/tr>\n<\/tbody>\n<\/table>\n<h2>Gy\u00e1rt\u00f3 b\u00e1zisunk<\/h2>\n<h3>Gy\u00e1ri panor\u00e1ma<\/h3>\n<p><img decoding=\"async\" src=\"\/wp-content\/uploads\/factory-01.webp\"\/><\/p>\n<h3>Alum\u00ednium r\u00fadgy\u00e1rt\u00f3 m\u0171hely<\/h3>\n<p><img decoding=\"async\" src=\"\/wp-content\/uploads\/factory-02.webp\"\/><\/p>\n<p><img decoding=\"async\" src=\"\/wp-content\/uploads\/factory-03.webp\"\/><\/p>\n<h3>Pen\u00e9sz rakt\u00e1r<\/h3>\n<p><img decoding=\"async\" src=\"\/wp-content\/uploads\/factory-04.webp\"\/><\/p>\n<h3>43 alum\u00ednium extrud\u00e1l\u00f3 vonal (500-5500 tonna)<\/h3>\n<p><img decoding=\"async\" src=\"\/wp-content\/uploads\/factory-05.webp\"\/><\/p>\n<p><img decoding=\"async\" src=\"\/wp-content\/uploads\/factory-06.webp\"\/><\/p>\n<p><img decoding=\"async\" src=\"\/wp-content\/uploads\/factory-07.webp\"\/><\/p>\n<h3>Porfest\u0151 m\u0171hely<\/h3>\n<p><img decoding=\"async\" src=\"\/wp-content\/uploads\/factory-09.webp\"\/><\/p>\n<h3>Anodiz\u00e1l\u00f3 m\u0171hely<\/h3>\n<p><img decoding=\"async\" src=\"\/wp-content\/uploads\/factory-10.webp\"\/><\/p>\n<h3>M\u00e9ly feldolgoz\u00e1si m\u0171hely<\/h3>\n<p><img decoding=\"async\" src=\"\/wp-content\/uploads\/factory-11.webp\"\/><\/p>\n<h3>CNC prec\u00edzi\u00f3s megmunk\u00e1l\u00f3 m\u0171hely<\/h3>\n<p><img decoding=\"async\" src=\"\/wp-content\/uploads\/factory-11.5.webp\"\/><\/p>\n<h3>K\u00e9szterm\u00e9k \u00e9s export rakt\u00e1r<\/h3>\n<p><img decoding=\"async\" src=\"\/wp-content\/uploads\/factory-12.webp\"\/><\/p>\n<p><img decoding=\"async\" src=\"\/wp-content\/uploads\/factory-13.webp\"\/><\/p>\n<p><img decoding=\"async\" src=\"\/wp-content\/uploads\/factory-14.webp\"\/><\/p>\n<h2>GYIK<\/h2>\n<p><p><b>1.Mi az alum\u00ednium extrud\u00e1l\u00e1s megmunk\u00e1l\u00e1sa?<\/b><\/p>\n<p>Az alum\u00ednium extrud\u00e1l\u00e1si megmunk\u00e1l\u00e1s az alum\u00edniumprofilok CNC mar\u00e1ssal, f\u00far\u00e1ssal, csapol\u00e1ssal \u00e9s v\u00e1g\u00e1ssal t\u00f6rt\u00e9n\u0151 testreszab\u00e1sa speci\u00e1lis alkalmaz\u00e1sokhoz.<br \/>\n<\/p><br \/>\n<br \/>\n<p><b>2.Mik az alum\u00ednium extrud\u00e1l\u00e1sok megmunk\u00e1l\u00e1s\u00e1nak el\u0151nyei?<\/b><\/p>\n<p>Ez lehet\u0151v\u00e9 teszi a pontos gy\u00e1rt\u00e1st, a kevesebb k\u00e9zi munk\u00e1t, a jobb illeszked\u00e9st az \u00f6sszeszerel\u00e9s sor\u00e1n \u00e9s a gyorsabb gy\u00e1rt\u00e1si id\u0151t.<br \/>\n<\/p><br \/>\n<br \/>\n<p><b>3.Can ny\u00fajt egy\u00e9ni megmunk\u00e1l\u00e1si szolg\u00e1ltat\u00e1sokat?<\/b><\/p>\n<p>Igen, teljes k\u00f6r\u0171 egyedi megmunk\u00e1l\u00e1st k\u00edn\u00e1lunk, bele\u00e9rtve a furatokat, hornyokat, meneteket, ferd\u00edt\u00e9seket \u00e9s a hosszra v\u00e1g\u00e1st.<br \/>\n<\/p><br \/>\n<br \/>\n<p><b>4.Milyen ipar\u00e1gak haszn\u00e1lj\u00e1k a megmunk\u00e1lt alum\u00ednium extrud\u00e1l\u00e1sokat?<\/b><\/p>\n<p>Az olyan ipar\u00e1gak, mint az elektronika, az \u00e9p\u00edt\u0151ipar, az aut\u00f3ipar, a rep\u00fcl\u0151g\u00e9pipar \u00e9s a b\u00fatoripar gyakran haszn\u00e1lnak megmunk\u00e1lt extrud\u00e1lt term\u00e9keket.<br \/>\n<\/p><br \/>\n<br \/>\n<p><b>5.El\u00e9rhet\u0151-e szoros t\u0171r\u00e9s az alum\u00ednium extrud\u00e1l\u00e1s megmunk\u00e1l\u00e1s\u00e1n\u00e1l?<\/b><\/p>\n<p>Igen, CNC g\u00e9peink nagy pontoss\u00e1g\u00fa t\u0171r\u00e9seket tartanak fenn, amelyek alkalmasak m\u0171szaki \u00e9s ipari felhaszn\u00e1l\u00e1sra.<br \/>\n<\/p><br \/>\n<br \/>\n<p><b>6. k\u00edn\u00e1lnak-e befejez\u0151 szolg\u00e1ltat\u00e1sokat a megmunk\u00e1l\u00e1s ut\u00e1n?<\/b><\/p>\n<p>Igen, elox\u00e1l\u00e1st, porfest\u00e9st, pol\u00edroz\u00e1st \u00e9s kef\u00e9l\u00e9st biztos\u00edtunk mind a funkci\u00f3, mind az eszt\u00e9tikum \u00e9rdek\u00e9ben.<br \/>\n<\/p><br \/>\n<br \/>\n<p><b>7.Hogyan cs\u00f6kkenti a megmunk\u00e1l\u00e1s a gy\u00e1rt\u00e1si k\u00f6lts\u00e9geket?<\/b><\/p>\n<p>Az el\u0151re megmunk\u00e1lt alkatr\u00e9szek megtakar\u00edtj\u00e1k az \u00f6sszeszerel\u00e9si id\u0151t, cs\u00f6kkentik a munkaer\u0151k\u00f6lts\u00e9get, \u00e9s kik\u00fcsz\u00f6b\u00f6lik a m\u00e1sodlagos feldolgoz\u00e1s sz\u00fcks\u00e9gess\u00e9g\u00e9t az \u00fcgyf\u00e9ln\u00e9l.<br \/>\n<\/p><br \/>\n<br \/>\n<p><b>8.Are kis t\u00e9teles megrendel\u00e9seket fogadnak el az egy\u00e9ni alum\u00ednium megmunk\u00e1l\u00e1shoz?<\/b><\/p>\n<p>Igen, t\u00e1mogatjuk a kis \u00e9s nagy volumen\u0171 megrendel\u00e9seket, bele\u00e9rtve a protot\u00edpusgy\u00e1rt\u00e1st \u00e9s az OEM-szolg\u00e1ltat\u00e1sokat is.<br \/>\n<\/p><br \/><\/p>","protected":false},"featured_media":7277,"template":"","categories":[67],"class_list":["post-7278","product","type-product","status-publish","has-post-thumbnail","hentry","category-architectural-aluminium-profile"],"meta_box":{"hilight_text_group":{"product_hilight_text":"<li>Precision CNC machining ensures high dimensional accuracy for aluminum extrusions<\/li>\r\r\n<li>Custom fabrication including drilling, tapping, cutting, and milling available<\/li>\r\r\n<li>Improves assembly efficiency by delivering ready-to-install components<\/li>\r\r\n<li>Supports complex geometries and tight tolerances for industrial applications<\/li>\r\r\n<li>Reduces labor cost and production time for end users<\/li>\r\r\n<li>Suitable for a wide range of industries including aerospace, automotive, and electronics<\/li>\r\r\n<li>Compatible with various surface finishes such as anodizing or powder coating<\/li>","product_chanpin_blog":"<ul>\r\r\n<li><a href=\"https:\/\/sinoextrud.com\/t-slot-v-slot-differences\/\" target=\"_blank\">t slot vs v slot<\/a><\/li>\r\r\n<li><a href=\"https:\/\/sinoextrud.com\/what-is-4040-aluminium-extrud\/\" target=\"_blank\">4040 aluminium extrusion<\/a><\/li>\r\r\n<li><a href=\"https:\/\/sinoextrud.com\/what-is-4040-aluminium-extrud\/\" target=\"_blank\">aluminum extrusions for industrial racks<\/a><\/li>\r\r\n<li><a href=\"https:\/\/sinoextrud.com\/powder-coating-aluminium-process\/\" target=\"_blank\">powder coating aluminium<\/a><\/li>\r\r\n<li><a href=\"https:\/\/sinoextrud.com\/what-is-an-aluminium-strip-ceiling\/\" target=\"_blank\">aluminium strip ceiling<\/a><\/li>\r\r\n<li><a href=\"https:\/\/sinoextrud.com\/what-is-a-heat-sink\/\" target=\"_blank\">what is a heat sink<\/a><\/li>\r\r\n<\/ul>","product_chanpin_chanpin":"<li><a href=\"https:\/\/sinoextrud.com\/product\/aluminium-extrusion-curtain-wall-profile-with-powder-coated-surface-manufacturer-direct-selling\/\" target=\"_blank\">Aluminium Extrusion Curtain Wall Profile With Powder Coated Surface Manufacturer Direct Selling<\/a><\/li>\r\n<li><a href=\"https:\/\/sinoextrud.com\/product\/customized-aluminium-heavy-duty-door-hinge\/\" target=\"_blank\">Customized Aluminium Heavy Duty Door Hinge<\/a><\/li>\r\n<li><a href=\"https:\/\/sinoextrud.com\/product\/extruded-aluminium-curtain-walls\/\" target=\"_blank\">Extruded Aluminium Curtain Walls<\/a><\/li>\r\n<li><a href=\"https:\/\/sinoextrud.com\/product\/aluminium-extrusion-handles-for-closet\/\" target=\"_blank\">Aluminium Extrusion Handles for Closet<\/a><\/li>\r\n<li><a href=\"https:\/\/sinoextrud.com\/product\/aluminium-extrusion-machining\/\" target=\"_blank\">Aluminium Extrusion Machining<\/a><\/li>\r\n<li><a href=\"https:\/\/sinoextrud.com\/product\/aluminum-price-per-ton\/\" target=\"_blank\">Aluminum Price Per Ton<\/a><\/li>\r\n<li><a href=\"https:\/\/sinoextrud.com\/product\/aluminium-extrusion-sections\/\" target=\"_blank\">Aluminium Extrusion Sections<\/a><\/li>\r\n<li><a href=\"https:\/\/sinoextrud.com\/product\/types-of-aluminum-profiles\/\" target=\"_blank\">Types Of Aluminum Profiles<\/a><\/li>\r\n<li><a href=\"https:\/\/sinoextrud.com\/product\/aluminium-fabrication\/\" target=\"_blank\">Aluminium Fabrication<\/a><\/li>\r\n<li><a href=\"https:\/\/sinoextrud.com\/product\/china-aluminum-factory-wholesale-residential-aluminum-fence\/\" target=\"_blank\">China Aluminum Factory Wholesale Residential Aluminum Fence<\/a><\/li>\r\n<li><a href=\"https:\/\/sinoextrud.com\/product\/aluminum-profile-for-kitchen-cabinet-accesory-manufacture-price\/\" target=\"_blank\">Aluminum Profile For Kitchen Cabinet Accesory Manufacture Price<\/a><\/li>"},"feature_list":[]},"_links":{"self":[{"href":"https:\/\/sinoextrud.com\/hu\/wp-json\/wp\/v2\/product\/7278","targetHints":{"allow":["GET"]}}],"collection":[{"href":"https:\/\/sinoextrud.com\/hu\/wp-json\/wp\/v2\/product"}],"about":[{"href":"https:\/\/sinoextrud.com\/hu\/wp-json\/wp\/v2\/types\/product"}],"wp:featuredmedia":[{"embeddable":true,"href":"https:\/\/sinoextrud.com\/hu\/wp-json\/wp\/v2\/media\/7277"}],"wp:attachment":[{"href":"https:\/\/sinoextrud.com\/hu\/wp-json\/wp\/v2\/media?parent=7278"}],"wp:term":[{"taxonomy":"category","embeddable":true,"href":"https:\/\/sinoextrud.com\/hu\/wp-json\/wp\/v2\/categories?post=7278"}],"curies":[{"name":"wp","href":"https:\/\/api.w.org\/{rel}","templated":true}]}}