{"id":7274,"date":"2025-06-06T03:48:30","date_gmt":"2025-06-06T03:48:30","guid":{"rendered":"https:\/\/sinoextrud.com\/product\/extruded-aluminium-curtain-walls\/"},"modified":"2025-06-24T06:12:24","modified_gmt":"2025-06-24T06:12:24","slug":"extrudalt-aluminium-fuggonyfalak","status":"publish","type":"product","link":"https:\/\/sinoextrud.com\/hu\/product\/extruded-aluminium-curtain-walls\/","title":{"rendered":"Extrud\u00e1lt alum\u00ednium f\u00fcgg\u00f6nyfalak"},"content":{"rendered":"<h2>Term\u00e9kek r\u00e9szletei<\/h2>\n<table class=\"custom-table\">\n<tr>\n<td class=\"label\">\nAnyag:<\/td>\n<td> Alum\u00ednium \u00f6tv\u00f6zet<\/td>\n<\/tr>\n<tr>\n<td class=\"label\">Keret F\u00fcgg\u00f6nyfal fajta:<\/td>\n<td> Rejtett keret<\/td>\n<\/tr>\n<tr>\n<td class=\"label\">R\u00e9tegek sz\u00e1ma:<\/td>\n<td> Egyetlen<\/td>\n<\/tr>\n<tr>\n<td class=\"label\">Alak:<\/td>\n<td> Szabv\u00e1nyos s\u00edk<\/td>\n<\/tr>\n<tr>\n<td class=\"label\">Speci\u00e1lis funkci\u00f3:<\/td>\n<td> Fotovoltaikus f\u00fcgg\u00f6nyfal<\/td>\n<\/tr>\n<tr>\n<td class=\"label\">Eredet:<\/td>\n<td> K\u00edna<\/td>\n<\/tr>\n<tr>\n<td class=\"label\">T\u00edpus:<\/td>\n<td> Napellenz\u0151 F\u00fcgg\u00f6ny fal<\/td>\n<\/tr>\n<tr>\n<td class=\"label\">T\u00e1mogat\u00f3 \u00e9p\u00edt\u00e9s:<\/td>\n<td> Keret t\u00edpusa<\/td>\n<\/tr>\n<tr>\n<td class=\"label\">F\u00e9m f\u00fcgg\u00f6nyfal fajta:<\/td>\n<td> Alum\u00ednium panel f\u00fcgg\u00f6ny fal<\/td>\n<\/tr>\n<tr>\n<td class=\"label\">Haszn\u00e1lat:<\/td>\n<td> K\u00fcls\u0151 fal<\/td>\n<\/tr>\n<tr>\n<td class=\"label\">RoHS Anyag:<\/td>\n<td> 390 mm \u00e1tm\u00e9r\u0151ig<\/td>\n<\/tr>\n<tr>\n<td class=\"label\">Specifik\u00e1ci\u00f3:<\/td>\n<td> CE, ISO, JIS, QUALICOAT, ISO9001<\/td>\n<\/tr>\n<tr>\n<td class=\"label\">HS-k\u00f3d:<\/td>\n<td> 76042990<\/td>\n<\/tr>\n<\/table>\n<h2>Gy\u00e1rt\u00f3 b\u00e1zisunk<\/h2>\n<h3>Gy\u00e1ri panor\u00e1ma<\/h3>\n<p><img decoding=\"async\" src=\"\/wp-content\/uploads\/factory-01.webp\"\/><\/p>\n<h3>Alum\u00ednium r\u00fadgy\u00e1rt\u00f3 m\u0171hely<\/h3>\n<p><img decoding=\"async\" src=\"\/wp-content\/uploads\/factory-02.webp\"\/><\/p>\n<\/p>\n<p><img decoding=\"async\" src=\"\/wp-content\/uploads\/factory-03.webp\"\/><\/p>\n<h3>Pen\u00e9sz rakt\u00e1r<\/h3>\n<p><img decoding=\"async\" src=\"\/wp-content\/uploads\/factory-04.webp\"\/><\/p>\n<h3>43 alum\u00ednium extrud\u00e1l\u00f3 vonal (500-5500 tonna)<\/h3>\n<p><img decoding=\"async\" src=\"\/wp-content\/uploads\/factory-05.webp\"\/><\/p>\n<p><img decoding=\"async\" src=\"\/wp-content\/uploads\/factory-06.webp\"\/><\/p>\n<p><img decoding=\"async\" src=\"\/wp-content\/uploads\/factory-07.webp\"\/><\/p>\n<h3>Porfest\u0151 m\u0171hely<\/h3>\n<p><img decoding=\"async\" src=\"\/wp-content\/uploads\/factory-09.webp\"\/><\/p>\n<h3>Anodiz\u00e1l\u00f3 m\u0171hely<\/h3>\n<p><img decoding=\"async\" src=\"\/wp-content\/uploads\/factory-10.webp\"\/><\/p>\n<h3>M\u00e9ly feldolgoz\u00e1si m\u0171hely<\/h3>\n<p><img decoding=\"async\" src=\"\/wp-content\/uploads\/factory-11.webp\"\/><\/p>\n<h3>CNC prec\u00edzi\u00f3s megmunk\u00e1l\u00f3 m\u0171hely<\/h3>\n<p><img decoding=\"async\" src=\"\/wp-content\/uploads\/factory-11.5.webp\"\/><\/p>\n<h3>K\u00e9szterm\u00e9k \u00e9s export rakt\u00e1r<\/h3>\n<p><img decoding=\"async\" src=\"\/wp-content\/uploads\/factory-12.webp\"\/><\/p>\n<p><img decoding=\"async\" src=\"\/wp-content\/uploads\/factory-13.webp\"\/><\/p>\n<p><img decoding=\"async\" src=\"\/wp-content\/uploads\/factory-14.webp\"\/><\/p>\n<h2>GYIK<\/h2>\n<p><b>1.Mi az extrud\u00e1lt alum\u00ednium f\u00fcgg\u00f6nyfalak?<\/b><\/p>\n<p>Az extrud\u00e1lt alum\u00ednium f\u00fcgg\u00f6nyfalak k\u00f6nny\u0171, nem teherhord\u00f3 falrendszerek, amelyek alum\u00ednium profilokb\u00f3l \u00e9s \u00fcveglapokb\u00f3l k\u00e9sz\u00fclnek a modern \u00e9p\u00fcletek sz\u00e1m\u00e1ra.\n<\/p>\n<p><\/p>\n<p><b>2.Mi\u00e9rt v\u00e1lassza az extrud\u00e1lt alum\u00edniumot f\u00fcgg\u00f6nyfalakhoz?<\/b><\/p>\n<p>Az extrud\u00e1lt alum\u00ednium nagy szil\u00e1rds\u00e1got, korr\u00f3zi\u00f3\u00e1ll\u00f3s\u00e1got \u00e9s rugalmass\u00e1got k\u00edn\u00e1l, \u00edgy ide\u00e1lis a f\u00fcgg\u00f6nyfalrendszerekhez.\n<\/p>\n<p><\/p>\n<p><b>3.Energiatakar\u00e9kosak-e az alum\u00ednium f\u00fcgg\u00f6nyfalak?<\/b><\/p>\n<p>Igen, sok rendszer tartalmaz h\u0151szigetel\u0151 sz\u00fcneteket \u00e9s h\u0151szigetelt \u00fcveget az energiahat\u00e9konys\u00e1g jav\u00edt\u00e1sa \u00e9s a HVAC-k\u00f6lts\u00e9gek cs\u00f6kkent\u00e9se \u00e9rdek\u00e9ben.\n<\/p>\n<p><\/p>\n<p><b>4.Can alum\u00ednium f\u00fcgg\u00f6nyfalak testre szabhat\u00f3?<\/b><\/p>\n<p>Term\u00e9szetesen a profilok alakja, m\u00e9rete \u00e9s kivitelez\u00e9se az \u00e9p\u00edt\u00e9szeti \u00e9s teljes\u00edtm\u00e9nybeli ig\u00e9nyeknek megfelel\u0151en alak\u00edthat\u00f3.\n<\/p>\n<p><\/p>\n<p><b>5.Az alum\u00ednium f\u00fcgg\u00f6nyfalak telep\u00edt\u00e9si folyamata egyszer\u0171?<\/b><\/p>\n<p>Igen, az alum\u00ednium k\u00f6nny\u0171s\u00e9ge megk\u00f6nny\u00edti a kezel\u00e9st, az emel\u00e9st \u00e9s a helysz\u00edni telep\u00edt\u00e9st.\n<\/p>\n<p><\/p>\n<p><b>6.Melyek az alum\u00ednium f\u00fcgg\u00f6nyfalak tipikus alkalmaz\u00e1si ter\u00fcletei?<\/b><\/p>\n<p>Sz\u00e9les k\u00f6rben haszn\u00e1lj\u00e1k kereskedelmi \u00e9p\u00fcletekben, irodatornyokban, rep\u00fcl\u0151tereken \u00e9s k\u00f6zint\u00e9zm\u00e9nyekben k\u00fcls\u0151 \u00fcvegez\u00e9si rendszerekhez.\n<\/p>\n<p><\/p>\n<p><b>7.Ezek a f\u00fcgg\u00f6nyfalak id\u0151j\u00e1r\u00e1s\u00e1ll\u00f3ak?<\/b><\/p>\n<p>Igen, \u00fagy tervezt\u00e9k \u0151ket, hogy ellen\u00e1lljanak a sz\u00e9lnek, az es\u0151nek, az UV-sug\u00e1rz\u00e1snak \u00e9s a h\u0151t\u00e1gul\u00e1snak, \u00edgy biztos\u00edtva a tart\u00f3ss\u00e1got minden \u00e9ghajlaton.\n<\/p>\n<p><\/p>\n<p><b>8.K\u00f6rnyezetbar\u00e1t-e az extrud\u00e1lt alum\u00ednium?<\/b><\/p>\n<p>Igen, az alum\u00ednium 100% \u00fajrahasznos\u00edthat\u00f3, \u00e9s hozz\u00e1j\u00e1rul az olyan fenntarthat\u00f3, z\u00f6ld \u00e9p\u00fcletek min\u0151s\u00edt\u00e9s\u00e9hez, mint a LEED.\n<\/p>\n<p><\/p>","protected":false},"featured_media":7273,"template":"","categories":[67],"class_list":["post-7274","product","type-product","status-publish","has-post-thumbnail","hentry","category-architectural-aluminium-profile"],"meta_box":{"hilight_text_group":{"product_hilight_text":"<li>High-strength extruded aluminium ensures reliable structural performance<\/li>\r\r\n<li>Lightweight design reduces building load and eases installation<\/li>\r\r\n<li>Excellent corrosion resistance for long-lasting exterior applications<\/li>\r\r\n<li>Modern and sleek appearance enhances architectural aesthetics<\/li>\r\r\n<li>Supports large glass panels with minimal framing obstruction<\/li>\r\r\n<li>Customizable profiles and finishes to suit project requirements<\/li>\r\r\n<li>Energy-efficient options available with thermal break technology<\/li>","product_chanpin_blog":"<ul>\r\r\n<li><a href=\"https:\/\/sinoextrud.com\/t-slot-v-slot-differences\/\" target=\"_blank\">t slot vs v slot<\/a><\/li>\r\r\n<li><a href=\"https:\/\/sinoextrud.com\/what-is-4040-aluminium-extrud\/\" target=\"_blank\">4040 aluminium extrusion<\/a><\/li>\r\r\n<li><a href=\"https:\/\/sinoextrud.com\/what-is-4040-aluminium-extrud\/\" target=\"_blank\">aluminum extrusions for industrial racks<\/a><\/li>\r\r\n<li><a href=\"https:\/\/sinoextrud.com\/powder-coating-aluminium-process\/\" target=\"_blank\">powder coating aluminium<\/a><\/li>\r\r\n<li><a href=\"https:\/\/sinoextrud.com\/what-is-an-aluminium-strip-ceiling\/\" target=\"_blank\">aluminium strip ceiling<\/a><\/li>\r\r\n<li><a href=\"https:\/\/sinoextrud.com\/what-is-a-heat-sink\/\" target=\"_blank\">what is a heat sink<\/a><\/li>\r\r\n<\/ul>","product_chanpin_chanpin":"<li><a href=\"https:\/\/sinoextrud.com\/product\/aluminium-extrusion-c-beam\/\" target=\"_blank\">Aluminium Extrusion C Beam<\/a><\/li>\r\n<li><a href=\"https:\/\/sinoextrud.com\/product\/extruded-aluminum-tubing-for-stair-rail\/\" target=\"_blank\">Extruded Aluminum Tubing For Stair Rail<\/a><\/li>\r\n<li><a href=\"https:\/\/sinoextrud.com\/product\/aluminium-extrusion-curtain-wall-profile-with-powder-coated-surface-manufacturer-direct-selling\/\" target=\"_blank\">Aluminium Extrusion Curtain Wall Profile With Powder Coated Surface Manufacturer Direct Selling<\/a><\/li>\r\n<li><a href=\"https:\/\/sinoextrud.com\/product\/customized-aluminium-heavy-duty-door-hinge\/\" target=\"_blank\">Customized Aluminium Heavy Duty Door Hinge<\/a><\/li>\r\n<li><a href=\"https:\/\/sinoextrud.com\/product\/extruded-aluminium-curtain-walls\/\" target=\"_blank\">Extruded Aluminium Curtain Walls<\/a><\/li>\r\n<li><a href=\"https:\/\/sinoextrud.com\/product\/aluminium-extrusion-handles-for-closet\/\" target=\"_blank\">Aluminium Extrusion Handles for Closet<\/a><\/li>\r\n<li><a href=\"https:\/\/sinoextrud.com\/product\/aluminium-extrusion-machining\/\" target=\"_blank\">Aluminium Extrusion Machining<\/a><\/li>\r\n<li><a href=\"https:\/\/sinoextrud.com\/product\/aluminum-price-per-ton\/\" target=\"_blank\">Aluminum Price Per Ton<\/a><\/li>\r\n<li><a href=\"https:\/\/sinoextrud.com\/product\/aluminium-extrusion-sections\/\" target=\"_blank\">Aluminium Extrusion Sections<\/a><\/li>\r\n<li><a href=\"https:\/\/sinoextrud.com\/product\/aluminium-cnc-factory-punching-extrusion-profile-tubing-sizes-oem\/\" target=\"_blank\">aluminium cnc factory punching extrusion profile tubing sizes OEM<\/a><\/li>\r\n<li><a href=\"https:\/\/sinoextrud.com\/product\/aluminium-t-bar-extrusions\/\" target=\"_blank\">Aluminium T Bar Extrusions<\/a><\/li>"},"feature_list":[]},"_links":{"self":[{"href":"https:\/\/sinoextrud.com\/hu\/wp-json\/wp\/v2\/product\/7274","targetHints":{"allow":["GET"]}}],"collection":[{"href":"https:\/\/sinoextrud.com\/hu\/wp-json\/wp\/v2\/product"}],"about":[{"href":"https:\/\/sinoextrud.com\/hu\/wp-json\/wp\/v2\/types\/product"}],"wp:featuredmedia":[{"embeddable":true,"href":"https:\/\/sinoextrud.com\/hu\/wp-json\/wp\/v2\/media\/7273"}],"wp:attachment":[{"href":"https:\/\/sinoextrud.com\/hu\/wp-json\/wp\/v2\/media?parent=7274"}],"wp:term":[{"taxonomy":"category","embeddable":true,"href":"https:\/\/sinoextrud.com\/hu\/wp-json\/wp\/v2\/categories?post=7274"}],"curies":[{"name":"wp","href":"https:\/\/api.w.org\/{rel}","templated":true}]}}