{"id":7272,"date":"2025-06-06T03:46:12","date_gmt":"2025-06-06T03:46:12","guid":{"rendered":"https:\/\/sinoextrud.com\/product\/customized-aluminium-heavy-duty-door-hinge\/"},"modified":"2025-06-24T06:12:24","modified_gmt":"2025-06-24T06:12:24","slug":"testreszabott-aluminium-nagy-teherbirasu-ajtopant","status":"publish","type":"product","link":"https:\/\/sinoextrud.com\/hu\/product\/customized-aluminium-heavy-duty-door-hinge\/","title":{"rendered":"Testreszabott alum\u00ednium nagy teherb\u00edr\u00e1s\u00fa ajt\u00f3csukl\u00f3"},"content":{"rendered":"<h2>Term\u00e9kek r\u00e9szletei<\/h2>\n<table class=\"custom-table\">\n<tbody>\n<tr>\n<td> T\u00e9tel:<\/td>\n<td> Testreszabott alum\u00ednium nagy teherb\u00edr\u00e1s\u00fa ajt\u00f3csukl\u00f3<\/td>\n<\/tr>\n<tr>\n<td> Lelkiismeretesen:<\/td>\n<td> T3 - T8<\/td>\n<\/tr>\n<tr>\n<td> Hossz\u00fas\u00e1g:<\/td>\n<td> 1-9 m\u00e9ter vagy testreszabott<\/td>\n<\/tr>\n<tr>\n<td> \u00f6tv\u00f6zet:<\/td>\n<td> \u00d6tv\u00f6zet<\/td>\n<\/tr>\n<tr>\n<td> Oszt\u00e1ly:<\/td>\n<td> 6000-es sorozat<\/td>\n<\/tr>\n<tr>\n<td> Szabv\u00e1nyos:<\/td>\n<td> GB<\/td>\n<\/tr>\n<tr>\n<td> Termel\u00e9si t\u00edpus:<\/td>\n<td> T\u00f6megtermel\u00e9s<\/td>\n<\/tr>\n<tr>\n<td> Minta \u00e1tfut\u00e1si id\u0151:<\/td>\n<td> 10-15 nap<\/td>\n<\/tr>\n<tr>\n<td> Sz\u00e1ll\u00edt\u00e1si csomag:<\/td>\n<td> M\u0171anyag v\u00e9d\u0151f\u00f3lia \u00e9s v\u00edz\u00e1ll\u00f3 k\u00e9zm\u0171ves pap\u00edr<\/td>\n<\/tr>\n<tr>\n<td> Eredet:<\/td>\n<td> Foshan, K\u00edna<\/td>\n<\/tr>\n<tr>\n<td> Alkalmaz\u00e1s:<\/td>\n<td> Alum\u00ednium nagy teherb\u00edr\u00e1s\u00fa ajt\u00f3p\u00e1nt ajt\u00f3hoz<\/td>\n<\/tr>\n<tr>\n<td> Fel\u00fcletkezel\u00e9s:<\/td>\n<td> Custom<\/td>\n<\/tr>\n<tr>\n<td> T\u00f6megtermel\u00e9s:<\/td>\n<td> 25-30 nap a minta vev\u0151 \u00e1ltali meger\u0151s\u00edt\u00e9se ut\u00e1n<\/td>\n<\/tr>\n<tr>\n<td> K\u00e9pess\u00e9g:<\/td>\n<td> 200,000+ tonna\/\u00e9v<\/td>\n<\/tr>\n<tr>\n<td> V\u00e9djegy:<\/td>\n<td> Sinoextrud (Sinoextrud) \/ OEM<\/td>\n<\/tr>\n<\/tbody>\n<\/table>\n<h2>Gy\u00e1rt\u00f3 b\u00e1zisunk<\/h2>\n<h3>Gy\u00e1ri panor\u00e1ma<\/h3>\n<p><img decoding=\"async\" src=\"\/wp-content\/uploads\/factory-01.webp\"\/><\/p>\n<h3>Alum\u00ednium r\u00fadgy\u00e1rt\u00f3 m\u0171hely<\/h3>\n<p><img decoding=\"async\" src=\"\/wp-content\/uploads\/factory-02.webp\"\/><\/p>\n<\/p>\n<p><img decoding=\"async\" src=\"\/wp-content\/uploads\/factory-03.webp\"\/><\/p>\n<h3>Pen\u00e9sz rakt\u00e1r<\/h3>\n<p><img decoding=\"async\" src=\"\/wp-content\/uploads\/factory-04.webp\"\/><\/p>\n<h3>43 alum\u00ednium extrud\u00e1l\u00f3 vonal (500-5500 tonna)<\/h3>\n<p><img decoding=\"async\" src=\"\/wp-content\/uploads\/factory-05.webp\"\/><\/p>\n<p><img decoding=\"async\" src=\"\/wp-content\/uploads\/factory-06.webp\"\/><\/p>\n<p><img decoding=\"async\" src=\"\/wp-content\/uploads\/factory-07.webp\"\/><\/p>\n<h3>Porfest\u0151 m\u0171hely<\/h3>\n<p><img decoding=\"async\" src=\"\/wp-content\/uploads\/factory-09.webp\"\/><\/p>\n<h3>Anodiz\u00e1l\u00f3 m\u0171hely<\/h3>\n<p><img decoding=\"async\" src=\"\/wp-content\/uploads\/factory-10.webp\"\/><\/p>\n<h3>M\u00e9ly feldolgoz\u00e1si m\u0171hely<\/h3>\n<p><img decoding=\"async\" src=\"\/wp-content\/uploads\/factory-11.webp\"\/><\/p>\n<h3>CNC prec\u00edzi\u00f3s megmunk\u00e1l\u00f3 m\u0171hely<\/h3>\n<p><img decoding=\"async\" src=\"\/wp-content\/uploads\/factory-11.5.webp\"\/><\/p>\n<h3>K\u00e9szterm\u00e9k \u00e9s export rakt\u00e1r<\/h3>\n<p><img decoding=\"async\" src=\"\/wp-content\/uploads\/factory-12.webp\"\/><\/p>\n<p><img decoding=\"async\" src=\"\/wp-content\/uploads\/factory-13.webp\"\/><\/p>\n<p><img decoding=\"async\" src=\"\/wp-content\/uploads\/factory-14.webp\"\/><\/p>\n<h2>GYIK<\/h2>\n<p><b>1.Mi az egyedi alum\u00ednium nagy teherb\u00edr\u00e1s\u00fa ajt\u00f3csukl\u00f3?<\/b><\/p>\n<p>Ez egy robusztus, nagy teherb\u00edr\u00e1s\u00fa ajt\u00f3khoz tervezett alum\u00ednium csukl\u00f3p\u00e1nt, amelyet egyedi ipari vagy kereskedelmi ajt\u00f3rendszerekhez szabtak.\n<\/p>\n<p><\/p>\n<p><b>2.Mi\u00e9rt v\u00e1lassza az alum\u00edniumot a nagy teherb\u00edr\u00e1s\u00fa ajt\u00f3p\u00e1ntokhoz?<\/b><\/p>\n<p>Az alum\u00ednium er\u0151s, k\u00f6nny\u0171 \u00e9s korr\u00f3zi\u00f3\u00e1ll\u00f3 alternat\u00edv\u00e1t k\u00edn\u00e1l az ac\u00e9lhoz k\u00e9pest, cs\u00f6kkentve az ajt\u00f3 teljes t\u00f6meg\u00e9t, mik\u00f6zben a tart\u00f3ss\u00e1got is meg\u0151rzi.\n<\/p>\n<p><\/p>\n<p><b>3.Can ezek az ajt\u00f3p\u00e1ntok testre szabhat\u00f3ak?<\/b><\/p>\n<p>Igen, m\u00e9ret\u00fck, furatmint\u00e1zatuk, terhelhet\u0151s\u00e9g\u00fck \u00e9s kivitel\u00fck az egyedi alkalmaz\u00e1si k\u00f6vetelm\u00e9nyekhez igaz\u00edthat\u00f3.\n<\/p>\n<p><\/p>\n<p><b>4.Alkalmasak-e az alum\u00ednium ajt\u00f3p\u00e1ntok k\u00fclt\u00e9ri haszn\u00e1latra?<\/b><\/p>\n<p>Igen, korr\u00f3zi\u00f3\u00e1ll\u00f3 bevonattal rendelkeznek, amely v\u00e9d az id\u0151j\u00e1r\u00e1s \u00e9s a nedvess\u00e9g ellen.\n<\/p>\n<p><\/p>\n<p><b>5.Milyen t\u00edpus\u00fa ajt\u00f3kon haszn\u00e1lhat\u00f3k nagy teherb\u00edr\u00e1s\u00fa alum\u00ednium zsan\u00e9rok?<\/b><\/p>\n<p>Ezek a zsan\u00e9rok ide\u00e1lisak f\u00e9m ajt\u00f3khoz, kereskedelmi bej\u00e1ratokhoz, ipari burkolatokhoz \u00e9s neh\u00e9z hozz\u00e1f\u00e9r\u00e9si panelekhez.\n<\/p>\n<p><\/p>\n<p><b>6.K\u00f6nny\u0171-e az alum\u00ednium nagy teherb\u00edr\u00e1s\u00fa zsan\u00e9rok beszerel\u00e9se?<\/b><\/p>\n<p>Igen, a k\u00f6nny\u0171 kialak\u00edt\u00e1s leegyszer\u0171s\u00edti a kezel\u00e9st \u00e9s a szerel\u00e9st, cs\u00f6kkentve a munkaid\u0151t \u00e9s a f\u00e1rads\u00e1got.\n<\/p>\n<p><\/p>\n<p><b>7.Mennyire tart\u00f3sak az egyedi alum\u00ednium ajt\u00f3p\u00e1ntok?<\/b><\/p>\n<p>Nagy ciklus\u00fa haszn\u00e1latra \u00e9s hossz\u00fa t\u00e1v\u00fa megb\u00edzhat\u00f3s\u00e1gra k\u00e9sz\u00fcltek, m\u00e9g ig\u00e9nyes k\u00f6rnyezetben is.\n<\/p>\n<p><\/p>\n<p><b>8.Ezek az ajt\u00f3p\u00e1ntok k\u00f6rnyezetbar\u00e1tok?<\/b><\/p>\n<p>Igen, az alum\u00ednium teljes m\u00e9rt\u00e9kben \u00fajrahasznos\u00edthat\u00f3 \u00e9s energiahat\u00e9kony, t\u00e1mogatva a fenntarthat\u00f3 \u00e9p\u00edt\u00e9si gyakorlatokat.\n<\/p>\n<p><\/p>","protected":false},"featured_media":7271,"template":"","categories":[67],"class_list":["post-7272","product","type-product","status-publish","has-post-thumbnail","hentry","category-architectural-aluminium-profile"],"meta_box":{"hilight_text_group":{"product_hilight_text":"<li>Made from high-strength aluminum for heavy-duty door applications<\/li>\r\r\n<li>Corrosion-resistant finish ensures long-term durability<\/li>\r\r\n<li>Customized design to fit various commercial and industrial door systems<\/li>\r\r\n<li>Lightweight construction allows for easy installation and operation<\/li>\r\r\n<li>Precision-machined for smooth and stable hinge performance<\/li>\r\r\n<li>Compatible with both aluminum and steel door frames<\/li>\r\r\n<li>Available in multiple finishes and sizes to match project needs<\/li>","product_chanpin_blog":"<ul>\r\r\n<li><a href=\"https:\/\/sinoextrud.com\/t-slot-v-slot-differences\/\" target=\"_blank\">t slot vs v slot<\/a><\/li>\r\r\n<li><a href=\"https:\/\/sinoextrud.com\/what-is-4040-aluminium-extrud\/\" target=\"_blank\">4040 aluminium extrusion<\/a><\/li>\r\r\n<li><a href=\"https:\/\/sinoextrud.com\/what-is-4040-aluminium-extrud\/\" target=\"_blank\">aluminum extrusions for industrial racks<\/a><\/li>\r\r\n<li><a href=\"https:\/\/sinoextrud.com\/powder-coating-aluminium-process\/\" target=\"_blank\">powder coating aluminium<\/a><\/li>\r\r\n<li><a href=\"https:\/\/sinoextrud.com\/what-is-an-aluminium-strip-ceiling\/\" target=\"_blank\">aluminium strip ceiling<\/a><\/li>\r\r\n<li><a href=\"https:\/\/sinoextrud.com\/what-is-a-heat-sink\/\" target=\"_blank\">what is a heat sink<\/a><\/li>\r\r\n<\/ul>","product_chanpin_chanpin":"<li><a href=\"https:\/\/sinoextrud.com\/product\/aluminium-system-profile\/\" target=\"_blank\">Aluminium System Profile<\/a><\/li>\r\n<li><a href=\"https:\/\/sinoextrud.com\/product\/aluminium-extrusion-c-beam\/\" target=\"_blank\">Aluminium Extrusion C Beam<\/a><\/li>\r\n<li><a href=\"https:\/\/sinoextrud.com\/product\/extruded-aluminum-tubing-for-stair-rail\/\" target=\"_blank\">Extruded Aluminum Tubing For Stair Rail<\/a><\/li>\r\n<li><a href=\"https:\/\/sinoextrud.com\/product\/aluminium-extrusion-curtain-wall-profile-with-powder-coated-surface-manufacturer-direct-selling\/\" target=\"_blank\">Aluminium Extrusion Curtain Wall Profile With Powder Coated Surface Manufacturer Direct Selling<\/a><\/li>\r\n<li><a href=\"https:\/\/sinoextrud.com\/product\/customized-aluminium-heavy-duty-door-hinge\/\" target=\"_blank\">Customized Aluminium Heavy Duty Door Hinge<\/a><\/li>\r\n<li><a href=\"https:\/\/sinoextrud.com\/product\/extruded-aluminium-curtain-walls\/\" target=\"_blank\">Extruded Aluminium Curtain Walls<\/a><\/li>\r\n<li><a href=\"https:\/\/sinoextrud.com\/product\/aluminium-extrusion-handles-for-closet\/\" target=\"_blank\">Aluminium Extrusion Handles for Closet<\/a><\/li>\r\n<li><a href=\"https:\/\/sinoextrud.com\/product\/aluminium-extrusion-machining\/\" target=\"_blank\">Aluminium Extrusion Machining<\/a><\/li>\r\n<li><a href=\"https:\/\/sinoextrud.com\/product\/aluminum-price-per-ton\/\" target=\"_blank\">Aluminum Price Per Ton<\/a><\/li>\r\n<li><a href=\"https:\/\/sinoextrud.com\/product\/powder-coated-and-anodized-aluminium-profile-for-electric-frame-motor-housing-and-aluminum-enclosure\/\" target=\"_blank\">Powder coated and Anodized aluminium profile for electric frame motor housing and aluminum enclosure<\/a><\/li>\r\n<li><a href=\"https:\/\/sinoextrud.com\/product\/aluminum-extrusion-6063-large-diameter-aluminum-tube\/\" target=\"_blank\">Aluminum Extrusion 6063 Large Diameter Aluminum Tube<\/a><\/li>"},"feature_list":[]},"_links":{"self":[{"href":"https:\/\/sinoextrud.com\/hu\/wp-json\/wp\/v2\/product\/7272","targetHints":{"allow":["GET"]}}],"collection":[{"href":"https:\/\/sinoextrud.com\/hu\/wp-json\/wp\/v2\/product"}],"about":[{"href":"https:\/\/sinoextrud.com\/hu\/wp-json\/wp\/v2\/types\/product"}],"wp:featuredmedia":[{"embeddable":true,"href":"https:\/\/sinoextrud.com\/hu\/wp-json\/wp\/v2\/media\/7271"}],"wp:attachment":[{"href":"https:\/\/sinoextrud.com\/hu\/wp-json\/wp\/v2\/media?parent=7272"}],"wp:term":[{"taxonomy":"category","embeddable":true,"href":"https:\/\/sinoextrud.com\/hu\/wp-json\/wp\/v2\/categories?post=7272"}],"curies":[{"name":"wp","href":"https:\/\/api.w.org\/{rel}","templated":true}]}}