{"id":7270,"date":"2025-06-06T03:43:29","date_gmt":"2025-06-06T03:43:29","guid":{"rendered":"https:\/\/sinoextrud.com\/product\/aluminium-extrusion-curtain-wall-profile-with-powder-coated-surface-manufacturer-direct-selling\/"},"modified":"2025-06-24T06:12:24","modified_gmt":"2025-06-24T06:12:24","slug":"aluminium-extrudalt-fuggonyfal-profil-porszort-felulettel-gyarto-kozvetlen-ertekesitese","status":"publish","type":"product","link":"https:\/\/sinoextrud.com\/hu\/product\/aluminium-extrusion-curtain-wall-profile-with-powder-coated-surface-manufacturer-direct-selling\/","title":{"rendered":"Alum\u00ednium extrud\u00e1lt f\u00fcgg\u00f6nyfal profil porsz\u00f3rt fel\u00fclettel Gy\u00e1rt\u00f3 k\u00f6zvetlen \u00e9rt\u00e9kes\u00edt\u00e9se"},"content":{"rendered":"<h2>Term\u00e9kek r\u00e9szletei<\/h2>\n<table class=\"custom-table\">\n<tbody>\n<tr>\n<td> 1<\/td>\n<td> T\u00e9tel<\/td>\n<td> Alum\u00ednium extrud\u00e1lt f\u00fcgg\u00f6nyfal profil porsz\u00f3rt fel\u00fclettel Gy\u00e1rt\u00f3 k\u00f6zvetlen \u00e9rt\u00e9kes\u00edt\u00e9se<\/td>\n<\/tr>\n<tr>\n<td> 2<\/td>\n<td> Anyag<\/td>\n<td> 6063 \u00f6tv\u00f6zet<\/td>\n<\/tr>\n<tr>\n<td> 3<\/td>\n<td> Temper<\/td>\n<td> T5<\/td>\n<\/tr>\n<tr>\n<td> 4<\/td>\n<td> Tan\u00fas\u00edtv\u00e1ny<\/td>\n<td> ISO9001, ISO14001<\/td>\n<\/tr>\n<tr>\n<td> 5<\/td>\n<td> K\u00e9pess\u00e9g<\/td>\n<td> \u00c9ves termel\u00e9s t\u00f6bb mint 60 000 tonna<\/td>\n<\/tr>\n<tr>\n<td> 6<\/td>\n<td> Sz\u00ednes<\/td>\n<td> Testreszabott el\u00e9rhet\u0151<\/td>\n<\/tr>\n<tr>\n<td> 7<\/td>\n<td> Hossz\u00fas\u00e1g<\/td>\n<td> 1-9 m\u00e9ter vagy testreszabott<\/td>\n<\/tr>\n<tr>\n<td> 8<\/td>\n<td> Vastags\u00e1g<\/td>\n<td> Testreszabott<\/td>\n<\/tr>\n<tr>\n<td> 9<\/td>\n<td> Fel\u00fcletkezel\u00e9s<\/td>\n<td> malomf\u00e9nyez\u00e9s, elox\u00e1l\u00e1s, elektrofor\u00e9zis, porfest\u00e9s, fa szemcs\u00e9s \u00e1tvitel, fluorkarbon bevonat stb.<\/td>\n<\/tr>\n<tr>\n<td> 10<\/td>\n<td> Alkalmaz\u00e1s<\/td>\n<td> ablak- \u00e9s ajt\u00f3szakasz, korl\u00e1t, f\u00fcgg\u00f6nyfal<\/td>\n<\/tr>\n<tr>\n<td> 11<\/td>\n<td> Rakod\u00f3 kik\u00f6t\u0151<\/td>\n<td> Shenzhen, Guangzhou, Foshan kik\u00f6t\u0151<\/td>\n<\/tr>\n<tr>\n<td> 12<\/td>\n<td> Fizet\u00e9s<\/td>\n<td> T \/ T, 30% el\u0151leg, m\u00edg az egyenleget a sz\u00e1ll\u00edt\u00e1s el\u0151tt kell kifizetni<\/td>\n<\/tr>\n<tr>\n<td> 13<\/td>\n<td> Csomag<\/td>\n<td> 1.Inside: m\u0171anyag v\u00e9d\u0151f\u00f3li\u00e1val csomagolva az egyes profilok v\u00e9delme \u00e9rdek\u00e9ben<br \/>\n2.Outside: v\u00edz\u00e1ll\u00f3 k\u00e9zm\u0171ves pap\u00edrral csomagolva<\/td>\n<\/tr>\n<tr>\n<td> 14<\/td>\n<td> Sz\u00e1ll\u00edt\u00e1s<\/td>\n<td> 25-30 nappal az el\u0151leg befizet\u00e9se ut\u00e1n<\/td>\n<\/tr>\n<tr>\n<td> 15<\/td>\n<td> Rendez\u00e9si sorrend<\/td>\n<td> 1. Er\u0151s\u00edtse meg a rajzokat, a fel\u00fcletkezel\u00e9st \u00e9s az \u00e1rat;<br \/>\n2. Fizesse ki a formad\u00edjat, \u00e9s elkezdj\u00fck a form\u00e1k elk\u00e9sz\u00edt\u00e9s\u00e9t;<br \/>\n3. Mint\u00e1kat k\u00fcld\u00fcnk \u00d6nnek a meger\u0151s\u00edt\u00e9shez;<br \/>\n4. Tegye meg a 30% let\u00e9t kifizet\u00e9s\u00e9t, kezdje meg a gy\u00e1rt\u00e1st;<\/td>\n<\/tr>\n<\/tbody>\n<\/table>\n<h2>Gy\u00e1rt\u00f3 b\u00e1zisunk<\/h2>\n<h3>Gy\u00e1ri panor\u00e1ma<\/h3>\n<p><img decoding=\"async\" src=\"\/wp-content\/uploads\/factory-01.webp\"\/><\/p>\n<h3>Alum\u00ednium r\u00fadgy\u00e1rt\u00f3 m\u0171hely<\/h3>\n<p><img decoding=\"async\" src=\"\/wp-content\/uploads\/factory-02.webp\"\/><\/p>\n<p><img decoding=\"async\" src=\"\/wp-content\/uploads\/factory-03.webp\"\/><\/p>\n<h3>Pen\u00e9sz rakt\u00e1r<\/h3>\n<p><img decoding=\"async\" src=\"\/wp-content\/uploads\/factory-04.webp\"\/><\/p>\n<h3>43 alum\u00ednium extrud\u00e1l\u00f3 vonal (500-5500 tonna)<\/h3>\n<p><img decoding=\"async\" src=\"\/wp-content\/uploads\/factory-05.webp\"\/><\/p>\n<p><img decoding=\"async\" src=\"\/wp-content\/uploads\/factory-06.webp\"\/><\/p>\n<p><img decoding=\"async\" src=\"\/wp-content\/uploads\/factory-07.webp\"\/><\/p>\n<h3>Porfest\u0151 m\u0171hely<\/h3>\n<p><img decoding=\"async\" src=\"\/wp-content\/uploads\/factory-09.webp\"\/><\/p>\n<h3>Anodiz\u00e1l\u00f3 m\u0171hely<\/h3>\n<p><img decoding=\"async\" src=\"\/wp-content\/uploads\/factory-10.webp\"\/><\/p>\n<h3>M\u00e9ly feldolgoz\u00e1si m\u0171hely<\/h3>\n<p><img decoding=\"async\" src=\"\/wp-content\/uploads\/factory-11.webp\"\/><\/p>\n<h3>CNC prec\u00edzi\u00f3s megmunk\u00e1l\u00f3 m\u0171hely<\/h3>\n<p><img decoding=\"async\" src=\"\/wp-content\/uploads\/factory-11.5.webp\"\/><\/p>\n<h3>K\u00e9szterm\u00e9k \u00e9s export rakt\u00e1r<\/h3>\n<p><img decoding=\"async\" src=\"\/wp-content\/uploads\/factory-12.webp\"\/><\/p>\n<p><img decoding=\"async\" src=\"\/wp-content\/uploads\/factory-13.webp\"\/><\/p>\n<p><img decoding=\"async\" src=\"\/wp-content\/uploads\/factory-14.webp\"\/><\/p>\n<h2>GYIK<\/h2>\n<p><p><b>1.Mi az alum\u00ednium extrud\u00e1lt f\u00fcgg\u00f6nyfalprofil porsz\u00f3rt fel\u00fclettel?<\/b><\/p>\n<p>A f\u00fcgg\u00f6nyfalrendszerekben haszn\u00e1lt szerkezeti alum\u00edniumprofil, amely a tart\u00f3ss\u00e1g \u00e9s az eszt\u00e9tikum fokoz\u00e1sa \u00e9rdek\u00e9ben porsz\u00f3r\u00e1ssal van bevonva.<br \/>\n<\/p><br \/>\n<br \/>\n<p><b>2.Mi\u00e9rt v\u00e1lasszuk a porfestett alum\u00ednium profilokat f\u00fcgg\u00f6nyfalakhoz?<\/b><\/p>\n<p>A porfest\u00e9k kiv\u00e1l\u00f3 UV-, korr\u00f3zi\u00f3- \u00e9s karc\u00e1ll\u00f3s\u00e1got biztos\u00edt, \u00edgy ide\u00e1lis a hossz\u00fa t\u00e1v\u00fa k\u00fclt\u00e9ri haszn\u00e1latra.<br \/>\n<\/p><br \/>\n<br \/>\n<p><b>3.A f\u00fcgg\u00f6nyfal alum\u00ednium profilok testre szabhat\u00f3k?<\/b><\/p>\n<p>Igen, ezek a profilok m\u00e9ret, forma, sz\u00edn \u00e9s kivitel tekintet\u00e9ben testre szabhat\u00f3k, hogy megfeleljenek az \u00e9p\u00edt\u00e9szeti \u00e9s projektspecifikus k\u00f6vetelm\u00e9nyeknek.<br \/>\n<\/p><br \/>\n<br \/>\n<p><b>4.Hogyan el\u0151ny\u00f6s a gy\u00e1rt\u00f3 k\u00f6zvetlen \u00e9rt\u00e9kes\u00edt\u00e9se a v\u00e1s\u00e1rl\u00f3k sz\u00e1m\u00e1ra?<\/b><\/p>\n<p>A gy\u00e1rt\u00f3 k\u00f6zvetlen \u00e9rt\u00e9kes\u00edt\u00e9se cs\u00f6kkenti a k\u00f6zvet\u00edt\u0151i k\u00f6lts\u00e9geket, \u00edgy versenyk\u00e9pesebb \u00e1rakat \u00e9s megb\u00edzhat\u00f3bb ell\u00e1t\u00e1st biztos\u00edt a t\u00f6meges f\u00fcgg\u00f6nyfal-projektek sz\u00e1m\u00e1ra.<br \/>\n<\/p><br \/>\n<br \/>\n<p><b>5.Milyen el\u0151ny\u00f6kkel j\u00e1r az alum\u00ednium extrud\u00e1l\u00e1sok alkalmaz\u00e1sa a f\u00fcgg\u00f6nyfalakban?<\/b><\/p>\n<p>Az alum\u00ednium extrud\u00e1l\u00e1sok k\u00f6nny\u0171ek, er\u0151sek, korr\u00f3zi\u00f3\u00e1ll\u00f3ak, \u00e9s eleg\u00e1ns, modern \u00e9p\u00edt\u00e9szeti kialak\u00edt\u00e1sokat tesznek lehet\u0151v\u00e9.<br \/>\n<\/p><br \/>\n<br \/>\n<p><b>6.Alkalmas-e a porsz\u00f3rt alum\u00ednium magas \u00e9p\u00fcletekhez?<\/b><\/p>\n<p>Id\u0151j\u00e1r\u00e1s\u00e1ll\u00f3 tulajdons\u00e1gai \u00e9s szil\u00e1rds\u00e1ga miatt ide\u00e1lis a magas\u00e9p\u00edt\u00e9s\u0171 \u00e9s nagym\u00e9ret\u0171 kereskedelmi homlokzati rendszerekhez.<br \/>\n<\/p><br \/>\n<br \/>\n<p><b>7.T\u00e1mogathatj\u00e1k-e ezek a profilok az energiahat\u00e9kony f\u00fcgg\u00f6nyfalkialak\u00edt\u00e1sokat?<\/b><\/p>\n<p>Igen, a profilok integr\u00e1lhat\u00f3k h\u0151szigetel\u0151 rendszerekkel \u00e9s dupla \u00fcvegez\u00e9s\u0171 panelekkel az energiahat\u00e9konys\u00e1g jav\u00edt\u00e1sa \u00e9rdek\u00e9ben.<br \/>\n<\/p><br \/><\/p>","protected":false},"featured_media":7269,"template":"","categories":[67],"class_list":["post-7270","product","type-product","status-publish","has-post-thumbnail","hentry","category-architectural-aluminium-profile"],"meta_box":{"hilight_text_group":{"product_hilight_text":"<li>High-strength aluminum extrusion ideal for curtain wall systems<\/li>\r\r\n<li>Durable powder coated surface for enhanced weather resistance<\/li>\r\r\n<li>Modern aesthetics with customizable colors and finishes<\/li>\r\r\n<li>Direct manufacturer pricing for cost-effective sourcing<\/li>\r\r\n<li>Precision-engineered profiles ensure easy installation and stability<\/li>\r\r\n<li>Suitable for commercial, residential, and high-rise applications<\/li>","product_chanpin_blog":"<ul>\r\r\n<li><a href=\"https:\/\/sinoextrud.com\/t-slot-v-slot-differences\/\" target=\"_blank\">t slot vs v slot<\/a><\/li>\r\r\n<li><a href=\"https:\/\/sinoextrud.com\/what-is-4040-aluminium-extrud\/\" target=\"_blank\">4040 aluminium extrusion<\/a><\/li>\r\r\n<li><a href=\"https:\/\/sinoextrud.com\/what-is-4040-aluminium-extrud\/\" target=\"_blank\">aluminum extrusions for industrial racks<\/a><\/li>\r\r\n<li><a href=\"https:\/\/sinoextrud.com\/powder-coating-aluminium-process\/\" target=\"_blank\">powder coating aluminium<\/a><\/li>\r\r\n<li><a href=\"https:\/\/sinoextrud.com\/what-is-an-aluminium-strip-ceiling\/\" target=\"_blank\">aluminium strip ceiling<\/a><\/li>\r\r\n<li><a href=\"https:\/\/sinoextrud.com\/what-is-a-heat-sink\/\" target=\"_blank\">what is a heat sink<\/a><\/li>\r\r\n<\/ul>","product_chanpin_chanpin":"<li><a href=\"https:\/\/sinoextrud.com\/product\/extruded-aluminum-profiles\/\" target=\"_blank\">Extruded Aluminum Profiles<\/a><\/li>\r\n<li><a href=\"https:\/\/sinoextrud.com\/product\/aluminium-system-profile\/\" target=\"_blank\">Aluminium System Profile<\/a><\/li>\r\n<li><a href=\"https:\/\/sinoextrud.com\/product\/aluminium-extrusion-c-beam\/\" target=\"_blank\">Aluminium Extrusion C Beam<\/a><\/li>\r\n<li><a href=\"https:\/\/sinoextrud.com\/product\/extruded-aluminum-tubing-for-stair-rail\/\" target=\"_blank\">Extruded Aluminum Tubing For Stair Rail<\/a><\/li>\r\n<li><a href=\"https:\/\/sinoextrud.com\/product\/aluminium-extrusion-curtain-wall-profile-with-powder-coated-surface-manufacturer-direct-selling\/\" target=\"_blank\">Aluminium Extrusion Curtain Wall Profile With Powder Coated Surface Manufacturer Direct Selling<\/a><\/li>\r\n<li><a href=\"https:\/\/sinoextrud.com\/product\/customized-aluminium-heavy-duty-door-hinge\/\" target=\"_blank\">Customized Aluminium Heavy Duty Door Hinge<\/a><\/li>\r\n<li><a href=\"https:\/\/sinoextrud.com\/product\/extruded-aluminium-curtain-walls\/\" target=\"_blank\">Extruded Aluminium Curtain Walls<\/a><\/li>\r\n<li><a href=\"https:\/\/sinoextrud.com\/product\/aluminium-extrusion-handles-for-closet\/\" target=\"_blank\">Aluminium Extrusion Handles for Closet<\/a><\/li>\r\n<li><a href=\"https:\/\/sinoextrud.com\/product\/aluminium-extrusion-machining\/\" target=\"_blank\">Aluminium Extrusion Machining<\/a><\/li>\r\n<li><a href=\"https:\/\/sinoextrud.com\/product\/aluminium-sections-for-sliding-doors\/\" target=\"_blank\">Aluminium Sections For Sliding Doors<\/a><\/li>\r\n<li><a href=\"https:\/\/sinoextrud.com\/product\/extruded-aluminum-channel-shapes-customized\/\" target=\"_blank\">Extruded Aluminum Channel Shapes Customized<\/a><\/li>"},"feature_list":[]},"_links":{"self":[{"href":"https:\/\/sinoextrud.com\/hu\/wp-json\/wp\/v2\/product\/7270","targetHints":{"allow":["GET"]}}],"collection":[{"href":"https:\/\/sinoextrud.com\/hu\/wp-json\/wp\/v2\/product"}],"about":[{"href":"https:\/\/sinoextrud.com\/hu\/wp-json\/wp\/v2\/types\/product"}],"wp:featuredmedia":[{"embeddable":true,"href":"https:\/\/sinoextrud.com\/hu\/wp-json\/wp\/v2\/media\/7269"}],"wp:attachment":[{"href":"https:\/\/sinoextrud.com\/hu\/wp-json\/wp\/v2\/media?parent=7270"}],"wp:term":[{"taxonomy":"category","embeddable":true,"href":"https:\/\/sinoextrud.com\/hu\/wp-json\/wp\/v2\/categories?post=7270"}],"curies":[{"name":"wp","href":"https:\/\/api.w.org\/{rel}","templated":true}]}}