{"id":7268,"date":"2025-06-06T03:40:48","date_gmt":"2025-06-06T03:40:48","guid":{"rendered":"https:\/\/sinoextrud.com\/product\/extruded-aluminum-tubing-for-stair-rail\/"},"modified":"2025-06-24T06:12:24","modified_gmt":"2025-06-24T06:12:24","slug":"extrudalt-aluminium-cso-lepcsosinhez","status":"publish","type":"product","link":"https:\/\/sinoextrud.com\/hu\/product\/extruded-aluminum-tubing-for-stair-rail\/","title":{"rendered":"Extrud\u00e1lt alum\u00ednium cs\u00f6vek l\u00e9pcs\u0151s\u00ednhez"},"content":{"rendered":"<h2>Term\u00e9kek r\u00e9szletei<\/h2>\n<table class=\"custom-table\">\n<tbody>\n<tr>\n<td> Term\u00e9k neve<\/td>\n<td> t-ny\u00edl\u00e1s\u00fa alum\u00ednium profil<\/td>\n<\/tr>\n<tr>\n<td> Anyag<\/td>\n<td> 6063<\/td>\n<\/tr>\n<tr>\n<td> Temper<\/td>\n<td> T5, T6<\/td>\n<\/tr>\n<tr>\n<td> Vastags\u00e1g<\/td>\n<td> Profilvastags\u00e1g a m\u00e9retre szabottan<\/td>\n<\/tr>\n<tr>\n<td> Hossz\u00fas\u00e1g<\/td>\n<td> 5,8 m darabonk\u00e9nt. Testreszabott k\u00e9r\u00e9s el\u00e9rhet\u0151<\/td>\n<\/tr>\n<tr>\n<td> Shape<\/td>\n<td> n\u00e9gyzet ugyanolyan, mint a k\u00e9p. testreszabott el\u00e9rhet\u0151<\/td>\n<\/tr>\n<tr>\n<td> Fel\u00fcletkezel\u00e9s<\/td>\n<td> Porbevonat sz\u00ednvastags\u00e1g: 80 mikorn.<\/td>\n<\/tr>\n<tr>\n<td> Sz\u00ednes<\/td>\n<td> Feh\u00e9r<\/td>\n<\/tr>\n<tr>\n<td> Alkalmaz\u00e1s<\/td>\n<td> G\u00e9pgy\u00e1rt\u00f3 sor, sz\u00e1ll\u00edt\u00e1si s\u00edn<\/td>\n<\/tr>\n<tr>\n<td> M\u00e9ly folyamat<\/td>\n<td> CNC, f\u00far\u00e1s, v\u00e1g\u00e1s, hegeszt\u00e9s, \u00f6sszeszerel\u00e9s<\/td>\n<\/tr>\n<tr>\n<td> MOQ<\/td>\n<td> 200 kg minden egyes t\u00e9tel eset\u00e9ben<\/td>\n<\/tr>\n<tr>\n<td> Termel\u00e9si kapacit\u00e1s<\/td>\n<td> 15,000+ tonna havonta<\/td>\n<\/tr>\n<tr>\n<td> Tan\u00fas\u00edtv\u00e1ny \u00e9s szabv\u00e1ny<\/td>\n<td> 1) ISO9001-2008\/ISO 9001:2008;<br \/>\n2) CQM tan\u00fas\u00edt\u00e1s;<br \/>\n3) SGS, BV, ROSH rendelkez\u00e9sre \u00e1ll<\/td>\n<\/tr>\n<tr>\n<td> Garancia<\/td>\n<td> A fel\u00fclet sz\u00edne 10~20 \u00e9vig stabil lehet belt\u00e9ri haszn\u00e1latban.<\/td>\n<\/tr>\n<tr>\n<td> Csomagol\u00e1s r\u00e9szletei<\/td>\n<td> Bel\u00fcl: m\u0171anyag f\u00f3li\u00e1val csomagolva, hogy minden egyes darabot megv\u00e9djen.<\/td>\n<\/tr>\n<tr>\n<td> \u00c1tfut\u00e1si id\u0151<\/td>\n<td> Szersz\u00e1mfejleszt\u00e9s \u00e9s mintatesztel\u00e9s: 12-18 nap.<\/td>\n<\/tr>\n<tr>\n<td> Port<\/td>\n<td> Shenzhen \/ Guangzhou \/ Foshan<\/td>\n<\/tr>\n<tr>\n<td> Fizet\u00e9si felt\u00e9telek<\/td>\n<td> T \/ T 30% let\u00e9tbe helyez\u00e9s, egyenleg a sz\u00e1ll\u00edt\u00e1s el\u0151tt.<\/td>\n<\/tr>\n<\/tbody>\n<\/table>\n<h2>Gy\u00e1rt\u00f3 b\u00e1zisunk<\/h2>\n<h3>Gy\u00e1ri panor\u00e1ma<\/h3>\n<p><img decoding=\"async\" src=\"\/wp-content\/uploads\/factory-01.webp\"\/><\/p>\n<h3>Alum\u00ednium r\u00fadgy\u00e1rt\u00f3 m\u0171hely<\/h3>\n<p><img decoding=\"async\" src=\"\/wp-content\/uploads\/factory-02.webp\"\/><\/p>\n<\/p>\n<p><img decoding=\"async\" src=\"\/wp-content\/uploads\/factory-03.webp\"\/><\/p>\n<h3>Pen\u00e9sz rakt\u00e1r<\/h3>\n<p><img decoding=\"async\" src=\"\/wp-content\/uploads\/factory-04.webp\"\/><\/p>\n<h3>43 alum\u00ednium extrud\u00e1l\u00f3 vonal (500-5500 tonna)<\/h3>\n<p><img decoding=\"async\" src=\"\/wp-content\/uploads\/factory-05.webp\"\/><\/p>\n<p><img decoding=\"async\" src=\"\/wp-content\/uploads\/factory-06.webp\"\/><\/p>\n<p><img decoding=\"async\" src=\"\/wp-content\/uploads\/factory-07.webp\"\/><\/p>\n<h3>Porfest\u0151 m\u0171hely<\/h3>\n<p><img decoding=\"async\" src=\"\/wp-content\/uploads\/factory-09.webp\"\/><\/p>\n<h3>Anodiz\u00e1l\u00f3 m\u0171hely<\/h3>\n<p><img decoding=\"async\" src=\"\/wp-content\/uploads\/factory-10.webp\"\/><\/p>\n<h3>M\u00e9ly feldolgoz\u00e1si m\u0171hely<\/h3>\n<p><img decoding=\"async\" src=\"\/wp-content\/uploads\/factory-11.webp\"\/><\/p>\n<h3>CNC prec\u00edzi\u00f3s megmunk\u00e1l\u00f3 m\u0171hely<\/h3>\n<p><img decoding=\"async\" src=\"\/wp-content\/uploads\/factory-11.5.webp\"\/><\/p>\n<h3>K\u00e9szterm\u00e9k \u00e9s export rakt\u00e1r<\/h3>\n<p><img decoding=\"async\" src=\"\/wp-content\/uploads\/factory-12.webp\"\/><\/p>\n<p><img decoding=\"async\" src=\"\/wp-content\/uploads\/factory-13.webp\"\/><\/p>\n<p><img decoding=\"async\" src=\"\/wp-content\/uploads\/factory-14.webp\"\/><\/p>\n<h2>GYIK<\/h2>\n<p><b>1.Mi az extrud\u00e1lt alum\u00ednium cs\u0151 a l\u00e9pcs\u0151s\u00ednhez?<\/b><\/p>\n<p>Ez egy \u00fcreges alum\u00edniumprofil, amelyet kifejezetten l\u00e9pcs\u0151s\u00ednrendszerekhez terveztek, \u00e9s amely szil\u00e1rds\u00e1got, tart\u00f3ss\u00e1got \u00e9s eszt\u00e9tikai vonzer\u0151t k\u00edn\u00e1l.\n<\/p>\n<p><\/p>\n<p><b>2.Mi\u00e9rt haszn\u00e1ljon alum\u00ednium cs\u00f6veket l\u00e9pcs\u0151s\u00edn alkalmaz\u00e1sokhoz?<\/b><\/p>\n<p>Az alum\u00edniumcs\u0151 k\u00f6nny\u0171, korr\u00f3zi\u00f3\u00e1ll\u00f3 \u00e9s k\u00f6nnyen telep\u00edthet\u0151, \u00edgy ide\u00e1lis mind a lakoss\u00e1gi, mind a kereskedelmi korl\u00e1trendszerekhez.\n<\/p>\n<p><\/p>\n<p><b>3.Az alum\u00edniumcs\u0151 alkalmas k\u00fclt\u00e9ri l\u00e9pcs\u0151s\u00ednhez?<\/b><\/p>\n<p>Igen, a cs\u00f6vek bevonattal vannak ell\u00e1tva, hogy ellen\u00e1lljanak a korr\u00f3zi\u00f3nak, az UV-expoz\u00edci\u00f3nak \u00e9s az id\u0151j\u00e1r\u00e1s viszontags\u00e1gainak, \u00edgy t\u00f6k\u00e9letesen alkalmasak k\u00fclt\u00e9ri haszn\u00e1latra.\n<\/p>\n<p><\/p>\n<p><b>4.Mik a k\u00f6z\u00f6s m\u00e9retek az alum\u00ednium l\u00e9pcs\u0151s\u00edn cs\u00f6vek sz\u00e1m\u00e1ra?<\/b><\/p>\n<p>K\u00fcl\u00f6nb\u00f6z\u0151 \u00e1tm\u00e9r\u0151k \u00e9s falvastags\u00e1gok \u00e1llnak rendelkez\u00e9sre, hogy megfeleljen a k\u00fcl\u00f6nb\u00f6z\u0151 tervez\u00e9si \u00e9s biztons\u00e1gi k\u00f6vetelm\u00e9nyeknek.\n<\/p>\n<p><\/p>\n<p><b>5.Can alum\u00ednium l\u00e9pcs\u0151s\u00edn cs\u00f6vek testre szabhat\u00f3?<\/b><\/p>\n<p>Igen, a projekt ig\u00e9nyeinek megfelel\u0151en hosszra v\u00e1ghat\u00f3, alak\u00edthat\u00f3 \u00e9s k\u00fcl\u00f6nb\u00f6z\u0151 sz\u00ednekben vagy text\u00far\u00e1kban fejezhet\u0151 be.\n<\/p>\n<p><\/p>\n<p><b>6.A cs\u0151 kompatibilis a szabv\u00e1nyos korl\u00e1t tartoz\u00e9kokkal?<\/b><\/p>\n<p>Abszol\u00fat, a legt\u00f6bb konzollal, z\u00e1r\u00f3kupakkal \u00e9s csatlakoz\u00f3val m\u0171k\u00f6dik, \u00edgy az \u00f6sszeszerel\u00e9s \u00e9s a telep\u00edt\u00e9s egyszer\u0171.\n<\/p>\n<p><\/p>\n<p><b>7.Does alum\u00ednium cs\u00f6vek karbantart\u00e1st ig\u00e9nyel?<\/b><\/p>\n<p>Minim\u00e1lis karbantart\u00e1st ig\u00e9nyel - csak rendszeres tiszt\u00edt\u00e1st a megjelen\u00e9s \u00e9s a funkcionalit\u00e1s fenntart\u00e1sa \u00e9rdek\u00e9ben.\n<\/p>\n<p><\/p>\n<p><b>8.Is alum\u00ednium cs\u00f6vek l\u00e9pcs\u0151s\u00edn k\u00f6rnyezetbar\u00e1t?<\/b><\/p>\n<p>Igen, az alum\u00ednium 100% \u00fajrahasznos\u00edthat\u00f3, \u00e9s hozz\u00e1j\u00e1rul a fenntarthat\u00f3 \u00e9p\u00edt\u00e9si gyakorlatokhoz.\n<\/p>\n<p><\/p>","protected":false},"featured_media":7267,"template":"","categories":[67],"class_list":["post-7268","product","type-product","status-publish","has-post-thumbnail","hentry","category-architectural-aluminium-profile"],"meta_box":{"hilight_text_group":{"product_hilight_text":"<li>High-strength aluminum provides secure support for stair rail systems<\/li>\r\r\n<li>Corrosion-resistant finish ensures long-term outdoor and indoor use<\/li>\r\r\n<li>Lightweight tubing allows for easy handling and installation<\/li>\r\r\n<li>Clean, modern appearance enhances architectural aesthetics<\/li>\r\r\n<li>Available in various sizes and finishes to meet design needs<\/li>\r\r\n<li>Low maintenance and highly durable in high-traffic areas<\/li>\r\r\n<li>Compatible with a wide range of railing connectors and accessories<\/li>","product_chanpin_blog":"<ul>\r\r\n<li><a href=\"https:\/\/sinoextrud.com\/t-slot-v-slot-differences\/\" target=\"_blank\">t slot vs v slot<\/a><\/li>\r\r\n<li><a href=\"https:\/\/sinoextrud.com\/what-is-4040-aluminium-extrud\/\" target=\"_blank\">4040 aluminium extrusion<\/a><\/li>\r\r\n<li><a href=\"https:\/\/sinoextrud.com\/what-is-4040-aluminium-extrud\/\" target=\"_blank\">aluminum extrusions for industrial racks<\/a><\/li>\r\r\n<li><a href=\"https:\/\/sinoextrud.com\/powder-coating-aluminium-process\/\" target=\"_blank\">powder coating aluminium<\/a><\/li>\r\r\n<li><a href=\"https:\/\/sinoextrud.com\/what-is-an-aluminium-strip-ceiling\/\" target=\"_blank\">aluminium strip ceiling<\/a><\/li>\r\r\n<li><a href=\"https:\/\/sinoextrud.com\/what-is-a-heat-sink\/\" target=\"_blank\">what is a heat sink<\/a><\/li>\r\r\n<\/ul>","product_chanpin_chanpin":"<li><a href=\"https:\/\/sinoextrud.com\/product\/aluminium-anodizing\/\" target=\"_blank\">Aluminium Anodizing<\/a><\/li>\r\n<li><a href=\"https:\/\/sinoextrud.com\/product\/extruded-aluminum-profiles\/\" target=\"_blank\">Extruded Aluminum Profiles<\/a><\/li>\r\n<li><a href=\"https:\/\/sinoextrud.com\/product\/aluminium-system-profile\/\" target=\"_blank\">Aluminium System Profile<\/a><\/li>\r\n<li><a href=\"https:\/\/sinoextrud.com\/product\/aluminium-extrusion-c-beam\/\" target=\"_blank\">Aluminium Extrusion C Beam<\/a><\/li>\r\n<li><a href=\"https:\/\/sinoextrud.com\/product\/extruded-aluminum-tubing-for-stair-rail\/\" target=\"_blank\">Extruded Aluminum Tubing For Stair Rail<\/a><\/li>\r\n<li><a href=\"https:\/\/sinoextrud.com\/product\/aluminium-extrusion-curtain-wall-profile-with-powder-coated-surface-manufacturer-direct-selling\/\" target=\"_blank\">Aluminium Extrusion Curtain Wall Profile With Powder Coated Surface Manufacturer Direct Selling<\/a><\/li>\r\n<li><a href=\"https:\/\/sinoextrud.com\/product\/customized-aluminium-heavy-duty-door-hinge\/\" target=\"_blank\">Customized Aluminium Heavy Duty Door Hinge<\/a><\/li>\r\n<li><a href=\"https:\/\/sinoextrud.com\/product\/extruded-aluminium-curtain-walls\/\" target=\"_blank\">Extruded Aluminium Curtain Walls<\/a><\/li>\r\n<li><a href=\"https:\/\/sinoextrud.com\/product\/aluminium-extrusion-handles-for-closet\/\" target=\"_blank\">Aluminium Extrusion Handles for Closet<\/a><\/li>\r\n<li><a href=\"https:\/\/sinoextrud.com\/product\/anodized-mill-finish-auminium-extrusion-angle\/\" target=\"_blank\">Anodized Mill Finish Auminium Extrusion Angle<\/a><\/li>\r\n<li><a href=\"https:\/\/sinoextrud.com\/product\/u-shaped-aluminum-extrusion\/\" target=\"_blank\">U Shaped Aluminum Extrusion<\/a><\/li>"},"feature_list":[]},"_links":{"self":[{"href":"https:\/\/sinoextrud.com\/hu\/wp-json\/wp\/v2\/product\/7268","targetHints":{"allow":["GET"]}}],"collection":[{"href":"https:\/\/sinoextrud.com\/hu\/wp-json\/wp\/v2\/product"}],"about":[{"href":"https:\/\/sinoextrud.com\/hu\/wp-json\/wp\/v2\/types\/product"}],"wp:featuredmedia":[{"embeddable":true,"href":"https:\/\/sinoextrud.com\/hu\/wp-json\/wp\/v2\/media\/7267"}],"wp:attachment":[{"href":"https:\/\/sinoextrud.com\/hu\/wp-json\/wp\/v2\/media?parent=7268"}],"wp:term":[{"taxonomy":"category","embeddable":true,"href":"https:\/\/sinoextrud.com\/hu\/wp-json\/wp\/v2\/categories?post=7268"}],"curies":[{"name":"wp","href":"https:\/\/api.w.org\/{rel}","templated":true}]}}