{"id":7262,"date":"2025-06-06T03:32:11","date_gmt":"2025-06-06T03:32:11","guid":{"rendered":"https:\/\/sinoextrud.com\/product\/extruded-aluminum-profiles\/"},"modified":"2025-06-24T06:12:22","modified_gmt":"2025-06-24T06:12:22","slug":"extrudalt-aluminium-profilok-2","status":"publish","type":"product","link":"https:\/\/sinoextrud.com\/hu\/product\/extruded-aluminum-profiles\/","title":{"rendered":"Extrud\u00e1lt alum\u00ednium profilok"},"content":{"rendered":"<h2>Term\u00e9kek r\u00e9szletei<\/h2>\n<table class=\"custom-table\">\n<tbody>\n<tr>\n<td> T\u00e9tel<\/td>\n<td> Extrud\u00e1lt alum\u00ednium profilok<\/td>\n<\/tr>\n<tr>\n<td> Temper<\/td>\n<td> T3-T8<\/td>\n<\/tr>\n<tr>\n<td> Folyamat\u00e1raml\u00e1s<\/td>\n<td> Mould Development-Aluminium Billets-f\u0171t\u00e9s Up-form\u00e1z\u00e1s nyers alum\u00ednium-anodiz\u00e1lt por bevonat\u00fa<\/td>\n<\/tr>\n<tr>\n<td> Tan\u00fas\u00edt\u00e1s<\/td>\n<td> CE, ISO, SGS, TUV<\/td>\n<\/tr>\n<tr>\n<td> Alkalmaz\u00e1s<\/td>\n<td> \u00c9p\u00edt\u0151ipar, ipar<\/td>\n<\/tr>\n<tr>\n<td> Shape<\/td>\n<td> H\u00e1romsz\u00f6glet\u0171<\/td>\n<\/tr>\n<tr>\n<td> Fel\u00fcletkezel\u00e9s<\/td>\n<td> Malom k\u00e9sz, elox\u00e1lt, Power bevonat, homokf\u00fav\u00e1s, elektrofor\u00e9zis, csiszolt, pol\u00edroz\u00e1s, stb.<\/td>\n<\/tr>\n<tr>\n<td> Sz\u00ednes<\/td>\n<td> Az \u00fcgyfelek ig\u00e9nyei alapj\u00e1n<\/td>\n<\/tr>\n<tr>\n<td> M\u00e9lyrehat\u00f3 feldolgoz\u00e1s<\/td>\n<td> V\u00e1g\u00e1s, f\u00far\u00e1s, megmunk\u00e1l\u00e1s, lyukaszt\u00e1s, hajl\u00edt\u00e1s, csapol\u00e1s stb.<\/td>\n<\/tr>\n<tr>\n<td> Garancia<\/td>\n<td> ISO: 9001, SONCAP , BV tan\u00fas\u00edtv\u00e1ny, TUV, SGS vagy \u00fcgyfelek tan\u00fas\u00edtv\u00e1nya \u00e1ll rendelkez\u00e9sre<\/td>\n<\/tr>\n<tr>\n<td> MOQ<\/td>\n<td> 200KG minden egyes profilhoz<\/td>\n<\/tr>\n<tr>\n<td> Sz\u00e1ll\u00edt\u00e1si id\u0151<\/td>\n<td> A szersz\u00e1mok fejleszt\u00e9se \u00e9s a minta kialak\u00edt\u00e1sa 12-15 nap, majd a gy\u00e1rt\u00e1s id\u0151tartama 15-25 nap a vev\u0151 let\u00e9tbe helyez\u00e9se ut\u00e1n.<\/td>\n<\/tr>\n<tr>\n<td> Ingyenes minta<\/td>\n<td> 1-3 nap alatt k\u00fcldhet\u0151<\/td>\n<\/tr>\n<\/tbody>\n<\/table>\n<h2>Gy\u00e1rt\u00f3 b\u00e1zisunk<\/h2>\n<h3>Gy\u00e1ri panor\u00e1ma<\/h3>\n<p><img decoding=\"async\" src=\"\/wp-content\/uploads\/factory-01.webp\"\/><\/p>\n<h3>Alum\u00ednium r\u00fadgy\u00e1rt\u00f3 m\u0171hely<\/h3>\n<p><img decoding=\"async\" src=\"\/wp-content\/uploads\/factory-02.webp\"\/><\/p>\n<p><img decoding=\"async\" src=\"\/wp-content\/uploads\/factory-03.webp\"\/><\/p>\n<h3>Pen\u00e9sz rakt\u00e1r<\/h3>\n<p><img decoding=\"async\" src=\"\/wp-content\/uploads\/factory-04.webp\"\/><\/p>\n<h3>43 alum\u00ednium extrud\u00e1l\u00f3 vonal (500-5500 tonna)<\/h3>\n<p><img decoding=\"async\" src=\"\/wp-content\/uploads\/factory-05.webp\"\/><\/p>\n<p><img decoding=\"async\" src=\"\/wp-content\/uploads\/factory-06.webp\"\/><\/p>\n<p><img decoding=\"async\" src=\"\/wp-content\/uploads\/factory-07.webp\"\/><\/p>\n<h3>Porfest\u0151 m\u0171hely<\/h3>\n<p><img decoding=\"async\" src=\"\/wp-content\/uploads\/factory-09.webp\"\/><\/p>\n<h3>Anodiz\u00e1l\u00f3 m\u0171hely<\/h3>\n<p><img decoding=\"async\" src=\"\/wp-content\/uploads\/factory-10.webp\"\/><\/p>\n<h3>M\u00e9ly feldolgoz\u00e1si m\u0171hely<\/h3>\n<p><img decoding=\"async\" src=\"\/wp-content\/uploads\/factory-11.webp\"\/><\/p>\n<h3>CNC prec\u00edzi\u00f3s megmunk\u00e1l\u00f3 m\u0171hely<\/h3>\n<p><img decoding=\"async\" src=\"\/wp-content\/uploads\/factory-11.5.webp\"\/><\/p>\n<h3>K\u00e9szterm\u00e9k \u00e9s export rakt\u00e1r<\/h3>\n<p><img decoding=\"async\" src=\"\/wp-content\/uploads\/factory-12.webp\"\/><\/p>\n<p><img decoding=\"async\" src=\"\/wp-content\/uploads\/factory-13.webp\"\/><\/p>\n<p><img decoding=\"async\" src=\"\/wp-content\/uploads\/factory-14.webp\"\/><\/p>\n<h2>GYIK<\/h2>\n<p><p><b>1.Mi az extrud\u00e1lt alum\u00ednium profilok?<\/b><\/p>\n<p>Az extrud\u00e1lt alum\u00ednium profilok extrud\u00e1l\u00e1si elj\u00e1r\u00e1ssal el\u0151\u00e1ll\u00edtott egyedi vagy szabv\u00e1nyos alum\u00edniumform\u00e1k, amelyeket sz\u00e9les k\u00f6rben haszn\u00e1lnak ipari \u00e9s szerkezeti alkalmaz\u00e1sokban.<br \/>\n<\/p><br \/>\n<br \/>\n<p><b>2.Mi\u00e9rt v\u00e1lassza az extrud\u00e1lt alum\u00ednium profilokat az \u00e9p\u00edt\u00e9shez?<\/b><\/p>\n<p>Az extrud\u00e1lt alum\u00ednium profilok nagy szil\u00e1rds\u00e1g\/t\u00f6meg ar\u00e1nyt, korr\u00f3zi\u00f3\u00e1ll\u00f3s\u00e1got \u00e9s tervez\u00e9si rugalmass\u00e1got k\u00edn\u00e1lnak, \u00edgy ide\u00e1lisak a modern \u00e9p\u00edt\u0151iparban.<br \/>\n<\/p><br \/>\n<br \/>\n<p><b>3.Are extrud\u00e1lt alum\u00ednium profilok testreszabhat\u00f3?<\/b><\/p>\n<p>Igen, az extrud\u00e1lt alum\u00ednium profilok egyedi keresztmetszetekre, hossz\u00fas\u00e1gokra \u00e9s fel\u00fcletekre szabhat\u00f3k, hogy megfeleljenek az egyedi alkalmaz\u00e1si ig\u00e9nyeknek.<br \/>\n<\/p><br \/>\n<br \/>\n<p><b>4.How tart\u00f3sak az extrud\u00e1lt alum\u00ednium profilok?<\/b><\/p>\n<p>Az extrud\u00e1lt alum\u00ednium profilok rendk\u00edv\u00fcl tart\u00f3sak, k\u00f6sz\u00f6nhet\u0151en korr\u00f3zi\u00f3\u00e1ll\u00f3 tulajdons\u00e1gaiknak \u00e9s kiv\u00e1l\u00f3 min\u0151s\u00e9g\u0171 alum\u00ednium\u00f6tv\u00f6zet \u00f6sszet\u00e9tel\u00fcknek.<br \/>\n<\/p><br \/>\n<br \/>\n<p><b>5.Can extrud\u00e1lt alum\u00ednium profilok haszn\u00e1lhat\u00f3 k\u00fclt\u00e9ren?<\/b><\/p>\n<p>Igen, kiv\u00e1l\u00f3 id\u0151j\u00e1r\u00e1s- \u00e9s korr\u00f3zi\u00f3\u00e1ll\u00f3s\u00e1guknak k\u00f6sz\u00f6nhet\u0151en belt\u00e9ri \u00e9s k\u00fclt\u00e9ri haszn\u00e1latra egyar\u00e1nt alkalmasak.<br \/>\n<\/p><br \/>\n<br \/>\n<p><b>6.Milyen ipar\u00e1gak haszn\u00e1lj\u00e1k az extrud\u00e1lt alum\u00ednium profilokat?<\/b><\/p>\n<p>Az olyan ipar\u00e1gak, mint a rep\u00fcl\u0151g\u00e9pipar, az aut\u00f3ipar, az \u00e9p\u00edt\u0151ipar \u00e9s az automatiz\u00e1l\u00e1s az extrud\u00e1lt alum\u00edniumprofilokra t\u00e1maszkodnak az er\u0151s, k\u00f6nny\u0171 szerkezetek el\u0151\u00e1ll\u00edt\u00e1sa \u00e9rdek\u00e9ben.<br \/>\n<\/p><br \/>\n<br \/>\n<p><b>7.Are extrud\u00e1lt alum\u00ednium profilok k\u00f6rnyezetbar\u00e1t?<\/b><\/p>\n<p>Igen, az alum\u00ednium 100% \u00fajrahasznos\u00edthat\u00f3, \u00e9s az extrud\u00e1lt profilok haszn\u00e1lata t\u00e1mogatja a fenntarthat\u00f3 \u00e9s k\u00f6rnyezettudatos gy\u00e1rt\u00e1st.<br \/>\n<\/p><br \/>\n<br \/>\n<p><b>8.Mennyire egyszer\u0171 a szerkezetek \u00f6sszeszerel\u00e9se extrud\u00e1lt alum\u00ednium profilok seg\u00edts\u00e9g\u00e9vel?<\/b><\/p>\n<p>A nagyon egyszer\u0171 profilok kompatibilisek a modul\u00e1ris csatlakoz\u00f3kkal, \u00e9s minim\u00e1lis szersz\u00e1mmal gyorsan \u00f6sszeszerelhet\u0151k.<br \/>\n<\/p><br \/><\/p>","protected":false},"featured_media":7261,"template":"","categories":[67],"class_list":["post-7262","product","type-product","status-publish","has-post-thumbnail","hentry","category-architectural-aluminium-profile"],"meta_box":{"hilight_text_group":{"product_hilight_text":"<li>Customizable shapes and dimensions for diverse industrial applications<\/li>\r\r\n<li>Lightweight yet strong aluminum structure reduces load and increases efficiency<\/li>\r\r\n<li>Excellent corrosion resistance for indoor and outdoor environments<\/li>\r\r\n<li>High precision extrusion ensures compatibility with accessories and connectors<\/li>\r\r\n<li>Ideal for frameworks, enclosures, machine guards, and structural components<\/li>\r\r\n<li>Cost-effective and recyclable material supports sustainable manufacturing<\/li>\r\r\n<li>Supports modular design and easy on-site assembly<\/li>","product_chanpin_blog":"<ul>\r\r\n<li><a href=\"https:\/\/sinoextrud.com\/t-slot-v-slot-differences\/\" target=\"_blank\">t slot vs v slot<\/a><\/li>\r\r\n<li><a href=\"https:\/\/sinoextrud.com\/what-is-4040-aluminium-extrud\/\" target=\"_blank\">4040 aluminium extrusion<\/a><\/li>\r\r\n<li><a href=\"https:\/\/sinoextrud.com\/what-is-4040-aluminium-extrud\/\" target=\"_blank\">aluminum extrusions for industrial racks<\/a><\/li>\r\r\n<li><a href=\"https:\/\/sinoextrud.com\/powder-coating-aluminium-process\/\" target=\"_blank\">powder coating aluminium<\/a><\/li>\r\r\n<li><a href=\"https:\/\/sinoextrud.com\/what-is-an-aluminium-strip-ceiling\/\" target=\"_blank\">aluminium strip ceiling<\/a><\/li>\r\r\n<li><a href=\"https:\/\/sinoextrud.com\/what-is-a-heat-sink\/\" target=\"_blank\">what is a heat sink<\/a><\/li>\r\r\n<\/ul>","product_chanpin_chanpin":"<li><a href=\"https:\/\/sinoextrud.com\/product\/aluminium-profile-for-shower-room\/\" target=\"_blank\">Aluminium Profile For Shower Room<\/a><\/li>\r\n<li><a href=\"https:\/\/sinoextrud.com\/product\/bright-anodized-aluminum-profile\/\" target=\"_blank\">Bright Anodized Aluminum Profile<\/a><\/li>\r\n<li><a href=\"https:\/\/sinoextrud.com\/product\/modular-framing-systems\/\" target=\"_blank\">Modular Framing Systems<\/a><\/li>\r\n<li><a href=\"https:\/\/sinoextrud.com\/product\/aluminium-anodizing\/\" target=\"_blank\">Aluminium Anodizing<\/a><\/li>\r\n<li><a href=\"https:\/\/sinoextrud.com\/product\/extruded-aluminum-profiles\/\" target=\"_blank\">Extruded Aluminum Profiles<\/a><\/li>\r\n<li><a href=\"https:\/\/sinoextrud.com\/product\/aluminium-system-profile\/\" target=\"_blank\">Aluminium System Profile<\/a><\/li>\r\n<li><a href=\"https:\/\/sinoextrud.com\/product\/aluminium-extrusion-c-beam\/\" target=\"_blank\">Aluminium Extrusion C Beam<\/a><\/li>\r\n<li><a href=\"https:\/\/sinoextrud.com\/product\/extruded-aluminum-tubing-for-stair-rail\/\" target=\"_blank\">Extruded Aluminum Tubing For Stair Rail<\/a><\/li>\r\n<li><a href=\"https:\/\/sinoextrud.com\/product\/aluminium-extrusion-curtain-wall-profile-with-powder-coated-surface-manufacturer-direct-selling\/\" target=\"_blank\">Aluminium Extrusion Curtain Wall Profile With Powder Coated Surface Manufacturer Direct Selling<\/a><\/li>\r\n<li><a href=\"https:\/\/sinoextrud.com\/product\/6063-t5-oem-aluminum-profile-conner-angle-for-window-and-door-or-led-light-display-2\/\" target=\"_blank\">6063 T5  OEM  aluminum  profile  conner angle for window and door or led light display<\/a><\/li>\r\n<li><a href=\"https:\/\/sinoextrud.com\/product\/v-shaped-linear-ceiling-system\/\" target=\"_blank\">V-Shaped Linear Ceiling System<\/a><\/li>"},"feature_list":[]},"_links":{"self":[{"href":"https:\/\/sinoextrud.com\/hu\/wp-json\/wp\/v2\/product\/7262","targetHints":{"allow":["GET"]}}],"collection":[{"href":"https:\/\/sinoextrud.com\/hu\/wp-json\/wp\/v2\/product"}],"about":[{"href":"https:\/\/sinoextrud.com\/hu\/wp-json\/wp\/v2\/types\/product"}],"wp:featuredmedia":[{"embeddable":true,"href":"https:\/\/sinoextrud.com\/hu\/wp-json\/wp\/v2\/media\/7261"}],"wp:attachment":[{"href":"https:\/\/sinoextrud.com\/hu\/wp-json\/wp\/v2\/media?parent=7262"}],"wp:term":[{"taxonomy":"category","embeddable":true,"href":"https:\/\/sinoextrud.com\/hu\/wp-json\/wp\/v2\/categories?post=7262"}],"curies":[{"name":"wp","href":"https:\/\/api.w.org\/{rel}","templated":true}]}}