{"id":7260,"date":"2025-06-06T03:29:40","date_gmt":"2025-06-06T03:29:40","guid":{"rendered":"https:\/\/sinoextrud.com\/product\/aluminium-anodizing\/"},"modified":"2025-06-24T06:12:22","modified_gmt":"2025-06-24T06:12:22","slug":"aluminium-eloxalas","status":"publish","type":"product","link":"https:\/\/sinoextrud.com\/hu\/product\/aluminium-anodizing\/","title":{"rendered":"Alum\u00ednium elox\u00e1l\u00e1s"},"content":{"rendered":"<h2>Term\u00e9kek r\u00e9szletei<\/h2>\n<table class=\"custom-table\">\n<tbody>\n<tr>\n<td> <\/td>\n<td>Alum\u00ednium elox\u00e1l\u00f3 profil<\/td>\n<\/tr>\n<tr>\n<td>\u00f6tv\u00f6zet:<\/td>\n<td>Az \u00f6tv\u00f6zet<\/td>\n<\/tr>\n<tr>\n<td>Oszt\u00e1ly:<\/td>\n<td>6000-es sorozat<\/td>\n<\/tr>\n<tr>\n<td>Lelkiismeretesen:<\/td>\n<td>T3-T8<\/td>\n<\/tr>\n<tr>\n<td>Hossz\u00fas\u00e1g:<\/td>\n<td>1-9 m\u00e9ter vagy testreszabott<\/td>\n<\/tr>\n<tr>\n<td>Tan\u00fas\u00edt\u00e1s:<\/td>\n<td>ISO<\/td>\n<\/tr>\n<tr>\n<td>Szolg\u00e1ltat\u00e1s:<\/td>\n<td>OEM\/ODM<\/td>\n<\/tr>\n<tr>\n<td>Pen\u00e9szgomba-fejleszt\u00e9s:<\/td>\n<td>8-15 nap<\/td>\n<\/tr>\n<tr>\n<td>Sz\u00e1ll\u00edt\u00e1si id\u0151:<\/td>\n<td>25-30 nap a minta vev\u0151 \u00e1ltali meger\u0151s\u00edt\u00e9se ut\u00e1n<\/td>\n<\/tr>\n<tr>\n<td>Sz\u00e1ll\u00edt\u00e1si csomag:<\/td>\n<td>M\u0171anyag v\u00e9d\u0151f\u00f3lia \u00e9s v\u00edz\u00e1ll\u00f3 k\u00e9zm\u0171ves pap\u00edr<\/td>\n<\/tr>\n<tr>\n<td>Min\u0151s\u00e9gellen\u0151rz\u00e9s:<\/td>\n<td>100% Sz\u00e1ll\u00edt\u00e1s el\u0151tti ellen\u0151rz\u00e9s<\/td>\n<\/tr>\n<tr>\n<td>Specifik\u00e1ci\u00f3:<\/td>\n<td>ISO14001, ISO9001<\/td>\n<\/tr>\n<\/tbody>\n<\/table>\n<h2>Gy\u00e1rt\u00f3 b\u00e1zisunk<\/h2>\n<h3>Gy\u00e1ri panor\u00e1ma<\/h3>\n<p><img decoding=\"async\" src=\"\/wp-content\/uploads\/factory-01.webp\"\/><\/p>\n<h3>Alum\u00ednium r\u00fadgy\u00e1rt\u00f3 m\u0171hely<\/h3>\n<p><img decoding=\"async\" src=\"\/wp-content\/uploads\/factory-02.webp\"\/><\/p>\n<p><img decoding=\"async\" src=\"\/wp-content\/uploads\/factory-03.webp\"\/><\/p>\n<h3>Pen\u00e9sz rakt\u00e1r<\/h3>\n<p><img decoding=\"async\" src=\"\/wp-content\/uploads\/factory-04.webp\"\/><\/p>\n<h3>43 alum\u00ednium extrud\u00e1l\u00f3 vonal (500-5500 tonna)<\/h3>\n<p><img decoding=\"async\" src=\"\/wp-content\/uploads\/factory-05.webp\"\/><\/p>\n<p><img decoding=\"async\" src=\"\/wp-content\/uploads\/factory-06.webp\"\/><\/p>\n<p><img decoding=\"async\" src=\"\/wp-content\/uploads\/factory-07.webp\"\/><\/p>\n<h3>Porfest\u0151 m\u0171hely<\/h3>\n<p><img decoding=\"async\" src=\"\/wp-content\/uploads\/factory-09.webp\"\/><\/p>\n<h3>Anodiz\u00e1l\u00f3 m\u0171hely<\/h3>\n<p><img decoding=\"async\" src=\"\/wp-content\/uploads\/factory-10.webp\"\/><\/p>\n<h3>M\u00e9ly feldolgoz\u00e1si m\u0171hely<\/h3>\n<p><img decoding=\"async\" src=\"\/wp-content\/uploads\/factory-11.webp\"\/><\/p>\n<h3>CNC prec\u00edzi\u00f3s megmunk\u00e1l\u00f3 m\u0171hely<\/h3>\n<p><img decoding=\"async\" src=\"\/wp-content\/uploads\/factory-11.5.webp\"\/><\/p>\n<h3>K\u00e9szterm\u00e9k \u00e9s export rakt\u00e1r<\/h3>\n<p><img decoding=\"async\" src=\"\/wp-content\/uploads\/factory-12.webp\"\/><\/p>\n<p><img decoding=\"async\" src=\"\/wp-content\/uploads\/factory-13.webp\"\/><\/p>\n<p><img decoding=\"async\" src=\"\/wp-content\/uploads\/factory-14.webp\"\/><\/p>\n<h2>GYIK<\/h2>\n<p><p><b>1.Mi az alum\u00ednium elox\u00e1l\u00e1s?<\/b><\/p>\n<p>Az alum\u00ednium elox\u00e1l\u00e1sa egy elektrok\u00e9miai elj\u00e1r\u00e1s, amely megvastag\u00edtja az alum\u00ednium term\u00e9szetes oxidr\u00e9teg\u00e9t, jav\u00edtva annak tart\u00f3ss\u00e1g\u00e1t \u00e9s megjelen\u00e9s\u00e9t.<br \/>\n<\/p><br \/>\n<br \/>\n<p><b>2.Milyen el\u0151ny\u00f6kkel j\u00e1r az alum\u00ednium elox\u00e1l\u00e1sa?<\/b><\/p>\n<p>Az elox\u00e1l\u00e1s fokozza a korr\u00f3zi\u00f3\u00e1ll\u00f3s\u00e1got, jav\u00edtja a kop\u00e1si teljes\u00edtm\u00e9nyt, \u00e9s lehet\u0151v\u00e9 teszi a vonz\u00f3 sz\u00edn\u0171 fel\u00fcleteket.<br \/>\n<\/p><br \/>\n<br \/>\n<p><b>3.Alkalmas-e az elox\u00e1lt alum\u00ednium k\u00fclt\u00e9ri haszn\u00e1latra?<\/b><\/p>\n<p>Igen, az elox\u00e1lt fel\u00fcletek rendk\u00edv\u00fcl ellen\u00e1ll\u00f3ak az UV-sugarakkal \u00e9s az id\u0151j\u00e1r\u00e1s viszontags\u00e1gaival szemben, \u00edgy ide\u00e1lisak k\u00fclt\u00e9ri alkalmaz\u00e1sokhoz.<br \/>\n<\/p><br \/>\n<br \/>\n<p><b>4.Lehet-e sz\u00ednezni az elox\u00e1lt alum\u00edniumot?<\/b><\/p>\n<p>Igen, az elox\u00e1l\u00e1si elj\u00e1r\u00e1s lehet\u0151v\u00e9 teszi az alum\u00ednium k\u00fcl\u00f6nb\u00f6z\u0151 sz\u00edn\u0171 fest\u00e9s\u00e9t, mik\u00f6zben a f\u00e9mhat\u00e1s\u00fa fel\u00fcletet megtartja.<br \/>\n<\/p><br \/>\n<br \/>\n<p><b>5.Az elox\u00e1l\u00e1s befoly\u00e1solja az alum\u00ednium szil\u00e1rds\u00e1g\u00e1t?<\/b><\/p>\n<p>Nem, az elox\u00e1l\u00e1s a fel\u00fcleti tulajdons\u00e1gokat jav\u00edtja an\u00e9lk\u00fcl, hogy vesz\u00e9lyeztetn\u00e9 az alapf\u00e9m szerkezeti integrit\u00e1s\u00e1t.<br \/>\n<\/p><br \/>\n<br \/>\n<p><b>6.Milyen ipar\u00e1gak haszn\u00e1lj\u00e1k az elox\u00e1lt alum\u00edniumot?<\/b><\/p>\n<p>Az olyan ipar\u00e1gak, mint az \u00e9p\u00edt\u00e9szet, az elektronika, a k\u00f6zleked\u00e9s \u00e9s a fogyaszt\u00e1si cikkek sz\u00e9les k\u00f6rben haszn\u00e1lj\u00e1k az elox\u00e1lt alum\u00edniumot funkcion\u00e1lis \u00e9s dekorat\u00edv c\u00e9lokra.<br \/>\n<\/p><br \/>\n<br \/>\n<p><b>7.Az alum\u00ednium elox\u00e1l\u00e1sa k\u00f6rnyezetbar\u00e1t?<\/b><\/p>\n<p>Igen, az elox\u00e1l\u00e1s biztons\u00e1gos, v\u00edzalap\u00fa elj\u00e1r\u00e1s, amely minim\u00e1lis hullad\u00e9kot termel, \u00e9s nem m\u00e9rgez\u0151 anyagokat haszn\u00e1l.<br \/>\n<\/p><br \/>\n<br \/>\n<p><b>8.Mennyi ideig tart az elox\u00e1lt fel\u00fclet?<\/b><\/p>\n<p>Megfelel\u0151 gondoskod\u00e1ssal az elox\u00e1lt bevonatok \u00e9vtizedekig tarthatnak, k\u00fcl\u00f6n\u00f6sen \u00e9p\u00edt\u00e9szeti vagy tengeri k\u00f6rnyezetben.<br \/>\n<\/p><br \/><\/p>","protected":false},"featured_media":7259,"template":"","categories":[67],"class_list":["post-7260","product","type-product","status-publish","has-post-thumbnail","hentry","category-architectural-aluminium-profile"],"meta_box":{"hilight_text_group":{"product_hilight_text":"<li>Enhances surface durability and corrosion resistance of aluminum<\/li>\r\r\n<li>Improves aesthetic appearance with a variety of color finishes<\/li>\r\r\n<li>Environmentally friendly and non-toxic surface treatment<\/li>\r\r\n<li>Provides excellent adhesion for paints and sealants<\/li>\r\r\n<li>Increases wear resistance for industrial and architectural applications<\/li>\r\r\n<li>Customizable anodizing thickness for specific performance needs<\/li>\r\r\n<li>UV-resistant finish maintains color and surface quality over time<\/li>","product_chanpin_blog":"<ul>\r\r\n<li><a href=\"https:\/\/sinoextrud.com\/t-slot-v-slot-differences\/\" target=\"_blank\">t slot vs v slot<\/a><\/li>\r\r\n<li><a href=\"https:\/\/sinoextrud.com\/what-is-4040-aluminium-extrud\/\" target=\"_blank\">4040 aluminium extrusion<\/a><\/li>\r\r\n<li><a href=\"https:\/\/sinoextrud.com\/what-is-4040-aluminium-extrud\/\" target=\"_blank\">aluminum extrusions for industrial racks<\/a><\/li>\r\r\n<li><a href=\"https:\/\/sinoextrud.com\/powder-coating-aluminium-process\/\" target=\"_blank\">powder coating aluminium<\/a><\/li>\r\r\n<li><a href=\"https:\/\/sinoextrud.com\/what-is-an-aluminium-strip-ceiling\/\" target=\"_blank\">aluminium strip ceiling<\/a><\/li>\r\r\n<li><a href=\"https:\/\/sinoextrud.com\/what-is-a-heat-sink\/\" target=\"_blank\">what is a heat sink<\/a><\/li>\r\r\n<\/ul>","product_chanpin_chanpin":"<li><a href=\"https:\/\/sinoextrud.com\/product\/customized-matt-electrophoresis-aluminum-extrusions-profile-for-building-material\/\" target=\"_blank\">Customized Matt Electrophoresis Aluminum Extrusions Profile For Building Material<\/a><\/li>\r\n<li><a href=\"https:\/\/sinoextrud.com\/product\/aluminium-profile-for-shower-room\/\" target=\"_blank\">Aluminium Profile For Shower Room<\/a><\/li>\r\n<li><a href=\"https:\/\/sinoextrud.com\/product\/bright-anodized-aluminum-profile\/\" target=\"_blank\">Bright Anodized Aluminum Profile<\/a><\/li>\r\n<li><a href=\"https:\/\/sinoextrud.com\/product\/modular-framing-systems\/\" target=\"_blank\">Modular Framing Systems<\/a><\/li>\r\n<li><a href=\"https:\/\/sinoextrud.com\/product\/aluminium-anodizing\/\" target=\"_blank\">Aluminium Anodizing<\/a><\/li>\r\n<li><a href=\"https:\/\/sinoextrud.com\/product\/extruded-aluminum-profiles\/\" target=\"_blank\">Extruded Aluminum Profiles<\/a><\/li>\r\n<li><a href=\"https:\/\/sinoextrud.com\/product\/aluminium-system-profile\/\" target=\"_blank\">Aluminium System Profile<\/a><\/li>\r\n<li><a href=\"https:\/\/sinoextrud.com\/product\/aluminium-extrusion-c-beam\/\" target=\"_blank\">Aluminium Extrusion C Beam<\/a><\/li>\r\n<li><a href=\"https:\/\/sinoextrud.com\/product\/extruded-aluminum-tubing-for-stair-rail\/\" target=\"_blank\">Extruded Aluminum Tubing For Stair Rail<\/a><\/li>\r\n<li><a href=\"https:\/\/sinoextrud.com\/product\/aluminum-extruded-handles\/\" target=\"_blank\">Aluminum Extruded Handles<\/a><\/li>\r\n<li><a href=\"https:\/\/sinoextrud.com\/product\/6063-t5-aluminum-extrusion-profile-for-windows-and-doors-and-curtain-walls\/\" target=\"_blank\">6063 T5 Aluminum Extrusion Profile for Windows and Doors and Curtain Walls<\/a><\/li>"},"feature_list":[]},"_links":{"self":[{"href":"https:\/\/sinoextrud.com\/hu\/wp-json\/wp\/v2\/product\/7260","targetHints":{"allow":["GET"]}}],"collection":[{"href":"https:\/\/sinoextrud.com\/hu\/wp-json\/wp\/v2\/product"}],"about":[{"href":"https:\/\/sinoextrud.com\/hu\/wp-json\/wp\/v2\/types\/product"}],"wp:featuredmedia":[{"embeddable":true,"href":"https:\/\/sinoextrud.com\/hu\/wp-json\/wp\/v2\/media\/7259"}],"wp:attachment":[{"href":"https:\/\/sinoextrud.com\/hu\/wp-json\/wp\/v2\/media?parent=7260"}],"wp:term":[{"taxonomy":"category","embeddable":true,"href":"https:\/\/sinoextrud.com\/hu\/wp-json\/wp\/v2\/categories?post=7260"}],"curies":[{"name":"wp","href":"https:\/\/api.w.org\/{rel}","templated":true}]}}