{"id":7256,"date":"2025-06-06T03:26:58","date_gmt":"2025-06-06T03:26:58","guid":{"rendered":"https:\/\/sinoextrud.com\/product\/bright-anodized-aluminum-profile\/"},"modified":"2025-06-24T06:12:22","modified_gmt":"2025-06-24T06:12:22","slug":"fenyes-eloxalt-aluminium-profil","status":"publish","type":"product","link":"https:\/\/sinoextrud.com\/hu\/product\/bright-anodized-aluminum-profile\/","title":{"rendered":"F\u00e9nyes elox\u00e1lt alum\u00ednium profil"},"content":{"rendered":"<h2>Term\u00e9kek r\u00e9szletei<\/h2>\n<table class=\"custom-table\">\n<tbody>\n<tr>\n<td> Term\u00e9k neve<\/td>\n<td> F\u00e9nyes elox\u00e1lt alum\u00ednium profil pol\u00edrozott sz\u00ednnel<\/td>\n<\/tr>\n<tr>\n<td> Alkalmaz\u00e1s<\/td>\n<td> F\u00fcrd\u0151szoba ,korl\u00e1t ,\u00e9p\u00edt\u0151ipar ,stb.<\/td>\n<\/tr>\n<tr>\n<td> \u00d6tv\u00f6zet<\/td>\n<td> 6063, 6463, 6061 stb.<\/td>\n<\/tr>\n<tr>\n<td> Temper<\/td>\n<td> T5, T6<\/td>\n<\/tr>\n<tr>\n<td> Fel\u00fclet<\/td>\n<td> 1. Elox\u00e1lt\/anodiz\u00e1l\u00e1s ( vastags\u00e1g: 8-25um)<br \/>\n2. Porbevonat (vastags\u00e1g: 60-120um)<br \/>\n3. elektrofor\u00e9zis fest\u00e9s<br \/>\n4. homokf\u00fav\u00e1s<br \/>\n5. Lengyel<br \/>\n6. Csiszolt<br \/>\n7. PVDF bevonat<br \/>\n8. fa hat\u00e1s<\/td>\n<\/tr>\n<tr>\n<td> Tolerancia<\/td>\n<td> GB 5237.1-2008, vagy testre szabottan<\/td>\n<\/tr>\n<tr>\n<td> Sz\u00ednes<\/td>\n<td> Siver, arany, sz\u00fcrke, sz\u00fcrke, pezsg\u0151, fekete, sz\u00e1z, mint \u00fcgyf\u00e9lminta vagy k\u00f6vetelm\u00e9ny<\/td>\n<\/tr>\n<tr>\n<td> Vastags\u00e1g<\/td>\n<td> 0,7 mm felett, a pontos form\u00e1t\u00f3l f\u00fcgg; aj\u00e1nljuk 1,2 mm \u00e9s felette, vagy testreszabottan<\/td>\n<\/tr>\n<tr>\n<td> Hossz\u00fas\u00e1g<\/td>\n<td> maxim\u00e1lis elox\u00e1l\u00e1si hossz: 21ft\/6400mm<br \/>\nmaxim\u00e1lis porsz\u00f3r\u00e1s hossza: 21ft\/6400mm<\/td>\n<\/tr>\n<tr>\n<td> Profil alakja<\/td>\n<td> 1, az \u00fcgyf\u00e9lrajz vagy k\u00f6vetelm\u00e9ny szerint<br \/>\n2, tervez\u00e9si szolg\u00e1ltat\u00e1s el\u00e9rhet\u0151<\/td>\n<\/tr>\n<tr>\n<td> Jellemz\u0151k<\/td>\n<td> 1, Kiv\u00e1l\u00f3 v\u00edz\u00e1ll\u00f3, h\u0151\u00e1ll\u00f3<br \/>\n2, hangszigetel\u00e9s, sz\u00e9l\u00e1ll\u00f3s\u00e1g, l\u00e9gz\u00e1r\u00e1s<br \/>\n3, korr\u00f3zi\u00f3- \u00e9s s\u00farl\u00f3d\u00e1sg\u00e1tl\u00f3 teljes\u00edtm\u00e9ny<\/td>\n<\/tr>\n<\/tbody>\n<\/table>\n<h2>Gy\u00e1rt\u00f3 b\u00e1zisunk<\/h2>\n<h3>Gy\u00e1ri panor\u00e1ma<\/h3>\n<p><img decoding=\"async\" src=\"\/wp-content\/uploads\/factory-01.webp\"\/><\/p>\n<h3>Alum\u00ednium r\u00fadgy\u00e1rt\u00f3 m\u0171hely<\/h3>\n<p><img decoding=\"async\" src=\"\/wp-content\/uploads\/factory-02.webp\"\/><\/p>\n<p><img decoding=\"async\" src=\"\/wp-content\/uploads\/factory-03.webp\"\/><\/p>\n<h3>Pen\u00e9sz rakt\u00e1r<\/h3>\n<p><img decoding=\"async\" src=\"\/wp-content\/uploads\/factory-04.webp\"\/><\/p>\n<h3>43 alum\u00ednium extrud\u00e1l\u00f3 vonal (500-5500 tonna)<\/h3>\n<p><img decoding=\"async\" src=\"\/wp-content\/uploads\/factory-05.webp\"\/><\/p>\n<p><img decoding=\"async\" src=\"\/wp-content\/uploads\/factory-06.webp\"\/><\/p>\n<p><img decoding=\"async\" src=\"\/wp-content\/uploads\/factory-07.webp\"\/><\/p>\n<h3>Porfest\u0151 m\u0171hely<\/h3>\n<p><img decoding=\"async\" src=\"\/wp-content\/uploads\/factory-09.webp\"\/><\/p>\n<h3>Anodiz\u00e1l\u00f3 m\u0171hely<\/h3>\n<p><img decoding=\"async\" src=\"\/wp-content\/uploads\/factory-10.webp\"\/><\/p>\n<h3>M\u00e9ly feldolgoz\u00e1si m\u0171hely<\/h3>\n<p><img decoding=\"async\" src=\"\/wp-content\/uploads\/factory-11.webp\"\/><\/p>\n<h3>CNC prec\u00edzi\u00f3s megmunk\u00e1l\u00f3 m\u0171hely<\/h3>\n<p><img decoding=\"async\" src=\"\/wp-content\/uploads\/factory-11.5.webp\"\/><\/p>\n<h3>K\u00e9szterm\u00e9k \u00e9s export rakt\u00e1r<\/h3>\n<p><img decoding=\"async\" src=\"\/wp-content\/uploads\/factory-12.webp\"\/><\/p>\n<p><img decoding=\"async\" src=\"\/wp-content\/uploads\/factory-13.webp\"\/><\/p>\n<p><img decoding=\"async\" src=\"\/wp-content\/uploads\/factory-14.webp\"\/><\/p>\n<h2>GYIK<\/h2>\n<p><p><b>1.Mi a f\u00e9nyes elox\u00e1lt alum\u00ednium profil? <\/b><\/p>\n<p>A f\u00e9nyes elox\u00e1lt alum\u00ednium profil olyan alum\u00ednium extrud\u00e1lt term\u00e9kekre utal, amelyek f\u00e9nyes elox\u00e1l\u00e1son estek \u00e1t, ami magas f\u00e9ny\u0171, t\u00fck\u00f6rszer\u0171 fel\u00fcletet eredm\u00e9nyez, amely ide\u00e1lis dekorat\u00edv alkalmaz\u00e1sokhoz.<br \/>\n<\/p><br \/>\n<br \/>\n<p><b>2.Hogyan jav\u00edtja az alum\u00ednium profilokat a f\u00e9nyes elox\u00e1l\u00e1s? <\/b><\/p>\n<p>A f\u00e9nyes elox\u00e1l\u00e1s k\u00e9miai \u00faton pol\u00edrozza az alum\u00ednium fel\u00fclet\u00e9t, f\u00e9nyvisszaver\u0151 fel\u00fcletet hozva l\u00e9tre, mik\u00f6zben egy anodiz\u00e1lt v\u00e9d\u0151r\u00e9teget ad hozz\u00e1, amely n\u00f6veli a korr\u00f3zi\u00f3\u00e1ll\u00f3s\u00e1got.<br \/>\n<\/p><br \/>\n<br \/>\n<p><b>3.Mik a f\u00e9nyes elox\u00e1lt alum\u00ednium profilok tipikus alkalmaz\u00e1si ter\u00fcletei? <\/b><\/p>\n<p>A f\u00e9nyes elox\u00e1lt alum\u00ednium profilokat \u00e1ltal\u00e1ban \u00e9p\u00edt\u00e9szeti elemekben, bels\u0151\u00e9p\u00edt\u00e9szetben, jelz\u00e9sekben \u00e9s fogyaszt\u00f3i term\u00e9kekben haszn\u00e1lj\u00e1k, ahol eleg\u00e1ns, f\u00e9nyes megjelen\u00e9sre van sz\u00fcks\u00e9g.<br \/>\n<\/p><br \/>\n<br \/>\n<p><b>4.Can f\u00e9nyes elox\u00e1lt alum\u00ednium profilok testre szabhat\u00f3 az alak \u00e9s a m\u00e9ret tekintet\u00e9ben? <\/b><\/p>\n<p>Igen, a f\u00e9nyes elox\u00e1lt alum\u00edniumprofilok egyedi form\u00e1kra, m\u00e9retekre \u00e9s hossz\u00fas\u00e1gokra szabhat\u00f3k, hogy megfeleljenek a k\u00fcl\u00f6nb\u00f6z\u0151 projektk\u00f6vetelm\u00e9nyeknek.<br \/>\n<\/p><br \/>\n<br \/>\n<p><b>5.A f\u00e9nyes elox\u00e1lt alum\u00ednium profilok alkalmasak k\u00fclt\u00e9ri haszn\u00e1latra? <\/b><\/p>\n<p>Az elox\u00e1lt r\u00e9teg kiv\u00e1l\u00f3 v\u00e9delmet ny\u00fajt az id\u0151j\u00e1r\u00e1s viszontags\u00e1gaival szemben, \u00edgy ezek a profilok ide\u00e1lisak mind belt\u00e9ri, mind k\u00fclt\u00e9ri alkalmaz\u00e1sokhoz.<br \/>\n<\/p><br \/><\/p>","protected":false},"featured_media":7255,"template":"","categories":[67],"class_list":["post-7256","product","type-product","status-publish","has-post-thumbnail","hentry","category-architectural-aluminium-profile"],"meta_box":{"hilight_text_group":{"product_hilight_text":"<li>High-gloss mirror finish achieved through bright dip anodizing, enhancing aesthetic appeal for architectural and decorative applications<\/li>\r\r\n<li>Manufactured from premium 6063-T5 aluminum alloy, offering excellent corrosion resistance and durability<\/li>\r\r\n<li>Lightweight yet robust construction facilitates easy handling and installation, reducing labor costs and time<\/li>\r\r\n<li>Available in various profiles and customizable lengths to meet specific project requirements<\/li>\r\r\n<li>Eco-friendly anodizing process provides a non-toxic, UV-resistant, and maintenance-free surface<\/li>","product_chanpin_blog":"<ul>\r\r\n<li><a href=\"https:\/\/sinoextrud.com\/t-slot-v-slot-differences\/\" target=\"_blank\">t slot vs v slot<\/a><\/li>\r\r\n<li><a href=\"https:\/\/sinoextrud.com\/what-is-4040-aluminium-extrud\/\" target=\"_blank\">4040 aluminium extrusion<\/a><\/li>\r\r\n<li><a href=\"https:\/\/sinoextrud.com\/what-is-4040-aluminium-extrud\/\" target=\"_blank\">aluminum extrusions for industrial racks<\/a><\/li>\r\r\n<li><a href=\"https:\/\/sinoextrud.com\/powder-coating-aluminium-process\/\" target=\"_blank\">powder coating aluminium<\/a><\/li>\r\r\n<li><a href=\"https:\/\/sinoextrud.com\/what-is-an-aluminium-strip-ceiling\/\" target=\"_blank\">aluminium strip ceiling<\/a><\/li>\r\r\n<li><a href=\"https:\/\/sinoextrud.com\/what-is-a-heat-sink\/\" target=\"_blank\">what is a heat sink<\/a><\/li>\r\r\n<\/ul>","product_chanpin_chanpin":"<li><a href=\"https:\/\/sinoextrud.com\/product\/6463-electroplated-finish-shower-enclosure-aluminum-profile\/\" target=\"_blank\">6463 Electroplated Finish Shower Enclosure Aluminum Profile<\/a><\/li>\r\n<li><a href=\"https:\/\/sinoextrud.com\/product\/aluminium-glass-profile\/\" target=\"_blank\">Aluminium Glass Profile<\/a><\/li>\r\n<li><a href=\"https:\/\/sinoextrud.com\/product\/customized-matt-electrophoresis-aluminum-extrusions-profile-for-building-material\/\" target=\"_blank\">Customized Matt Electrophoresis Aluminum Extrusions Profile For Building Material<\/a><\/li>\r\n<li><a href=\"https:\/\/sinoextrud.com\/product\/aluminium-profile-for-shower-room\/\" target=\"_blank\">Aluminium Profile For Shower Room<\/a><\/li>\r\n<li><a href=\"https:\/\/sinoextrud.com\/product\/bright-anodized-aluminum-profile\/\" target=\"_blank\">Bright Anodized Aluminum Profile<\/a><\/li>\r\n<li><a href=\"https:\/\/sinoextrud.com\/product\/modular-framing-systems\/\" target=\"_blank\">Modular Framing Systems<\/a><\/li>\r\n<li><a href=\"https:\/\/sinoextrud.com\/product\/aluminium-anodizing\/\" target=\"_blank\">Aluminium Anodizing<\/a><\/li>\r\n<li><a href=\"https:\/\/sinoextrud.com\/product\/extruded-aluminum-profiles\/\" target=\"_blank\">Extruded Aluminum Profiles<\/a><\/li>\r\n<li><a href=\"https:\/\/sinoextrud.com\/product\/aluminium-system-profile\/\" target=\"_blank\">Aluminium System Profile<\/a><\/li>\r\n<li><a href=\"https:\/\/sinoextrud.com\/product\/aluminum-extrusion-alloys\/\" target=\"_blank\">Aluminum Extrusion Alloys<\/a><\/li>\r\n<li><a href=\"https:\/\/sinoextrud.com\/product\/building-materials-aluminium-profile-curtain-rod\/\" target=\"_blank\">Building Materials Aluminium Profile Curtain Rod<\/a><\/li>"},"feature_list":[]},"_links":{"self":[{"href":"https:\/\/sinoextrud.com\/hu\/wp-json\/wp\/v2\/product\/7256","targetHints":{"allow":["GET"]}}],"collection":[{"href":"https:\/\/sinoextrud.com\/hu\/wp-json\/wp\/v2\/product"}],"about":[{"href":"https:\/\/sinoextrud.com\/hu\/wp-json\/wp\/v2\/types\/product"}],"wp:featuredmedia":[{"embeddable":true,"href":"https:\/\/sinoextrud.com\/hu\/wp-json\/wp\/v2\/media\/7255"}],"wp:attachment":[{"href":"https:\/\/sinoextrud.com\/hu\/wp-json\/wp\/v2\/media?parent=7256"}],"wp:term":[{"taxonomy":"category","embeddable":true,"href":"https:\/\/sinoextrud.com\/hu\/wp-json\/wp\/v2\/categories?post=7256"}],"curies":[{"name":"wp","href":"https:\/\/api.w.org\/{rel}","templated":true}]}}