{"id":7254,"date":"2025-06-06T03:22:54","date_gmt":"2025-06-06T03:22:54","guid":{"rendered":"https:\/\/sinoextrud.com\/product\/aluminium-profile-for-shower-room\/"},"modified":"2025-06-24T06:12:21","modified_gmt":"2025-06-24T06:12:21","slug":"aluminium-profil-zuhanyzohoz","status":"publish","type":"product","link":"https:\/\/sinoextrud.com\/hu\/product\/aluminium-profile-for-shower-room\/","title":{"rendered":"Alum\u00ednium profil zuhanyz\u00f3hoz"},"content":{"rendered":"<h2>Term\u00e9kek r\u00e9szletei<\/h2>\n<table class=\"custom-table\">\n<tbody>\n<tr>\n<td> Term\u00e9k neve<\/td>\n<td> Alum\u00ednium profil zuhanyz\u00f3hoz<\/td>\n<\/tr>\n<tr>\n<td> Anyag<\/td>\n<td> Alum\u00ednium \u00f6tv\u00f6zet 6063,6061,6005,6463,6005A,6060,6101,6082,6351<\/td>\n<\/tr>\n<tr>\n<td> Temper<\/td>\n<td> T4,T5, T6,T66,T52<\/td>\n<\/tr>\n<tr>\n<td> Fel\u00fclet<\/td>\n<td> Anodiz\u00e1l\u00e1s, elektrofor\u00e9zis, porfest\u00e9s, PVDF bevonat, fa szemcs\u00e9s fest\u00e9s, kef\u00e9s\u00edtett<\/td>\n<\/tr>\n<tr>\n<td> Sz\u00ednes<\/td>\n<td> Ez\u00fcst feh\u00e9r, bronz, arany, fekete, fekete, pezsg\u0151, testreszabhat\u00f3<\/td>\n<\/tr>\n<tr>\n<td> Falvastags\u00e1g<\/td>\n<td> &gt;0.8mm, 1.0, 1.2, 2.0, 4.0...<\/td>\n<\/tr>\n<tr>\n<td> Shape<\/td>\n<td> N\u00e9gyzet, kerek, lapos, ov\u00e1lis, szab\u00e1lytalan...<\/td>\n<\/tr>\n<tr>\n<td> Hossz\u00fas\u00e1g<\/td>\n<td> Norm\u00e1l = 5.8m, 5.9m, 6m, 3m-7m testre szabott m\u00e9ret<\/td>\n<\/tr>\n<tr>\n<td> MOQ<\/td>\n<td> 200 kg<\/td>\n<\/tr>\n<tr>\n<td> OEM szolg\u00e1ltat\u00e1s Termel\u00e9s<\/td>\n<td> \u00dcgyfelek rajzai \/ mint\u00e1i vagy a k\u00edn\u00e1lt tervez\u00e9si szolg\u00e1ltat\u00e1s<\/td>\n<\/tr>\n<tr>\n<td> Garancia<\/td>\n<td> A fel\u00fclet sz\u00edne 10-20 \u00e9vig stabil lehet belt\u00e9ri haszn\u00e1latban<\/td>\n<\/tr>\n<tr>\n<td> Gy\u00e1rt\u00e1s<\/td>\n<td> Mar\u00e1s, f\u00far\u00e1s, v\u00e1g\u00e1s, CNC, ablakok \u00e9s ajt\u00f3k keretei<\/td>\n<\/tr>\n<tr>\n<td> El\u0151ny\u00f6k Jellemz\u0151k<\/td>\n<td> 1.Air proof, v\u00edz\u00e1ll\u00f3, h\u0151szigetel\u00e9s, h\u0151szigetel\u00e9s, \u00f6reged\u00e9sg\u00e1tl\u00f3, ellen\u00e1ll a hat\u00e1soknak<br \/>\n2.K\u00f6rnyezetbar\u00e1t<br \/>\n3.Corrosion ellen\u00e1ll\u00f3, csillog\u00f3<br \/>\n4.Modern megjelen\u00e9s<\/td>\n<\/tr>\n<tr>\n<td> Vizsg\u00e1lati szabv\u00e1ny<\/td>\n<td> GB,JIS,AAMA,BS,EN,AS\/NZS,AA<\/td>\n<\/tr>\n<\/tbody>\n<\/table>\n<h2>Gy\u00e1rt\u00f3 b\u00e1zisunk<\/h2>\n<h3>Gy\u00e1ri panor\u00e1ma<\/h3>\n<p><img decoding=\"async\" src=\"\/wp-content\/uploads\/factory-01.webp\"\/><\/p>\n<h3>Alum\u00ednium r\u00fadgy\u00e1rt\u00f3 m\u0171hely<\/h3>\n<p><img decoding=\"async\" src=\"\/wp-content\/uploads\/factory-02.webp\"\/><\/p>\n<\/p>\n<p><img decoding=\"async\" src=\"\/wp-content\/uploads\/factory-03.webp\"\/><\/p>\n<h3>Pen\u00e9sz rakt\u00e1r<\/h3>\n<p><img decoding=\"async\" src=\"\/wp-content\/uploads\/factory-04.webp\"\/><\/p>\n<h3>43 alum\u00ednium extrud\u00e1l\u00f3 vonal (500-5500 tonna)<\/h3>\n<p><img decoding=\"async\" src=\"\/wp-content\/uploads\/factory-05.webp\"\/><\/p>\n<p><img decoding=\"async\" src=\"\/wp-content\/uploads\/factory-06.webp\"\/><\/p>\n<p><img decoding=\"async\" src=\"\/wp-content\/uploads\/factory-07.webp\"\/><\/p>\n<h3>Porfest\u0151 m\u0171hely<\/h3>\n<p><img decoding=\"async\" src=\"\/wp-content\/uploads\/factory-09.webp\"\/><\/p>\n<h3>Anodiz\u00e1l\u00f3 m\u0171hely<\/h3>\n<p><img decoding=\"async\" src=\"\/wp-content\/uploads\/factory-10.webp\"\/><\/p>\n<h3>M\u00e9ly feldolgoz\u00e1si m\u0171hely<\/h3>\n<p><img decoding=\"async\" src=\"\/wp-content\/uploads\/factory-11.webp\"\/><\/p>\n<h3>CNC prec\u00edzi\u00f3s megmunk\u00e1l\u00f3 m\u0171hely<\/h3>\n<p><img decoding=\"async\" src=\"\/wp-content\/uploads\/factory-11.5.webp\"\/><\/p>\n<h3>K\u00e9szterm\u00e9k \u00e9s export rakt\u00e1r<\/h3>\n<p><img decoding=\"async\" src=\"\/wp-content\/uploads\/factory-12.webp\"\/><\/p>\n<p><img decoding=\"async\" src=\"\/wp-content\/uploads\/factory-13.webp\"\/><\/p>\n<p><img decoding=\"async\" src=\"\/wp-content\/uploads\/factory-14.webp\"\/><\/p>\n<h2>GYIK<\/h2>\n<p><b>1.Milyen el\u0151ny\u00f6kkel j\u00e1r a 6063-T5 alum\u00edniumprofilok haszn\u00e1lata a zuhanyz\u00f3kban? <\/b><\/p>\n<p>A 6063-T5 alum\u00edniumprofilok kiv\u00e1l\u00f3 korr\u00f3zi\u00f3\u00e1ll\u00f3s\u00e1got, k\u00f6nny\u0171 szil\u00e1rds\u00e1got \u00e9s k\u00f6nny\u0171 gy\u00e1rthat\u00f3s\u00e1got biztos\u00edtanak, \u00edgy ide\u00e1lisak zuhanyz\u00f3kban val\u00f3 felhaszn\u00e1l\u00e1sra.\n<\/p>\n<p><\/p>\n<p><b>2.Az alum\u00ednium profilok testre szabhat\u00f3k az adott zuhanyz\u00f3kialak\u00edt\u00e1sokhoz? <\/b><\/p>\n<p>Igen, az alum\u00edniumprofilok alakja, m\u00e9rete \u00e9s kivitelez\u00e9se testre szabhat\u00f3, hogy megfeleljenek az egyedi zuhanyz\u00f3kialak\u00edt\u00e1si k\u00f6vetelm\u00e9nyeknek.\n<\/p>\n<p><\/p>\n<p><b>3.Alkalmasak ezek az alum\u00ednium profilok magas p\u00e1ratartalm\u00fa k\u00f6rnyezetben, p\u00e9ld\u00e1ul f\u00fcrd\u0151szob\u00e1kban? <\/b><\/p>\n<p>A 6063-T5 alum\u00ednium korr\u00f3zi\u00f3\u00e1ll\u00f3 tulajdons\u00e1gai miatt ezek a profilok ide\u00e1lisak a magas p\u00e1ratartalm\u00fa k\u00f6rnyezetekben, p\u00e9ld\u00e1ul f\u00fcrd\u0151szob\u00e1kban.\n<\/p>\n<p><\/p>\n<p><b>4.Milyen t\u00edpus\u00fa kivitelek \u00e1llnak rendelkez\u00e9sre a zuhanyz\u00f3kban haszn\u00e1lt alum\u00edniumprofilokhoz? <\/b><\/p>\n<p>A zuhanyz\u00f3khoz val\u00f3 alum\u00edniumprofilok k\u00fcl\u00f6nb\u00f6z\u0151 kivitelben kaphat\u00f3k, bele\u00e9rtve az elox\u00e1lt, porsz\u00f3rt \u00e9s maratott fel\u00fcleteket, hogy megfeleljenek a k\u00fcl\u00f6nb\u00f6z\u0151 eszt\u00e9tikai preferenci\u00e1knak.\n<\/p>\n<p><\/p>\n<p><b>5.Hogyan n\u00f6velik az alum\u00edniumprofilok a zuhanyz\u00f3k\u00e9sz\u00fcl\u00e9kek tart\u00f3ss\u00e1g\u00e1t? <\/b><\/p>\n<p>Az alum\u00edniumprofilok szerkezeti tart\u00e1st biztos\u00edtanak \u00e9s v\u00e9delmet ny\u00fajtanak a korr\u00f3zi\u00f3 ellen, n\u00f6velve a zuhanyz\u00f3k hossz\u00fa \u00e9lettartam\u00e1t \u00e9s rugalmass\u00e1g\u00e1t.\n<\/p>\n<p><\/p>","protected":false},"featured_media":7253,"template":"","categories":[67],"class_list":["post-7254","product","type-product","status-publish","has-post-thumbnail","hentry","category-architectural-aluminium-profile"],"meta_box":{"hilight_text_group":{"product_hilight_text":"<li>Manufactured from high-quality 6063-T5 aluminum alloy, ensuring excellent corrosion resistance and durability for shower room applications<\/li>\r\r\n<li>Lightweight design facilitates easy handling and installation, reducing labor costs and time<\/li>\r\r\n<li>Available in various finishes, including anodized and powder-coated options, to match diverse aesthetic requirements<\/li>\r\r\n<li>Customizable profiles to accommodate different glass thicknesses and shower room designs<\/li>\r\r\n<li>Cost-effective manufacturing prices, starting from $0.50 per piece for bulk orders<\/li>","product_chanpin_blog":"<ul>\r\r\n<li><a href=\"https:\/\/sinoextrud.com\/t-slot-v-slot-differences\/\" target=\"_blank\">t slot vs v slot<\/a><\/li>\r\r\n<li><a href=\"https:\/\/sinoextrud.com\/what-is-4040-aluminium-extrud\/\" target=\"_blank\">4040 aluminium extrusion<\/a><\/li>\r\r\n<li><a href=\"https:\/\/sinoextrud.com\/what-is-4040-aluminium-extrud\/\" target=\"_blank\">aluminum extrusions for industrial racks<\/a><\/li>\r\r\n<li><a href=\"https:\/\/sinoextrud.com\/powder-coating-aluminium-process\/\" target=\"_blank\">powder coating aluminium<\/a><\/li>\r\r\n<li><a href=\"https:\/\/sinoextrud.com\/what-is-an-aluminium-strip-ceiling\/\" target=\"_blank\">aluminium strip ceiling<\/a><\/li>\r\r\n<li><a href=\"https:\/\/sinoextrud.com\/what-is-a-heat-sink\/\" target=\"_blank\">what is a heat sink<\/a><\/li>\r\r\n<\/ul>","product_chanpin_chanpin":"<li><a href=\"https:\/\/sinoextrud.com\/product\/cnc-machined-6063-extruded-aluminum-fasteners\/\" target=\"_blank\">CNC Machined 6063 Extruded Aluminum Fasteners<\/a><\/li>\r\n<li><a href=\"https:\/\/sinoextrud.com\/product\/6463-electroplated-finish-shower-enclosure-aluminum-profile\/\" target=\"_blank\">6463 Electroplated Finish Shower Enclosure Aluminum Profile<\/a><\/li>\r\n<li><a href=\"https:\/\/sinoextrud.com\/product\/aluminium-glass-profile\/\" target=\"_blank\">Aluminium Glass Profile<\/a><\/li>\r\n<li><a href=\"https:\/\/sinoextrud.com\/product\/customized-matt-electrophoresis-aluminum-extrusions-profile-for-building-material\/\" target=\"_blank\">Customized Matt Electrophoresis Aluminum Extrusions Profile For Building Material<\/a><\/li>\r\n<li><a href=\"https:\/\/sinoextrud.com\/product\/aluminium-profile-for-shower-room\/\" target=\"_blank\">Aluminium Profile For Shower Room<\/a><\/li>\r\n<li><a href=\"https:\/\/sinoextrud.com\/product\/bright-anodized-aluminum-profile\/\" target=\"_blank\">Bright Anodized Aluminum Profile<\/a><\/li>\r\n<li><a href=\"https:\/\/sinoextrud.com\/product\/modular-framing-systems\/\" target=\"_blank\">Modular Framing Systems<\/a><\/li>\r\n<li><a href=\"https:\/\/sinoextrud.com\/product\/aluminium-anodizing\/\" target=\"_blank\">Aluminium Anodizing<\/a><\/li>\r\n<li><a href=\"https:\/\/sinoextrud.com\/product\/extruded-aluminum-profiles\/\" target=\"_blank\">Extruded Aluminum Profiles<\/a><\/li>\r\n<li><a href=\"https:\/\/sinoextrud.com\/product\/architectural-aluminum-extrusion-profiles\/\" target=\"_blank\">Architectural Aluminum Extrusion Profiles<\/a><\/li>\r\n<li><a href=\"https:\/\/sinoextrud.com\/product\/octagon-aluminum-extrusion\/\" target=\"_blank\">Octagon Aluminum Extrusion<\/a><\/li>"},"feature_list":[]},"_links":{"self":[{"href":"https:\/\/sinoextrud.com\/hu\/wp-json\/wp\/v2\/product\/7254","targetHints":{"allow":["GET"]}}],"collection":[{"href":"https:\/\/sinoextrud.com\/hu\/wp-json\/wp\/v2\/product"}],"about":[{"href":"https:\/\/sinoextrud.com\/hu\/wp-json\/wp\/v2\/types\/product"}],"wp:featuredmedia":[{"embeddable":true,"href":"https:\/\/sinoextrud.com\/hu\/wp-json\/wp\/v2\/media\/7253"}],"wp:attachment":[{"href":"https:\/\/sinoextrud.com\/hu\/wp-json\/wp\/v2\/media?parent=7254"}],"wp:term":[{"taxonomy":"category","embeddable":true,"href":"https:\/\/sinoextrud.com\/hu\/wp-json\/wp\/v2\/categories?post=7254"}],"curies":[{"name":"wp","href":"https:\/\/api.w.org\/{rel}","templated":true}]}}