{"id":7240,"date":"2025-06-06T03:01:40","date_gmt":"2025-06-06T03:01:40","guid":{"rendered":"https:\/\/sinoextrud.com\/product\/oem-precision-cnc-machining-for-aluminum-parts\/"},"modified":"2025-06-24T06:12:19","modified_gmt":"2025-06-24T06:12:19","slug":"oem-precizios-cnc-megmunkalas-aluminium-alkatreszekhez","status":"publish","type":"product","link":"https:\/\/sinoextrud.com\/hu\/product\/oem-precision-cnc-machining-for-aluminum-parts\/","title":{"rendered":"OEM prec\u00edzi\u00f3s CNC megmunk\u00e1l\u00e1s alum\u00ednium alkatr\u00e9szekhez"},"content":{"rendered":"<h2>Term\u00e9kek r\u00e9szletei<\/h2>\n<table class=\"custom-table\">\n<tbody>\n<tr>\n<td> T\u00e9tel:<\/td>\n<td> OEM prec\u00edzi\u00f3s CNC megmunk\u00e1l\u00e1s alum\u00ednium alkatr\u00e9szekhez<\/td>\n<\/tr>\n<tr>\n<td> Anyag:<\/td>\n<td> 100% alum\u00ednium profil \u00f6tv\u00f6zet: 6063-T5, 6061-T6, 6463-T5, 7075-T6, 6082, 5052, 2024, 7005, 6013, 7020, stb.<\/td>\n<\/tr>\n<tr>\n<td> M\u00e1rka:<\/td>\n<td> Sinoextrud alum\u00ednium\/Sinoextrud alum\u00ednium profilok <\/td>\n<\/tr>\n<tr>\n<td> M\u00e9ret:<\/td>\n<td> 1m-9mvagy testreszabott m\u00e9ret<\/td>\n<\/tr>\n<tr>\n<td> Alkalmaz\u00e1s<\/td>\n<td> B\u00fatorok, ablakok \u00e9s ajt\u00f3k, dekor\u00e1ci\u00f3k, ipar, \u00e9p\u00edt\u0151ipar stb.<\/td>\n<\/tr>\n<tr>\n<td> Sz\u00ednek:<\/td>\n<td> Elox\u00e1lt, facsiszolt, porsz\u00f3rt, elox\u00e1lt pol\u00edrozott \u00e9s csiszolt, elektrofor\u00e9zis, flurokarbon porsz\u00f3rt stb.<\/td>\n<\/tr>\n<tr>\n<td> MOQ:<\/td>\n<td> 200KG minden egyes profilhoz<\/td>\n<\/tr>\n<tr>\n<td> OEM szolg\u00e1ltat\u00e1s<\/td>\n<td> a megrendel\u0151 \u00e1ltal tervezett rajzok vagy mint\u00e1k alapj\u00e1n<\/td>\n<\/tr>\n<tr>\n<td> Certificationavailable<\/td>\n<td> ISO: 9001, SONCAP, BV tan\u00fas\u00edtv\u00e1ny vagy \u00fcgyfelek tan\u00fas\u00edtv\u00e1nya El\u00e9rhet\u0151<\/td>\n<\/tr>\n<tr>\n<td> PackingDetails<\/td>\n<td> (1) Bel\u00fcl: m\u0171anyag v\u00e9d\u0151f\u00f3li\u00e1val csomagolva, hogy megv\u00e9dje az egyes profilokat.<br \/>\n(2) K\u00edv\u00fcl: v\u00edz\u00e1ll\u00f3 pap\u00edrral csomagolva<\/td>\n<\/tr>\n<tr>\n<td> Sz\u00e1ll\u00edt\u00e1si id\u0151:<\/td>\n<td> (1) DieDevelopingandSampletest: 12-18 nap.<br \/>\n (2) Termel\u00e9si id\u0151tartam: 25-30 nap, miut\u00e1n a mint\u00e1t a vev\u0151 meger\u0151s\u00edtette.<\/td>\n<\/tr>\n<tr>\n<td> Fizet\u00e9si felt\u00e9telek:<\/td>\n<td> T\/T, 30%downpayment, m\u00edg a fennmarad\u00f3 \u00f6sszeget a sz\u00e1ll\u00edt\u00e1s el\u0151tt kell kifizetni.<\/td>\n<\/tr>\n<tr>\n<td> Settlementterm:<\/td>\n<td> A v\u00e9gs\u0151 kifizet\u00e9s a t\u00e9nyleges fizikai m\u00e9rlegel\u00e9s alapj\u00e1n t\u00f6rt\u00e9nik.<\/td>\n<\/tr>\n<tr>\n<td> Termel\u00e9si kapacit\u00e1s:<\/td>\n<td> 2400-3000 metrikus tonna havonta.<\/td>\n<\/tr>\n<tr>\n<td> Termel\u00e9si garancia<\/td>\n<td> A Surfacecolor belt\u00e9ri haszn\u00e1lat eset\u00e9n 10 ~ 20 \u00e9vig k\u00e9pes fenntartani.<\/td>\n<\/tr>\n<tr>\n<td> Kik\u00f6t\u0151:<\/td>\n<td> FOBShenzhen, Guangzhou, Foshan<\/td>\n<\/tr>\n<\/tbody>\n<\/table>\n<h2>Gy\u00e1rt\u00f3 b\u00e1zisunk<\/h2>\n<h3>Gy\u00e1ri panor\u00e1ma<\/h3>\n<p><img decoding=\"async\" src=\"\/wp-content\/uploads\/factory-01.webp\"\/><\/p>\n<h3>Alum\u00ednium r\u00fadgy\u00e1rt\u00f3 m\u0171hely<\/h3>\n<p><img decoding=\"async\" src=\"\/wp-content\/uploads\/factory-02.webp\"\/><\/p>\n<\/p>\n<p><img decoding=\"async\" src=\"\/wp-content\/uploads\/factory-03.webp\"\/><\/p>\n<h3>Pen\u00e9sz rakt\u00e1r<\/h3>\n<p><img decoding=\"async\" src=\"\/wp-content\/uploads\/factory-04.webp\"\/><\/p>\n<h3>43 alum\u00ednium extrud\u00e1l\u00f3 vonal (500-5500 tonna)<\/h3>\n<p><img decoding=\"async\" src=\"\/wp-content\/uploads\/factory-05.webp\"\/><\/p>\n<p><img decoding=\"async\" src=\"\/wp-content\/uploads\/factory-06.webp\"\/><\/p>\n<p><img decoding=\"async\" src=\"\/wp-content\/uploads\/factory-07.webp\"\/><\/p>\n<h3>Porfest\u0151 m\u0171hely<\/h3>\n<p><img decoding=\"async\" src=\"\/wp-content\/uploads\/factory-09.webp\"\/><\/p>\n<h3>Anodiz\u00e1l\u00f3 m\u0171hely<\/h3>\n<p><img decoding=\"async\" src=\"\/wp-content\/uploads\/factory-10.webp\"\/><\/p>\n<h3>M\u00e9ly feldolgoz\u00e1si m\u0171hely<\/h3>\n<p><img decoding=\"async\" src=\"\/wp-content\/uploads\/factory-11.webp\"\/><\/p>\n<h3>CNC prec\u00edzi\u00f3s megmunk\u00e1l\u00f3 m\u0171hely<\/h3>\n<p><img decoding=\"async\" src=\"\/wp-content\/uploads\/factory-11.5.webp\"\/><\/p>\n<h3>K\u00e9szterm\u00e9k \u00e9s export rakt\u00e1r<\/h3>\n<p><img decoding=\"async\" src=\"\/wp-content\/uploads\/factory-12.webp\"\/><\/p>\n<p><img decoding=\"async\" src=\"\/wp-content\/uploads\/factory-13.webp\"\/><\/p>\n<p><img decoding=\"async\" src=\"\/wp-content\/uploads\/factory-14.webp\"\/><\/p>\n<h2>GYIK<\/h2>\n<p><b>1.Mi a 6063 T5 extrud\u00e1lt alum\u00ednium T-ny\u00edl\u00e1s\u00fa profilok? <\/b><\/p>\n<p> A 6063 T5 extrud\u00e1lt alum\u00ednium T-ny\u00edl\u00e1s\u00fa profilok 6063-T5 alum\u00ednium\u00f6tv\u00f6zetb\u0151l k\u00e9sz\u00fclt modul\u00e1ris keretszerkezeti elemek, amelyek T alak\u00fa ny\u00edl\u00e1sokkal rendelkeznek, amelyek lehet\u0151v\u00e9 teszik a szerkezetek sokoldal\u00fa \u00f6sszeszerel\u00e9s\u00e9t hegeszt\u00e9s n\u00e9lk\u00fcl.\n<\/p>\n<p><\/p>\n<p><b>2.Mi\u00e9rt v\u00e1lassza a 6063 T5 alum\u00edniumot a T-ny\u00edl\u00e1s\u00fa profilokhoz? <\/b><\/p>\n<p> A 6063 T5 alum\u00ednium a szil\u00e1rds\u00e1g, a korr\u00f3zi\u00f3\u00e1ll\u00f3s\u00e1g \u00e9s a kiv\u00e1l\u00f3 fel\u00fcletkezel\u00e9s egyens\u00faly\u00e1t k\u00edn\u00e1lja, \u00edgy ide\u00e1lis a k\u00fcl\u00f6nb\u00f6z\u0151 szerkezeti \u00e9s \u00e9p\u00edt\u00e9szeti alkalmaz\u00e1sokban haszn\u00e1lt T-ny\u00edl\u00e1s\u00fa profilokhoz.\n<\/p>\n<p><\/p>\n<p><b>3.Mik a 6063 T5 T-ny\u00edl\u00e1s\u00fa alum\u00ednium extrud\u00e1l\u00e1sok gyakori alkalmaz\u00e1sai? <\/b><\/p>\n<p> Ezeket a sajtolt term\u00e9keket modul\u00e1ris fel\u00e9p\u00edt\u00e9s\u00fck \u00e9s k\u00f6nny\u0171 \u00f6sszeszerelhet\u0151s\u00e9g\u00fck miatt gyakran haszn\u00e1lj\u00e1k keretrendszerek, burkolatok, munka\u00e1llom\u00e1sok, g\u00e9pv\u00e9d\u0151k \u00e9s kijelz\u0151egys\u00e9gek \u00e9p\u00edt\u00e9s\u00e9hez.\n<\/p>\n<p><\/p>\n<p><b>4.Can 6063 T5 T-ny\u00edl\u00e1s\u00fa alum\u00ednium profilok testreszabhat\u00f3ak? <\/b><\/p>\n<p> Igen, m\u00e9ret, ny\u00edl\u00e1skonfigur\u00e1ci\u00f3 \u00e9s kivitel tekintet\u00e9ben testre szabhat\u00f3k, hogy megfeleljenek az egyedi tervez\u00e9si \u00e9s funkcion\u00e1lis k\u00f6vetelm\u00e9nyeknek.\n<\/p>\n<p><\/p>\n<p><b>5.Alkalmasak-e a 6063 T5 T-ny\u00edl\u00e1s\u00fa alum\u00ednium extrud\u00e1l\u00e1sok k\u00fclt\u00e9ri haszn\u00e1latra? <\/b><\/p>\n<p> Korr\u00f3zi\u00f3\u00e1ll\u00f3 tulajdons\u00e1gaiknak k\u00f6sz\u00f6nhet\u0151en ide\u00e1lisak k\u00fclt\u00e9ri alkalmaz\u00e1sokhoz, mivel roml\u00e1s n\u00e9lk\u00fcl ellen\u00e1llnak a k\u00fcl\u00f6nb\u00f6z\u0151 id\u0151j\u00e1r\u00e1si k\u00f6r\u00fclm\u00e9nyeknek.\n<\/p>\n<p><\/p>\n<p><b>6.Milyen fel\u00fcletek \u00e1llnak rendelkez\u00e9sre a 6063 T5 T-ny\u00edl\u00e1s\u00fa alum\u00ednium profilokhoz? <\/b><\/p>\n<p> A gyakori kivitelek k\u00f6z\u00e9 tartozik az elox\u00e1l\u00e1s \u00e9s a porbevonat, amelyek fokozz\u00e1k a korr\u00f3zi\u00f3\u00e1ll\u00f3s\u00e1got, \u00e9s k\u00fcl\u00f6nb\u00f6z\u0151 sz\u00ednv\u00e1laszt\u00e9kokat tesznek lehet\u0151v\u00e9 a design eszt\u00e9tik\u00e1j\u00e1nak megfelel\u0151en.\n<\/p>\n<p><\/p>\n<p><b>7.Hogyan szereljek \u00f6ssze szerkezeteket 6063 T5 T-ny\u00edl\u00e1s\u00fa alum\u00ednium extrud\u00e1lt r\u00e9szekb\u0151l? <\/b><\/p>\n<p> Az \u00f6sszeszerel\u00e9s jellemz\u0151en a T-ny\u00edl\u00e1sokba illeszked\u0151 kompatibilis csatlakoz\u00f3k, k\u00f6t\u0151elemek \u00e9s tartoz\u00e9kok haszn\u00e1lat\u00e1t jelenti, ami lehet\u0151v\u00e9 teszi a k\u00f6nny\u0171, hegeszt\u00e9s n\u00e9lk\u00fcli \u00e9p\u00edt\u00e9st \u00e9s m\u00f3dos\u00edt\u00e1st.\n<\/p>\n<p><\/p>\n<p><b>8.A 6063 T5 T-ny\u00edl\u00e1s\u00fa alum\u00ednium profilok k\u00f6rnyezetbar\u00e1tok? <\/b><\/p>\n<p> Igen, az alum\u00ednium teljes m\u00e9rt\u00e9kben \u00fajrahasznos\u00edthat\u00f3, \u00e9s a 6063 T5 T-ny\u00edl\u00e1s\u00fa alum\u00edniumprofilok haszn\u00e1lata hozz\u00e1j\u00e1rul a fenntarthat\u00f3 \u00e9p\u00edt\u00e9si gyakorlatokhoz a hullad\u00e9kcs\u00f6kkent\u00e9ssel \u00e9s az anyag \u00fajrafelhaszn\u00e1l\u00e1s\u00e1nak el\u0151seg\u00edt\u00e9s\u00e9vel.<\/p>\n<p><\/p>","protected":false},"featured_media":7239,"template":"","categories":[67],"class_list":["post-7240","product","type-product","status-publish","has-post-thumbnail","hentry","category-architectural-aluminium-profile"],"meta_box":{"hilight_text_group":{"product_hilight_text":"<li>Manufactured from high-quality 6063-T5 aluminum alloy, offering excellent corrosion resistance and surface finish, ideal for architectural and structural applications.<\/li>\r\r\n<li>Lightweight yet strong construction facilitates easy handling and installation without compromising structural integrity.<\/li>\r\r\n<li>Available in various T-slot configurations, enabling modular assembly and flexibility in design for frameworks, enclosures, and workstations.<\/li>\r\r\n<li>Excellent anodizing properties allow for enhanced surface protection and aesthetic appeal in various finishes.<\/li>\r\r\n<li>Customizable lengths and profiles accommodate a wide range of project specifications and design requirements.<\/li>\r\r\n<li>High thermal and electrical conductivity makes them suitable for heat sinks and electrical enclosures.<\/li>\r\r\n<li>Environmentally friendly, as aluminum is 100% recyclable, supporting sustainable building practices.<\/li>","product_chanpin_blog":"<ul>\r\r\n<li><a href=\"https:\/\/sinoextrud.com\/t-slot-v-slot-differences\/\" target=\"_blank\">t slot vs v slot<\/a><\/li>\r\r\n<li><a href=\"https:\/\/sinoextrud.com\/what-is-4040-aluminium-extrud\/\" target=\"_blank\">4040 aluminium extrusion<\/a><\/li>\r\r\n<li><a href=\"https:\/\/sinoextrud.com\/what-is-4040-aluminium-extrud\/\" target=\"_blank\">aluminum extrusions for industrial racks<\/a><\/li>\r\r\n<li><a href=\"https:\/\/sinoextrud.com\/powder-coating-aluminium-process\/\" target=\"_blank\">powder coating aluminium<\/a><\/li>\r\r\n<li><a href=\"https:\/\/sinoextrud.com\/what-is-an-aluminium-strip-ceiling\/\" target=\"_blank\">aluminium strip ceiling<\/a><\/li>\r\r\n<li><a href=\"https:\/\/sinoextrud.com\/what-is-a-heat-sink\/\" target=\"_blank\">what is a heat sink<\/a><\/li>\r\r\n<\/ul>","product_chanpin_chanpin":"<li><a href=\"https:\/\/sinoextrud.com\/product\/aluminium-rail-profile\/\" target=\"_blank\">Aluminium Rail Profile<\/a><\/li>\r\n<li><a href=\"https:\/\/sinoextrud.com\/product\/industrial-aluminum-extrusions-aluminum-profile\/\" target=\"_blank\">Industrial Aluminum Extrusions Aluminum Profile<\/a><\/li>\r\n<li><a href=\"https:\/\/sinoextrud.com\/product\/aluminum-profile-for-kitchen-cabinet-accesory-manufacture-price\/\" target=\"_blank\">Aluminum Profile For Kitchen Cabinet Accesory Manufacture Price<\/a><\/li>\r\n<li><a href=\"https:\/\/sinoextrud.com\/product\/high-quality-aluminium-extrusion-profile-for-curtain-wall\/\" target=\"_blank\">High Quality Aluminium Extrusion Profile for Curtain Wall<\/a><\/li>\r\n<li><a href=\"https:\/\/sinoextrud.com\/product\/oem-precision-cnc-machining-for-aluminum-parts\/\" target=\"_blank\">OEM Precision CNC Machining For Aluminum Parts<\/a><\/li>\r\n<li><a href=\"https:\/\/sinoextrud.com\/product\/60x60-aluminium-extrusion\/\" target=\"_blank\">60\u00c3\u201460 Aluminium Extrusion<\/a><\/li>\r\n<li><a href=\"https:\/\/sinoextrud.com\/product\/extruded-aluminum-trim-shapes\/\" target=\"_blank\">Extruded Aluminum Trim Shapes<\/a><\/li>\r\n<li><a href=\"https:\/\/sinoextrud.com\/product\/cnc-machined-6063-extruded-aluminum-fasteners\/\" target=\"_blank\">CNC Machined 6063 Extruded Aluminum Fasteners<\/a><\/li>\r\n<li><a href=\"https:\/\/sinoextrud.com\/product\/6463-electroplated-finish-shower-enclosure-aluminum-profile\/\" target=\"_blank\">6463 Electroplated Finish Shower Enclosure Aluminum Profile<\/a><\/li>\r\n<li><a href=\"https:\/\/sinoextrud.com\/product\/l-shape-aluminum-angle-profile\/\" target=\"_blank\">L Shape Aluminum Angle Profile<\/a><\/li>\r\n<li><a href=\"https:\/\/sinoextrud.com\/product\/aluminum-outdoor-louvers\/\" target=\"_blank\">Aluminum Outdoor Louvers<\/a><\/li>"},"feature_list":[]},"_links":{"self":[{"href":"https:\/\/sinoextrud.com\/hu\/wp-json\/wp\/v2\/product\/7240","targetHints":{"allow":["GET"]}}],"collection":[{"href":"https:\/\/sinoextrud.com\/hu\/wp-json\/wp\/v2\/product"}],"about":[{"href":"https:\/\/sinoextrud.com\/hu\/wp-json\/wp\/v2\/types\/product"}],"wp:featuredmedia":[{"embeddable":true,"href":"https:\/\/sinoextrud.com\/hu\/wp-json\/wp\/v2\/media\/7239"}],"wp:attachment":[{"href":"https:\/\/sinoextrud.com\/hu\/wp-json\/wp\/v2\/media?parent=7240"}],"wp:term":[{"taxonomy":"category","embeddable":true,"href":"https:\/\/sinoextrud.com\/hu\/wp-json\/wp\/v2\/categories?post=7240"}],"curies":[{"name":"wp","href":"https:\/\/api.w.org\/{rel}","templated":true}]}}